 {"id":9,"date":"2019-10-10T09:05:43","date_gmt":"2019-10-10T02:05:43","guid":{"rendered":"http:\/\/ruby.herunterladen.org\/?page_id=2"},"modified":"2023-12-20T13:37:23","modified_gmt":"2023-12-20T06:37:23","slug":"aboutus","status":"publish","type":"page","link":"https:\/\/ruby89.com\/vi\/aboutus\/","title":{"rendered":"GI\u1edaI THI\u1ec6U"},"content":{"rendered":"<div class=\"container\" id=\"container_intro\">\n\n\n\n<div class=\"row alt_notebox_white wow fadeIn\" id=\"row_ktv_gallery\" style=\"margin-top: 15px;\">\n\n\n\n<div class=\"col-md-12 text-justify\" id=\"container_no_padding_needed\">\n<p class=\"black_default_headline\" style=\"text-align: center;\">NG\u01af\u1edcI S\u00c1NG L\u1eacP<\/p>\n\n\n\n<div class=\"container-fluid\">\n<div class=\"row\">\n\n\n\n<div class=\"col-md-4\">\n<img decoding=\"async\" src=\"\/wp-content\/uploads\/2020\/06\/boss_new.png\" style=\"box-shadow: 0px 0px 10px #000000; border-radius: 10px; margin-bottom: 15px;\">\n<\/div>\n<!-- col-ml-4: Photo founder -->\n\n\n\n<div class=\"col-md-8\">\n\n<p class=\"black_default_text_frontpage\">\n\u00d4ng Jment Lim \u0111\u1ebfn t\u1eeb Malaysia l\u00e0 ng\u01b0\u1eddi s\u00e1ng l\u1eadp v\u00e0 Gi\u00e1m \u0111\u1ed1c \u0111i\u1ec1u h\u00e0nh c\u1ee7a Lucky Ruby Border Casino. \u00d4ng b\u1eaft \u0111\u1ea7u s\u1ef1 nghi\u1ec7p c\u1ee7a m\u00ecnh t\u1eeb m\u1ed9t vai tr\u00f2 tinh t\u1ebf c\u1ee7a m\u1ed9t ng\u01b0\u1eddi chia b\u00e0i s\u00f2ng b\u1ea1c v\u00e0 ng\u00e0y nay l\u00e0 ch\u1ee7 s\u1edf h\u1eefu c\u1ee7a 2 s\u00f2ng b\u1ea1c h\u1ee3p ph\u00e1p tr\u00ean \u0111\u1ea5t li\u1ec1n \u1edf Campuchia c\u00f3 ti\u1ebfng trong ng\u00e0nh. B\u1ea3n th\u00e2n \u0111\u00e2y \u0111\u00e3 l\u00e0 m\u1ed9t k\u1ef3 t\u00edch l\u1edbn m\u00e0 l\u00e0ng gi\u1ea3i tr\u00ed m\u1edbi ch\u1ec9 c\u00f3 th\u1ec3 ch\u1ee9ng ki\u1ebfn m\u1ed9t s\u1ed1 c\u00e1 nh\u00e2n nh\u1ea5t \u0111\u1ecbnh c\u00f3 th\u1ec3 \u0111\u1ea1t \u0111\u01b0\u1ee3c th\u00e0nh t\u00edch n\u00e0y.<\/p>\n\n<p class=\"black_default_text_frontpage\">\n\u00cdt ai bi\u1ebft r\u1eb1ng c\u00e1c nguy\u00ean t\u1eafc c\u01a1 b\u1ea3n c\u1ed1t l\u00f5i chi ph\u1ed1i s\u1ef1 ph\u00e1t tri\u1ec3n v\u00e0 qu\u1ea3n l\u00fd c\u1ee7a Lucky Ruby \u0111\u1ec1u d\u1ef1a tr\u00ean c\u00e1c nguy\u00ean t\u1eafc v\u00e0 gi\u00e1 tr\u1ecb m\u00e0 anh \u1ea5y th\u1ec3 hi\u1ec7n. Th\u00f4ng qua \u0111\u00f3, ch\u00fang t\u00f4i \u0111\u00e3 h\u00ecnh th\u00e0nh n\u00ean tr\u1ee5 c\u1ed9t c\u1ed1t l\u00f5i c\u1ee7a c\u00f4ng ty \u0111\u1ecbnh h\u00ecnh t\u1ea5t c\u1ea3 c\u00e1c ho\u1ea1t \u0111\u1ed9ng, ch\u00ednh s\u00e1ch v\u00e0 n\u1ed7 l\u1ef1c c\u00f9ng v\u1edbi t\u1ea7m nh\u00ecn, 3 s\u1ee9 m\u1ec7nh c\u1ee7a c\u00f4ng ty v\u00e0 7 gi\u00e1 tr\u1ecb c\u1ed1t l\u00f5i. \u0110i\u1ec1u n\u00e0y c\u0169ng \u0111\u01b0\u1ee3c \u00e1p d\u1ee5ng cho m\u1ed9t s\u00f2ng b\u1ea1c kh\u00e1c c\u1ee7a ch\u00fang t\u00f4i, Lucky89 Border Casino.\n<\/p>\n\n<p class=\"black_default_text_frontpage\">\nXu\u1ea5t th\u00e2n t\u1eeb m\u1ed9t n\u1ec1n t\u1ea3ng \u0111\u01b0\u1ee3c x\u00e2y d\u1ef1ng d\u1ef1a tr\u00ean \u00fd ch\u00ed ch\u0103m ch\u1ec9 \u0111\u00e3 h\u01b0\u1edbng d\u1eabn anh ta \u0111\u1ebfn v\u1ecb tr\u00ed ng\u00e0y nay trong x\u00e3 h\u1ed9i. \u00d4ng Lim r\u1ea5t t\u1ef1 h\u00e0o v\u00ec \u0111\u00e3 n\u1ed7 l\u1ef1c gi\u00fap \u0111\u1ee1 m\u1ecdi ng\u01b0\u1eddi trong c\u1ed9ng \u0111\u1ed3ng \u0111\u1ec3 nhi\u1ec1u ng\u01b0\u1eddi c\u00f3 \u0111\u01b0\u1ee3c h\u1ea1nh ph\u00fac trong cu\u1ed9c s\u1ed1ng c\u1ee7a h\u1ecd. S\u1ef1 ph\u00e1t tri\u1ec3n c\u1ee7a Lucky Ruby \u0111\u00e3 t\u1ea1o ra nhi\u1ec1u c\u01a1 h\u1ed9i vi\u1ec7c l\u00e0m cho c\u1ed9ng \u0111\u1ed3ng \u0111\u1ecba ph\u01b0\u01a1ng, n\u00e2ng cao \u0111\u1eddi s\u1ed1ng c\u1ee7a h\u1ecd trong khi anh b\u1eaft tay v\u00e0o nhi\u1ec1u ho\u1ea1t \u0111\u1ed9ng t\u1eeb thi\u1ec7n \u0111\u1ec3 gi\u00fap \u0111\u1ee1 nh\u1eefng th\u00e0nh vi\u00ean k\u00e9m may m\u1eafn trong x\u00e3 h\u1ed9i t\u00ecm \u0111\u01b0\u1ee3c ch\u1ed7 \u0111\u1ee9ng trong cu\u1ed9c s\u1ed1ng.\n<\/p>\n\n<p class=\"black_default_text_frontpage\">\nC\u00f4ng ty ch\u00fang t\u00f4i mong mu\u1ed1n ph\u00e1t tri\u1ec3n v\u00e0 th\u00e0nh c\u00f4ng h\u01a1n n\u1eefa v\u1edbi t\u01b0 c\u00e1ch l\u00e0 m\u1ed9t c\u00f4ng ty v\u00e0 m\u1ed9t th\u00e0nh vi\u00ean c\u1ee7a x\u00e3 h\u1ed9i theo t\u1ea7m nh\u00ecn, ni\u1ec1m \u0111am m\u00ea v\u00e0 gi\u00e1 tr\u1ecb \u0111\u01b0\u1ee3c \u0111\u00e1nh gi\u00e1 cao c\u1ee7a \u00f4ng v\u00e0 ch\u00fang t\u00f4i ti\u1ebfp t\u1ee5c h\u01b0\u1edbng t\u1edbi t\u01b0\u01a1ng lai.\n<\/p>\n\n<\/div>\n<!-- col-ml-8: Information founder -->\n\n\n\n<\/div>\n<!-- row: FOUNDER -->\n<\/div>\n<!-- container  -->\n\n\n\n<br>\n<\/div>\n<!-- col-md-12: FOUNDER -->\n<\/div>\n<!-- row  -->\n\n\n\n<div class=\"row\">\n<div class=\"alt_notebox_white col-sm-8 text-justify wow fadeIn\" id=\"container_padding_needed_our_story\" style=\"margin-top: 15px; visibility: hidden;\">\n\n\n\n<p class=\"black_default_headline\" style=\"text-align: center;\">GI\u1edaI THI\u1ec6U<\/p>\n\n\n\n<p class=\"black_default_text_frontpage\">S\u00f2ng b\u1ea1c Lucky Ruby Border n\u1eb1m t\u1ea1i Prey Vor, t\u1ec9nh Svay Rieng c\u1ee7a Campuchia. N\u00e9t \u0111\u1ed9c \u0111\u00e1o v\u1ec1 v\u1ecb tr\u00ed c\u1ee7a ch\u00fang t\u00f4i l\u00e0 ch\u1ec9 c\u00e1ch Phnom Penh 3 gi\u1edd \u0111i xe, ch\u01b0a \u0111\u1ea7y 1 gi\u1edd n\u1ebfu b\u1ea1n \u0111i t\u1eeb Bavet v\u00e0 ch\u1ec9 2,5 gi\u1edd n\u1ebfu b\u1ea1n \u0111i t\u1eeb Th\u00e0nh ph\u1ed1 H\u1ed3 Ch\u00ed Minh, Vi\u1ec7t Nam.<\/p>\n\n\n\n<p class=\"black_default_text_frontpage\">Hi\u1ec7n t\u1ea1i, ch\u00fang t\u00f4i c\u00f3 t\u1ed5ng c\u1ed9ng <a href=\"https:\/\/ruby89.com\/vi\/hotel\/\">63 HOTEL ROOMS<\/a> v\u00e0 nhi\u1ec1u h\u01a1n n\u1eefa s\u1ebd \u0111\u01b0\u1ee3c x\u00e2y d\u1ef1ng khi ch\u00fang t\u00f4i m\u1edf r\u1ed9ng. S\u00f2ng b\u1ea1c bi\u00ean gi\u1edbi c\u1ee7a ch\u00fang t\u00f4i kh\u00f4ng ch\u1ec9 l\u00e0 m\u1ed9t s\u00f2ng b\u1ea1c \u0111i\u1ec3n h\u00ecnh ch\u1ec9 ph\u1ee5c v\u1ee5 cho c\u00e1c ho\u1ea1t \u0111\u1ed9ng c\u1edd b\u1ea1c v\u00ec ch\u00fang t\u00f4i c\u00f3 r\u1ea5t nhi\u1ec1u c\u01a1 s\u1edf kh\u00e1c c\u00f3 th\u1ec3 mang l\u1ea1i l\u1ee3i \u00edch cho m\u1ecdi th\u00e0nh vi\u00ean trong x\u00e3 h\u1ed9i.<\/p>\n\n\n\n<p class=\"black_default_text_frontpage\">C\u00e1c c\u01a1 s\u1edf c\u1ee7a ch\u00fang t\u00f4i bao g\u1ed3m <a href=\"https:\/\/ruby89.com\/vi\/facilities\/sauna-jacuzzi\/\" data-type=\"page\" data-id=\"450\">PH\u00d2NG T\u1eaeM H\u01a0I<\/a>, <a href=\"https:\/\/ruby89.com\/vi\/facilities\/massage\/\" data-type=\"page\" data-id=\"452\">CAMBODIA MASSAGE TRUY\u1ec0N TH\u1ed0NG<\/a>, <a href=\"https:\/\/ruby89.com\/vi\/hotel\/restaurant\/\" data-type=\"page\" data-id=\"420\">NH\u00c0 H\u00c0NG CASINO<\/a>, <a href=\"https:\/\/ruby89.com\/vi\/facilities\/sky-bar\/\" data-type=\"page\" data-id=\"458\">SKY BAR<\/a>, <a href=\"https:\/\/ruby89.com\/vi\/facilities\/karaoke\/\" data-type=\"page\" data-id=\"422\">KARAOKE (KTV)<\/a>, <a href=\"https:\/\/ruby89.com\/vi\/facilities\/gym\/\" data-type=\"page\" data-id=\"3203\">Ph\u00f2ng th\u1ec3 d\u1ee5c<\/a>, <a href=\"https:\/\/ruby89.com\/vi\/facilities\/disco\/\" data-type=\"page\" data-id=\"454\">Disco<\/a>, <a href=\"https:\/\/ruby89.com\/vi\/facilities\/beergarden\/\" data-type=\"page\" data-id=\"1462\">V\u01b0\u1eddn bia Ch\u00e2u \u00c1<\/a> v\u00e0 c\u01a1 s\u1edf m\u1edbi nh\u1ea5t, <a href=\"https:\/\/ruby89.com\/vi\/facilities\/rubymart-cafe\/\" data-type=\"page\" data-id=\"456\">LUCKY RUBY MART &amp; CAFE<\/a>.<\/p>\n\n\n\n<p class=\"black_default_text_frontpage\">S\u00f2ng b\u1ea1c v\u00e0 t\u1ea5t c\u1ea3 c\u00e1c c\u01a1 s\u1edf c\u1ee7a ch\u00fang t\u00f4i \u0111\u1ec1u \u0111\u01b0\u1ee3c c\u1ea5p ph\u00e9p h\u1ee3p ph\u00e1p v\u00e0 ch\u00fang t\u00f4i hoan ngh\u00eanh b\u1ea1n \u0111\u1ebfn v\u1edbi Lucky Ruby \u0111\u1ec3 tr\u1ea3i nghi\u1ec7m nh\u1eefng g\u00ec ch\u00fang t\u00f4i c\u00f3 th\u1ec3 cung c\u1ea5p \u0111\u1ec3 mang l\u1ea1i cho b\u1ea1n s\u1ef1 th\u01b0 gi\u00e3n m\u00e0 b\u1ea1n c\u1ea7n v\u00ec ch\u00fang t\u00f4i tin t\u01b0\u1edfng m\u1ea1nh m\u1ebd r\u1eb1ng khi b\u1ea1n vui v\u1ebb ; ch\u00fang t\u00f4i vui v\u1ebb!<\/p>\n\n\n\n<center>\n<img decoding=\"async\" src=\"\/wp-content\/uploads\/2023\/10\/5-New-IMG-About-Us-Page.webp\" class=\"about_us_images\">\n<img decoding=\"async\" src=\"\/wp-content\/uploads\/2023\/10\/6-New-IMG-About-Us-Page.webp\" class=\"about_us_images\">\n<img decoding=\"async\" src=\"\/wp-content\/uploads\/2023\/10\/4-New-IMG-About-Us-Page.webp\" class=\"about_us_images\">\n<img decoding=\"async\" src=\"\/wp-content\/uploads\/2023\/10\/1-New-IMG-About-Us-Page.webp\" class=\"about_us_images\">\n<img decoding=\"async\" src=\"\/wp-content\/uploads\/2023\/10\/3-New-IMG-About-Us-Page.webp\" class=\"about_us_images\">\n<img decoding=\"async\" src=\"\/wp-content\/uploads\/2023\/10\/2-New-IMG-About-Us-Page.webp\" class=\"about_us_images\">\n\n<\/center>\n\n\n\n<\/div>\n<!-- col -->\n\n\n\n<div class=\"col-md-4 wow fadeIn\" id=\"red_booking_form_padding\" style=\"margin-top: 15px; visibility: hidden;\">\n\n\n\n<div class=\"alt_search_div\">\n\n\n\n<p class=\"white_default_headline\"<br>R\u1ea5t vui v\u00ec b\u1ea1n \u0111\u00e3 t\u00ecm th\u1ea5y ch\u00fang t\u00f4i<\/p>\n\n\n\n<center>\n\n\n\n<br><img decoding=\"async\" src=\"\/wp-content\/uploads\/2019\/10\/logo_lucky_ruby-1.png\" class=\"atl_ruby_logo_content\" style=\"max-width: 220px;\"><br>\n\n\n\n<br>\nBi\u00ean gi\u1edbi Prey Vor-M\u1ed9c H\u00f3a, L\u00e0ng Au, X\u00e3 Thmei, Huy\u1ec7n Kampong Rou, T\u1ec9nh Svay Rieng, Campuchia.<br>\n+855 9793 888 89\n<br><br><br>\n\n\n<style type=\"text\/css\" id=\"umsMapStyles_1_31284\">\n\t#ultimate_maps_1_31284 {\n        width: 270px;\n        height: 350px;\n\t        border: 0px solid ;\n        margin: 0px;\n    }\n\t#mapsControlsNum_1_31284 {\n\t\twidth:270px\t}\n\t.umsMapDetailsContainer#umsMapDetailsContainer_1_31284 {\n\t\theight:350px;\n\t}\n\t.ums_MapPreview#ultimate_maps_1_31284 {\n\t\t\/*position:absolute;*\/\n\t\twidth:100%;\n\t}\n\t#mapConElem_1_31284{\n\t\twidth:270px\t}\n\t<\/style>\n<div class=\"ums_map_opts\" id=\"mapConElem_1_31284\" data-id=\"1\" data-view-id=\"1_31284\" > <div class=\"umsMapDetailsContainer\" id=\"umsMapDetailsContainer_1_31284\"> <i class=\"umsKMLLayersPreloader fa fa-spinner fa-spin\" aria-hidden=\"true\" style=\"display: none;\"><\/i> <div class=\"ums_MapPreview\" id=\"ultimate_maps_1_31284\"><\/div> <\/div> <div class=\"umsMapMarkerFilters\" id=\"umsMapMarkerFilters_1_31284\"> <\/div> <div class=\"umsMapProControlsCon\" id=\"umsMapProControlsCon_1_31284\"> <a title=\"WordPress Google Maps Plugin\" style=\"display:none;\" href=\"https:\/\/supsystic.com\/plugins\/google-maps-plugin\/?utm_medium=love_link_hide\" target=\"_blank\" rel=\"noopener\">WordPress Google Maps Plugin<\/a><div style=\"clear: both;\"><\/div> <\/div> <div class=\"umsMapProDirectionsCon\" id=\"umsMapProDirectionsCon_1_31284\" > <\/div> <div class=\"umsMapProKmlFilterCon\" id=\"umsMapProKmlFilterCon_1_31284\" > <\/div> <div class=\"umsSocialSharingShell umsSocialSharingShell_1_31284\"> <\/div> <div style=\"clear: both;\"><\/div> <\/div> \n\n\n\n<\/center>\n\n\n\n<br><br>\n<p class=\"white_default_headline\">GI\u1edc M\u1ede C\u1eeeA<\/p>\n\n\n\n<table class=\"silver_default_text table\">\n  <tbody>\n    <tr>\n      <td id=\"opening_times\">S\u00f2ng b\u1ea1c<\/td>\n      <td id=\"opening_times\">24 gi\u1edd<\/td>\n    <\/tr>\n    <tr>\n      <td id=\"opening_times\">D\u1ecbch v\u1ee5 ph\u00f2ng<\/td>\n      <td id=\"opening_times\">24 gi\u1edd<\/td>\n    <\/tr>\n    <tr>\n      <td id=\"opening_times\">Ph\u00f2ng th\u1ec3 d\u1ee5c<\/td>\n      <td id=\"opening_times\">24 gi\u1edd<\/td>\n    <\/tr>\n    <tr>\n      <td id=\"opening_times\">RUBY MART<\/td>\n      <td id=\"opening_times\">24 gi\u1edd<\/td>\n    <\/tr>\n    <tr>\n      <td id=\"opening_times\">M\u00e1t xa<\/td>\n      <td id=\"opening_times\">12pm &#8211; 1am<\/td>\n    <\/tr>\n    <tr>\n      <td id=\"opening_times\">PH\u00d2NG T\u1eaeM H\u01a0I &amp; B\u1ed2N T\u1eaeM S\u1ee4C<\/td>\n      <td id=\"opening_times\">12pm &#8211; 1am<\/td>\n    <\/tr>\n    <tr>\n      <td id=\"opening_times\">RUBY CAFE<\/td>\n      <td id=\"opening_times\">7am &#8211; 3am<\/td>\n    <\/tr>\n    <tr>\n      <td id=\"opening_times\">GO PARTY DISCO<\/td>\n      <td id=\"opening_times\">6pm &#8211; 3am<\/td>\n    <\/tr>\n    <tr>\n      <td id=\"opening_times\">Karaoke<\/td>\n      <td id=\"opening_times\">6pm &#8211; 3am<\/td>\n    <\/tr>\n    <tr>\n      <td id=\"opening_times\">SKY BAR<\/td>\n      <td id=\"opening_times\">5pm &#8211; 3am<\/td>\n    <\/tr>\n    <tr>\n      <td id=\"opening_times\">V\u01b0\u1eddn bia Ch\u00e2u \u00c1<\/td>\n      <td id=\"opening_times\">7am &#8211; 4am<\/td>\n    <\/tr>\n  <\/tbody>\n<\/table>\n<br><br><br><br><br>\n\n\n\n<\/div>\n<!-- alt_search_div -->\n\n\n\n<\/div>\n<!-- col-md-4 -->\n\n\n\n<\/div>\n<!-- row \/ container_ktv_intro-->\n\n\n\n<div class=\"row\" id=\"row_ktv_gallery\" style=\"margin-top: 15px;\">\n\n\n\n<div class=\"col-md-12 alt_notebox_white wow fadeIn\" id=\"col_ktv_gallery\" style=\"visibility: hidden;\">\n\n\n\n<p class=\"black_default_headline\" style=\"text-align: center;\">Gi\u00e1 tr\u1ecb c\u1ee7a ch\u00fang t\u00f4i<\/p>\n\n\n\n<p class=\"black_default_text_frontpage\">T\u1ea1i Lucky Ruby Border Casino, ch\u00fang t\u00f4i nh\u1ea5n m\u1ea1nh nh\u1eefng \u0111i\u1ec1u sau \u0111\u00e2y trong t\u1ea5t c\u1ea3 c\u00e1c ho\u1ea1t \u0111\u1ed9ng kinh doanh v\u00e0 ho\u1ea1t \u0111\u1ed9ng h\u00e0ng ng\u00e0y c\u1ee7a ch\u00fang t\u00f4i. T\u1ea7m nh\u00ecn, S\u1ee9 m\u1ec7nh &amp; Gi\u00e1 tr\u1ecb c\u1ee7a ch\u00fang t\u00f4i t\u1ea1o th\u00e0nh v\u0103n h\u00f3a c\u1ed1t l\u00f5i cho s\u1ef1 ph\u00e1t tri\u1ec3n c\u1ee7a t\u1ed5 ch\u1ee9c c\u0169ng nh\u01b0 nh\u00e2n vi\u00ean c\u1ee7a ch\u00fang t\u00f4i. <\/p>\n\n\n\n<div class=\"wp-block-image\" style=\"padding-top: 30px;\"><figure class=\"aligncenter\"><img decoding=\"async\" src=\"https:\/\/ruby89.com\/wp-content\/uploads\/2023\/10\/1337-vn.webp\" alt=\"\" class=\"wp-image-1066\"><\/figure><\/div>\n\n\n\n<\/div>\n<!-- col-md-12 -->\n<\/div>\n<!-- row -->\n<\/div>\n<!-- container -->","protected":false},"excerpt":{"rendered":"<p>OUR FOUNDER Mr. Jment Lim from Malaysia is the founder and Managing Director of the Lucky Ruby Border Casino. He started his career from a subtle role of a casino dealer and today is the owner of 2 legal land-based casinos in Cambodia that are well known in the industry. This itself is a major [&hellip;]<\/p>","protected":false},"author":6,"featured_media":0,"parent":0,"menu_order":15,"comment_status":"closed","ping_status":"closed","template":"","meta":{"ngg_post_thumbnail":0,"footnotes":"","_links_to":"","_links_to_target":""},"class_list":["post-9","page","type-page","status-publish","hentry"],"_links":{"self":[{"href":"https:\/\/ruby89.com\/vi\/wp-json\/wp\/v2\/pages\/9","targetHints":{"allow":["GET"]}}],"collection":[{"href":"https:\/\/ruby89.com\/vi\/wp-json\/wp\/v2\/pages"}],"about":[{"href":"https:\/\/ruby89.com\/vi\/wp-json\/wp\/v2\/types\/page"}],"author":[{"embeddable":true,"href":"https:\/\/ruby89.com\/vi\/wp-json\/wp\/v2\/users\/6"}],"replies":[{"embeddable":true,"href":"https:\/\/ruby89.com\/vi\/wp-json\/wp\/v2\/comments?post=9"}],"version-history":[{"count":204,"href":"https:\/\/ruby89.com\/vi\/wp-json\/wp\/v2\/pages\/9\/revisions"}],"predecessor-version":[{"id":8011,"href":"https:\/\/ruby89.com\/vi\/wp-json\/wp\/v2\/pages\/9\/revisions\/8011"}],"wp:attachment":[{"href":"https:\/\/ruby89.com\/vi\/wp-json\/wp\/v2\/media?parent=9"}],"curies":[{"name":"wp","href":"https:\/\/api.w.org\/{rel}","templated":true}]}}