 {"id":878,"date":"2019-10-23T15:51:35","date_gmt":"2019-10-23T08:51:35","guid":{"rendered":"https:\/\/ruby89.com\/?page_id=878"},"modified":"2020-11-05T15:16:38","modified_gmt":"2020-11-05T08:16:38","slug":"news","status":"publish","type":"page","link":"https:\/\/ruby89.com\/vi\/news\/","title":{"rendered":"C\u1eadp nh\u1eadt \/ Blog"},"content":{"rendered":"<br>\n<p class=\"black_default_headline\">C\u1eadp nh\u1eadt \/ Blog<\/p>\n\n\n    <div data-options='{&quot;id&quot;:&quot;1596&quot;,&quot;lazy_load&quot;:&quot;no&quot;,&quot;masonry_enable&quot;:&quot;no&quot;,&quot;view_type&quot;:&quot;grid&quot;}' id=\"post-grid-1596\" class=\"post-grid grid\">\n    \n\n\n    <div class=\"grid-items\">\n      <div class=\"item item-6290 skin flat even 0\">\n        <div class=\"layer-wrapper layout-\">\n        <div class=\"layer-media\"><a href=\"https:\/\/ruby89.com\/vi\/our-founder-donates-to-the-cambodia-covid-19-vaccine-fund\/\"><img decoding=\"async\" alt=\"\" src=\"https:\/\/ruby89.com\/wp-content\/uploads\/2020\/12\/donation_covid_vn.jpg\" \/><\/a><\/div>\n  <div class=\"layer-content\">\n        <div class=\"element element_0  title_link\">\r\n                    <a target=\"\"\r\n                href=\"https:\/\/ruby89.com\/vi\/our-founder-donates-to-the-cambodia-covid-19-vaccine-fund\/\">Ng\u01b0\u1eddi s\u00e1ng l\u1eadp c\u1ee7a ch\u00fang t\u00f4i quy\u00ean g\u00f3p cho Qu\u1ef9 v\u1eafc xin Covid-19 Campuchia<\/a>\r\n            <\/div>\r\n    <div class=\"element element_1  excerpt\">\r\n        Ng\u01b0\u1eddi s\u00e1ng l\u1eadp c\u1ee7a ch\u00fang t\u00f4i quy\u00ean g\u00f3p cho Qu\u1ef9 v\u1eafc xin Covid-19 Campuchia            <\/div>\r\n            <a class=\"element element_2  read_more\"\r\n            target=\"_parent\"\r\n            href=\"https:\/\/ruby89.com\/vi\/our-founder-donates-to-the-cambodia-covid-19-vaccine-fund\/\">\u0110\u1eccC TH\u00caM<\/a>\r\n      <\/div>\n    <\/div>\n  <\/div><div class=\"item item-5664 skin flat odd 1\">\n        <div class=\"layer-wrapper layout-\">\n        <div class=\"layer-media\"><a href=\"https:\/\/ruby89.com\/vi\/have-wedding-celebration-at-lucky-ruby\/\"><img decoding=\"async\" alt=\"\" src=\"https:\/\/ruby89.com\/wp-content\/uploads\/2020\/11\/News_Wedding_VN.jpg\" \/><\/a><\/div>\n  <div class=\"layer-content\">\n        <div class=\"element element_0  title_link\">\r\n                    <a target=\"\"\r\n                href=\"https:\/\/ruby89.com\/vi\/have-wedding-celebration-at-lucky-ruby\/\">B\u1ea0N C\u00d3 BI\u1ebeT? B\u1ea0N C\u00d3 TH\u1ec2 C\u00d3 M\u1ed8T K\u1ef6 NI\u1ec6M C\u01af\u1edaI TUY\u1ec6T V\u1edcI C\u1ee6A M\u00ccNH T\u1ea0I CASINO LUCKY RUBY BORDER?<\/a>\r\n            <\/div>\r\n    <div class=\"element element_1  excerpt\">\r\n        DO YOU KNOW? YOU CAN HAVE YOUR WEDDING CELEBRATION AT LUCKY RUBY BORDER CASINO? YOUR SPECIAL DAY JUST GOT MORE            <\/div>\r\n            <a class=\"element element_2  read_more\"\r\n            target=\"_parent\"\r\n            href=\"https:\/\/ruby89.com\/vi\/have-wedding-celebration-at-lucky-ruby\/\">\u0110\u1eccC TH\u00caM<\/a>\r\n      <\/div>\n    <\/div>\n  <\/div><div class=\"item item-5348 skin flat even 2\">\n        <div class=\"layer-wrapper layout-\">\n        <div class=\"layer-media\"><a href=\"https:\/\/ruby89.com\/vi\/whoever-says-the-countryside-is-lame-hasnt-got-here\/\"><img decoding=\"async\" alt=\"\" src=\"https:\/\/ruby89.com\/wp-content\/uploads\/2020\/11\/News_Holiday_VN.jpg\" \/><\/a><\/div>\n  <div class=\"layer-content\">\n        <div class=\"element element_0  title_link\">\r\n                    <a target=\"\"\r\n                href=\"https:\/\/ruby89.com\/vi\/whoever-says-the-countryside-is-lame-hasnt-got-here\/\">AI \u0110\u00c3 T\u1eeaNG N\u00d3I R\u1eb0NG \u1ede V\u00d9NG QU\u00ca TH\u00cc KH\u00d4NG \u0110\u01af\u1ee2C THO\u1ea2 \u0110\u00c1NG<\/a>\r\n            <\/div>\r\n    <div class=\"element element_1  excerpt\">\r\n        Whoever says the countryside is lame hasn\u2019t got here Ah, holiday trips. How we miss all those wonderful times travelling            <\/div>\r\n            <a class=\"element element_2  read_more\"\r\n            target=\"_parent\"\r\n            href=\"https:\/\/ruby89.com\/vi\/whoever-says-the-countryside-is-lame-hasnt-got-here\/\">\u0110\u1eccC TH\u00caM<\/a>\r\n      <\/div>\n    <\/div>\n  <\/div><div class=\"item item-4801 skin flat odd 3\">\n        <div class=\"layer-wrapper layout-\">\n        <div class=\"layer-media\"><a href=\"https:\/\/ruby89.com\/vi\/find-out-whats-so-special-about-this-type-of-jackpot\/\"><img decoding=\"async\" alt=\"\" src=\"https:\/\/ruby89.com\/wp-content\/uploads\/2020\/11\/News_Wonder_VN.jpg\" \/><\/a><\/div>\n  <div class=\"layer-content\">\n        <div class=\"element element_0  title_link\">\r\n                    <a target=\"\"\r\n                href=\"https:\/\/ruby89.com\/vi\/find-out-whats-so-special-about-this-type-of-jackpot\/\">T\u00ccM HI\u1ec2U \u0110I\u1ec0U G\u00cc \u0110\u1eb6C BI\u1ec6T V\u1ec0 LO\u1ea0I JACKPOT N\u00c0Y<\/a>\r\n            <\/div>\r\n    <div class=\"element element_1  excerpt\">\r\n        Find out what\u2019s so special about this type of Jackpot The desire for a good casino table game play cannot            <\/div>\r\n            <a class=\"element element_2  read_more\"\r\n            target=\"_parent\"\r\n            href=\"https:\/\/ruby89.com\/vi\/find-out-whats-so-special-about-this-type-of-jackpot\/\">\u0110\u1eccC TH\u00caM<\/a>\r\n      <\/div>\n    <\/div>\n  <\/div><div class=\"item item-4797 skin flat even 4\">\n        <div class=\"layer-wrapper layout-\">\n        <div class=\"layer-media\"><a href=\"https:\/\/ruby89.com\/vi\/why-lucky-ruby-is-the-best-place-to-build-your-career\/\"><img decoding=\"async\" alt=\"\" src=\"https:\/\/ruby89.com\/wp-content\/uploads\/2020\/11\/News_CAREER_VN.jpg\" \/><\/a><\/div>\n  <div class=\"layer-content\">\n        <div class=\"element element_0  title_link\">\r\n                    <a target=\"\"\r\n                href=\"https:\/\/ruby89.com\/vi\/why-lucky-ruby-is-the-best-place-to-build-your-career\/\">T\u1ea0I SAO LUCKY RUBY L\u00c0 N\u01a0I T\u1ed0T NH\u1ea4T \u0110\u1ec2 X\u00c2Y D\u1ef0NG S\u1ef0 NGHI\u1ec6P C\u1ee6A B\u1ea0N?<\/a>\r\n            <\/div>\r\n    <div class=\"element element_1  excerpt\">\r\n        Why Lucky Ruby is the best place to build your career? Lucky Ruby may just help you reach your career            <\/div>\r\n            <a class=\"element element_2  read_more\"\r\n            target=\"_parent\"\r\n            href=\"https:\/\/ruby89.com\/vi\/why-lucky-ruby-is-the-best-place-to-build-your-career\/\">\u0110\u1eccC TH\u00caM<\/a>\r\n      <\/div>\n    <\/div>\n  <\/div><div class=\"item item-4406 skin flat odd 5\">\n        <div class=\"layer-wrapper layout-\">\n        <div class=\"layer-media\"><a href=\"https:\/\/ruby89.com\/vi\/day-night-experience-at-the-lucky-ruby\/\"><img decoding=\"async\" alt=\"\" src=\"https:\/\/ruby89.com\/wp-content\/uploads\/2020\/11\/News_Day_Night_VN.jpg\" \/><\/a><\/div>\n  <div class=\"layer-content\">\n        <div class=\"element element_0  title_link\">\r\n                    <a target=\"\"\r\n                href=\"https:\/\/ruby89.com\/vi\/day-night-experience-at-the-lucky-ruby\/\">TR\u1ea2I NGHI\u1ec6M NG\u00c0Y &amp; \u0110\u00caM T\u1ea0I LUCKY RUBY<\/a>\r\n            <\/div>\r\n    <div class=\"element element_1  excerpt\">\r\n        Day &amp; Night Experience At The Lucky Ruby Life at Lucky Ruby During The Day and Night Here\u2019s a day            <\/div>\r\n            <a class=\"element element_2  read_more\"\r\n            target=\"_parent\"\r\n            href=\"https:\/\/ruby89.com\/vi\/day-night-experience-at-the-lucky-ruby\/\">\u0110\u1eccC TH\u00caM<\/a>\r\n      <\/div>\n    <\/div>\n  <\/div><div class=\"item item-3734 skin flat even 6\">\n        <div class=\"layer-wrapper layout-\">\n        <div class=\"layer-media\"><a href=\"https:\/\/ruby89.com\/vi\/lucky-ruby-announces-40-salary-for-the-month-of-april\/\"><img decoding=\"async\" alt=\"\" src=\"https:\/\/ruby89.com\/wp-content\/uploads\/2020\/11\/News_ANNOUNCES_VN.jpg\" \/><\/a><\/div>\n  <div class=\"layer-content\">\n        <div class=\"element element_0  title_link\">\r\n                    <a target=\"\"\r\n                href=\"https:\/\/ruby89.com\/vi\/lucky-ruby-announces-40-salary-for-the-month-of-april\/\">LUCKY RUBY TH\u00d4NG B\u00c1O L\u01af\u01a0NG 40% CHO TH\u00c1NG 4<\/a>\r\n            <\/div>\r\n    <div class=\"element element_1  excerpt\">\r\n        Lucky Ruby Announces 40% Salary for the month of April The Lucky Ruby Border Casino would like to formally announce            <\/div>\r\n            <a class=\"element element_2  read_more\"\r\n            target=\"_parent\"\r\n            href=\"https:\/\/ruby89.com\/vi\/lucky-ruby-announces-40-salary-for-the-month-of-april\/\">\u0110\u1eccC TH\u00caM<\/a>\r\n      <\/div>\n    <\/div>\n  <\/div><div class=\"item item-3671 skin flat odd 7\">\n        <div class=\"layer-wrapper layout-\">\n        <div class=\"layer-media\"><a href=\"https:\/\/ruby89.com\/vi\/anything-new-happened-at-lucky-ruby-lately\/\"><img decoding=\"async\" alt=\"\" src=\"https:\/\/ruby89.com\/wp-content\/uploads\/2020\/11\/News_Whats_new_VN.jpg\" \/><\/a><\/div>\n  <div class=\"layer-content\">\n        <div class=\"element element_0  title_link\">\r\n                    <a target=\"\"\r\n                href=\"https:\/\/ruby89.com\/vi\/anything-new-happened-at-lucky-ruby-lately\/\">C\u00d3 \u0110I\u1ec0U G\u00cc M\u1edaI X\u1ea2Y RA T\u1ea0I LUCKY RUBY LATELY?<\/a>\r\n            <\/div>\r\n    <div class=\"element element_1  excerpt\">\r\n        ANYTHING NEW HAPPENED AT LUCKY RUBY LATELY? So whats the buzz on new things happening at Lucky Ruby? Have you            <\/div>\r\n            <a class=\"element element_2  read_more\"\r\n            target=\"_parent\"\r\n            href=\"https:\/\/ruby89.com\/vi\/anything-new-happened-at-lucky-ruby-lately\/\">\u0110\u1eccC TH\u00caM<\/a>\r\n      <\/div>\n    <\/div>\n  <\/div><div class=\"item item-3663 skin flat even 8\">\n        <div class=\"layer-wrapper layout-\">\n        <div class=\"layer-media\"><a href=\"https:\/\/ruby89.com\/vi\/why-lucky-ruby-is-the-coolest-spot-to-celebrate-your-birthday\/\"><img decoding=\"async\" alt=\"\" src=\"https:\/\/ruby89.com\/wp-content\/uploads\/2020\/11\/News_BIRTHDAY_VN.jpg\" \/><\/a><\/div>\n  <div class=\"layer-content\">\n        <div class=\"element element_0  title_link\">\r\n                    <a target=\"\"\r\n                href=\"https:\/\/ruby89.com\/vi\/why-lucky-ruby-is-the-coolest-spot-to-celebrate-your-birthday\/\">T\u1ea0I SAO LUCKY RUBY L\u00c0 N\u01a0I MAY M\u1eaeN NH\u1ea4T \u0110\u1ec2 K\u1ef6 NI\u1ec6M NG\u00c0Y SINH NH\u1eacT C\u1ee6A B\u1ea0N<\/a>\r\n            <\/div>\r\n    <div class=\"element element_1  excerpt\">\r\n        Why Lucky Ruby is the coolest spot to celebrate your birthday Birthday coming soon and still wondering where to celebrate?            <\/div>\r\n            <a class=\"element element_2  read_more\"\r\n            target=\"_parent\"\r\n            href=\"https:\/\/ruby89.com\/vi\/why-lucky-ruby-is-the-coolest-spot-to-celebrate-your-birthday\/\">\u0110\u1eccC TH\u00caM<\/a>\r\n      <\/div>\n    <\/div>\n  <\/div><div class=\"item item-2520 skin flat odd 9\">\n        <div class=\"layer-wrapper layout-\">\n        <div class=\"layer-media\"><a href=\"https:\/\/ruby89.com\/vi\/find-out-more-about-our-asian-beer-garden\/\"><img decoding=\"async\" alt=\"\" src=\"https:\/\/ruby89.com\/wp-content\/uploads\/2020\/11\/News_ASIA_BEER_GARDAN_VN.jpg\" \/><\/a><\/div>\n  <div class=\"layer-content\">\n        <div class=\"element element_0  title_link\">\r\n                    <a target=\"\"\r\n                href=\"https:\/\/ruby89.com\/vi\/find-out-more-about-our-asian-beer-garden\/\">T\u00ccM HI\u1ec2U TH\u00caM V\u1ec0 V\u01af\u1edcN BIA CH\u00c2U \u00c1 C\u1ee6A CH\u00daNG T\u00d4I<\/a>\r\n            <\/div>\r\n    <div class=\"element element_1  excerpt\">\r\n        FIND OUT MORE ABOUT OUR ASIAN BEER GARDEN So What Are The Juicy Details About Lucky Ruby\u2019s Asian Beer Garden?            <\/div>\r\n            <a class=\"element element_2  read_more\"\r\n            target=\"_parent\"\r\n            href=\"https:\/\/ruby89.com\/vi\/find-out-more-about-our-asian-beer-garden\/\">\u0110\u1eccC TH\u00caM<\/a>\r\n      <\/div>\n    <\/div>\n  <\/div><div class=\"item item-2304 skin flat even 10\">\n        <div class=\"layer-wrapper layout-\">\n        <div class=\"layer-media\"><a href=\"https:\/\/ruby89.com\/vi\/what-does-an-average-day-at-lucky-ruby-feel-like\/\"><img decoding=\"async\" alt=\"\" src=\"https:\/\/ruby89.com\/wp-content\/uploads\/2020\/11\/News_Average_VN.jpg\" \/><\/a><\/div>\n  <div class=\"layer-content\">\n        <div class=\"element element_0  title_link\">\r\n                    <a target=\"\"\r\n                href=\"https:\/\/ruby89.com\/vi\/what-does-an-average-day-at-lucky-ruby-feel-like\/\">M\u1ed8T NG\u00c0Y TH\u00da V\u1eca T\u1ea0I LUCKY RUBY C\u1ea2M GI\u00c1C NH\u01af TH\u1ebe N\u00c0O?<\/a>\r\n            <\/div>\r\n    <div class=\"element element_1  excerpt\">\r\n        WHAT DOES AN AVERAGE DAY AT LUCKY RUBY FEEL LIKE? So How Do Guests Spend Their Day At The Lucky            <\/div>\r\n            <a class=\"element element_2  read_more\"\r\n            target=\"_parent\"\r\n            href=\"https:\/\/ruby89.com\/vi\/what-does-an-average-day-at-lucky-ruby-feel-like\/\">\u0110\u1eccC TH\u00caM<\/a>\r\n      <\/div>\n    <\/div>\n  <\/div><div class=\"item item-2283 skin flat odd 11\">\n        <div class=\"layer-wrapper layout-\">\n        <div class=\"layer-media\"><a href=\"https:\/\/ruby89.com\/vi\/why-were-happy-when-youre-happy\/\"><img decoding=\"async\" alt=\"\" src=\"https:\/\/ruby89.com\/wp-content\/uploads\/2020\/11\/News_Happy_VN.jpg\" \/><\/a><\/div>\n  <div class=\"layer-content\">\n        <div class=\"element element_0  title_link\">\r\n                    <a target=\"\"\r\n                href=\"https:\/\/ruby89.com\/vi\/why-were-happy-when-youre-happy\/\">WHY WE&#8217;RE HAPPY WHEN YOU ARE HAPPY<\/a>\r\n            <\/div>\r\n    <div class=\"element element_1  excerpt\">\r\n        Why we\u2019re Happy When you\u2019re Happy As team members of the Lucky Ruby Border Casino, we\u2019ve come to adapt the            <\/div>\r\n            <a class=\"element element_2  read_more\"\r\n            target=\"_parent\"\r\n            href=\"https:\/\/ruby89.com\/vi\/why-were-happy-when-youre-happy\/\">\u0110\u1eccC TH\u00caM<\/a>\r\n      <\/div>\n    <\/div>\n  <\/div><div class=\"item item-1578 skin flat even 12\">\n        <div class=\"layer-wrapper layout-\">\n        <div class=\"layer-media\"><a href=\"https:\/\/ruby89.com\/vi\/the-worlds-fist-bai-buu-jackpot-how-did-this-conceptualize\/\"><img decoding=\"async\" alt=\"\" src=\"https:\/\/ruby89.com\/wp-content\/uploads\/2020\/11\/News_World1_VN.jpg\" \/><\/a><\/div>\n  <div class=\"layer-content\">\n        <div class=\"element element_0  title_link\">\r\n                    <a target=\"\"\r\n                href=\"https:\/\/ruby89.com\/vi\/the-worlds-fist-bai-buu-jackpot-how-did-this-conceptualize\/\">L\u0168Y TI\u1ebeN B\u00c0I B\u1eeeU \u0110\u1ea6U TI\u00caN C\u1ee6A TH\u1ebe GI\u1edaI, \u0110I\u1ec0U N\u00c0Y \u0110\u01af\u1ee2C  KH\u00c1I NI\u1ec6M NH\u01af TH\u1ebe N\u00c0O?<\/a>\r\n            <\/div>\r\n    <div class=\"element element_1  excerpt\">\r\n        Have you ever had that moment when you\u2019re wishing that something can be invented? Like\u2026 \u2026shoelaces that can tie themselves?            <\/div>\r\n            <a class=\"element element_2  read_more\"\r\n            target=\"_parent\"\r\n            href=\"https:\/\/ruby89.com\/vi\/the-worlds-fist-bai-buu-jackpot-how-did-this-conceptualize\/\">\u0110\u1eccC TH\u00caM<\/a>\r\n      <\/div>\n    <\/div>\n  <\/div><div class=\"item item-1576 skin flat odd 13\">\n        <div class=\"layer-wrapper layout-\">\n        <div class=\"layer-media\"><a href=\"https:\/\/ruby89.com\/vi\/lucky-rubys-walk-in-interview-2019\/\"><img decoding=\"async\" alt=\"\" src=\"https:\/\/ruby89.com\/wp-content\/uploads\/2020\/11\/News_Walk_in_VN.jpg\" \/><\/a><\/div>\n  <div class=\"layer-content\">\n        <div class=\"element element_0  title_link\">\r\n                    <a target=\"\"\r\n                href=\"https:\/\/ruby89.com\/vi\/lucky-rubys-walk-in-interview-2019\/\">S\u1ef0 KI\u1ec6N PH\u1eceNG V\u1ea4N \u0110\u1ed2NG B\u1ed8 2019<\/a>\r\n            <\/div>\r\n    <div class=\"element element_1  excerpt\">\r\n        S\u00d2NG B\u1ea0C BI\u00caN GI\u1edaI LUCKY RUBY CH\u00cdNH TH\u1ee8C B\u1eaeT \u0110\u1ea6U S\u1ef0 KI\u1ec6N PH\u1eceNG V\u1ea4N \u0110\u1ed2NG B\u1ed8 V\u00c0O NG\u00c0Y 22 TH\u00c1NG 11 N\u0102M 2019.&nbsp;            <\/div>\r\n            <a class=\"element element_2  read_more\"\r\n            target=\"_parent\"\r\n            href=\"https:\/\/ruby89.com\/vi\/lucky-rubys-walk-in-interview-2019\/\">\u0110\u1eccC TH\u00caM<\/a>\r\n      <\/div>\n    <\/div>\n  <\/div><div class=\"item item-1574 skin flat even 14\">\n        <div class=\"layer-wrapper layout-\">\n        <div class=\"layer-media\"><a href=\"https:\/\/ruby89.com\/vi\/what-table-games-available-at-lucky-ruby\/\"><img decoding=\"async\" alt=\"\" src=\"https:\/\/ruby89.com\/wp-content\/uploads\/2020\/11\/News_What_Games_VN.jpg\" \/><\/a><\/div>\n  <div class=\"layer-content\">\n        <div class=\"element element_0  title_link\">\r\n                    <a target=\"\"\r\n                href=\"https:\/\/ruby89.com\/vi\/what-table-games-available-at-lucky-ruby\/\">C\u00d3 NH\u1eeeNG TR\u00d2 CH\u01a0I B\u00c0N \u0102N N\u00c0O C\u00d3 S\u1eb4NG T\u1ea0I LUCKY RUBY?<\/a>\r\n            <\/div>\r\n    <div class=\"element element_1  excerpt\">\r\n        Ever Wondered What Table Games Are Available For You To Try Your Luck At The Lucky Ruby Border Casino? Ever            <\/div>\r\n            <a class=\"element element_2  read_more\"\r\n            target=\"_parent\"\r\n            href=\"https:\/\/ruby89.com\/vi\/what-table-games-available-at-lucky-ruby\/\">\u0110\u1eccC TH\u00caM<\/a>\r\n      <\/div>\n    <\/div>\n  <\/div><div class=\"item item-1571 skin flat odd 15\">\n        <div class=\"layer-wrapper layout-\">\n        <div class=\"layer-media\"><a href=\"https:\/\/ruby89.com\/vi\/which-facilities-suit-you-best\/\"><img decoding=\"async\" alt=\"\" src=\"https:\/\/ruby89.com\/wp-content\/uploads\/2020\/11\/News_Facilities_VN.jpg\" \/><\/a><\/div>\n  <div class=\"layer-content\">\n        <div class=\"element element_0  title_link\">\r\n                    <a target=\"\"\r\n                href=\"https:\/\/ruby89.com\/vi\/which-facilities-suit-you-best\/\">N\u01a0I N\u00c0O S\u1ebc PH\u00d9 H\u1ee2P V\u1edaI B\u1ea0N NH\u1ea4T?<\/a>\r\n            <\/div>\r\n    <div class=\"element element_1  excerpt\">\r\n        Let\u2019s score on the facilities at the Lucky Ruby, you decide which one fits you best The Lucky Ruby Border            <\/div>\r\n            <a class=\"element element_2  read_more\"\r\n            target=\"_parent\"\r\n            href=\"https:\/\/ruby89.com\/vi\/which-facilities-suit-you-best\/\">\u0110\u1eccC TH\u00caM<\/a>\r\n      <\/div>\n    <\/div>\n  <\/div><div class=\"item item-1569 skin flat even 16\">\n        <div class=\"layer-wrapper layout-\">\n        <div class=\"layer-media\"><a href=\"https:\/\/ruby89.com\/vi\/travel-to-lucky-ruby-border-casino\/\"><img decoding=\"async\" alt=\"\" src=\"https:\/\/ruby89.com\/wp-content\/uploads\/2021\/05\/News_Easy_Travel_VN.jpg\" \/><\/a><\/div>\n  <div class=\"layer-content\">\n        <div class=\"element element_0  title_link\">\r\n                    <a target=\"\"\r\n                href=\"https:\/\/ruby89.com\/vi\/travel-to-lucky-ruby-border-casino\/\">DU L\u1ecaCH \u0110\u1ebeN CASINO BI\u00caN GI\u1edaI LUCKY RUBY<\/a>\r\n            <\/div>\r\n    <div class=\"element element_1  excerpt\">\r\n        Its Time To Travel To The Lucky Ruby Border Casino in Cambodia Have you been to Bhutan? They\u2019re one of            <\/div>\r\n            <a class=\"element element_2  read_more\"\r\n            target=\"_parent\"\r\n            href=\"https:\/\/ruby89.com\/vi\/travel-to-lucky-ruby-border-casino\/\">\u0110\u1eccC TH\u00caM<\/a>\r\n      <\/div>\n    <\/div>\n  <\/div><div class=\"item item-1557 skin flat odd 17\">\n        <div class=\"layer-wrapper layout-\">\n        <div class=\"layer-media\"><a href=\"https:\/\/ruby89.com\/vi\/no-more-plastic\/\"><img decoding=\"async\" alt=\"\" src=\"https:\/\/ruby89.com\/wp-content\/uploads\/2020\/11\/News_Plastic_VN.jpg\" \/><\/a><\/div>\n  <div class=\"layer-content\">\n        <div class=\"element element_0  title_link\">\r\n                    <a target=\"\"\r\n                href=\"https:\/\/ruby89.com\/vi\/no-more-plastic\/\">LUCKY RUBY N\u00d3I KH\u00d4NG V\u1edaI VI\u1ec6C S\u1eec D\u1ee4NG NH\u1ef0A<\/a>\r\n            <\/div>\r\n    <div class=\"element element_1  excerpt\">\r\n        Lucky Ruby SAY\u2019s NO MORE To Plastic Straws For the past few decades, the world as a whole has been            <\/div>\r\n            <a class=\"element element_2  read_more\"\r\n            target=\"_parent\"\r\n            href=\"https:\/\/ruby89.com\/vi\/no-more-plastic\/\">\u0110\u1eccC TH\u00caM<\/a>\r\n      <\/div>\n    <\/div>\n  <\/div>    <\/div>\n    <div class=\"pagination\">\n      <div class=\"paginate\">\n      <\/div>\n  <style type=\"text\/css\">\n    #post-grid-1596 .pagination .page-numbers {\n      font-size: 16px;\n      color: #fff;\n      background: #940002;\n    }\n\n    #post-grid-1596 .pagination .page-numbers:hover,\n    #post-grid-1596 .pagination .page-numbers.current {\n      background: #940002;\n    }\n  <\/style>\n  <\/div>\n      <style type=\"text\/css\">\n      .grid-items .title a {\r\n  color: #efcf75 !important;\r\n}    <\/style>\n      <script>\n          <\/script>\n    <style type=\"text\/css\">\n    #post-grid-1596 .element_0 {\n      display: block;font-size: 18px;    font-weight: 500;    padding: 8px 8px 8px 8px;    color: #efcf75;    text-shadow: 3px 3px 3px black;    text-transform: uppercase;    }\n\n    #post-grid-1596 .element_1 {\n      display: none ;font-size: 14px;padding: 5px 10px;text-align: center;    }\n\n    #post-grid-1596 .element_2 {\n      position: absolute;box-shadow: inset 0px 1px 0px 0px #cf866c; background: linear-gradient(to bottom, #942911 5%, #bc3315 100%);background-color: #5a2515;border-radius: 3px;border: 1px solid #942911;display: inline-block;cursor: pointer;    color: #ffffff;    font-family: inherit;    font-size: 13px;    padding: 6px 24px;    text-decoration: none;    text-shadow: 0px 1px 0px #854629;    text-align: center; bottom: 15px; left: 5%;    right: 5%;    }\n\n    #post-grid-1596 .element_0:hover{}#post-grid-1596 .element_1:hover{}#post-grid-1596 .element_2:hover{bottom: 15px; background:linear-gradient(to bottom, #bc3315 5%, #5a2515 100%);\tbackground-color:#bc3315;}  <\/style>\n  <style type=\"text\/css\">\n    #post-grid-1596 {\n      padding: 10px;\n          }\n\n    #post-grid-1596 .item {\n      padding: 0px 0px 15px 0px;\n      background: #000000;\n          }\n\n    #post-grid-1596 .item .layer-media {\n      height:280px;    }\n\n    @media only screen and (min-width: 0px) and (max-width: 767px) {\n      #post-grid-1596 .grid-items {\n        text-align: center;\n              }\n\n      #post-grid-1596 .item {\n        width: 95%;\n        margin: 10px;\n        display: inline-block;\n        vertical-align: top;\n        height:auto;      }\n    }\n\n    @media only screen and (min-width: 768px) and (max-width: 1023px) {\n      #post-grid-1596 .grid-items {\n        text-align: center;\n              }\n\n      #post-grid-1596 .item {\n        width: 260px;\n        margin: 10px;\n        display: inline-block;\n        vertical-align: top;\n        max-height:auto;      }\n    }\n\n    @media only screen and (min-width: 1024px) {\n      #post-grid-1596 .grid-items {\n        text-align: center;\n              }\n\n      #post-grid-1596 .item {\n        width: 260px;\n        display: inline-block;\n        margin: 10px;\n        vertical-align: top;\n        height:auto;      }\n    }\n\n      <\/style>\n  <\/div>","protected":false},"excerpt":{"rendered":"<p>C\u1eadp nh\u1eadt \/ Blog<\/p>","protected":false},"author":6,"featured_media":0,"parent":0,"menu_order":80,"comment_status":"closed","ping_status":"closed","template":"","meta":{"ngg_post_thumbnail":0,"footnotes":"","_links_to":"","_links_to_target":""},"class_list":["post-878","page","type-page","status-publish","hentry"],"_links":{"self":[{"href":"https:\/\/ruby89.com\/vi\/wp-json\/wp\/v2\/pages\/878","targetHints":{"allow":["GET"]}}],"collection":[{"href":"https:\/\/ruby89.com\/vi\/wp-json\/wp\/v2\/pages"}],"about":[{"href":"https:\/\/ruby89.com\/vi\/wp-json\/wp\/v2\/types\/page"}],"author":[{"embeddable":true,"href":"https:\/\/ruby89.com\/vi\/wp-json\/wp\/v2\/users\/6"}],"replies":[{"embeddable":true,"href":"https:\/\/ruby89.com\/vi\/wp-json\/wp\/v2\/comments?post=878"}],"version-history":[{"count":14,"href":"https:\/\/ruby89.com\/vi\/wp-json\/wp\/v2\/pages\/878\/revisions"}],"predecessor-version":[{"id":5202,"href":"https:\/\/ruby89.com\/vi\/wp-json\/wp\/v2\/pages\/878\/revisions\/5202"}],"wp:attachment":[{"href":"https:\/\/ruby89.com\/vi\/wp-json\/wp\/v2\/media?parent=878"}],"curies":[{"name":"wp","href":"https:\/\/api.w.org\/{rel}","templated":true}]}}