 {"id":876,"date":"2019-10-23T15:51:13","date_gmt":"2019-10-23T08:51:13","guid":{"rendered":"https:\/\/ruby89.com\/?page_id=876"},"modified":"2025-10-26T14:24:19","modified_gmt":"2025-10-26T07:24:19","slug":"career","status":"publish","type":"page","link":"https:\/\/ruby89.com\/vi\/career\/","title":{"rendered":"VI\u1ec6C L\u00c0M"},"content":{"rendered":"<div class=\"container\" id=\"container_intro\">\n<div class=\"row\">\n\n\n\n<div class=\"alt_notebox-white col-sm-12 text-justify wow fadeIn\" id=\"container_padding_needed\" style=\"margin-top: 15px; visibility: hidden;\">\n\n\n\n<p class=\"black_default_headline\">V\u1ecb tr\u00ed tuy\u1ec3n d\u1ee5ng<\/p><br>\n\n\n\n<div class=\"career-alt-container wow fadeIn\" id=\"career-alt-container\" style=\"visibility: hidden;\">\n\n<div class=\"career-alt-item\">\n<p class=\"black_default_text_hotel text_uppercase\">V\u1ecb tr\u00ed tr\u1ed1ng<\/p>\n<a href=\"https:\/\/ruby89.com\/vi\/career\/open-vacancies\/\"><img decoding=\"async\" class=\"career-alt-main-img\" src=\"\/wp-content\/uploads\/2020\/07\/open_vacancies.jpg\" alt=\"\"><\/a>\n<div class=\"career-alt-learn-more\" id=\"career-alt-learn-more\"><a href=\"https:\/\/ruby89.com\/vi\/career\/open-vacancies\/\"><button class=\"altButton\" id=\"altButton\">\u0110\u1eccC TH\u00caM<\/button><\/a><\/div>\n<\/div>\n\n<div class=\"career-alt-item\">\n<p class=\"black_default_text_hotel text_uppercase\">IT Support<\/p>\n<a href=\"https:\/\/ruby89.com\/vi\/career\/it-support\/\"><img decoding=\"async\" class=\"career-alt-main-img\" src=\"https:\/\/ruby89.com\/wp-content\/uploads\/2025\/10\/IT-Support.webp\"><\/a>\n<div class=\"career-alt-learn-more\" id=\"career-alt-learn-more\"><a href=\"https:\/\/ruby89.com\/vi\/career\/it-support\/\"><button class=\"altButton\" id=\"altButton\">\u0110\u1eccC TH\u00caM<\/button><\/a><\/div>\n<\/div>\n\n<div class=\"career-alt-item\">\n<p class=\"black_default_text_hotel text_uppercase\">F&#038;B Executive<\/p>\n<a href=\"https:\/\/ruby89.com\/vi\/career\/fb-executive\/\"><img decoding=\"async\" class=\"career-alt-main-img\" src=\"https:\/\/ruby89.com\/wp-content\/uploads\/2025\/10\/FB-Executive-275x300.webp\"><\/a>\n<div class=\"career-alt-learn-more\" id=\"career-alt-learn-more\"><a href=\"https:\/\/ruby89.com\/vi\/career\/fb-executive\/\"><button class=\"altButton\" id=\"altButton\">\u0110\u1eccC TH\u00caM<\/button><\/a><\/div>\n<\/div>\n\n<div class=\"career-alt-item\">\n<p class=\"black_default_text_hotel text_uppercase\">Housekeeping Executive<\/p>\n<a href=\"https:\/\/ruby89.com\/vi\/career\/housekeeping-executive\/\"><img decoding=\"async\" class=\"career-alt-main-img\" src=\"https:\/\/ruby89.com\/wp-content\/uploads\/2025\/10\/Housekeeping-Executive-275x300.webp\"><\/a>\n<div class=\"career-alt-learn-more\" id=\"career-alt-learn-more\"><a href=\"https:\/\/ruby89.com\/vi\/career\/housekeeping-executive\/\"><button class=\"altButton\" id=\"altButton\">\u0110\u1eccC TH\u00caM<\/button><\/a><\/div>\n<\/div>\n\n<div class=\"career-alt-item\">\n<p class=\"black_default_text_hotel text_uppercase\">Accountant Executive<\/p>\n<a href=\"https:\/\/ruby89.com\/vi\/career\/accountant-executive\/\"><img decoding=\"async\" class=\"career-alt-main-img\" src=\"https:\/\/ruby89.com\/wp-content\/uploads\/2025\/10\/Accountant-Executive-275x300.webp\"><\/a>\n<div class=\"career-alt-learn-more\" id=\"career-alt-learn-more\"><a href=\"https:\/\/ruby89.com\/vi\/career\/accountant-executive\/\"><button class=\"altButton\" id=\"altButton\">\u0110\u1eccC TH\u00caM<\/button><\/a><\/div>\n<\/div>\n\n\n<div class=\"career-alt-item\">\n<p class=\"black_default_text_hotel text_uppercase\">Cage Executive<\/p>\n<a href=\"https:\/\/ruby89.com\/vi\/career\/cage-executive\/\"><img decoding=\"async\" class=\"career-alt-main-img\" src=\"https:\/\/ruby89.com\/wp-content\/uploads\/2025\/10\/Cage-Executive-275x300.webp\"><\/a>\n<div class=\"career-alt-learn-more\" id=\"career-alt-learn-more\"><a href=\"https:\/\/ruby89.com\/vi\/career\/cage-executive\/\"><button class=\"altButton\" id=\"altButton\">\u0110\u1eccC TH\u00caM<\/button><\/a><\/div>\n<\/div>\n\n<div class=\"career-alt-item\">\n<p class=\"black_default_text_hotel text_uppercase\">Surveillance Executive<\/p>\n<a href=\"https:\/\/ruby89.com\/vi\/career\/surveillance-executive\/\"><img decoding=\"async\" class=\"career-alt-main-img\" src=\"https:\/\/ruby89.com\/wp-content\/uploads\/2025\/10\/Surveillance-Executive-275x300.webp\"><\/a>\n<div class=\"career-alt-learn-more\" id=\"career-alt-learn-more\"><a href=\"https:\/\/ruby89.com\/vi\/career\/surveillance-executive\/\"><button class=\"altButton\" id=\"altButton\">\u0110\u1eccC TH\u00caM<\/button><\/a><\/div>\n<\/div>\n\n<div class=\"career-alt-item\">\n<p class=\"black_default_text_hotel text_uppercase\">Social Media Marketing Executive\/Assistant<\/p>\n<a href=\"https:\/\/ruby89.com\/vi\/career\/social-media-marketing-executive-assistant\/\"><img decoding=\"async\" class=\"career-alt-main-img\" src=\"https:\/\/ruby89.com\/wp-content\/uploads\/2025\/10\/Social-Media-Marketing-ExecutiveAssistant-275x300.webp\"><\/a>\n<div class=\"career-alt-learn-more\" id=\"career-alt-learn-more\"><a href=\"https:\/\/ruby89.com\/vi\/career\/social-media-marketing-executive-assistant\/\"><button class=\"altButton\" id=\"altButton\">\u0110\u1eccC TH\u00caM<\/button><\/a><\/div>\n<\/div>\n\n\n<div class=\"career-alt-item\">\n<p class=\"black_default_text_hotel text_uppercase\">Gi\u00e1m \u0111\u1ed1c ti\u1ebfp th\u1ecb s\u00f2ng<br>b\u1ea1c tr\u00ean \u0111\u1ea5t li\u1ec1n<\/p>\n<a href=\"https:\/\/ruby89.com\/vi\/career\/land-based-casino-marketing-executive\/\"><img decoding=\"async\" class=\"career-alt-main-img\" src=\"\/wp-content\/uploads\/2022\/07\/2-MARKETING-EXECUTIVE-Size364x397.webp\" alt=\"Land Based Casino Manager\"><\/a>\n<div class=\"career-alt-learn-more\" id=\"career-alt-learn-more\"><a href=\"https:\/\/ruby89.com\/vi\/career\/land-based-casino-marketing-executive\/\"><button class=\"altButton\" id=\"altButton\">\u0110\u1eccC TH\u00caM<\/button><\/a><\/div>\n<\/div>\n\n<div class=\"career-alt-item\">\n<p class=\"black_default_text_hotel text_uppercase\">Qu\u1ea3n L\u00fd<\/p>\n<a href=\"https:\/\/ruby89.com\/vi\/career\/pit-manager\/\"><img decoding=\"async\" class=\"career-alt-main-img\" src=\"\/wp-content\/uploads\/2022\/07\/3-PIT-MANAGER-Size364x397.webp\" alt=\"PIT Manager\"><\/a>\n<div class=\"career-alt-learn-more\" id=\"career-alt-learn-more\"><a href=\"https:\/\/ruby89.com\/vi\/career\/pit-manager\/\"><button class=\"altButton\" id=\"altButton\">\u0110\u1eccC TH\u00caM<\/button><\/a><\/div>\n<\/div>\n\n\n<!--\n<div class=\"career-alt-item\">\n<p class=\"black_default_text_hotel text_uppercase\">Graphic Designer Cum<br>Social Media<\/p>\n<a href=\"\/career\/graphic-designer-cum-social-media\"><img decoding=\"async\" class=\"career-alt-main-img\" src=\"\/wp-content\/uploads\/2019\/12\/graphic-social-media.jpg\" alt=\"\"><\/a>\n<div class=\"career-alt-learn-more\" id=\"career-alt-learn-more\"><a href=\"\/career\/graphic-designer-cum-social-media\"><button class=\"altButton\" id=\"altButton\">READ MORE<\/button><\/a><\/div>\n<\/div>\n-->\n\n<div class=\"career-alt-item\">\n<p class=\"black_default_text_hotel text_uppercase\">Ng\u01b0\u1eddi h\u1ed3 l\u00ec Casino\/ ng\u01b0\u1eddi chia b\u00e0i<\/p>\n<a href=\"https:\/\/ruby89.com\/vi\/career\/casino-croupier-dealer\/\"><img decoding=\"async\" class=\"career-alt-main-img\" src=\"\/wp-content\/uploads\/2022\/07\/5-CASINO-CROUPIER-_-DEALER-Size364x397.webp\" alt=\"Croupier\"><\/a>\n<div class=\"career-alt-learn-more\" id=\"career-alt-learn-more\"><a href=\"https:\/\/ruby89.com\/vi\/career\/casino-croupier-dealer\/\"><button class=\"altButton\" id=\"altButton\">\u0110\u1eccC TH\u00caM<\/button><\/a><\/div>\n<\/div>\n\n<!--\n<div class=\"career-alt-item\">\n<p class=\"black_default_text_hotel text_uppercase\">Head Chef<\/p>\n<a href=\"\/career\/head-chef\"><img decoding=\"async\" class=\"career-alt-main-img\" src=\"\/wp-content\/uploads\/2019\/12\/chef.jpg\" alt=\"\"><\/a>\n<div class=\"career-alt-learn-more\" id=\"career-alt-learn-more\"><a href=\"\/career\/head-chef\"><button class=\"altButton\" id=\"altButton\">READ MORE<\/button><\/a><\/div>\n<\/div>\n-->\n\n<!--\n<div class=\"career-alt-item\">\n<p class=\"black_default_text_hotel text_uppercase\">Motion Graphic Designer<\/p>\n<a href=\"\/career\/motion-graphic-designer\"><img decoding=\"async\" class=\"career-alt-main-img\" src=\"\/wp-content\/uploads\/2019\/12\/motion-graphic.jpg\" alt=\"\"><\/a>\n<div class=\"career-alt-learn-more\" id=\"career-alt-learn-more\"><a href=\"\/career\/motion-graphic-designer\"><button class=\"altButton\" id=\"altButton\">READ MORE<\/button><\/a><\/div>\n<\/div>\n-->\n\n<div class=\"career-alt-item\">\n<p class=\"black_default_text_hotel text_uppercase\">B\u1ed8 PH\u1eacN QUAN H\u1ec6 C\u00d4NG CH\u00daNG<\/p>\n<a href=\"https:\/\/ruby89.com\/vi\/career\/pr-officer\/\"><img decoding=\"async\" class=\"career-alt-main-img\" src=\"\/wp-content\/uploads\/2022\/07\/6-PUBLIC-RELATION-OFFICER-_-DEALER-Size364x397.webp\" alt=\"PR Manager\"><\/a>\n<div class=\"career-alt-learn-more\" id=\"career-alt-learn-more\"><a href=\"https:\/\/ruby89.com\/vi\/career\/pr-officer\/\"><button class=\"altButton\" id=\"altButton\">\u0110\u1eccC TH\u00caM<\/button><\/a><\/div>\n<\/div>\n\n\n\n\n<\/div>\n<!-- col 12 -->\n<\/div>\n<!-- row 12 -->\n<\/div>\n<!-- container 12 -->\n\n\n\n<div class=\"container\" id=\"container_gallery\" style=\"padding: 20px 0 20px 0;\">\n<div class=\"row\" id=\"row_ktv_gallery\">\n<div class=\"col-md-12 alt_notebox-white wow fadeIn\" id=\"col_ktv_gallery\" style=\"visibility: hidden; text-align: justify;\">\n\n\n\n<p class=\"black_default_big_headline\">T\u1ea0I SAO B\u1ea0N N\u00caN CH\u1eccN V\u00c0 L\u00c0M VI\u1ec6C T\u1ea0I LUCKY RUBY?<\/p>\n\n\n\n<p class=\"black_default_text\">\nT\u1ea1i Lucky Ruby, ch\u00fang t\u00f4i nu\u00f4i d\u01b0\u1ee1ng m\u1ed9t h\u00ecnh \u1ea3nh thu nh\u1ecf c\u1ee7a nhi\u1ec1u kh\u00eda c\u1ea1nh trong m\u00f4i tr\u01b0\u1eddng cu\u1ed9c s\u1ed1ng l\u00e0m vi\u1ec7c c\u1ee7a ch\u00fang t\u00f4i, b\u1eaft ngu\u1ed3n t\u1eeb c\u00e1c nguy\u00ean t\u1eafc c\u01a1 b\u1ea3n c\u1ed1t l\u00f5i c\u1ee7a T\u1ea7m nh\u00ecn, S\u1ee9 m\u1ec7nh &amp; M\u1ee5c ti\u00eau c\u1ee7a c\u00f4ng ty ch\u00fang t\u00f4i. 3 y\u1ebfu t\u1ed1 c\u1ed1t l\u00f5i n\u00e0y h\u00ecnh th\u00e0nh n\u00ean t\u1ed5 ch\u1ee9c Lucky Ruby ng\u00e0y c\u00e0ng ph\u00e1t tri\u1ec3n v\u1edbi h\u01a1n 600 nh\u00e2n vi\u00ean cho \u0111\u1ebfn nay. \u0110\u00e2y l\u00e0 4 l\u00fd do t\u1ea1i sao b\u1ea1n n\u00ean ch\u1ecdn tham gia Lucky Ruby:\n<\/p>\n\n<p class=\"black_default_text_bold\">V\u0102N H\u00d3A<\/p>\n\n<p class=\"black_default_text\">\nV\u0103n h\u00f3a l\u00e0m vi\u1ec7c c\u1ee7a ch\u00fang t\u00f4i th\u1ec3 hi\u1ec7n s\u1ef1 c\u00e2n b\u1eb1ng t\u1ed1t gi\u1eefa hi\u1ec7n \u0111\u1ea1i h\u00f3a v\u00e0 truy\u1ec1n th\u1ed1ng. T\u1ea1i Lucky Ruby, b\u1ea5t ch\u1ea5p nh\u1eefng ti\u1ebfn b\u1ed9 trong c\u00f4ng ngh\u1ec7, ch\u00fang t\u00f4i v\u1eabn kh\u00f4ng ng\u1eebng h\u01b0\u1edbng t\u1edbi c\u00e1c ch\u01b0\u01a1ng tr\u00ecnh tr\u00e1ch nhi\u1ec7m x\u00e3 h\u1ed9i ph\u00f9 h\u1ee3p v\u1edbi c\u00e1c nguy\u00ean t\u1eafc nh\u00e2n \u0111\u1ea1o c\u01a1 b\u1ea3n v\u1ec1 t\u00f4n gi\u00e1o, t\u1eeb thi\u1ec7n v\u00e0 b\u1ea3o v\u1ec7 m\u00f4i tr\u01b0\u1eddng.\n<\/p>\n\n<p class=\"black_default_text_bold\">PH\u00c1T TRI\u1ec2N NGH\u1ec0 NGHI\u1ec6P<\/p>\n\n<p class=\"black_default_text\">\nCh\u00fang t\u00f4i th\u00fac \u0111\u1ea9y m\u1ed9t m\u00f4i tr\u01b0\u1eddng c\u01a1 h\u1ed9i b\u00ecnh \u0111\u1eb3ng, theo \u0111\u00f3 b\u1ea1n th\u1ef1c s\u1ef1 \u0111\u01b0\u1ee3c khen th\u01b0\u1edfng cho s\u1ef1 ch\u0103m ch\u1ec9 v\u00e0 n\u1ed7 l\u1ef1c m\u00e0 b\u1ea1n \u0111\u00e3 b\u1ecf ra trong khi th\u1ef1c hi\u1ec7n nhi\u1ec7m v\u1ee5 c\u1ee7a m\u00ecnh. Do \u0111\u00f3, t\u1ea1i Lucky Ruby, ch\u00fang t\u00f4i \u0111\u1ed1i x\u1eed b\u00ecnh \u0111\u1eb3ng v\u1edbi t\u1ea5t c\u1ea3 nh\u00e2n vi\u00ean c\u1ee7a m\u00ecnh v\u1ec1 gi\u1edbi t\u00ednh, m\u00e0u da, t\u00edn ng\u01b0\u1ee1ng hay ngo\u1ea1i h\u00ecnh.\n<\/p>\n\n<p class=\"black_default_text_bold\">NH\u1eeeNG L\u1ee2I \u00cdCH<\/p>\n\n<p class=\"black_default_text\">\nT\u1ea1i Lucky Ruby, ph\u00f9 h\u1ee3p v\u1edbi m\u1ee5c ti\u00eau c\u1ee7a c\u00f4ng ty ch\u00fang t\u00f4i, t\u1ea5t c\u1ea3 nh\u00e2n vi\u00ean gi\u1ecfi s\u1ebd c\u00f3 c\u01a1 h\u1ed9i t\u1ed1t h\u01a1n \u0111\u1ec3 c\u1ea3i thi\u1ec7n cu\u1ed9c s\u1ed1ng c\u1ee7a h\u1ecd c\u00f9ng v\u1edbi cu\u1ed9c s\u1ed1ng c\u1ee7a gia \u0111\u00ecnh h\u1ecd v\u1edbi nhi\u1ec1u ch\u01b0\u01a1ng tr\u00ecnh \u01b0u \u0111\u00e3i khi tham gia. Ch\u00fang t\u00f4i c\u0169ng cung c\u1ea5p ch\u1ed7 \u1edf mi\u1ec5n ph\u00ed, ti\u1ec1n \u0103n c\u0169ng nh\u01b0 ti\u1ec1n l\u01b0\u01a1ng\n<\/p>\n\n<p class=\"black_default_text_bold\">NH\u1eeeNG C\u01a0 H\u1ed8I<\/p>\n\n<p class=\"black_default_text\">\nT\u1ea1i Lucky Ruby, c\u01a1 h\u1ed9i l\u00e0 v\u00f4 t\u1eadn mi\u1ec5n l\u00e0 b\u1ea1n c\u00f3 \u0111\u1ed9ng l\u1ef1c \u0111\u1ec3 l\u00e0m \u0111\u01b0\u1ee3c nhi\u1ec1u vi\u1ec7c h\u01a1n. C\u00f4ng ty c\u1ee7a ch\u00fang t\u00f4i th\u00fac \u0111\u1ea9y ph\u1ea7n th\u01b0\u1edfng cho nh\u00e2n vi\u00ean \u0111\u1ec3 kh\u00f4ng ch\u1ec9 ph\u00e1t tri\u1ec3n trong t\u1ed5 ch\u1ee9c m\u00e0 c\u00f2n \u0111\u00f3ng vai tr\u00f2 quan tr\u1ecdng trong vi\u1ec7c \u0111\u1ec1 xu\u1ea5t \u00fd t\u01b0\u1edfng \/ ph\u01b0\u01a1ng ph\u00e1p m\u1edbi nh\u1eb1m c\u1ea3i thi\u1ec7n h\u01a1n n\u1eefa t\u1ed5 ch\u1ee9c ng\u00e0y c\u00e0ng ph\u00e1t tri\u1ec3n c\u1ee7a ch\u00fang t\u00f4i.\n<\/p>\n\n\n\n<\/div>\n<!-- col -->\n<\/div>\n<!-- row -->\n<\/div>\n<!-- container -->\n\n\n\n<div class=\"container\" id=\"container_yellow_note\" style=\"padding: 30px 0 30px 0;\">\n<div class=\"row\">\n<div class=\"alt_red_notebox col-md-12 wow fadeIn\" style=\"width: 100%; visibility: hidden;\">\n\n<div class=\"container\">\n<div class=\"row h-100\">\n\n<div class=\"col-sm-4 text-center my-auto\">\n<img decoding=\"async\" src=\"\/wp-content\/uploads\/2019\/12\/hiring.png\" style=\"margin-bottom: 15px;\">\n<\/div>\n\n<div class=\"col-sm-8\" style=\"text-align: center; align-items: center;    display: inline-flex;\">\n\n<div>\n<span class=\"white_default_headline\">T\u1ea0I SAO B\u1ea0N N\u00caN CH\u1eccN LUCKY RUBY CHO S\u1ef0 NGHI\u1ec6P C\u1ee6A M\u00ccNH?<\/span>\n\n<br><br>\n\n<p class=\"white_default_text\" style=\"text-align: justify;\">\nLucky Ruby l\u00e0 s\u00f2ng b\u1ea1c bi\u00ean gi\u1edbi t\u1eadp trung m\u1ea1nh v\u00e0o ch\u1ea5t l\u01b0\u1ee3ng d\u1ecbch v\u1ee5 c\u00f9ng v\u1edbi vi\u1ec7c cung c\u1ea5p m\u1ed9t b\u1ea7u kh\u00f4ng kh\u00ed gi\u1ea3i tr\u00ed an to\u00e0n v\u00e0 \u0111\u1ea3m b\u1ea3o. \u0110\u1ec3 th\u1ef1c thi c\u00e1c gi\u00e1 tr\u1ecb v\u00e0 ti\u00eau chu\u1ea9n c\u1ee7a c\u00f4ng ty ph\u00f9 h\u1ee3p v\u1edbi s\u1ef1 ph\u00e1t tri\u1ec3n c\u1ee7a ch\u00fang t\u00f4i, ch\u00fang t\u00f4i t\u00ecm ki\u1ebfm nh\u1eefng c\u00e1 nh\u00e2n \u0111am m\u00ea chia s\u1ebb ho\u1eb7c s\u1eb5n s\u00e0ng tu\u00e2n theo t\u1ea7m nh\u00ecn, s\u1ee9 m\u1ec7nh v\u00e0 gi\u00e1 tr\u1ecb c\u1ee7a ch\u00fang t\u00f4i trong cu\u1ed9c s\u1ed1ng h\u00e0ng ng\u00e0y c\u1ee7a h\u1ecd.<\/p>\n\n<p class=\"white_default_text\" style=\"text-align: justify;\">\n\u0110\u00f3 l\u00e0 m\u1ed9t minh ch\u1ee9ng \u0111\u00e3  ch\u1ee9ng minh r\u1eb1ng ch\u00fang t\u00f4i l\u00e0 m\u1ed9t t\u1ed5 ch\u1ee9c ph\u00f9 h\u1ee3p \u0111\u1ec3 b\u1ea1n tr\u1edf th\u00e0nh m\u1ed9t ph\u1ea7n c\u1ee7a r\u1ea5t nhi\u1ec1u nh\u00e2n s\u1ef1 \u0111\u00e3 bi\u1ebfn s\u00f2ng b\u1ea1c bi\u00ean gi\u1edbi c\u1ee7a ch\u00fang t\u00f4i tr\u1edf th\u00e0nh ngu\u1ed3n s\u1ed1ng c\u1ee7a h\u1ecd trong r\u1ea5t nhi\u1ec1u n\u0103m v\u00e0 \u0111\u1ed3ng th\u1eddi ch\u00fang t\u00f4i ti\u1ebfp t\u1ee5c l\u00e0m  cho cu\u1ed9c s\u1ed1ng c\u1ee7a nh\u00e2n vi\u00ean tr\u1edf n\u00ean t\u1ed1t h\u01a1n m\u1ed7i ng\u00e0y theo t\u1ea7m nh\u00ecn c\u1ee7a c\u00f4ng ty ch\u00fang t\u00f4i.<\/p>\n\n<p class=\"white_default_text\" style=\"text-align: justify;\">\nCh\u00fang t\u00f4i hi\u1ec7n \u0111ang t\u00ecm m\u1ed9t Gi\u00e1m \u0111\u1ed1c nh\u00e2n s\u1ef1 \u0111\u1ec3 x\u1ebfp v\u00e0o h\u00e0ng ng\u0169 ph\u00f9 h\u1ee3p v\u1edbi k\u1ebf ho\u1ea1ch m\u1edf r\u1ed9ng c\u1ee7a c\u00f4ng ty ch\u00fang t\u00f4i.\n<\/p>\n\n<\/div>\n\n<\/div>\n<!-- col-sm-8 -->\n<\/div>\n<!-- row 4 8 -->\n<\/div>\n<!-- container 4 8 -->\n\n<\/div>\n<!-- col 12 alt_golden_notebox -->\n<\/div>\n<!-- row 12 -->\n<\/div>\n<!-- container 12 -->","protected":false},"excerpt":{"rendered":"<p>OUR AVAILABLE VACANCIES OPEN VACANCIES READ MORE IT Support READ MORE F&#038;B Executive READ MORE Housekeeping Executive READ MORE Accountant Executive READ MORE Cage Executive READ MORE Surveillance Executive READ MORE Social Media Marketing Executive\/Assistant READ MORE Land Based CasinoMarketing Executive READ MORE Pit Manager READ MORE Casino Croupier \/ Dealer READ MORE Public Relation [&hellip;]<\/p>","protected":false},"author":6,"featured_media":0,"parent":0,"menu_order":70,"comment_status":"closed","ping_status":"closed","template":"","meta":{"ngg_post_thumbnail":0,"footnotes":"","_links_to":"","_links_to_target":""},"class_list":["post-876","page","type-page","status-publish","hentry"],"_links":{"self":[{"href":"https:\/\/ruby89.com\/vi\/wp-json\/wp\/v2\/pages\/876","targetHints":{"allow":["GET"]}}],"collection":[{"href":"https:\/\/ruby89.com\/vi\/wp-json\/wp\/v2\/pages"}],"about":[{"href":"https:\/\/ruby89.com\/vi\/wp-json\/wp\/v2\/types\/page"}],"author":[{"embeddable":true,"href":"https:\/\/ruby89.com\/vi\/wp-json\/wp\/v2\/users\/6"}],"replies":[{"embeddable":true,"href":"https:\/\/ruby89.com\/vi\/wp-json\/wp\/v2\/comments?post=876"}],"version-history":[{"count":110,"href":"https:\/\/ruby89.com\/vi\/wp-json\/wp\/v2\/pages\/876\/revisions"}],"predecessor-version":[{"id":8744,"href":"https:\/\/ruby89.com\/vi\/wp-json\/wp\/v2\/pages\/876\/revisions\/8744"}],"wp:attachment":[{"href":"https:\/\/ruby89.com\/vi\/wp-json\/wp\/v2\/media?parent=876"}],"curies":[{"name":"wp","href":"https:\/\/api.w.org\/{rel}","templated":true}]}}