 {"id":7296,"date":"2022-11-22T11:47:49","date_gmt":"2022-11-22T04:47:49","guid":{"rendered":"https:\/\/ruby89.com\/?page_id=7296"},"modified":"2022-11-22T12:01:01","modified_gmt":"2022-11-22T05:01:01","slug":"niu-niu","status":"publish","type":"page","link":"https:\/\/ruby89.com\/vi\/casino\/niu-niu\/","title":{"rendered":"NIU NIU"},"content":{"rendered":"<p><\/p>\n\n\n\n<div class=\"container\" id=\"container_intro\">\n<div class=\"row\">\n<div class=\"alt_notebox-white col-sm-12 text-justify wow fadeIn\" id=\"container_padding_needed\" style=\"margin-top: 15px; visibility: hidden; padding: 0;\">\n\n\n\n<div class=\"container\" id=\"container_no_padding_needed\">\n<div class=\"row\">\n\n<div class=\"col-sm-8 wow fadeIn\" id=\"\" style=\"visibility: hidden;\">\n\n<p class=\"black_default_headline\">L\u1ecaCH S\u1eec C\u1ee6A TR\u00d2 CH\u01a0I NIU NIU<\/p>\n\n<p class=\"black_default_text\">\nNiu Niu l\u00e0 m\u1ed9t tr\u00f2 ch\u01a1i b\u00e0i ph\u1ed5 bi\u1ebfn \u1edf mi\u1ec1n Nam Trung Qu\u1ed1c v\u00e0 \u0110\u00f4ng Nam \u00c1, m\u1eb7c d\u00f9 m\u1ed7i n\u01a1i c\u00f3 th\u1ec3 c\u00f3 c\u00e1c quy t\u1eafc ch\u01a1i kh\u00e1c nhau. Khi tham gia ch\u01a1i, ng\u01b0\u1eddi ch\u01a1i s\u1ebd ph\u1ea3i so s\u00e1nh s\u1ed1 \u0111i\u1ec3m c\u1ee7a m\u00ecnh v\u1edbi nh\u00e0 c\u00e1i \u0111\u1ec3 ph\u00e2n \u0111\u1ecbnh th\u1eafng thua. Quy t\u1eafc c\u1ee7a tr\u00f2 ch\u01a1i kh\u00e1 \u0111\u01a1n gi\u1ea3n: Ng\u01b0\u1eddi chia b\u00e0i s\u1ebd chia 5 l\u00e1 b\u00e0i cho m\u1ed7i ng\u01b0\u1eddi ch\u01a1i v\u00e0 ti\u1ebft l\u1ed9 b\u00e0i khi chia b\u00e0i xong. Nh\u1eefng ng\u01b0\u1eddi ch\u01a1i c\u00f3 th\u1ee9 h\u1ea1ng cao nh\u1ea5t s\u1ebd gi\u00e0nh chi\u1ebfn th\u1eafng trong tr\u00f2 ch\u01a1i.<\/p>\n\n<div style=\"height:30px\" aria-hidden=\"true\" class=\"wp-block-spacer\"><\/div>\n\n<p class=\"black_default_headline\">LU\u1eacT CH\u01a0I NIU NIU<\/p>\n\n<ul class=\"black_default_text\">\n<li class=\"black_default_text\"> M\u1ed9t tr\u00f2 ch\u01a1i  s\u1eed d\u1ee5ng b\u1ed9 b\u00e0i 52 l\u00e1.<\/li>\n<li class=\"black_default_text\"> Ng\u01b0\u1eddi ch\u01a1i c\u00f3 th\u1ec3 \u0111\u1eb7t c\u01b0\u1ee3c v\u00e0o ANTE, Multiple Payment, ho\u1eb7c Super Niu Niu.<\/li>\n<li class=\"black_default_text\"> C\u01b0\u1ee3c ph\u1ee5 cho gi\u1ea3i Jackpot l\u0169y ti\u1ebfn c\u0169ng \u0111\u01b0\u1ee3c cung c\u1ea5p.<\/li>\n<li class=\"black_default_text\"> Kh\u00e1ch h\u00e0ng c\u1eaft b\u00e0i s\u1ebd kh\u00f4ng \u0111\u01b0\u1ee3c l\u1eafc x\u00fac x\u1eafc. C\u1eaft b\u00e0i ph\u1ea3i c\u00f3 \u00edt nh\u1ea5t 5 l\u00e1 b\u00e0i.<\/li>\n<li class=\"black_default_text\"> Nh\u00e0 c\u00e1i l\u1eafc x\u00fac x\u1eafc 1 l\u1ea7n r\u1ed3i \u0111\u01b0a cho kh\u00e1ch h\u00e0ng l\u1eafc. N\u1ebfu h\u1ecd t\u1eeb ch\u1ed1i, ng\u01b0\u1eddi chia b\u00e0i l\u1ea1i ti\u1ebfp t\u1ee5c l\u1eafc n\u00f3 th\u00eam 3 l\u1ea7n tr\u01b0\u1edbc khi m\u1edf n\u1eafp \u0111\u1ec3 l\u1ea5y k\u1ebft qu\u1ea3 cho n\u01a1i \u0111\u01b0\u1ee3c chia b\u00e0i \u0111\u1ea7u ti\u00ean.<br>\n<li class=\"black_default_text\">Ng\u01b0\u1eddi ch\u01a1i c\u00f3 th\u1ec3 \u0111\u1eb7t c\u01b0\u1ee3c v\u00e0o b\u1ea5t k\u1ef3 m\u1ed9t ho\u1eb7c 2 ho\u1eb7c t\u1ea5t c\u1ea3 Ante, \u0111a c\u01b0\u1ee3c, ho\u1eb7c Super Niu Niu. Sau khi \u0111\u1eb7t c\u01b0\u1ee3c, tr\u00f2 ch\u01a1i b\u1eaft \u0111\u1ea7u. M\u1ed9t l\u1ea7n tung 2 vi\u00ean x\u00fac x\u1eafc s\u1ebd x\u00e1c \u0111\u1ecbnh v\u1ecb tr\u00ed c\u00e1c l\u00e1 b\u00e0i s\u1ebd \u0111\u01b0\u1ee3c chia tr\u01b0\u1edbc. Ng\u01b0\u1eddi ch\u01a1i v\u00e0 ng\u01b0\u1eddi chia b\u00e0i s\u1ebd nh\u1eadn \u0111\u01b0\u1ee3c 5 l\u00e1 b\u00e0i. Sau \u0111\u00f3, ng\u01b0\u1eddi ch\u01a1i ph\u1ea3i s\u1eafp x\u1ebfp c\u00e1c l\u00e1 b\u00e0i c\u1ee7a h\u1ecd \u0111\u1ec3 c\u00f3 th\u1ec3 c\u00f3 v\u00e1n b\u00e0i v\u00e0 ng\u01b0\u1eddi chia b\u00e0i c\u0169ng ph\u1ea3i s\u1eafp x\u1ebfp c\u00e1c l\u00e1 b\u00e0i c\u1ee7a h\u1ecd. X\u1ebfp h\u1ea1ng c\u00e1c tay, t\u1eeb cao nh\u1ea5t \u0111\u1ebfn th\u1ea5p nh\u1ea5t, nh\u01b0 sau:<\/li>\n<\/li>\n<li class=\"black_default_text\"> Ch\u1ec9 \u0111\u01b0\u1ee3c ph\u00e9p \u0111\u1eb7t c\u01b0\u1ee3c t\u1ed1i \u0111a 1 trong m\u1ed9t \u00f4 c\u01b0\u1ee3c (Ante, Multiple, v\u00e0 Super Niu Niu).<\/li>\n<li class=\"black_default_text\"> C\u01af\u1ee2C THAM GIA \u0111\u01b0\u1ee3c ch\u1ea5p nh\u1eadn, t\u00f9y thu\u1ed9c v\u00e0o gi\u1edbi h\u1ea1n c\u1ee7a t\u1eebng b\u00e0n.<\/li>\n<li class=\"black_default_text\"> \u0110\u1eb7t c\u01b0\u1ee3c t\u1ed1i \u0111a cho m\u1ed7i \u00f4 s\u1ebd \u0111\u01b0\u1ee3c hi\u1ec3n th\u1ecb \u1edf b\u1ea3ng gi\u1edbi h\u1ea1n b\u00e0n v\u00e0 b\u1ea5t k\u1ef3 s\u1ed1 ti\u1ec1n v\u01b0\u1ee3t qu\u00e1 gi\u1edbi h\u1ea1n b\u00e0n s\u1ebd b\u1ecb lo\u1ea1i b\u1ecf kh\u1ecfi cu\u1ed9c ch\u01a1i.<\/li>\n<li class=\"black_default_text\"> M\u1ed7i kh\u00e1ch h\u00e0ng \u0111\u01b0\u1ee3c ph\u00e9p ch\u01a1i t\u1ed1i \u0111a 5 \u00f4 (nh\u01b0ng kh\u00e1ch h\u00e0ng ch\u1ec9 \u0111\u01b0\u1ee3c ph\u00e9p xem b\u00e0i tr\u00ean m\u1ed9t \u00f4).<\/li>\n<li class=\"black_default_text\"> Nh\u00e0 c\u00e1i ph\u1ea3i \u0111\u1ea3m b\u1ea3o r\u1eb1ng b\u1ea5t k\u1ef3 kh\u00e1ch h\u00e0ng n\u00e0o \u0111\u00e3 ch\u01a1i tr\u00ean khu v\u1ef1c c\u00e1 c\u01b0\u1ee3c \u2018\u0110A C\u01af\u1ee2C \u2019 v\u00e0 \u2018SUPER NIU NIU\u2019 \u0111\u1ec1u c\u00f3 \u0111\u1ee7 ti\u1ec1n \u0111\u1ec3 thanh to\u00e1n cho c\u01b0\u1ee3c \u0111\u00f3 nh\u00e0 c\u00e1i.<\/li>\n<li class=\"black_default_text\"> Trong qu\u00e1 tr\u00ecnh ch\u01a1i, n\u1ebfu s\u1ed1 \u0111i\u1ec3m b\u1eb1ng nhau, ng\u01b0\u1eddi ch\u01a1i c\u1ea7n ch\u1ecdn m\u1ed9t qu\u00e2n b\u00e0i c\u00f3 v\u1ecb tr\u00ed cao nh\u1ea5t trong 5 qu\u00e2n b\u00e0i \u0111\u1ec3 so s\u00e1nh. Ng\u01b0\u1eddi ch\u01a1i c\u00f3 l\u00e1 b\u00e0i x\u1ebfp h\u1ea1ng cao h\u01a1n s\u1ebd chi\u1ebfn th\u1eafng. N\u1ebfu [\u0111i\u1ec3m v\u00e0 th\u1ee9 h\u1ea1ng gi\u1ed1ng nhau, ng\u01b0\u1eddi ch\u01a1i c\u1ea7n so s\u00e1nh n\u01b0\u1edbc c\u1ee7a l\u00e1 b\u00e0i. K, Q, J, 10, 9, 8, 7, 6, 5, 4, 3, 2, \u00c1ch.<\/li>\n<li class=\"black_default_text\"> N\u1ebfu l\u00e1 b\u00e0i c\u00f3 gi\u00e1 tr\u1ecb cao nh\u1ea5t c\u0169ng b\u1eb1ng nhau, v\u00e1n b\u00e0i s\u1ebd \u0111\u01b0\u1ee3c quy\u1ebft \u0111\u1ecbnh b\u1eb1ng c\u00e1ch s\u1eed n\u01b0\u1edbc b\u00e0i cao nh\u1ea5t c\u1ee7a l\u00e1 b\u00e0i c\u00f3 gi\u00e1 tr\u1ecb cao nh\u1ea5t. C\u00e1c th\u1ee9 h\u1ea1ng t\u1eeb cao nh\u1ea5t \u0111\u1ebfn th\u1ea5p nh\u1ea5t l\u00e0:<br>\nN\u01b0\u1edbc B\u00cdCH l\u00e0 n\u01b0\u1edbc cao nh\u1ea5t, \u0110\u1ee9ng th\u1ee9 2 l\u00e0 N\u01b0\u1edbc C\u01a0, N\u01b0\u1edbc CHU\u1ed2N \u1edf v\u1ecb tr\u00ed th\u1ee9 3, v\u00e0 cu\u1ed1i c\u00f9ng l\u00e0 n\u01b0\u1edbc R\u00d4 th\u1ea5p nh\u1ea5t.<\/li>\n<li class=\"black_default_text\"> Thu ti\u1ec1n c\u01b0\u1ee3c thua v\u00e0 c\u00e1c l\u00e1 b\u00e0i tr\u01b0\u1edbc r\u1ed3i thanh to\u00e1n ti\u1ec1n c\u01b0\u1ee3c th\u1eafng v\u00e0 thu c\u00e1c l\u00e1 b\u00e0i tr\u00ean c\u01a1 s\u1edf t\u1eebng h\u1ed9p sau khi thanh to\u00e1n.<\/li>\n\n<\/ul>\n\n\n<\/div>\n<!-- col -->\n\n<div class=\"col-sm-4 wow fadeIn\" style=\"border: 0px solid #ffffff; visibility: hidden;\">\n\n<img decoding=\"async\" src=\"\/wp-content\/uploads\/2022\/11\/NiuNiu-Game-en.webp\" alt=\"\" class=\"wp-image-548\">\n\n<div style=\"height:30px\" aria-hidden=\"true\" class=\"wp-block-spacer\"><\/div>\n\n<\/div>\n<!-- col 4 8 -->\n<\/div>\n<!-- row 4 8-->\n<\/div>\n<!-- container 4 8 -->\n\n\n\n<\/div>\n<!-- col intro -->\n<\/div>\n<!-- row intro -->\n<\/div>\n<!-- container intro -->\n\n\n\n<!-- \n\n<div class=\"container\" id=\"container_intro\" style=\"margin-top: 0px;\">\n<div class=\"row\">\n<div class=\"alt_golden_notebox col-sm-12 text-justify wow fadeIn\" style=\"visibility: hidden; width: 100%; margin-top: 10px;\">\n\n<div class=\"container\">\n<div class=\"row\">\n\n<div class=\"col-sm-12 text-center\" style=\"color: black;\">\n<span class=\"white_default_headline\">TRY YOUR LUCK, PLAY WITH US!<\/span>\n<br><br>\n<strong>Visit us at Lucky Ruby Border Casino located at Prey Vor-Moc Hoa, Svay Rieng, Cambodia<\/strong>\n<\/div>\n\n\n<\/div>\n\n\n<\/div>\n\n\n<\/div>\n\n<\/div>\n\n<\/div>\n\nContainer Golden Noted Box -->\n\n\n\n<div style=\"height:30px\" aria-hidden=\"true\" class=\"wp-block-spacer\"><\/div>","protected":false},"excerpt":{"rendered":"<p>HISTORY OF NIU NIU Niu Niu, also known as Bull Bull, is another Asian gambling game that originated in China. There are six players and a croupier, who typically takes a 5% commission on all winning payouts. You compete against the other players as well as the house. The cards each bring a different number [&hellip;]<\/p>","protected":false},"author":6,"featured_media":0,"parent":15,"menu_order":0,"comment_status":"closed","ping_status":"closed","template":"","meta":{"ngg_post_thumbnail":0,"footnotes":"","_links_to":"","_links_to_target":""},"_links":{"self":[{"href":"https:\/\/ruby89.com\/vi\/wp-json\/wp\/v2\/pages\/7296"}],"collection":[{"href":"https:\/\/ruby89.com\/vi\/wp-json\/wp\/v2\/pages"}],"about":[{"href":"https:\/\/ruby89.com\/vi\/wp-json\/wp\/v2\/types\/page"}],"author":[{"embeddable":true,"href":"https:\/\/ruby89.com\/vi\/wp-json\/wp\/v2\/users\/6"}],"replies":[{"embeddable":true,"href":"https:\/\/ruby89.com\/vi\/wp-json\/wp\/v2\/comments?post=7296"}],"version-history":[{"count":12,"href":"https:\/\/ruby89.com\/vi\/wp-json\/wp\/v2\/pages\/7296\/revisions"}],"predecessor-version":[{"id":7316,"href":"https:\/\/ruby89.com\/vi\/wp-json\/wp\/v2\/pages\/7296\/revisions\/7316"}],"up":[{"embeddable":true,"href":"https:\/\/ruby89.com\/vi\/wp-json\/wp\/v2\/pages\/15"}],"wp:attachment":[{"href":"https:\/\/ruby89.com\/vi\/wp-json\/wp\/v2\/media?parent=7296"}],"curies":[{"name":"wp","href":"https:\/\/api.w.org\/{rel}","templated":true}]}}