 {"id":67,"date":"2019-10-11T14:17:44","date_gmt":"2019-10-11T07:17:44","guid":{"rendered":"http:\/\/ruby.herunterladen.org\/?page_id=67"},"modified":"2022-10-16T17:43:02","modified_gmt":"2022-10-16T10:43:02","slug":"baccarat","status":"publish","type":"page","link":"https:\/\/ruby89.com\/vi\/casino\/baccarat\/","title":{"rendered":"Baccarat"},"content":{"rendered":"<!-- <p class=\"black_default_headline\">Baccarat Table Game<\/p> -->\n\n\n\n<div class=\"container\" id=\"container_intro\">\n<div class=\"row\">\n<div class=\"alt_notebox-white col-sm-12 text-justify wow fadeIn\" id=\"container_padding_needed\" style=\"margin-top: 15px; visibility: hidden; padding: 0;\">\n\n\n\n<div class=\"container\" id=\"container_no_padding_needed\">\n<div class=\"row\">\n\n<div class=\"col-sm-8  wow fadeInRight\" id=\"\" style=\"visibility: hidden;\">\n\n<p class=\"black_default_headline\">L\u1ecaCH S\u1eec C\u1ee6A BACCARAT<\/p>\n\n<p class=\"black_default_text\">\nC\u00e1c th\u00f4ng tin l\u1ecbch s\u1eed v\u1ec1 ngu\u1ed3n g\u1ed1c c\u1ee7a Baccarat b\u1ecb tranh c\u00e3i: m\u1ed9t s\u1ed1 ngu\u1ed3n cho r\u1eb1ng Baccarat \u0111\u01b0\u1ee3c ph\u00e1t minh v\u00e0o nh\u1eefng n\u0103m 1800, trong khi m\u1ed9t s\u1ed1 ngu\u1ed3n tin kh\u1eb3ng \u0111\u1ecbnh r\u1eb1ng tr\u00f2 ch\u01a1i n\u00e0y th\u1eadm ch\u00ed c\u00f2n xa h\u01a1n trong l\u1ecbch s\u1eed, v\u1edbi vi\u1ec7c Baccarat \u0111\u01b0\u1ee3c du nh\u1eadp v\u00e0o Ph\u00e1p t\u1eeb \u00dd v\u00e0o cu\u1ed1i th\u1ebf k\u1ef7 15 b\u1edfi nh\u1eefng ng\u01b0\u1eddi l\u00ednh tr\u1edf v\u1ec1 t\u1eeb Chi\u1ebfn tranh Ph\u00e1p-\u00dd. \n<\/p>\n\n<p class=\"black_default_text\">\nD\u00f9 b\u1eb1ng c\u00e1ch n\u00e0o, n\u00f3 ch\u1eafc ch\u1eafn b\u1eaft \u0111\u1ea7u tr\u1edf n\u00ean ph\u1ed5 bi\u1ebfn trong gi\u1edbi qu\u00fd t\u1ed9c Ph\u00e1p t\u1eeb nh\u1eefng n\u0103m 1800. Trong kho\u1ea3ng 100 n\u0103m, Baccarat th\u01b0\u1eddng \u0111\u01b0\u1ee3c ch\u01a1i trong c\u00e1c ph\u00f2ng \u0111\u00e1nh b\u1ea1c t\u01b0 nh\u00e2n, v\u00ec c\u1edd b\u1ea1c \u1edf s\u00f2ng b\u1ea1c ch\u01b0a \u0111\u01b0\u1ee3c h\u1ee3p ph\u00e1p h\u00f3a \u1edf Ph\u00e1p cho \u0111\u1ebfn n\u0103m 1907. \n<\/p>\n\n<p class=\"black_default_text\">\nL\u00e0 m\u1ed9t tr\u00f2 ch\u01a1i \u0111\u01b0\u1ee3c gi\u1edbi qu\u00fd t\u1ed9c y\u00eau th\u00edch, Baccarat \u0111\u00e3 duy tr\u00ec v\u1ecb th\u1ebf cao c\u1ea5p, \u0111i\u1ec1u n\u00e0y c\u00e0ng \u0111\u01b0\u1ee3c c\u1ee7ng c\u1ed1 b\u1edfi Ian Fleming khi \u00f4ng t\u1ea1o ra nh\u00e2n v\u1eadt mang t\u00ednh bi\u1ec3u t\u01b0\u1ee3ng c\u1ee7a James Bond v\u00e0o n\u0103m 1953 trong cu\u1ed1n s\u00e1ch Casino Royale c\u1ee7a m\u00ecnh. Bond, sang tr\u1ecdng, l\u00f4i cu\u1ed1n v\u00e0 c\u00f3 gu th\u1ea9m m\u1ef9 nh\u01b0 anh ta, c\u0169ng l\u00e0 m\u1ed9t ng\u01b0\u1eddi \u0111\u1eb7t c\u01b0\u1ee3c Baccarat th\u01b0\u1eddng xuy\u00ean.\n<\/p> \n\n<p class=\"black_default_text\">\nBaccarat l\u1ea7n \u0111\u1ea7u ti\u00ean \u0111\u01b0\u1ee3c \u0111\u1ec1 c\u1eadp \u0111\u1ebfn c\u00f4ng ch\u00fang b\u1eb1ng ti\u1ebfng Anh b\u1edfi t\u1edd b\u00e1o Daily Telegraph v\u00e0o ng\u00e0y 13 th\u00e1ng 1 n\u0103m 1866, v\u00e0 k\u1ec3 t\u1eeb \u0111\u00f3, tr\u00f2 ch\u01a1i n\u00e0y nhanh ch\u00f3ng tr\u1edf n\u00ean ph\u1ed5 bi\u1ebfn \u1edf Anh v\u00e0 M\u1ef9. \n<\/p>\n\n<p class=\"black_default_text\">\nBa bi\u1ebfn th\u1ec3 ph\u1ed5 bi\u1ebfn c\u1ee7a Baccarat \u0111\u00e3 \u0111\u01b0\u1ee3c h\u00ecnh th\u00e0nh: h\u00ecnh th\u1ee9c s\u1edbm nh\u1ea5t \u0111\u01b0\u1ee3c g\u1ecdi l\u00e0 banque baccarat (hay c\u00f2n g\u1ecdi l\u00e0 \u201c\u00e0 deux tableaux\u201d), bi\u1ebfn th\u1ec3 hai ng\u01b0\u1eddi, c\u00f3 t\u1ed5ng b\u1eb1ng kh\u00f4ng \u0111\u01b0\u1ee3c g\u1ecdi l\u00e0 baccarat chemin de fer (hay c\u00f2n g\u1ecdi l\u00e0 \u201cchemmy\u201d) v\u00e0 bi\u1ebfn th\u1ec3 hi\u1ec7n \u0111\u1ea1i punto banco (hay c\u00f2n g\u1ecdi l\u00e0 \u201cBaccarat B\u1eafc M\u1ef9\u201d) - tr\u00f2 ch\u01a1i m\u00e0 ch\u00fang ta quen thu\u1ed9c nh\u1ea5t hi\u1ec7n nay. \n<\/p>\n\n\n<div style=\"height:30px\" aria-hidden=\"true\" class=\"wp-block-spacer\"><\/div>\n\n<p class=\"black_default_headline\">QUY T\u1eaeC BACCARAT<\/p>\n\n<p class=\"black_default_text\">\nTrong tr\u00f2 ch\u01a1i Baccarat, ch\u1ec9 c\u00f3 3 K\u1ebft qu\u1ea3 c\u00f3 th\u1ec3 x\u1ea3y ra - Ng\u01b0\u1eddi ch\u01a1i, Nh\u00e0 c\u00e1i ho\u1eb7c H\u00f2a. C\u00e1c qu\u00e2n b\u00e0i 2-9 c\u00f3 gi\u00e1 tr\u1ecb nh\u01b0 n\u00f3 hi\u1ec3n th\u1ecb ;  c\u00e1c qu\u00e2n b\u00e0i g\u1ed3m 10, J, Q, K c\u00f3 gi\u00e1 tr\u1ecb b\u1eb1ng 0 V\u00e0 c\u00e1c qu\u00e2n \u00c1t c\u00f3 gi\u00e1 tr\u1ecb 1 \u0111i\u1ec3m. \nC\u00e1c c\u1eeda \u0111\u1eb7t \u0111\u01b0\u1ee3c \u0111\u00e1nh gi\u00e1 s\u1ed1 \u0111i\u1ec3m t\u01b0\u01a1ng \u1ee9ng v\u1edbi t\u1ed5ng gi\u00e1 tr\u1ecb c\u00e1c qu\u00e2n b\u00e0i b\u1eb1ng ch\u1eef s\u1ed1 t\u1eadn c\u00f9ng b\u00ean ph\u1ea3i c\u1ee7a th\u1ebb c\u1ee7a h\u1ecd.<\/p>\n\n<br>\n\n<table class=\"table\">\n  <thead class=\"thead-dark\">\n    <tr>\n      <th scope=\"col\" colspan=\"4\" style=\"background-color: #940002 !important; border-color: #940002 !important;\">C\u00c1C C\u01af\u1ee2C PH\u1ee4 KH\u00c1C C\u00d3 T\u1ea0I B\u00c0N BACCARAT C\u1ee6A CH\u00daNG T\u00d4I<\/th>\n    <\/tr>\n  <\/thead>\n  <tbody>\n    <tr>\n      <td style=\"background-color: #ffffff !important;\">C\u01b0\u1ee3c Super 6 (Nh\u00e0 c\u00e1i th\u1eafng tr\u00ean 2-3 l\u00e1 b\u00e0i v\u1edbi t\u1ed5ng 6 \u0111i\u1ec3m)<\/td>\n      <td style=\"background-color: #ffffff !important;\">1 tr\u1ea3 15<\/td>\n    <\/tr>\n    <tr>\n      <td style=\"background-color: #ffffff !important;\">C\u01b0\u1ee3c 7 may m\u1eafn (Nh\u00e0 c\u00e1i th\u1eafng tr\u00ean 3 l\u00e1 v\u1edbi t\u1ed5ng s\u1ed1 7 \u0111i\u1ec3m)<\/td>\n      <td style=\"background-color: #ffffff !important;\">1 tr\u1ea3 40<\/td>\n    <\/tr>\n    <tr>\n      <td style=\"background-color: #ffffff !important;\">C\u01b0\u1ee3c Ruby 8 (Ng\u01b0\u1eddi ch\u01a1i th\u1eafng 3 l\u00e1 v\u1edbi t\u1ed5ng 8 \u0111i\u1ec3m)<\/td>\n      <td style=\"background-color: #ffffff !important;\">1 tr\u1ea3 25<\/td>\n    <\/tr>\n    <tr>\n      <td style=\"background-color: #ffffff !important;\">C\u01b0\u1ee3c c\u1eb7p (Ng\u01b0\u1eddi ch\u01a1i th\u1eafng tr\u00ean 2 l\u00e1 b\u00e0i v\u1edbi t\u1ed5ng 8 \u0111i\u1ec3m)<\/td>\n      <td style=\"background-color: #ffffff !important;\">1 tr\u1ea3 11<\/td>\n    <\/tr>\n  <\/tbody>\n<\/table>\n\n<\/div>\n<!-- col-sm-8 -->\n\n<div class=\"col-sm-4 wow fadeIn\" style=\"visibility: hidden; border: 0px solid #ffffff;\">\n<img decoding=\"async\" src=\"https:\/\/ruby89.com\/wp-content\/uploads\/2022\/10\/Baccarat-Game-vn.webp\" alt=\"\" class=\"wp-image-547\">\n\n<div style=\"height:30px\" aria-hidden=\"true\" class=\"wp-block-spacer\"><\/div>\n\n<a href=\"https:\/\/ruby89.com\/vi\/promotions\/baccarat-jackpot\/\"><img decoding=\"async\" src=\"https:\/\/ruby89.com\/wp-content\/uploads\/2020\/09\/baccarat_jackpot_vn_new.png\" class=\"wp-image-548\"><\/a>\n\n<\/div>\n<!-- col 4 8 -->\n<\/div>\n<!-- row 4 8-->\n<\/div>\n<!-- container 4 8 -->\n\n\n\n<\/div>\n<!-- col intro -->\n<\/div>\n<!-- row intro -->\n<\/div>\n<!-- container intro -->\n\n\n\n<div style=\"height:30px\" aria-hidden=\"true\" class=\"wp-block-spacer\"><\/div>\n\n\n\n<!-- \n\n<div class=\"container\" id=\"container_intro\" style=\"margin-top: 0px;\">\n<div class=\"row\">\n<div class=\"alt_golden_notebox col-sm-12 text-justify wow fadeIn\" style=\"visibility: hidden; width: 100%; margin-top: 10px;\">\n\n<div class=\"container\">\n<div class=\"row\">\n\n<div class=\"col-sm-12 text-center\" style=\"color: black;\">\n<span class=\"white_default_headline\">TRY YOUR LUCK, PLAY WITH US!<\/span>\n<br><br>\n<strong>Visit us at Lucky Ruby Border Casino located at Prey Vor-Moc Hoa, Svay Rieng, Cambodia<\/strong>\n<\/div>\n\n\n<\/div>\n\n\n<\/div>\n\n\n<\/div>\n\n<\/div>\n\n<\/div>\n\nContainer Golden Noted Box -->","protected":false},"excerpt":{"rendered":"<p>THE HISTORY OF BACCARAT Historical accounts of the origins of Baccarat are disputed: some sources claim Baccarat was invented in the 1800s, while some sources insist that this game dates even farther back in history, with Baccarat being introduced into France from Italy in late 15th century by returning soldiers from the Franco-Italian War. Either [&hellip;]<\/p>","protected":false},"author":6,"featured_media":0,"parent":15,"menu_order":10,"comment_status":"closed","ping_status":"closed","template":"","meta":{"ngg_post_thumbnail":0,"footnotes":"","_links_to":"","_links_to_target":""},"class_list":["post-67","page","type-page","status-publish","hentry"],"_links":{"self":[{"href":"https:\/\/ruby89.com\/vi\/wp-json\/wp\/v2\/pages\/67","targetHints":{"allow":["GET"]}}],"collection":[{"href":"https:\/\/ruby89.com\/vi\/wp-json\/wp\/v2\/pages"}],"about":[{"href":"https:\/\/ruby89.com\/vi\/wp-json\/wp\/v2\/types\/page"}],"author":[{"embeddable":true,"href":"https:\/\/ruby89.com\/vi\/wp-json\/wp\/v2\/users\/6"}],"replies":[{"embeddable":true,"href":"https:\/\/ruby89.com\/vi\/wp-json\/wp\/v2\/comments?post=67"}],"version-history":[{"count":80,"href":"https:\/\/ruby89.com\/vi\/wp-json\/wp\/v2\/pages\/67\/revisions"}],"predecessor-version":[{"id":7256,"href":"https:\/\/ruby89.com\/vi\/wp-json\/wp\/v2\/pages\/67\/revisions\/7256"}],"up":[{"embeddable":true,"href":"https:\/\/ruby89.com\/vi\/wp-json\/wp\/v2\/pages\/15"}],"wp:attachment":[{"href":"https:\/\/ruby89.com\/vi\/wp-json\/wp\/v2\/media?parent=67"}],"curies":[{"name":"wp","href":"https:\/\/api.w.org\/{rel}","templated":true}]}}