 {"id":62,"date":"2019-10-11T13:03:37","date_gmt":"2019-10-11T06:03:37","guid":{"rendered":"http:\/\/ruby.herunterladen.org\/?page_id=62"},"modified":"2024-02-28T15:43:34","modified_gmt":"2024-02-28T08:43:34","slug":"promotions","status":"publish","type":"page","link":"https:\/\/ruby89.com\/vi\/promotions\/","title":{"rendered":"Khuy\u1ebfn m\u00e3i s\u00f2ng b\u1ea1c"},"content":{"rendered":"<div class=\"container\" id=\"container_intro\">\n<div class=\"row\">\n<div class=\"alt_notebox-white col-sm-12 text-justify wow fadeIn\" id=\"container_no_padding_needed\" style=\"margin-top: 15px; visibility: hidden;\">\n\n\n\n<div class=\"container\">\n\n\n\n<div class=\"row\">\n<div class=\"col-md-4\">\n\n<div style=\"height: 40px\" aria-hidden=\"true\" class=\"d-none d-xl-block wp-block-spacer\"><\/div>\n\n<img decoding=\"async\" src=\"https:\/\/ruby89.com\/wp-content\/uploads\/2020\/09\/2percent_promotion_vn.jpg\" class=\"restaurant_images\">\n<\/div>\n<div class=\"col-md-8\">\n<p class=\"black_default_headline\">NH\u1eacN 2% KHI TH\u1eaeNG C\u01af\u1ee2C<\/p>\n\n<p class=\"black_default_text\">\nS\u00f2ng b\u1ea1c Lucky Ruby Border ho\u00e0n tr\u1ea3 2% Hoa h\u1ed3ng cho ng\u01b0\u1eddi ch\u01a1i th\u1eafng c\u01b0\u1ee3c.\n<\/p>\n\n<p class=\"black_default_text\">\nNg\u01b0\u1eddi ch\u01a1i s\u1ebd c\u1ea7n ch\u01a1i v\u1edbi chip \u0111\u1ec3 nh\u1eadn \u0111\u01b0\u1ee3c 2% Hoa h\u1ed3ng. \u0110i\u1ec1u n\u00e0y th\u1eadt tuy\u1ec7t v\u1eddi! Hoa h\u1ed3ng 2% cho m\u1ed7i 100.000 VND \u0111\u1eb7t c\u01b0\u1ee3c (b\u1ed9i s\u1ed1 c\u1ee7a 100.000 VND) khi b\u1ea1n ch\u01a1i v\u1edbi chip t\u1ea1i b\u00e0n ch\u01a1i c\u1ee7a ch\u00fang t\u00f4i.\n<\/p>\n\n<p class=\"black_default_text\">\nTuy nhi\u00ean, n\u1ebfu b\u1ea1n mu\u1ed1n ch\u01a1i b\u1eb1ng ti\u1ec1n m\u1eb7t, b\u1ea1n v\u1eabn s\u1ebd \u0111\u01b0\u1ee3c h\u01b0\u1edfng 1% Hoa h\u1ed3ngkhi th\u1eafng c\u01b0\u1ee3c.\n<\/p>\n\n<p class=\"black_default_text\">\nD\u01b0\u1edbi \u0111\u00e2y l\u00e0 v\u00ed d\u1ee5 v\u1ec1 hoa h\u1ed3ng m\u00e0 ng\u01b0\u1eddi ch\u01a1i nh\u1eadn \u0111\u01b0\u1ee3c.\n<\/p>\n\n<table class=\"table\">\n  <thead class=\"thead-dark\">\n    <tr>\n      <th scope=\"col\" style=\"background-color: #940002 !important; border-color: #940002 !important;\"><\/th>\n      <th scope=\"col\" style=\"background-color: #940002 !important; border-color: #940002 !important;\">C\u00e1 c\u01b0\u1ee3c<\/th>\n      <th scope=\"col\" style=\"background-color: #940002 !important; border-color: #940002 !important;\">Ph\u1ea7n tr\u0103m hoa h\u1ed3ng<\/th>\n      <th scope=\"col\" style=\"background-color: #940002 !important; border-color: #940002 !important;\">Hoa h\u1ed3ng<\/th>\n    <\/tr>\n  <\/thead>\n  <tbody>\n    <tr>\n      <th scope=\"row\" style=\"background-color: #ffffff !important;\">Chip<\/th>\n      <td style=\"background-color: #ffffff !important;\">10,000,000 VND<\/td>\n      <td style=\"background-color: #ffffff !important;\">2%<\/td>\n      <td style=\"background-color: #ffffff !important;\">200,000 VND<\/td>\n    <\/tr>\n    <tr>\n      <th scope=\"row\" style=\"background-color: #ffffff !important;\">Ti\u1ec1n m\u1eb7t<\/th>\n      <td style=\"background-color: #ffffff !important;\">10,000,000 VND<\/td>\n      <td style=\"background-color: #ffffff !important;\">1%<\/td>\n      <td style=\"background-color: #ffffff !important;\">100,000 VND<\/td>\n    <\/tr>\n  <\/tbody>\n<\/table>\n\n<\/div>\n<\/div>\n<!-- row -->\n\n\n\n<div style=\"height:70px\" aria-hidden=\"true\" class=\"wp-block-spacer\"><\/div>\n\n\n\n<div class=\"row\">\n\n<div class=\"col-md-6\">\n\n<p class=\"black_default_headline\">BACCARAT JACKPOT<\/p>\n\n<a href=\"https:\/\/ruby89.com\/vi\/promotions\/baccarat-jackpot\/\"><img decoding=\"async\" src=\"\/wp-content\/uploads\/2020\/12\/promo_BACCARAT-EN.jpg\" class=\"restaurant_images\" style=\"width: 100%;\"><\/a>\n<\/div>\n<div class=\"col-md-6\">\n\n<p class=\"black_default_headline\">B\u00c0I B\u1eecU JACKPOT<\/p>\n\n<a href=\"https:\/\/ruby89.com\/vi\/promotions\/bai-buu-jackpot\/\"><img decoding=\"async\" src=\"https:\/\/ruby89.com\/wp-content\/uploads\/2020\/12\/promo_BAI-VN.jpg\" class=\"restaurant_images\" style=\"width: 100%;\"><\/a>\n<\/div>\n\n<\/div>\n<!-- row -->\n\n\n\n<div style=\"height:70px\" aria-hidden=\"true\" class=\"wp-block-spacer\"><\/div>\n\n\n\n<div class=\"row\">\n\n<div class=\"col-md-6\">\n<p class=\"black_default_headline\">MUA TRONG KHUY\u1ebeN M\u00c3I<\/p>\n\n<p class=\"black_default_text\">\nT\u1ea1i Lucky Ruby, ch\u00fang t\u00f4i mu\u1ed1n mang \u0111\u1ebfn cho ng\u01b0\u1eddi ch\u01a1i nhi\u1ec1u gi\u00e1 tr\u1ecb h\u01a1n khi h\u1ecd ch\u1ecdn ch\u01a1i t\u1ea1i s\u00f2ng b\u1ea1c c\u1ee7a ch\u00fang t\u00f4i. \u0110\u00e2y l\u00e0 l\u00fd do t\u1ea1i sao ch\u00fang t\u00f4i \u0111\u00e3 gi\u1edbi thi\u1ec7u ch\u01b0\u01a1ng tr\u00ecnh khuy\u1ebfn m\u00e3i \"Mi\u1ec5n ph\u00ed ph\u00f2ng khi b\u1ea1n \u1edf \u0111\u00e2y\". Gi\u1edd \u0111\u00e2y, b\u1ea5t c\u1ee9 khi n\u00e0o ng\u01b0\u1eddi ch\u01a1i mua 6.000.000 VND t\u1ea1i m\u1ed9t th\u1eddi \u0111i\u1ec3m duy nh\u1ea5t m\u1ed7i ng\u00e0y, h\u1ecd s\u1ebd \u0111\u01b0\u1ee3c h\u01b0\u1edfng 1 \u0111\u00eam ngh\u1ec9 t\u1ea1i ph\u00f2ng kh\u00e1ch s\u1ea1n ti\u00eau chu\u1ea9n c\u1ee7a ch\u00fang t\u00f4i.\n<\/p>\n\n<p class=\"black_default_text\">\nC\u00e1c ph\u00f2ng kh\u00e1ch s\u1ea1n c\u1ee7a ch\u00fang t\u00f4i \u0111\u00e3 \u0111\u01b0\u1ee3c t\u00e2n trang l\u1ea1i g\u1ea7n \u0111\u00e2y, do \u0111\u00f3 b\u1ea1n s\u1ebd c\u00f3 tr\u1ea3i nghi\u1ec7m kh\u00f4ng kh\u00ed t\u01b0\u01a1i m\u00e1t v\u00e0 tho\u1ea3i m\u00e1i trong c\u00e1c ph\u00f2ng kh\u00e1ch s\u1ea1n c\u1ee7a ch\u00fang t\u00f4i. V\u1eady c\u00f2n ch\u1ea7n ch\u1eeb g\u00ec n\u1eefa? \u0111\u1ebfn v\u1edbi Lucky Ruby v\u00e0 ch\u01a1i t\u1ea1i s\u00f2ng b\u1ea1c c\u1ee7a ch\u00fang t\u00f4i!\n<\/p>\n<\/div>\n\n<div class=\"col-md-6\">\n<img decoding=\"async\" src=\"https:\/\/ruby89.com\/wp-content\/uploads\/2024\/02\/buy_in_promotion_new-vn.webp\" class=\"restaurant_images\" style=\"width: 100%;\">\n<\/div>\n\n<\/div>\n<!-- row -->\n\n\n\n<div style=\"height:70px\" aria-hidden=\"true\" class=\"wp-block-spacer\"><\/div>\n\n\n\n<\/div>\n<!-- container -->\n\n\n\n<\/div>\n<!-- col -->\n<\/div>\n<!-- row -->\n<\/div>\n<!-- container -->\n\n\n\n<div style=\"height:30px\" aria-hidden=\"true\" class=\"wp-block-spacer\"><\/div>\n\n\n\n<p><\/p>","protected":false},"excerpt":{"rendered":"<p>2% Commission on Winning Bet Lucky Ruby Border Casino offers 2% Commission on the WINNING BET for its players. Players will need to play with chips in order to obtain the 2% Commission. This is super awesome! 2% Commission on every 100,000 VND bet (multiple of 100,000 VND) when you play with chips at our [&hellip;]<\/p>","protected":false},"author":6,"featured_media":0,"parent":0,"menu_order":60,"comment_status":"closed","ping_status":"closed","template":"","meta":{"ngg_post_thumbnail":0,"footnotes":"","_links_to":"","_links_to_target":""},"class_list":["post-62","page","type-page","status-publish","hentry"],"_links":{"self":[{"href":"https:\/\/ruby89.com\/vi\/wp-json\/wp\/v2\/pages\/62","targetHints":{"allow":["GET"]}}],"collection":[{"href":"https:\/\/ruby89.com\/vi\/wp-json\/wp\/v2\/pages"}],"about":[{"href":"https:\/\/ruby89.com\/vi\/wp-json\/wp\/v2\/types\/page"}],"author":[{"embeddable":true,"href":"https:\/\/ruby89.com\/vi\/wp-json\/wp\/v2\/users\/6"}],"replies":[{"embeddable":true,"href":"https:\/\/ruby89.com\/vi\/wp-json\/wp\/v2\/comments?post=62"}],"version-history":[{"count":134,"href":"https:\/\/ruby89.com\/vi\/wp-json\/wp\/v2\/pages\/62\/revisions"}],"predecessor-version":[{"id":8291,"href":"https:\/\/ruby89.com\/vi\/wp-json\/wp\/v2\/pages\/62\/revisions\/8291"}],"wp:attachment":[{"href":"https:\/\/ruby89.com\/vi\/wp-json\/wp\/v2\/media?parent=62"}],"curies":[{"name":"wp","href":"https:\/\/api.w.org\/{rel}","templated":true}]}}