 {"id":5677,"date":"2020-07-29T18:25:24","date_gmt":"2020-07-29T11:25:24","guid":{"rendered":"https:\/\/ruby89.com\/?page_id=5677"},"modified":"2020-11-06T13:38:17","modified_gmt":"2020-11-06T06:38:17","slug":"bai-buu-jackpot","status":"publish","type":"page","link":"https:\/\/ruby89.com\/vi\/promotions\/bai-buu-jackpot\/","title":{"rendered":"B\u00c0I B\u1eecU JACKPOT"},"content":{"rendered":"<p class=\"black_default_headline\">B\u00c0I B\u1eecU JACKPOT<\/p>\n\n\n\n<div class=\"container\" id=\"container_intro\">\n<div class=\"row\">\n<div class=\"alt_notebox-white col-sm-12 text-justify wow fadeIn\" id=\"container_padding_needed\" style=\"margin-top: 15px; visibility: hidden; padding: 0;\">\n\n\n\n<div class=\"container\" id=\"container_no_padding_needed\">\n<div class=\"row\">\n\n<div class=\"col-sm-7  wow fadeInRight\" id=\"container_no_padding_needed\" style=\"visibility: hidden; padding-right: 15px;\">\n\n<p class=\"black_default_text_bold\">L\u1ea7n \u0111\u1ea7u ti\u00ean tr\u00ean th\u1ebf gi\u1edbi<\/p>\n\n<p class=\"black_default_text\">\nLucky Ruby Jackpot B\u00e0i B\u1eedu t\u0103ng th\u00eam c\u1ea3m gi\u00e1c h\u1ed3i h\u1ed9p cho ng\u01b0\u1eddi ch\u01a1i khi ch\u01a1i game B\u00e0i B\u1eedu casino. \u0110\u1ec3 tr\u00fang gi\u1ea3i \u0111\u1ed9c \u0111\u1eafc, b\u1ea1n c\u1ea7n \u0111\u1eb7t c\u01b0\u1ee3c v\u00e0o gi\u1ea3i \u0111\u1ed9c \u0111\u1eafc v\u00e0 c\u00f3 \u0111\u01b0\u1ee3c c\u00e1ch s\u1eafp x\u1ebfp th\u1ebb sau:\n<\/p>\n\n<br>\n\n<table class=\"table\">\n  <thead class=\"thead-dark\">\n    <tr>\n      <th scope=\"col\" style=\"background-color: #940002 !important; border-color: #940002 !important;\">Bi\u1ebfn c\u1ed1<\/th>\n      <th scope=\"col\" style=\"background-color: #940002 !important; border-color: #940002 !important;\">Jackpote l\u0169y ti\u1ebfn t\u1ed1i thi\u1ec3u<\/th>\n    <\/tr>\n  <\/thead>\n<tbody>\n<tr>\n<th scope=\"row\" style=\"background-color: #ffffff !important;\">Four of a kind \u2013 Grand Jackpot<\/th>\n<td style=\"background-color: #ffffff !important;\">VND 30,000,000 (Progressive)<\/td>\n<\/tr>\n<tr>\n<th scope=\"row\" style=\"background-color: #ffffff !important;\">Straight Flush \u2013 Major Jackpot<\/th>\n<td style=\"background-color: #ffffff !important;\">VND 3,000,000 (Progressive)<\/td>\n<\/tr>\n<tr>\n<th scope=\"row\" style=\"background-color: #ffffff !important;\">Three of a kind \u2013 Minor Jackpot<\/th>\n<td style=\"background-color: #ffffff !important;\">VND 300,000 (Non- Progressive)<\/td>\n<\/tr>\n<\/tbody>\n<\/table>\n\n<br>\n\n<\/div>\n<!-- col-sm-7 -->\n\n<div class=\"col-sm-5 wow fadeInLeftBig\" style=\"visibility: hidden; border: 0px solid #ffffff;\">\n<img decoding=\"async\" src=\"https:\/\/ruby89.com\/wp-content\/uploads\/2020\/12\/promo_BAI-VN.jpg\" alt=\"\" class=\"wp-image-547\">\n<\/div>\n<!-- col 4 8 -->\n<\/div>\n<!-- row 4 8-->\n<\/div>\n<!-- container 4 8 -->\n\n\n\n<\/div>\n<!-- col intro -->\n<\/div>\n<!-- row intro -->\n<\/div>\n<!-- container intro -->\n\n\n\n<div style=\"height:30px\" aria-hidden=\"true\" class=\"wp-block-spacer\"><\/div>\n\n\n\n<!-- Golden Noted Box -->\n<div class=\"container\" id=\"container_intro\" style=\"margin-top: 0px;\">\n<div class=\"row\">\n<div class=\"alt_golden_notebox col-sm-12 text-justify wow fadeInUpBig\" style=\"visibility: hidden; width: 100%; margin-top: 10px;\">\n\n<div class=\"container\">\n<div class=\"row\">\n\n<div class=\"col-sm-12 text-center\" style=\"color: black;\">\n<span class=\"white_default_headline\">H\u00c3Y TH\u1eec V\u1eacN MAY C\u1ee6A B\u1ea0N, CH\u01a0I V\u1edaI CH\u00daNG T\u00d4I!<\/span>\n<br><br>\n<strong>Gh\u00e9 th\u0103m ch\u00fang t\u00f4i t\u1ea1i Lucky Ruby Border Casino t\u1ecda l\u1ea1c t\u1ea1i Prey Vor-M\u1ed9c H\u00f3a, Svay Rieng, Campuchia<\/strong>\n<\/div>\n<!-- col 8 -->\n\n<\/div>\n<!-- row 8 -->\n\n<\/div>\n<!-- container cols -->\n\n<\/div>\n<!-- col 12 -->\n<\/div>\n<!-- row 12 -->\n<\/div>\n<!-- container Golden Noted Box -->\n\n\n\n<div style=\"height:50px\" aria-hidden=\"true\" class=\"wp-block-spacer\"><\/div>","protected":false},"excerpt":{"rendered":"<p>Bai Buu Jackpot First ever in the World Lucky Ruby Bai Buu Jackpot adds thrill to players experience while playing Bai Buu casino game. To hit the jackpot, you need to bet on the jackpot and obtain the following card arrangement: Event Minimum Progressive Jackpote Four of a kind \u2013 Grand Jackpot VND 30,000,000 (Progressive) [&hellip;]<\/p>","protected":false},"author":6,"featured_media":0,"parent":62,"menu_order":0,"comment_status":"closed","ping_status":"closed","template":"","meta":{"ngg_post_thumbnail":0,"footnotes":"","_links_to":"","_links_to_target":""},"class_list":["post-5677","page","type-page","status-publish","hentry"],"_links":{"self":[{"href":"https:\/\/ruby89.com\/vi\/wp-json\/wp\/v2\/pages\/5677","targetHints":{"allow":["GET"]}}],"collection":[{"href":"https:\/\/ruby89.com\/vi\/wp-json\/wp\/v2\/pages"}],"about":[{"href":"https:\/\/ruby89.com\/vi\/wp-json\/wp\/v2\/types\/page"}],"author":[{"embeddable":true,"href":"https:\/\/ruby89.com\/vi\/wp-json\/wp\/v2\/users\/6"}],"replies":[{"embeddable":true,"href":"https:\/\/ruby89.com\/vi\/wp-json\/wp\/v2\/comments?post=5677"}],"version-history":[{"count":3,"href":"https:\/\/ruby89.com\/vi\/wp-json\/wp\/v2\/pages\/5677\/revisions"}],"predecessor-version":[{"id":5683,"href":"https:\/\/ruby89.com\/vi\/wp-json\/wp\/v2\/pages\/5677\/revisions\/5683"}],"up":[{"embeddable":true,"href":"https:\/\/ruby89.com\/vi\/wp-json\/wp\/v2\/pages\/62"}],"wp:attachment":[{"href":"https:\/\/ruby89.com\/vi\/wp-json\/wp\/v2\/media?parent=5677"}],"curies":[{"name":"wp","href":"https:\/\/api.w.org\/{rel}","templated":true}]}}