 {"id":5669,"date":"2020-07-29T18:01:16","date_gmt":"2020-07-29T11:01:16","guid":{"rendered":"https:\/\/ruby89.com\/?page_id=5669"},"modified":"2021-07-04T18:39:01","modified_gmt":"2021-07-04T11:39:01","slug":"baccarat-jackpot","status":"publish","type":"page","link":"https:\/\/ruby89.com\/vi\/promotions\/baccarat-jackpot\/","title":{"rendered":"BACCARAT JACKPOT"},"content":{"rendered":"<p class=\"black_default_headline\">Baccarat Jackpot<\/p>\n\n\n\n<div class=\"container\" id=\"container_intro\">\n<div class=\"row\">\n<div class=\"alt_notebox-white col-sm-12 text-justify wow fadeIn\" id=\"container_padding_needed\" style=\"margin-top: 15px; visibility: hidden; padding: 0;\">\n\n\n\n<div class=\"container\" id=\"container_no_padding_needed\">\n<div class=\"row\">\n\n<div class=\"col-sm-8  wow fadeInRight\" id=\"container_no_padding_needed\" style=\"visibility: hidden; padding-right: 15px;\">\n\n<p class=\"black_default_text\">\nTham gia v\u00e0o c\u1ea3m gi\u00e1c h\u1ed3i h\u1ed9p t\u1ea1i c\u00e1c b\u00e0n ch\u01a1i baccarat c\u1ee7a ch\u00fang t\u00f4i v\u1edbi gi\u1ea3i Jackpot baccarat tr\u1ef1c tuy\u1ebfn.<\/p>\n\n<p class=\"black_default_text\">\nBaccarat Jackpot l\u0169y ti\u1ebfn &amp; Tr\u1ea3 th\u1eafng nh\u01b0 sau:\n<\/p>\n\n<br>\n\n<table class=\"table\">\n  <thead class=\"thead-dark\">\n    <tr>\n      <th scope=\"col\" style=\"background-color: #940002 !important; border-color: #940002 !important;\">Bi\u1ebfn c\u1ed1<\/th>\n      <th scope=\"col\" style=\"background-color: #940002 !important; border-color: #940002 !important;\">Jackpote l\u0169y ti\u1ebfn t\u1ed1i thi\u1ec3u<\/th>\n    <\/tr>\n  <\/thead>\n<tbody>\n<tr>\n<th scope=\"row\" style=\"background-color: #ffffff !important;\">(Grand) K+9<br>Both Card Spade K+9<br>+ Other Side Any Natural 9<\/th>\n<td style=\"background-color: #ffffff !important;\">VND 50,000,000 (Progressive)<\/td>\n<\/tr>\n<tr>\n<th scope=\"row\" style=\"background-color: #ffffff !important;\">(Major) K+9<br>Same Color or Same Suit (K+9) (Natural 9)<br>+ Other Side any 2 cards  <\/th>\n<td style=\"background-color: #ffffff !important;\">VND 500,000 (Non- Progressive)<\/td>\n<\/tr>\n<tr>\n<th scope=\"row\" style=\"background-color: #ffffff !important;\">(Mini) K+9<br>Mix Color (K+9) (Natural 9)<br>+ Other Side any 2 cards<\/th>\n<td style=\"background-color: #ffffff !important;\">VND 300,000 (Non- Progressive)<\/td>\n<\/tr>\n<\/tbody>\n<\/table>\n\n<br>\n\n<p class=\"black_default_text\">\nGi\u1ea3i l\u0169y ti\u1ebfn Grand K + 9 (C\u1ea3 hai l\u00e1 b\u00e0i b\u00edch) + B\u00ean kh\u00e1c c\u00f3 9 \u0111i\u1ec3m t\u1ef1 nhi\u00ean b\u1ea5t k\u1ef3. Gi\u1ea3i Major Jackpot v\u1eabn gi\u1eef nguy\u00ean m\u1ee9c thanh to\u00e1n 500.000 \u0111\u1ed3ng cho m\u1ed7i l\u1ea7n c\u01b0\u1ee3c v\u00e0 gi\u1ea3i Mini Jackpot v\u1eabn gi\u1eef nguy\u00ean m\u1ee9c thanh to\u00e1n 300.000 \u0111\u1ed3ng cho m\u1ed7i l\u1ea7n c\u01b0\u1ee3c.\n<\/p>\n\n<p class=\"black_default_text\">\nT\u1ea5t c\u1ea3 c\u00e1c kho\u1ea3n tr\u1ea3 th\u1eafng c\u1ee7a Gi\u1ea3i \u0111\u1eb7c bi\u1ec7t \u0111\u1ec1u d\u1ef1a tr\u00ean k\u1ebft qu\u1ea3 c\u1ee7a 2 th\u1ebb b\u00e0i \u0111\u1ea7u ti\u00ean (K + 9) c\u1ee7a C\u01b0\u1ee3c Ban \u0111\u1ea7u CH\u1ec8 \u1edf ph\u00eda Ng\u01b0\u1eddi ch\u01a1i ho\u1eb7c Nh\u00e0 c\u00e1i.\n<\/p>\n\n<\/div>\n<!-- col-sm-8 -->\n\n<div class=\"col-sm-4 wow fadeInLeftBig\" style=\"visibility: hidden; border: 0px solid #ffffff;\">\n<img decoding=\"async\" src=\"\/wp-content\/uploads\/2020\/08\/Baccarat_Table.jpg\" alt=\"\" class=\"wp-image-547\">\n<\/div>\n<!-- col 4 8 -->\n<\/div>\n<!-- row 4 8-->\n<\/div>\n<!-- container 4 8 -->\n\n\n\n<\/div>\n<!-- col intro -->\n<\/div>\n<!-- row intro -->\n<\/div>\n<!-- container intro -->\n\n\n\n<div style=\"height:20px\" aria-hidden=\"true\" class=\"wp-block-spacer\"><\/div>\n\n\n\n<!-- Golden Noted Box -->\n<div class=\"container\" id=\"container_intro\" style=\"margin-top: 0px;\">\n<div class=\"row\">\n<div class=\"alt_golden_notebox col-sm-12 text-justify wow fadeInUpBig\" style=\"visibility: hidden; width: 100%; margin-top: 10px;\">\n\n<div class=\"container\">\n<div class=\"row\">\n\n<div class=\"col-sm-12 text-center\" style=\"color: black;\">\n<span class=\"white_default_headline\">H\u00c3Y TH\u1eec V\u1eacN MAY C\u1ee6A B\u1ea0N, CH\u01a0I V\u1edaI CH\u00daNG T\u00d4I!<\/span>\n<br><br>\n<strong>Gh\u00e9 th\u0103m ch\u00fang t\u00f4i t\u1ea1i Lucky Ruby Border Casino t\u1ecda l\u1ea1c t\u1ea1i Prey Vor-M\u1ed9c H\u00f3a, Svay Rieng, Campuchia<\/strong>\n<\/div>\n<!-- col 8 -->\n\n<\/div>\n<!-- row 8 -->\n\n<\/div>\n<!-- container cols -->\n\n<\/div>\n<!-- col 12 -->\n<\/div>\n<!-- row 12 -->\n<\/div>\n<!-- container Golden Noted Box -->\n\n\n\n<div style=\"height:50px\" aria-hidden=\"true\" class=\"wp-block-spacer\"><\/div>","protected":false},"excerpt":{"rendered":"<p>Baccarat Jackpot Join in the thrill at our baccarat tables with the baccarat Jackpot on the line. Baccarat Jackpot Progressive &#038; Payout show as the followings: Event Minimum Progressive Jackpot (Grand) K+9Both Card Spade K+9+ Other Side Any Natural 9 VND 50,000,000 (Progressive) (Major) K+9Same Color or Same Suit (K+9) (Natural 9)+ Other Side any [&hellip;]<\/p>","protected":false},"author":6,"featured_media":0,"parent":62,"menu_order":0,"comment_status":"closed","ping_status":"closed","template":"","meta":{"ngg_post_thumbnail":0,"footnotes":"","_links_to":"","_links_to_target":""},"class_list":["post-5669","page","type-page","status-publish","hentry"],"_links":{"self":[{"href":"https:\/\/ruby89.com\/vi\/wp-json\/wp\/v2\/pages\/5669","targetHints":{"allow":["GET"]}}],"collection":[{"href":"https:\/\/ruby89.com\/vi\/wp-json\/wp\/v2\/pages"}],"about":[{"href":"https:\/\/ruby89.com\/vi\/wp-json\/wp\/v2\/types\/page"}],"author":[{"embeddable":true,"href":"https:\/\/ruby89.com\/vi\/wp-json\/wp\/v2\/users\/6"}],"replies":[{"embeddable":true,"href":"https:\/\/ruby89.com\/vi\/wp-json\/wp\/v2\/comments?post=5669"}],"version-history":[{"count":7,"href":"https:\/\/ruby89.com\/vi\/wp-json\/wp\/v2\/pages\/5669\/revisions"}],"predecessor-version":[{"id":6693,"href":"https:\/\/ruby89.com\/vi\/wp-json\/wp\/v2\/pages\/5669\/revisions\/6693"}],"up":[{"embeddable":true,"href":"https:\/\/ruby89.com\/vi\/wp-json\/wp\/v2\/pages\/62"}],"wp:attachment":[{"href":"https:\/\/ruby89.com\/vi\/wp-json\/wp\/v2\/media?parent=5669"}],"curies":[{"name":"wp","href":"https:\/\/api.w.org\/{rel}","templated":true}]}}