 {"id":5489,"date":"2020-07-19T22:27:30","date_gmt":"2020-07-19T15:27:30","guid":{"rendered":"https:\/\/ruby89.com\/?page_id=5489"},"modified":"2023-10-03T11:29:12","modified_gmt":"2023-10-03T04:29:12","slug":"open-vacancies","status":"publish","type":"page","link":"https:\/\/ruby89.com\/vi\/career\/open-vacancies\/","title":{"rendered":"V\u1ecb tr\u00ed tr\u1ed1ng"},"content":{"rendered":"<div class=\"container\" id=\"container_intro\">\n<div class=\"row\">\n<div class=\"alt_notebox-white col-sm-12 text-justify wow fadeIn\" id=\"container_padding_needed\" style=\"margin-top: 15px; visibility: hidden;\">\n\n\n\n<p class=\"black_default_headline\">V\u1ecb tr\u00ed tr\u1ed1ng<\/p>\n\n\n\n<p class=\"black_default_headline_career_jobs\">\nCh\u00fang t\u00f4i lu\u00f4n s\u1eb5n s\u00e0ng ti\u1ebfp nh\u1eadn nh\u1eefng \u1ee9ng vi\u00ean tin r\u1eb1ng h\u1ecd c\u00f3 nh\u1eefng k\u1ef9 n\u0103ng ho\u1eb7c ki\u1ebfn th\u1ee9c nh\u1ea5t \u0111\u1ecbnh  mang l\u1ea1i l\u1ee3i \u00edch cho c\u00f4ng ty c\u1ee7a ch\u00fang t\u00f4i. T\u1ea5t c\u1ea3 nh\u1eefng g\u00ec b\u1ea1n c\u1ea7n \u0111\u1ea3m b\u1ea3o tr\u01b0\u1edbc khi n\u1ed9p \u0111\u01a1n l\u00e0 b\u1ea1n s\u1eb5n s\u00e0ng tu\u00e2n th\u1ee7 v\u00e0 cam k\u1ebft v\u1edbi t\u1ea7m nh\u00ecn, s\u1ee9 m\u1ec7nh v\u00e0 gi\u00e1 tr\u1ecb c\u1ee7a ch\u00fang t\u00f4i n\u1ebfu b\u1ea1n th\u00e0nh c\u00f4ng trong vi\u1ec7c gia nh\u1eadp t\u1ed5 ch\u1ee9c ng\u00e0y c\u00e0ng ph\u00e1t tri\u1ec3n c\u1ee7a ch\u00fang t\u00f4i nh\u01b0 quy \u0111\u1ecbnh d\u01b0\u1edbi \u0111\u00e2y:\n<\/p>\n\n\n\n<p class=\"black_default_text_bold\">T\u1ea7m nh\u00ecn<\/p>\n\n<p class=\"black_default_text\">\n<ul>\n<li> Th\u1ebf gi\u1edbi tr\u00e0n ng\u1eadp ni\u1ec1m vui v\u00e0 h\u1ea1nh ph\u00fac v\u00ec nh\u1eefng n\u1ed7 l\u1ef1c c\u1ee7a ch\u00fang ta\n<\/ul>\n\n<p class=\"black_default_text_bold\">Nhi\u1ec7m V\u1ee5<\/p>\n\n<p class=\"black_default_text\">\n<ul>\n<li> Cung c\u1ea5p tr\u1ea3i nghi\u1ec7m vui v\u1ebb cho kh\u00e1ch h\u00e0ng ch\u00fang ta.\n<li> T\u1ea1o cho nh\u1eefng nh\u00e2n vi\u00ean t\u1ed1t c\u00f3 cu\u1ed9c s\u1ed1ng t\u1ed1t h\u01a1n cho b\u1ea3n th\u00e2n va gia \u0111\u00ecnh h\u1ecd\n<li> l\u00e0m cho c\u00e1c nh\u00e0 \u0111\u1ea7u t\u01b0 v\u00e0 th\u00e0nh vi\u00ean c\u00f3 l\u1ee3i h\u01a1n so v\u1edbi nh\u1eefng xu m\u00e0 h\u1ecd chi ti\u00eau v\u00e0 \u0111\u1ea7u t\u01b0 v\u00e0o ch\u00fang ta\n<\/ul>\n<\/p>\n\n<p class=\"black_default_text_bold\">GI\u00c1 TR\u1eca<\/p>\n\n<p class=\"black_default_text\">\n<ul>\n<li> Nu\u00f4i d\u01b0\u1ee1ng c\u01a1 th\u1ec3 b\u1eb1ng nh\u1eefng b\u1eefa \u0103n v\u00e0 t\u1eadp th\u1ec3 d\u1ee5c; nu\u00f4i d\u01b0\u1ee1ng tr\u00ed tu\u1ec7 b\u1eb1ng nh\u1eefng k\u1ef9 n\u0103ng v\u00e0 ki\u1ebfn th\u1ee9c m\u1edbi\n<li> T\u00f4n tr\u1ecdng l\u1eabn nhau : T\u00f4n tr\u1ecdng ng\u01b0\u1eddi kh\u00e1c,T\u00f4n tr\u1ecdng b\u1ea3n th\u00e2n ,T\u00f4n tr\u1ecdng \u0111\u1ec3 \u0111\u01b0\u1ee3c s\u1ef1 T\u00f4n tr\u1ecdng ng\u01b0\u1ee3c l\u1ea1i\n<li> L\u00e0m vi\u1ec7c theo nh\u00f3m : h\u1ed7 tr\u1ee3 l\u1eabn nhau ,c\u00f9ng nhau gi\u00e0nh chi\u1ebfn th\u1eafng\n<li> \u0110\u00e1ng tin c\u1eady: kh\u00f4ng l\u1eeba \u0111\u1ea3o kh\u00e1ch h\u00e0ng,kh\u00f4ng gian l\u1eadn v\u1edbi c\u00f4ng ty ,kh\u00f4ng l\u1eeba d\u1ed1i ch\u00ednh m\u00ecnh\n<li> Tr\u00e1ch nhi\u1ec7m : ch\u1ecbu tr\u00e1ch nhi\u1ec7m v\u1edbi c\u00f4ng ty ,c\u00f3 tr\u00e1ch nhi\u1ec7m v\u1edbi b\u1ea3n th\u00e2n, gia \u0111\u00ecnh v\u00e0 x\u00e3 h\u1ed9i\n<li> Ch\u1ea5t l\u01b0\u1ee3ng v\u00e0 hi\u1ec7u qu\u1ea3 : t\u00ecm c\u00e1ch t\u1ed1t \u0111\u1ec3 ho\u00e0n th\u00e0nh nhi\u1ec7m v\u1ee5 nhanh ch\u00f3ng v\u00e0 ch\u1ea5t l\u01b0\u1ee3ng v\u00e0 \u0111\u1ea3m b\u1ea3o r\u1eb1ng s\u1ebd l\u00e0m kh\u00e1ch h\u00e0ng h\u00e0i l\u00f2ng v\u00e0 vui v\u1ebb\n<li> Bi\u1ebft \u01a0n &amp; Chia S\u1ebb: chia s\u1ebb \u00fd t\u01b0\u1edfng ,chia s\u1ebb \u0111\u00f3ng g\u00f3p, chia s\u1ebb n\u1ed7 l\u1ef1c v\u00e0 chia s\u1ebd l\u1ee3i nhu\u1eadn\n<\/ul>\n<\/p>\n\n<br>\n\n<p class=\"black_default_text_bold\">NH\u1eeeNG L\u1ee2I \u00cdCH<\/p>\n\n<ul>\n<li> 18 Ng\u00e0y Ph\u00e9p H\u00e0ng N\u0103m\n<li> 21 Ng\u00e0y Ngh\u0129\n<li> Th\u01b0\u1edfng M\u1eebng Ng\u00e0y Sinh Nh\u1eadt\n<li> Ch\u1ebf \u0110\u1ed9 Thai S\u1ea3n\n<li> 4 Ng\u00e0y Ngh\u1ec9 M\u1ed7i th\u00e1ng\n<li> 4 B\u1eefa \u0103n m\u1ed7i ng\u00e0y\n<li> Ch\u1ed7 \u1edf c\u00f4ng ty\n<li> V\u00e0 Nhi\u1ec1u H\u01a1n N\u1eefa....\n<\/ul>\n\n<br>\n\n<p class=\"black_default_text_bold\">\nVui l\u00f2ng n\u00eau r\u00f5 v\u1ecb tr\u00ed m\u00e0 b\u1ea1n c\u1ea3m th\u1ea5y ph\u00f9 h\u1ee3p nh\u1ea5t trong t\u1ed5 ch\u1ee9c c\u1ee7a ch\u00fang t\u00f4i, \u0111\u00e2y kh\u00f4ng c\u1ea7n ph\u1ea3i l\u00e0 b\u1ea5t k\u1ef3 v\u1ecb tr\u00ed n\u00e0o c\u00f3 s\u1eb5n c\u1ee7a ch\u00fang t\u00f4i v\u00e0 t\u00f9y thu\u1ed9c v\u00e0o nh\u1eefng g\u00ec b\u1ea1n c\u1ea3m th\u1ea5y r\u1eb1ng k\u1ef9 n\u0103ng c\u1ee7a b\u1ea1n s\u1ebd mang l\u1ea1i l\u1ee3i \u00edch cho t\u1ed5 ch\u1ee9c c\u1ee7a ch\u00fang t\u00f4i. \u0110i\u1ec1u n\u00e0y ph\u1ea3i \u0111\u01b0\u1ee3c b\u1ed5 sung v\u1edbi th\u01b0 xin vi\u1ec7c b\u1eb1ng ti\u1ebfng Anh, s\u01a1 y\u1ebfu l\u00fd l\u1ecbch \/ cv b\u1eb1ng ti\u1ebfng Anh, \u1ea3nh ID, l\u00fd do t\u1ea1i sao b\u1ea1n r\u1eddi kh\u1ecfi m\u1ed7i c\u00f4ng ty, m\u1ee9c l\u01b0\u01a1ng t\u1eeb m\u1ed7i c\u00f4ng ty v\u00e0 m\u1ee9c l\u01b0\u01a1ng mong \u0111\u1ee3i c\u1ee7a b\u1ea1n.<\/p>\n\n<p class=\"black_default_text_bold\">\nCh\u1ec9 nh\u1eefng \u1ee9ng vi\u00ean l\u1ecdt v\u00e0o danh s\u00e1ch s\u1ebd \u0111\u01b0\u1ee3c th\u00f4ng b\u00e1o v\u00e0 li\u00ean h\u1ec7 qua email, \u0111i\u1ec7n tho\u1ea1i ho\u1eb7c Skype \u0111\u1ec3 ph\u1ecfng v\u1ea5n.<\/p>\n\n\n\n<\/div>\n<!-- col -->\n<\/div>\n<!-- row -->\n<\/div>\n<!-- container -->\n\n\n\n<div class=\"container\" id=\"container_yellow_note\" style=\"padding: 30px 0 30px 0;\">\n<div class=\"row\">\n<div class=\"alt_red_notebox col-md-12 wow fadeIn\" style=\"width: 100%; visibility: hidden;\">\n\n<div class=\"container\">\n<div class=\"row h-100\">\n\n<div class=\"col-sm-4 text-center my-auto\">\n<img decoding=\"async\" src=\"\/wp-content\/uploads\/2019\/12\/hiring.png\" style=\"margin-bottom: 15px;\">\n<\/div>\n\n<div class=\"col-sm-8\" style=\"text-align: center; align-items: center;    display: inline-flex;\">\n\n<div>\n<span class=\"white_default_headline\">T\u1ea0I SAO B\u1ea0N N\u00caN CH\u1eccN LUCKY RUBY CHO S\u1ef0 NGHI\u1ec6P C\u1ee6A M\u00ccNH?<\/span>\n\n<br><br>\n\n<p class=\"white_default_text\" style=\"text-align: justify;\">\nLucky Ruby l\u00e0 s\u00f2ng b\u1ea1c bi\u00ean gi\u1edbi t\u1eadp trung m\u1ea1nh v\u00e0o ch\u1ea5t l\u01b0\u1ee3ng d\u1ecbch v\u1ee5 c\u00f9ng v\u1edbi vi\u1ec7c cung c\u1ea5p m\u1ed9t b\u1ea7u kh\u00f4ng kh\u00ed gi\u1ea3i tr\u00ed an to\u00e0n v\u00e0 \u0111\u1ea3m b\u1ea3o. \u0110\u1ec3 th\u1ef1c thi c\u00e1c gi\u00e1 tr\u1ecb v\u00e0 ti\u00eau chu\u1ea9n c\u1ee7a c\u00f4ng ty ph\u00f9 h\u1ee3p v\u1edbi s\u1ef1 ph\u00e1t tri\u1ec3n c\u1ee7a ch\u00fang t\u00f4i, ch\u00fang t\u00f4i t\u00ecm ki\u1ebfm nh\u1eefng c\u00e1 nh\u00e2n \u0111am m\u00ea chia s\u1ebb ho\u1eb7c s\u1eb5n s\u00e0ng tu\u00e2n theo t\u1ea7m nh\u00ecn, s\u1ee9 m\u1ec7nh v\u00e0 gi\u00e1 tr\u1ecb c\u1ee7a ch\u00fang t\u00f4i trong cu\u1ed9c s\u1ed1ng h\u00e0ng ng\u00e0y c\u1ee7a h\u1ecd.<\/p>\n\n<p class=\"white_default_text\" style=\"text-align: justify;\">\n\u0110\u00f3 l\u00e0 m\u1ed9t minh ch\u1ee9ng \u0111\u00e3  ch\u1ee9ng minh r\u1eb1ng ch\u00fang t\u00f4i l\u00e0 m\u1ed9t t\u1ed5 ch\u1ee9c ph\u00f9 h\u1ee3p \u0111\u1ec3 b\u1ea1n tr\u1edf th\u00e0nh m\u1ed9t ph\u1ea7n c\u1ee7a r\u1ea5t nhi\u1ec1u nh\u00e2n s\u1ef1 \u0111\u00e3 bi\u1ebfn s\u00f2ng b\u1ea1c bi\u00ean gi\u1edbi c\u1ee7a ch\u00fang t\u00f4i tr\u1edf th\u00e0nh ngu\u1ed3n s\u1ed1ng c\u1ee7a h\u1ecd trong r\u1ea5t nhi\u1ec1u n\u0103m v\u00e0 \u0111\u1ed3ng th\u1eddi ch\u00fang t\u00f4i ti\u1ebfp t\u1ee5c l\u00e0m  cho cu\u1ed9c s\u1ed1ng c\u1ee7a nh\u00e2n vi\u00ean tr\u1edf n\u00ean t\u1ed1t h\u01a1n m\u1ed7i ng\u00e0y theo t\u1ea7m nh\u00ecn c\u1ee7a c\u00f4ng ty ch\u00fang t\u00f4i.<\/p>\n\n<p class=\"white_default_text\" style=\"text-align: justify;\">\nCh\u00fang t\u00f4i hi\u1ec7n \u0111ang t\u00ecm m\u1ed9t Gi\u00e1m \u0111\u1ed1c nh\u00e2n s\u1ef1 \u0111\u1ec3 x\u1ebfp v\u00e0o h\u00e0ng ng\u0169 ph\u00f9 h\u1ee3p v\u1edbi k\u1ebf ho\u1ea1ch m\u1edf r\u1ed9ng c\u1ee7a c\u00f4ng ty ch\u00fang t\u00f4i.\n<\/p>\n\n<\/div>\n\n<\/div>\n<!-- col-sm-8 -->\n<\/div>\n<!-- row 4 8 -->\n<\/div>\n<!-- container 4 8 -->\n\n<\/div>\n<!-- col 12 alt_golden_notebox -->\n<\/div>\n<!-- row 12 -->\n<\/div>\n<!-- container 12 -->","protected":false},"excerpt":{"rendered":"<p>OPEN VACANCIES We are always open to receiving applicants whom believe they possess certain skills or knowledge that will benefit our organization. All you need to ensure before applying is your willingness to comply and commit to our vision, mission and values should you be successful in joining our ever growing organization as stipulated below: [&hellip;]<\/p>","protected":false},"author":6,"featured_media":0,"parent":876,"menu_order":0,"comment_status":"closed","ping_status":"closed","template":"","meta":{"ngg_post_thumbnail":0,"footnotes":"","_links_to":"","_links_to_target":""},"class_list":["post-5489","page","type-page","status-publish","hentry"],"_links":{"self":[{"href":"https:\/\/ruby89.com\/vi\/wp-json\/wp\/v2\/pages\/5489","targetHints":{"allow":["GET"]}}],"collection":[{"href":"https:\/\/ruby89.com\/vi\/wp-json\/wp\/v2\/pages"}],"about":[{"href":"https:\/\/ruby89.com\/vi\/wp-json\/wp\/v2\/types\/page"}],"author":[{"embeddable":true,"href":"https:\/\/ruby89.com\/vi\/wp-json\/wp\/v2\/users\/6"}],"replies":[{"embeddable":true,"href":"https:\/\/ruby89.com\/vi\/wp-json\/wp\/v2\/comments?post=5489"}],"version-history":[{"count":11,"href":"https:\/\/ruby89.com\/vi\/wp-json\/wp\/v2\/pages\/5489\/revisions"}],"predecessor-version":[{"id":7851,"href":"https:\/\/ruby89.com\/vi\/wp-json\/wp\/v2\/pages\/5489\/revisions\/7851"}],"up":[{"embeddable":true,"href":"https:\/\/ruby89.com\/vi\/wp-json\/wp\/v2\/pages\/876"}],"wp:attachment":[{"href":"https:\/\/ruby89.com\/vi\/wp-json\/wp\/v2\/media?parent=5489"}],"curies":[{"name":"wp","href":"https:\/\/api.w.org\/{rel}","templated":true}]}}