 {"id":5344,"date":"2020-07-13T20:14:23","date_gmt":"2020-07-13T13:14:23","guid":{"rendered":"https:\/\/ruby89.com\/?page_id=5344"},"modified":"2020-11-05T15:26:05","modified_gmt":"2020-11-05T08:26:05","slug":"fishing-machine","status":"publish","type":"page","link":"https:\/\/ruby89.com\/vi\/casino\/fishing-machine\/","title":{"rendered":"M\u00c1Y B\u1eaeN C\u00c1"},"content":{"rendered":"<p class=\"black_default_headline\">M\u00c1Y B\u1eaeN C\u00c1<\/p>\n\n\n\n<div class=\"container\">\n\n\n\n<div class=\"row\">\n<div class=\"col-md-8 text-justify\">\n\n<br>\n\n<p class=\"black_default_text\">\nM\u00e1y \u0111\u00e1nh c\u00e1 mang \u0111\u1ebfn tr\u1ea3i nghi\u1ec7m \u0111\u1ed9c \u0111\u00e1o cho ng\u01b0\u1eddi ch\u01a1i v\u00ec ch\u00fang t\u01b0\u01a1ng t\u1ef1 nh\u01b0 m\u00e1y \u0111\u00e1nh b\u1ea1c nh\u01b0ng c\u00f3 y\u1ebfu t\u1ed1 t\u01b0\u01a1ng t\u00e1c h\u01a1n v\u1edbi l\u1ed1i ch\u01a1i \u0111ang di\u1ec5n ra. C\u00f9ng v\u1edbi c\u00e1c kh\u00e1i ni\u1ec7m v\u00e0 ch\u1ee7 \u0111\u1ec1 th\u00fa v\u1ecb cho m\u1ed7i tr\u00f2 ch\u01a1i c\u00e2u c\u00e1, ng\u01b0\u1eddi ch\u01a1i s\u1ebd c\u00f3 m\u1ed9t giai \u0111o\u1ea1n b\u1eafn c\u00e1 th\u00fa v\u1ecb \u0111\u1ec3 gi\u00e0nh chi\u1ebfn th\u1eafng l\u1edbn t\u1ea1i s\u00f2ng b\u1ea1c. \n<\/p>\n\n<p class=\"black_default_text\">\nPh\u1ea7n th\u00fa v\u1ecb l\u00e0 m\u1ed7i m\u00e1y cho ph\u00e9p t\u1ed1i \u0111a 8 ng\u01b0\u1eddi ch\u01a1i c\u00f9ng m\u1ed9t l\u00fac, do \u0111\u00f3 b\u1ea1n c\u00f3 th\u1ec3 c\u00f3 tr\u1ea3i nghi\u1ec7m th\u1eed th\u00e1ch th\u00fa v\u1ecb c\u00f9ng v\u1edbi b\u1ea1n b\u00e8 c\u1ee7a m\u00ecnh. V\u00ec v\u1eady, h\u00e3y ti\u1ebfp t\u1ee5c v\u00e0 th\u1eed ch\u01a1i tr\u00f2 ch\u01a1i m\u00e1y b\u1eafn c\u00e1 c\u1ee7a ch\u00fang t\u00f4i v\u00e0 ai bi\u1ebft r\u1eb1ng b\u1ea1n c\u00f3 th\u1ec3 th\u1eafng l\u1edbn!\n<\/p>\n\n<\/div>\n<div class=\"col-md-4\">\n\n<img decoding=\"async\" src=\"https:\/\/ruby89.com\/wp-content\/uploads\/2020\/09\/fishing_machine_vn.jpg\" class=\"food_images\">\n\n<\/div>\n<\/div>\n\n\n\n<div style=\"height:30px\" aria-hidden=\"true\" class=\"wp-block-spacer\"><\/div>\n\n\n\n<!-- Golden Noted Box \n<div class=\"container\" id=\"container_intro\" style=\"margin-top: 0px;\">\n<div class=\"row\">\n<div class=\"alt_golden_notebox col-sm-12 text-justify wow fadeInUpBig\" style=\"visibility: hidden; width: 100%; margin-top: 10px;\">\n\n<div class=\"container\">\n<div class=\"row\">\n\n<div class=\"col-sm-12 text-center\" style=\"color: black;\">\n<span class=\"white_default_headline\">TRY YOUR LUCK, PLAY WITH US!<\/span>\n<br><br>\n<strong>Visit us at Lucky Ruby Border Casino located at Prey Vor-Moc Hoa, Svay Rieng, Cambodia<\/strong>\n<\/div>\n\n\n<\/div>\n\n\n<\/div>\n\n\n<\/div>\n\n<\/div>\n\n<\/div>\n container Golden Noted Box -->\n\n\n\n<div style=\"height:50px\" aria-hidden=\"true\" class=\"wp-block-spacer\"><\/div>","protected":false},"excerpt":{"rendered":"<p>FISHING MACHINE Fishing Machines offer a unique experience to players as they just similar to slots but have a more interactive element to the gameplay that is happening. Coupled with the cool concepts and themes for each fishing games, players would have a exciting period shooting fish to win big at the casino. The cool [&hellip;]<\/p>","protected":false},"author":6,"featured_media":0,"parent":15,"menu_order":90,"comment_status":"closed","ping_status":"closed","template":"","meta":{"ngg_post_thumbnail":0,"footnotes":"","_links_to":"","_links_to_target":""},"class_list":["post-5344","page","type-page","status-publish","hentry"],"_links":{"self":[{"href":"https:\/\/ruby89.com\/vi\/wp-json\/wp\/v2\/pages\/5344","targetHints":{"allow":["GET"]}}],"collection":[{"href":"https:\/\/ruby89.com\/vi\/wp-json\/wp\/v2\/pages"}],"about":[{"href":"https:\/\/ruby89.com\/vi\/wp-json\/wp\/v2\/types\/page"}],"author":[{"embeddable":true,"href":"https:\/\/ruby89.com\/vi\/wp-json\/wp\/v2\/users\/6"}],"replies":[{"embeddable":true,"href":"https:\/\/ruby89.com\/vi\/wp-json\/wp\/v2\/comments?post=5344"}],"version-history":[{"count":17,"href":"https:\/\/ruby89.com\/vi\/wp-json\/wp\/v2\/pages\/5344\/revisions"}],"predecessor-version":[{"id":6108,"href":"https:\/\/ruby89.com\/vi\/wp-json\/wp\/v2\/pages\/5344\/revisions\/6108"}],"up":[{"embeddable":true,"href":"https:\/\/ruby89.com\/vi\/wp-json\/wp\/v2\/pages\/15"}],"wp:attachment":[{"href":"https:\/\/ruby89.com\/vi\/wp-json\/wp\/v2\/media?parent=5344"}],"curies":[{"name":"wp","href":"https:\/\/api.w.org\/{rel}","templated":true}]}}