 {"id":5164,"date":"2020-06-27T19:48:29","date_gmt":"2020-06-27T12:48:29","guid":{"rendered":"https:\/\/ruby89.com\/?page_id=5164"},"modified":"2022-08-31T01:38:28","modified_gmt":"2022-08-30T18:38:28","slug":"agent-program","status":"publish","type":"page","link":"https:\/\/ruby89.com\/vi\/agent-program\/","title":{"rendered":"CH\u01af\u01a0NG TR\u00ccNH \u0110\u1ea0I L\u00dd"},"content":{"rendered":"<div class=\"container\" id=\"container_intro\">\n<div class=\"row\">\n<div class=\"alt_notebox-white col-sm-12 text-justify wow fadeIn\" id=\"container_padding_needed\" style=\"margin-top: 15px; visibility: hidden;\">\n\n\n\n<p class=\"black_default_headline\">CH\u01af\u01a0NG TR\u00ccNH \u0110\u1ea0I L\u00dd<\/p>\n\n\n\n<p class=\"black_default_text text-center\">\nC\u00f3 2 ch\u01b0\u01a1ng tr\u00ecnh \u0111\u1ea1i l\u00fd tuy\u1ec7t v\u1eddi t\u1ea1i Lucky Ruby th\u1ef1c s\u1ef1 s\u1ebd khi\u1ebfn b\u1ea1n tr\u1edf th\u00e0nh m\u1ed9t ng\u01b0\u1eddi h\u1ea1nh ph\u00fac khi \u0111\u01b0a kh\u00e1ch h\u00e0ng \u0111\u1ebfn ch\u01a1i t\u1ea1i s\u00f2ng b\u1ea1c c\u1ee7a ch\u00fang t\u00f4i.\n<\/p>\n\n<br>\n\n<p class=\"black_default_text font-weight-bold text-center\">\nT\u1ea1i sao nh\u1eefng ch\u01b0\u01a1ng tr\u00ecnh n\u00e0y t\u1ed1t cho b\u1ea1n?\n<\/p>\n\n<p class=\"black_default_text text-center\">\n\n<strong>&gt;<\/strong> &nbsp; B\u1ea1n c\u00f3 th\u1ec3 ki\u1ebfm th\u00eam thu nh\u1eadp &nbsp; <strong>&lt;<\/strong><br>\n\n<strong>&gt;<\/strong> &nbsp; B\u1ea1n c\u00e0ng mang nhi\u1ec1u ng\u01b0\u1eddi ch\u01a1i \u0111\u1ebfn ch\u01a1i s\u1ebd cho ph\u00e9p b\u1ea1n ki\u1ebfm \u0111\u01b0\u1ee3c nhi\u1ec1u ti\u1ec1n h\u01a1n &nbsp; <strong>&lt;<\/strong><br>\n\n<strong>&gt;<\/strong> &nbsp; T\u1ef1 do h\u01a1n cho b\u1ea1n trong vi\u1ec7c qu\u1ea3n l\u00fd th\u1eddi gian v\u00e0 cu\u1ed9c s\u1ed1ng c\u00e1 nh\u00e2n c\u1ee7a b\u1ea1n &nbsp; <strong>&lt;<\/strong><br>\n\n<strong>&gt;<\/strong> &nbsp; \u0110\u1ea3m b\u1ea3o thanh to\u00e1n hoa h\u1ed3ng h\u00e0ng ng\u00e0y &nbsp; <strong>&lt;<\/strong>\n\n<\/p>\n\n<br>\n\n<p class=\"black_default_text font-weight-bold text-center\">\nCh\u01b0\u01a1ng tr\u00ecnh n\u00e0o ph\u00f9 h\u1ee3p v\u1edbi b\u1ea1n?\n<\/p>\n\n<p class=\"black_default_text text-center\">\n\n<strong>&gt;<\/strong> &nbsp; \u0110i\u1ec1u n\u00e0y s\u1ebd ch\u1ec9 d\u1ef1a tr\u00ean h\u1ed3 s\u01a1 c\u1ee7a nh\u1eefng ng\u01b0\u1eddi ch\u01a1i m\u00e0 b\u1ea1n c\u00f3 th\u1ec3 gi\u1edbi thi\u1ec7u &nbsp; <strong>&lt;<\/strong>\n\n<br>\n\n\n<strong>&gt;<\/strong> &nbsp; N\u1ebfu b\u1ea1n c\u00f3 ng\u01b0\u1eddi ch\u01a1i l\u00e0 rollers cao, b\u1ea1n c\u00f3 th\u1ec3 \u0111\u0103ng k\u00fd m\u1ed7i ng\u01b0\u1eddi ch\u01a1i theo ch\u01b0\u01a1ng tr\u00ecnh 320.000 \u0111\u1ed3ng &nbsp; <strong>&lt;<\/strong><br> \n\n<strong>&gt;<\/strong> &nbsp; N\u1ebfu ng\u01b0\u1eddi ch\u01a1i c\u1ee7a b\u1ea1n l\u00e0 nh\u1eefng ng\u01b0\u1eddi ch\u01a1i b\u00ecnh th\u01b0\u1eddng v\u1edbi kh\u1ea3 n\u0103ng ch\u1ec9 \u0111\u1eb7t c\u01b0\u1ee3c d\u01b0\u1edbi 500.000 VN\u0110 th\u00ec t\u1ed1t nh\u1ea5t b\u1ea1n n\u00ean \u0111\u0103ng k\u00fd cho m\u1ed7i ng\u01b0\u1eddi ch\u01a1i theo ch\u01b0\u01a1ng tr\u00ecnh 50.000 VN\u0110 &nbsp; <strong>&lt;<\/strong><br> \n\n<strong>&gt;<\/strong> &nbsp; M\u1ed7i ng\u01b0\u1eddi ch\u01a1i ch\u1ec9 \u0111\u01b0\u1ee3c \u0111\u0103ng k\u00fd 1 lo\u1ea1i ch\u01b0\u01a1ng tr\u00ecnh &nbsp; <strong>&lt;<\/strong>\n\n<\/p>\n\n\n\n<div class=\"container text-center\">\n\n\n\n<div class=\"row\" style=\"padding-top: 30px;\">\n<div class=\"col-md-12\">\n  <p class=\"black_default_headline\">L\u00c0M TH\u1ebe N\u00c0O \u0110\u1ec2 B\u1ea0N KI\u1ebeM \u0110\u01af\u1ee2C TI\u1ec0N?<\/p>\n<\/div>\n<\/div>\n\n\n\n<div class=\"row justify-content-md-center\" style=\"padding-top: 20px;\">\n<div class=\"alt_notebox_white col-md-5 text-left\" style=\"margin-right: 20px;\">\n<img decoding=\"async\" src=\"https:\/\/ruby89.com\/wp-content\/uploads\/2022\/08\/agent_promotion_left_vn.png\">\n<p class=\"black_default_headline\" style=\"padding-top: 10px;\">G\u00d3I 320,000 \u0110\u1ed2NG<\/p>\n<ol>\n<li class=\"black_default_text\"> \u0110\u01b0a ng\u01b0\u1eddi ch\u01a1i c\u1ee7a b\u1ea1n \u0111\u1ebfn s\u00f2ng b\u1ea1c c\u1ee7a ch\u00fang t\u00f4i\n<li class=\"black_default_text\"> Th\u00f4ng b\u00e1o cho nh\u00e2n vi\u00ean d\u1ecbch v\u1ee5 kh\u00e1ch h\u00e0ng VIP c\u1ee7a ch\u00fang t\u00f4i \u0111\u1ec3 \u0111\u0103ng k\u00fd th\u00f4ng tin ng\u01b0\u1eddi ch\u01a1i m\u00e0 b\u1ea1n \u0111\u00e3 mang \u0111\u1ebfn.\n<li class=\"black_default_text\"> Nh\u00e2n vi\u00ean c\u1ee7a ch\u00fang t\u00f4i s\u1ebd theo d\u00f5i m\u1ee9c \u0111\u1eb7t c\u01b0\u1ee3c trung b\u00ecnh v\u00e0 th\u1eddi gian c\u1ee7a ng\u01b0\u1eddi ch\u01a1i c\u1ee7a b\u1ea1n.\n<li class=\"black_default_text\"> N\u1ebfu ng\u01b0\u1eddi ch\u01a1i \u0111\u00e3 ch\u01a1i t\u1eeb 4 gi\u1edd tr\u1edf l\u00ean v\u00e0 c\u00f3 s\u1ed1 ti\u1ec1n c\u00e1 c\u01b0\u1ee3c trung b\u00ecnh l\u00e0 500,000, th\u00ec b\u1ea1n s\u1ebd nh\u1eadn \u0111\u01b0\u1ee3c hoa h\u1ed3ng \u0111\u1ea1i l\u00fd 320,000.\n<li class=\"black_default_text\"> Sau khi x\u00e1c nh\u1eadn \u0111\u01b0\u1ee3c duy\u1ec7t c\u00e1c b\u1ea1n c\u00f3 th\u1ec3 \u0111\u1ebfn ph\u00f2ng thu ng\u00e2n \u0111\u1ec3 nh\u1eadn hoa h\u1ed3ng.\n<\/ul>\n<!--\n<br><br>\n<p>\n<strong>\nNote: The average bets are calculated from bets made on gaming tables and fishing machines\n<\/strong>\n<\/p>\n-->\n<\/div>\n<!-- col-md-6 -->\n<div class=\"alt_notebox_white col-md-5 text-left\" style=\"margin-left: 20px;\">\n<img decoding=\"async\" src=\"https:\/\/ruby89.com\/wp-content\/uploads\/2022\/08\/agent_promotion_right_vn.png\">\n<p class=\"black_default_headline\" style=\"padding-top: 10px;\">G\u00d3I 50.000 \u0110\u1ed2NG<\/p>\n<ol>\n<li class=\"black_default_text\"> \u0110\u01b0a ng\u01b0\u1eddi ch\u01a1i c\u1ee7a b\u1ea1n \u0111\u1ebfn s\u00f2ng b\u1ea1c c\u1ee7a ch\u00fang t\u00f4i\n<li class=\"black_default_text\"> Th\u00f4ng b\u00e1o cho nh\u00e2n vi\u00ean d\u1ecbch v\u1ee5 kh\u00e1ch h\u00e0ng VIP c\u1ee7a ch\u00fang t\u00f4i \u0111\u1ec3 \u0111\u0103ng k\u00fd th\u00f4ng tin ng\u01b0\u1eddi ch\u01a1i m\u00e0 b\u1ea1n \u0111\u00e3 mang \u0111\u1ebfn.\n<li class=\"black_default_text\"> Nh\u00e2n vi\u00ean c\u1ee7a ch\u00fang t\u00f4i s\u1ebd theo d\u00f5i m\u1ee9c \u0111\u1eb7t c\u01b0\u1ee3c trung b\u00ecnh v\u00e0 th\u1eddi gian c\u1ee7a ng\u01b0\u1eddi ch\u01a1i c\u1ee7a b\u1ea1n.\n<li class=\"black_default_text\"> N\u1ebfu ng\u01b0\u1eddi ch\u01a1i \u0111\u00e3 ch\u01a1i t\u1eeb 3 gi\u1edd tr\u1edf l\u00ean v\u00e0 c\u00f3 s\u1ed1 ti\u1ec1n c\u00e1 c\u01b0\u1ee3c trung b\u00ecnh l\u00e0 100,000, th\u00ec b\u1ea1n s\u1ebd nh\u1eadn \u0111\u01b0\u1ee3c hoa h\u1ed3ng \u0111\u1ea1i l\u00fd 50,000.\n<li class=\"black_default_text\"> Sau khi x\u00e1c nh\u1eadn \u0111\u01b0\u1ee3c duy\u1ec7t c\u00e1c b\u1ea1n c\u00f3 th\u1ec3 \u0111\u1ebfn ph\u00f2ng thu ng\u00e2n \u0111\u1ec3 nh\u1eadn hoa h\u1ed3ng.\n<\/ul>\n<!--\n<br><br>\n<p>\n<strong>\nNote: The average bets are calculated from bets made on gaming tables and fishing machines\n<\/strong>\n<\/p>\n-->\n<\/div>\n<!-- col-md-6 -->\n<\/div>\n<!-- row -->\n\n\n\n<\/div>\n<!-- container -->\n\n\n\n<div style=\"height:20px\" aria-hidden=\"true\" class=\"wp-block-spacer\"><\/div>\n\n\n\n<p class=\"disconver_serenity text-center\">\nCh\u00fang t\u00f4i hy v\u1ecdng b\u1ea1n c\u00f3 th\u1ec3 ki\u1ebfm \u0111\u01b0\u1ee3c nhi\u1ec1u ti\u1ec1n hoa h\u1ed3ng h\u01a1n th\u00f4ng qua k\u1ebf ho\u1ea1ch c\u1ee7a ch\u00fang t\u00f4i.\n<\/p>\n\n<br><br>\n\n<center>\n<form action=\"https:\/\/ruby89.com\/vi\/contact-us\/\" data-trp-original-action=\"\/contact-us\/\">\n<button class=\"header_book_now_button menu-item menu-item-type-custom menu-item-object-custom current-menu-item current_page_item\" style=\"font-size: 18px; float: unset !important; width: 320px !important; height: 60px !important; border: 0px solid #ffffff; text-decoration: none;\">LI\u00caN H\u1ec6 V\u1edaI CH\u00daNG T\u00d4I \u0110\u1ec2 T\u00ccM HI\u1ec2U TH\u00caM<\/button>\n<input type=\"hidden\" name=\"trp-form-language\" value=\"vi\"\/><\/form>\n<\/center>\n\n\n\n<div style=\"height:30px\" aria-hidden=\"true\" class=\"wp-block-spacer\"><\/div>\n\n\n\n<div style=\"height:50px\" aria-hidden=\"true\" class=\"wp-block-spacer\"><\/div>\n\n\n\n<\/div>\n<\/div>\n<\/div>","protected":false},"excerpt":{"rendered":"<p>AGENT PROGRAM There 2 awesome agent programs at Lucky Ruby which would indeed make you a happy person by bringing customers to play at our casino. Why these programs are good for you? &gt; &nbsp; You get to earn an extra income &nbsp; &lt; &gt; &nbsp; The more players that you bring to play will [&hellip;]<\/p>","protected":false},"author":6,"featured_media":0,"parent":0,"menu_order":61,"comment_status":"closed","ping_status":"closed","template":"","meta":{"ngg_post_thumbnail":0,"footnotes":"","_links_to":"","_links_to_target":""},"class_list":["post-5164","page","type-page","status-publish","hentry"],"_links":{"self":[{"href":"https:\/\/ruby89.com\/vi\/wp-json\/wp\/v2\/pages\/5164","targetHints":{"allow":["GET"]}}],"collection":[{"href":"https:\/\/ruby89.com\/vi\/wp-json\/wp\/v2\/pages"}],"about":[{"href":"https:\/\/ruby89.com\/vi\/wp-json\/wp\/v2\/types\/page"}],"author":[{"embeddable":true,"href":"https:\/\/ruby89.com\/vi\/wp-json\/wp\/v2\/users\/6"}],"replies":[{"embeddable":true,"href":"https:\/\/ruby89.com\/vi\/wp-json\/wp\/v2\/comments?post=5164"}],"version-history":[{"count":159,"href":"https:\/\/ruby89.com\/vi\/wp-json\/wp\/v2\/pages\/5164\/revisions"}],"predecessor-version":[{"id":7202,"href":"https:\/\/ruby89.com\/vi\/wp-json\/wp\/v2\/pages\/5164\/revisions\/7202"}],"wp:attachment":[{"href":"https:\/\/ruby89.com\/vi\/wp-json\/wp\/v2\/media?parent=5164"}],"curies":[{"name":"wp","href":"https:\/\/api.w.org\/{rel}","templated":true}]}}