 {"id":5154,"date":"2020-06-27T18:58:15","date_gmt":"2020-06-27T11:58:15","guid":{"rendered":"https:\/\/ruby89.com\/?page_id=5154"},"modified":"2020-11-06T14:28:28","modified_gmt":"2020-11-06T07:28:28","slug":"media-news","status":"publish","type":"page","link":"https:\/\/ruby89.com\/vi\/media-news\/","title":{"rendered":"Tin t\u1ee9c truy\u1ec1n th\u00f4ng"},"content":{"rendered":"<br>\n<p class=\"black_default_headline\">Tin t\u1ee9c truy\u1ec1n th\u00f4ng<\/p>\n\n\n    <div data-options='{&quot;id&quot;:&quot;5156&quot;,&quot;lazy_load&quot;:&quot;no&quot;,&quot;masonry_enable&quot;:&quot;no&quot;,&quot;view_type&quot;:&quot;grid&quot;}' id=\"post-grid-5156\" class=\"post-grid grid\">\n    \n\n\n    <div class=\"grid-items\">\n      <div class=\"item item-8844 skin flat even 0\">\n        <div class=\"layer-wrapper layout-6129\">\n          <div class=\"layer-media element_1587187627902\"\r\n        id=\"\">\r\n        <div\r\n        class=\"element element_1587190790308  element-media\">\r\n        <a target=\"_self\" href=\"https:\/\/m.freshnews.com.kh\/localnews\/418281-2026-02-15-10-35-41\" rel=\"noopener\"><img loading=\"lazy\" decoding=\"async\" width=\"500\" height=\"500\" src=\"https:\/\/ruby89.com\/wp-content\/uploads\/2026\/02\/article_dap-news_newse2026.webp\" class=\"attachment-large size-large wp-post-image\" alt=\"\" \/><\/a>    <\/div>\r\n    <\/div>\r\n    <div class=\"element element_1587187895341  title\">\r\n                    <a target=\"_blank\" href=\"https:\/\/m.freshnews.com.kh\/localnews\/418281-2026-02-15-10-35-41\" rel=\"noopener\">Community Donation Initiative by Lucky Ruby Border Casino Brings Support to Kampong Rou During Its 11th Anniversary<\/a>\r\n            <\/div>\r\n            <div class=\"element element_1604907897753  read_more\">\r\n            Read more        <\/div>\r\n        <\/div>\n  <\/div><div class=\"item item-8841 skin flat odd 1\">\n        <div class=\"layer-wrapper layout-6129\">\n          <div class=\"layer-media element_1587187627902\"\r\n        id=\"\">\r\n        <div\r\n        class=\"element element_1587190790308  element-media\">\r\n        <a target=\"_self\" href=\"https:\/\/www.facebook.com\/story.php?story_fbid=1156917282680617&#038;id=100050870680472&#038;rdid=iIWg8FQE4DVjKc5b#\" rel=\"noopener\"><img loading=\"lazy\" decoding=\"async\" width=\"500\" height=\"500\" src=\"https:\/\/ruby89.com\/wp-content\/uploads\/2026\/02\/article_dap-news_newest.webp\" class=\"attachment-large size-large wp-post-image\" alt=\"\" \/><\/a>    <\/div>\r\n    <\/div>\r\n    <div class=\"element element_1587187895341  title\">\r\n                    <a target=\"_blank\" href=\"https:\/\/www.facebook.com\/story.php?story_fbid=1156917282680617&#038;id=100050870680472&#038;rdid=iIWg8FQE4DVjKc5b#\" rel=\"noopener\">Lucky Ruby Border Casino Celebrates Its 10th Anniversary by Providing Meaningful Donations to Families, Schools, and Pagodas in Kampong Rou District<\/a>\r\n            <\/div>\r\n            <div class=\"element element_1604907897753  read_more\">\r\n            Read more        <\/div>\r\n        <\/div>\n  <\/div><div class=\"item item-7510 skin flat even 2\">\n        <div class=\"layer-wrapper layout-6129\">\n          <div class=\"layer-media element_1587187627902\"\r\n        id=\"\">\r\n        <div\r\n        class=\"element element_1587190790308  element-media\">\r\n        <a target=\"_self\" href=\"https:\/\/freshnewsasia.com\/index.php\/en\/localnews\/278122-2023-02-15-06-44-22.html\" rel=\"noopener\"><img loading=\"lazy\" decoding=\"async\" width=\"404\" height=\"404\" src=\"https:\/\/ruby89.com\/wp-content\/uploads\/2023\/02\/article_freshnewsasia_new.webp\" class=\"attachment-large size-large wp-post-image\" alt=\"\" \/><\/a>    <\/div>\r\n    <\/div>\r\n    <div class=\"element element_1587187895341  title\">\r\n                    <a target=\"_blank\" href=\"https:\/\/freshnewsasia.com\/index.php\/en\/localnews\/278122-2023-02-15-06-44-22.html\" rel=\"noopener\">120 gia \u0111\u00ecnh, tr\u01b0\u1eddng h\u1ecdc v\u00e0 ch\u00f9a \u1edf qu\u1eadn Kampong Rou \u0111\u00e3 nh\u1eadn \u0111\u01b0\u1ee3c s\u1ef1 \u0111\u00f3ng g\u00f3p t\u1eeb S\u00f2ng b\u1ea1c Lucky Ruby v\u00e0o l\u1ec5 k\u1ef7 ni\u1ec7m 8 n\u0103m th\u00e0nh l\u1eadp<\/a>\r\n            <\/div>\r\n            <div class=\"element element_1604907897753  read_more\">\r\n            Read more        <\/div>\r\n        <\/div>\n  <\/div><div class=\"item item-7508 skin flat odd 3\">\n        <div class=\"layer-wrapper layout-6129\">\n          <div class=\"layer-media element_1587187627902\"\r\n        id=\"\">\r\n        <div\r\n        class=\"element element_1587190790308  element-media\">\r\n        <a target=\"_self\" href=\"http:\/\/www.dcn-news.com\/metnews\/1157\" rel=\"noopener\"><img loading=\"lazy\" decoding=\"async\" width=\"405\" height=\"405\" src=\"https:\/\/ruby89.com\/wp-content\/uploads\/2023\/02\/article_dcn-news_new.webp\" class=\"attachment-large size-large wp-post-image\" alt=\"\" \/><\/a>    <\/div>\r\n    <\/div>\r\n    <div class=\"element element_1587187895341  title\">\r\n                    <a target=\"_blank\" href=\"http:\/\/www.dcn-news.com\/metnews\/1157\" rel=\"noopener\">\u00d4ng Jment Lim, ng\u01b0\u1eddi s\u00e1ng l\u1eadp S\u00f2ng b\u1ea1c Lucky Ruby quy\u00ean g\u00f3p cho c\u1ed9ng \u0111\u1ed3ng \u0111\u1ecba ph\u01b0\u01a1ng g\u1ed3m 120 gia \u0111\u00ecnh kh\u00f3 kh\u0103n, tr\u01b0\u1eddng h\u1ecdc v\u00e0 ch\u00f9a trong qu\u1eadn Kampong Rou.<\/a>\r\n            <\/div>\r\n            <div class=\"element element_1604907897753  read_more\">\r\n            Read more        <\/div>\r\n        <\/div>\n  <\/div><div class=\"item item-7506 skin flat even 4\">\n        <div class=\"layer-wrapper layout-6129\">\n          <div class=\"layer-media element_1587187627902\"\r\n        id=\"\">\r\n        <div\r\n        class=\"element element_1587190790308  element-media\">\r\n        <a target=\"_self\" href=\"https:\/\/dap-news.com\/national\/2023\/02\/15\/312453\/\" rel=\"noopener\"><img loading=\"lazy\" decoding=\"async\" width=\"640\" height=\"640\" src=\"https:\/\/ruby89.com\/wp-content\/uploads\/2023\/02\/article_dap-news_new.webp\" class=\"attachment-large size-large wp-post-image\" alt=\"\" \/><\/a>    <\/div>\r\n    <\/div>\r\n    <div class=\"element element_1587187895341  title\">\r\n                    <a target=\"_blank\" href=\"https:\/\/dap-news.com\/national\/2023\/02\/15\/312453\/\" rel=\"noopener\">S\u00f2ng b\u1ea1c Lucky Ruby quy\u00ean g\u00f3p cho 120 gia \u0111\u00ecnh, ch\u00f9a v\u00e0 tr\u01b0\u1eddng h\u1ecdc \u1edf qu\u1eadn Kampong Rou<\/a>\r\n            <\/div>\r\n            <div class=\"element element_1604907897753  read_more\">\r\n            Read more        <\/div>\r\n        <\/div>\n  <\/div><div class=\"item item-4967 skin flat odd 5\">\n        <div class=\"layer-wrapper layout-6129\">\n          <div class=\"layer-media element_1587187627902\"\r\n        id=\"\">\r\n        <div\r\n        class=\"element element_1587190790308  element-media\">\r\n        <a target=\"_self\" href=\"https:\/\/dap-news.com\/national\/2020\/06\/15\/61442\/\" rel=\"noopener\"><img loading=\"lazy\" decoding=\"async\" width=\"585\" height=\"585\" src=\"https:\/\/ruby89.com\/wp-content\/uploads\/2020\/06\/ruby_photo_donation_june_2020.jpg\" class=\"attachment-large size-large wp-post-image\" alt=\"\" \/><\/a>    <\/div>\r\n    <\/div>\r\n    <div class=\"element element_1587187895341  title\">\r\n                    <a target=\"_blank\" href=\"https:\/\/dap-news.com\/national\/2020\/06\/15\/61442\/\" rel=\"noopener\">S\u1ef0 KI\u1ec6N  \u0110\u1eb6C BI\u1ec6T  QUY\u00caN G\u00d3P  CHO CH\u00d9A KOH ANDETH<\/a>\r\n            <\/div>\r\n            <div class=\"element element_1604907897753  read_more\">\r\n            Read more        <\/div>\r\n        <\/div>\n  <\/div><div class=\"item item-4783 skin flat even 6\">\n        <div class=\"layer-wrapper layout-6129\">\n          <div class=\"layer-media element_1587187627902\"\r\n        id=\"\">\r\n        <div\r\n        class=\"element element_1587190790308  element-media\">\r\n        <a target=\"_self\" href=\"https:\/\/issuu.com\/peterwhite3\/docs\/casino_life_april_2020_high_res_v3\/16\" rel=\"noopener\"><img loading=\"lazy\" decoding=\"async\" width=\"640\" height=\"640\" src=\"https:\/\/ruby89.com\/wp-content\/uploads\/2020\/06\/Jment-Lim-Lucky-ruby.png\" class=\"attachment-large size-large wp-post-image\" alt=\"\" \/><\/a>    <\/div>\r\n    <\/div>\r\n    <div class=\"element element_1587187895341  title\">\r\n                    <a target=\"_blank\" href=\"https:\/\/issuu.com\/peterwhite3\/docs\/casino_life_april_2020_high_res_v3\/16\" rel=\"noopener\">PH\u1eceNG V\u1ea4N V\u1edaI NG\u01af\u1edcI S\u00c1NG L\u1eacP C\u1ee6A CH\u00daNG T\u00d4I, \u00d4NG. JMENT LIM - T\u1ea0P CH\u00cd CU\u1ed8C S\u1ed0NG CASINO<\/a>\r\n            <\/div>\r\n            <div class=\"element element_1604907897753  read_more\">\r\n            Read more        <\/div>\r\n        <\/div>\n  <\/div><div class=\"item item-5643 skin flat odd 7\">\n        <div class=\"layer-wrapper layout-6129\">\n          <div class=\"layer-media element_1587187627902\"\r\n        id=\"\">\r\n        <div\r\n        class=\"element element_1587190790308  element-media\">\r\n        <a target=\"_self\" href=\"http:\/\/m.freshnewsasia.com\/index.php\/en\/localnews\/131928-2019-08-25-09-48-34.html\" rel=\"noopener\"><img loading=\"lazy\" decoding=\"async\" width=\"585\" height=\"585\" src=\"https:\/\/ruby89.com\/wp-content\/uploads\/2020\/07\/media_news_annual_blessing_2019.jpg\" class=\"attachment-large size-large wp-post-image\" alt=\"\" \/><\/a>    <\/div>\r\n    <\/div>\r\n    <div class=\"element element_1587187895341  title\">\r\n                    <a target=\"_blank\" href=\"http:\/\/m.freshnewsasia.com\/index.php\/en\/localnews\/131928-2019-08-25-09-48-34.html\" rel=\"noopener\">L\u00c0M T\u1eea THI\u1ec6N ,QUY\u00caN G\u00d3P NH\u00c2N \u0110\u1ea0O CHO NH\u1eeeNG NG\u01af\u1edcI \u1ede SVAY RIENG<\/a>\r\n            <\/div>\r\n            <div class=\"element element_1604907897753  read_more\">\r\n            Read more        <\/div>\r\n        <\/div>\n  <\/div><div class=\"item item-5648 skin flat even 8\">\n        <div class=\"layer-wrapper layout-6129\">\n          <div class=\"layer-media element_1587187627902\"\r\n        id=\"\">\r\n        <div\r\n        class=\"element element_1587190790308  element-media\">\r\n        <a target=\"_self\" href=\"http:\/\/m.freshnewsasia.com\/index.php\/en\/localnews\/76646-2018-01-22-06-53-05.html\" rel=\"noopener\"><img loading=\"lazy\" decoding=\"async\" width=\"585\" height=\"585\" src=\"https:\/\/ruby89.com\/wp-content\/uploads\/2020\/07\/media_new_Chup_Pring_Primary_School_2018.jpg\" class=\"attachment-large size-large wp-post-image\" alt=\"\" \/><\/a>    <\/div>\r\n    <\/div>\r\n    <div class=\"element element_1587187895341  title\">\r\n                    <a target=\"_blank\" href=\"http:\/\/m.freshnewsasia.com\/index.php\/en\/localnews\/76646-2018-01-22-06-53-05.html\" rel=\"noopener\">L\u1ec4 KH\u00c1NH TH\u00c0NH  TR\u01af\u1edcNG TI\u1ec2U H\u1eccC CHUP PRING<\/a>\r\n            <\/div>\r\n            <div class=\"element element_1604907897753  read_more\">\r\n            Read more        <\/div>\r\n        <\/div>\n  <\/div><div class=\"item item-5653 skin flat odd 9\">\n        <div class=\"layer-wrapper layout-6129\">\n          <div class=\"layer-media element_1587187627902\"\r\n        id=\"\">\r\n        <div\r\n        class=\"element element_1587190790308  element-media\">\r\n        <a target=\"_self\" href=\"http:\/\/nkdnews.com\/archives\/122825?fbclid=IwAR2p65ckv5DSFxWZztENgJmb7T6NReCb-OBiwHQ381YCxXG_aHyakMp7T_c\" rel=\"noopener\"><img loading=\"lazy\" decoding=\"async\" width=\"585\" height=\"585\" src=\"https:\/\/ruby89.com\/wp-content\/uploads\/2020\/07\/media_news_270_families_help.jpg\" class=\"attachment-large size-large wp-post-image\" alt=\"\" \/><\/a>    <\/div>\r\n    <\/div>\r\n    <div class=\"element element_1587187895341  title\">\r\n                    <a target=\"_blank\" href=\"http:\/\/nkdnews.com\/archives\/122825?fbclid=IwAR2p65ckv5DSFxWZztENgJmb7T6NReCb-OBiwHQ381YCxXG_aHyakMp7T_c\" rel=\"noopener\">T\u1eb6NG QU\u00c0 CHO 270 GIA \u0110\u00ccNH Kh\u00d3 KH\u0102N<\/a>\r\n            <\/div>\r\n            <div class=\"element element_1604907897753  read_more\">\r\n            Read more        <\/div>\r\n        <\/div>\n  <\/div>    <\/div>\n    <div class=\"pagination\">\n      <div class=\"paginate\">\n      <\/div>\n  <style type=\"text\/css\">\n    #post-grid-5156 .pagination .page-numbers {\n      font-size: 16px;\n      color: #fff;\n      background: #646464;\n    }\n\n    #post-grid-5156 .pagination .page-numbers:hover,\n    #post-grid-5156 .pagination .page-numbers.current {\n      background: #4b4b4b;\n    }\n  <\/style>\n  <\/div>\n        <style type=\"text\/css\">\r\n            .layout-6129 .element_1587187627902 {\r\n                            }\r\n\r\n                    <\/style>\r\n        <style type=\"text\/css\">\r\n        .layout-6129 .element_1587190790308 {\r\n            overflow: hidden;\r\n                    }\r\n\r\n        .layout-6129 .element_1587190790308 img {\r\n            max-width: 100%;\r\n            height: auto;\r\n        }\r\n\r\n        @media only screen and (min-width: 1024px) {\r\n            .layout-6129 .element_1587190790308 {\r\n                height: auto;\r\n                            }\r\n        }\r\n\r\n        @media only screen and (min-width: 768px) and (max-width: 1023px) {\r\n            .layout-6129 .element_1587190790308 {\r\n                height: auto;\r\n                            }\r\n        }\r\n\r\n        @media only screen and (min-width: 0px) and (max-width: 767px) {\r\n            .layout-6129 .element_1587190790308 {\r\n                height: auto;\r\n                            }\r\n        }\r\n    <\/style>\r\n    <style type=\"text\/css\">\r\n        .layout-6129 .element_1587187895341 {\r\n            font-size: 16px;\r\n            margin: 0px 0px 25px 0px;\r\n            text-align: left;\r\n                    }\r\n\r\n        .layout-6129 .element_1587187895341 a {\r\n            font-size: 16px;\r\n            margin: 0px 0px 25px 0px;\r\n            text-align: left;\r\n                    }\r\n    <\/style>\r\n    <style type=\"text\/css\">\r\n        .layout-6129 .element_1604907897753 {\r\n            text-align: left;\r\n                    }\r\n\r\n        .layout-6129 .element_1604907897753 a {\r\n                    }\r\n    <\/style>\r\n        <style type=\"text\/css\">\n      .layout-6129 a{text-decoration:none}.layout-6129{vertical-align:top}.layout-6129 .layer-content{padding:10px}    <\/style>\n    <script>\n          <\/script>\n    <style type=\"text\/css\">\n    #post-grid-5156 {\n      padding: 10px;\n          }\n\n    #post-grid-5156 .item {\n      padding: 0px;\n      background: #000000;\n          }\n\n    #post-grid-5156 .item .layer-media {\n      height:auto;    }\n\n    @media only screen and (min-width: 0px) and (max-width: 767px) {\n      #post-grid-5156 .grid-items {\n        text-align: center;\n              }\n\n      #post-grid-5156 .item {\n        width: 95%;\n        margin: 10px;\n        display: inline-block;\n        vertical-align: top;\n        height:auto;      }\n    }\n\n    @media only screen and (min-width: 768px) and (max-width: 1023px) {\n      #post-grid-5156 .grid-items {\n        text-align: center;\n              }\n\n      #post-grid-5156 .item {\n        width: 260px;\n        margin: 10px;\n        display: inline-block;\n        vertical-align: top;\n        max-height:auto;      }\n    }\n\n    @media only screen and (min-width: 1024px) {\n      #post-grid-5156 .grid-items {\n        text-align: center;\n              }\n\n      #post-grid-5156 .item {\n        width: 260px;\n        display: inline-block;\n        margin: 10px;\n        vertical-align: top;\n        height:auto;      }\n    }\n\n      <\/style>\n  <\/div>","protected":false},"excerpt":{"rendered":"<p>Tin t\u1ee9c truy\u1ec1n th\u00f4ng<\/p>","protected":false},"author":6,"featured_media":0,"parent":0,"menu_order":81,"comment_status":"closed","ping_status":"closed","template":"","meta":{"ngg_post_thumbnail":0,"footnotes":"","_links_to":"","_links_to_target":""},"class_list":["post-5154","page","type-page","status-publish","hentry"],"_links":{"self":[{"href":"https:\/\/ruby89.com\/vi\/wp-json\/wp\/v2\/pages\/5154","targetHints":{"allow":["GET"]}}],"collection":[{"href":"https:\/\/ruby89.com\/vi\/wp-json\/wp\/v2\/pages"}],"about":[{"href":"https:\/\/ruby89.com\/vi\/wp-json\/wp\/v2\/types\/page"}],"author":[{"embeddable":true,"href":"https:\/\/ruby89.com\/vi\/wp-json\/wp\/v2\/users\/6"}],"replies":[{"embeddable":true,"href":"https:\/\/ruby89.com\/vi\/wp-json\/wp\/v2\/comments?post=5154"}],"version-history":[{"count":4,"href":"https:\/\/ruby89.com\/vi\/wp-json\/wp\/v2\/pages\/5154\/revisions"}],"predecessor-version":[{"id":5175,"href":"https:\/\/ruby89.com\/vi\/wp-json\/wp\/v2\/pages\/5154\/revisions\/5175"}],"wp:attachment":[{"href":"https:\/\/ruby89.com\/vi\/wp-json\/wp\/v2\/media?parent=5154"}],"curies":[{"name":"wp","href":"https:\/\/api.w.org\/{rel}","templated":true}]}}