 {"id":458,"date":"2019-10-18T13:20:23","date_gmt":"2019-10-18T06:20:23","guid":{"rendered":"https:\/\/ruby89.com\/?page_id=458"},"modified":"2024-02-12T16:37:46","modified_gmt":"2024-02-12T09:37:46","slug":"sky-bar","status":"publish","type":"page","link":"https:\/\/ruby89.com\/vi\/facilities\/sky-bar\/","title":{"rendered":"SKY BAR"},"content":{"rendered":"<p class=\"black_default_headline\">S\u1ef0 HO\u00c0N H\u1ea2O CHO M\u1ed8T K\u1ef6 NI\u1ec6M TH\u1eacT \u0110\u1eb6C BI\u1ec6T<\/p>\n\n\n\n<div class=\"container\" id=\"container_intro\">\n<div class=\"row\">\n\n\n\n<div class=\"alt_notebox_white col-sm-8 text-justify wow fadeIn\" id=\"container_padding_needed\" style=\"margin-top: 15px; visibility: hidden;\">\n\n\n\n\n\n<p class=\"black_default_text\">\u0110\u01b0\u1ee3c bao quanh b\u1edfi \u0111\u01b0\u1eddng ch\u00e2n tr\u1eddi tuy\u1ec7t \u0111\u1eb9p, h\u00e3y t\u1eadn h\u01b0\u1edfng kho\u1ea3ng th\u1eddi gian \u0111\u00e1ng nh\u1edb v\u1edbi gia \u0111\u00ecnh v\u00e0 b\u1ea1n b\u00e8. B\u1ea7u kh\u00f4ng kh\u00ed \u1edf \u0111\u00e2y th\u1eadt ho\u00e0n h\u1ea3o \u0111\u1ec3 t\u1ea1o n\u00ean k\u1ef7 ni\u1ec7m \u0111\u1eb7c bi\u1ec7t ho\u00e0n h\u1ea3o trong cu\u1ed9c \u0111\u1eddi b\u1ea1n. H\u00e3y t\u01b0\u1edfng t\u01b0\u1ee3ng l\u00e0n gi\u00f3 m\u00e1t l\u00e0nh th\u1ed5i v\u00e0o b\u1ea1n trong khi b\u1ea1n \u0111ang c\u00f3 th\u1eddi gian c\u1ee7a cu\u1ed9c \u0111\u1eddi m\u00ecnh. \u0110\u00f3 l\u00e0 nh\u1eefng g\u00ec Lucky Ruby Border Casino\u2019s Skybar mang l\u1ea1i cho b\u1ea1n.<\/p>\n\n<br>\n\n\n\n<center>\n\n<div class=\"container-fluid\" style=\"padding-left: 0; padding-right: 0;\">\n<div class=\"row\">\n<div class=\"col-md-6\">\n<!-- <img decoding=\"async\" src=\"\/wp-content\/uploads\/2020\/12\/skybar_view_800x600.jpg\" class=\"restaurant_images\"> -->\n<img decoding=\"async\" src=\"\/wp-content\/uploads\/2020\/07\/DSC05215.jpg\" class=\"restaurant_images\">\n<img decoding=\"async\" src=\"\/wp-content\/uploads\/2024\/02\/skybar_new_2.webp\" class=\"restaurant_images\">\n<img decoding=\"async\" src=\"\/wp-content\/uploads\/2020\/07\/DSC05235.jpg\" class=\"restaurant_images\">\n<!-- <img decoding=\"async\" src=\"\/wp-content\/uploads\/2020\/07\/DSC05300.jpg\" class=\"restaurant_images\"> -->\n<\/div>\n<div class=\"col-md-6\">\n<img decoding=\"async\" src=\"\/wp-content\/uploads\/2020\/07\/DSC05149.jpg\" class=\"restaurant_images\">\n<!-- <img decoding=\"async\" src=\"\/wp-content\/uploads\/2020\/07\/DSC05256.jpg\" class=\"restaurant_images\"> -->\n<img decoding=\"async\" src=\"\/wp-content\/uploads\/2024\/02\/skybar_new_1.webp\" class=\"restaurant_images\">\n<!-- <img decoding=\"async\" src=\"\/wp-content\/uploads\/2020\/07\/DSC05215.jpg\" class=\"restaurant_images\"> -->\n<img decoding=\"async\" src=\"\/wp-content\/uploads\/2024\/02\/skybar_new_3.webp\" class=\"restaurant_images\">\n<\/div>\n<\/div>\n<!-- row -->\n<\/div>\n<!-- container -->\n\n<\/center>\n\n\n\n<\/div>\n<!-- col-md-8 -->\n\n\n\n<div class=\"col-md-4 wow fadeIn\" id=\"red_booking_form_padding\" style=\"margin-top: 15px; visibility: hidden;\">\n\n\n\n<div class=\"container\" id=\"container_yellow_note_right_side\">\n<div class=\"row\">\n<div class=\"alt_golden_notebox col-md-12 wow fadeIn\" style=\"width: 100%; visibility: hidden;\">\n\n<div class=\"container\">\n<div class=\"row\">\n\n<div class=\"col-sm-12 text-center\">\n\n<span class=\"white_default_headline\" style=\"color: white;\">GI\u1edc M\u1ede C\u1eecA<\/span><br><br>\n\n<span class=\"silver_default_text_opening_time\">5PM &#8211; 3AM<\/span>\n\n<\/div>\n<!-- col-sm-12 -->\n<\/div>\n<!-- row 12 -->\n<\/div>\n<!-- container 12 -->\n\n<\/div>\n<!-- col 12 alt_golden_notebox -->\n<\/div>\n<!-- row 12 -->\n<\/div>\n<!-- container 12 -->\n\n\n<p>[RubyBookingForm]<\/p>\n\n\n\n<\/div>\n<!-- col-md-4 -->\n\n\n\n<\/div>\n<!-- row \/ container_ktv_intro-->\n<\/div>\n<!-- container \/ container_ktv_intro-->\n\n\n\n<div style=\"padding-bottom: 20px;\">&nbsp;<\/div>","protected":false},"excerpt":{"rendered":"<p>PERFECT FOR THAT SPECIAL MEMORY Surrounded by a beautiful skyline, indulge yourself in a memorable time with your family and friends. The atmosphere here is just so perfect to create that perfect special memory in your life. Imagine that cool fresh breeze blowing against you while you are having the time of your life. That [&hellip;]<\/p>","protected":false},"author":6,"featured_media":0,"parent":17,"menu_order":60,"comment_status":"closed","ping_status":"closed","template":"","meta":{"ngg_post_thumbnail":0,"footnotes":"","_links_to":"","_links_to_target":""},"class_list":["post-458","page","type-page","status-publish","hentry"],"_links":{"self":[{"href":"https:\/\/ruby89.com\/vi\/wp-json\/wp\/v2\/pages\/458","targetHints":{"allow":["GET"]}}],"collection":[{"href":"https:\/\/ruby89.com\/vi\/wp-json\/wp\/v2\/pages"}],"about":[{"href":"https:\/\/ruby89.com\/vi\/wp-json\/wp\/v2\/types\/page"}],"author":[{"embeddable":true,"href":"https:\/\/ruby89.com\/vi\/wp-json\/wp\/v2\/users\/6"}],"replies":[{"embeddable":true,"href":"https:\/\/ruby89.com\/vi\/wp-json\/wp\/v2\/comments?post=458"}],"version-history":[{"count":77,"href":"https:\/\/ruby89.com\/vi\/wp-json\/wp\/v2\/pages\/458\/revisions"}],"predecessor-version":[{"id":8202,"href":"https:\/\/ruby89.com\/vi\/wp-json\/wp\/v2\/pages\/458\/revisions\/8202"}],"up":[{"embeddable":true,"href":"https:\/\/ruby89.com\/vi\/wp-json\/wp\/v2\/pages\/17"}],"wp:attachment":[{"href":"https:\/\/ruby89.com\/vi\/wp-json\/wp\/v2\/media?parent=458"}],"curies":[{"name":"wp","href":"https:\/\/api.w.org\/{rel}","templated":true}]}}