 {"id":456,"date":"2022-07-05T13:20:03","date_gmt":"2022-07-05T06:20:03","guid":{"rendered":"https:\/\/ruby89.com\/?page_id=456"},"modified":"2022-07-07T09:07:08","modified_gmt":"2022-07-07T02:07:08","slug":"rubymart-cafe","status":"publish","type":"page","link":"https:\/\/ruby89.com\/vi\/facilities\/rubymart-cafe\/","title":{"rendered":"C\u1ee6A H\u00c0NG TI\u1ec6N D\u1ee4NG &amp; CAFE"},"content":{"rendered":"<div class=\"container\" id=\"container_intro\">\n<div class=\"row\">\n\n\n\n<div class=\"alt_notebox_white col-sm-12 text-justify wow fadeIn\" id=\"container_padding_needed\" style=\"margin-top: 15px; visibility: hidden;\">\n\n\n\n<p class=\"black_default_headline\">C\u1ee6A H\u00c0NG TI\u1ec6N D\u1ee4NG &amp; CAFE<\/p>\n\n\n\n<p class=\"black_default_text\">Lucky Ruby's C\u1eeda h\u00e0ng ti\u1ec7n d\u1ee5ng &amp; Cafe l\u00e0 \u0111\u1ecba \u0111i\u1ec3m ho\u00e0n h\u1ea3o cho m\u1ed9t bu\u1ed5i th\u01b0 gi\u00e3n u\u1ed1ng c\u00e0 ph\u00ea v\u1edbi b\u1ea1n b\u00e8 k\u1ebft h\u1ee3p v\u1edbi mua s\u1eafm. M\u1ed9t trong nh\u1eefng d\u1ecbch v\u1ee5 m\u1edbi nh\u1ea5t c\u1ee7a ch\u00fang t\u00f4i m\u1edbi ra m\u1eaft g\u1ea7n \u0111\u00e2y \u0111\u01b0\u1ee3c thi\u1ebft k\u1ebf \u0111\u1eb7c bi\u1ec7t \u0111\u1ec3 mang \u0111\u1ebfn cho b\u1ea1n c\u1ea3m gi\u00e1c \u1ea5m c\u00fang, sang tr\u1ecdng v\u00e0 \u0111\u1eb3ng c\u1ea5p khi nh\u00e2m nhi ly c\u00e0 ph\u00ea y\u00eau th\u00edch. M\u1edf c\u1eeda 24\/24 to\u00e0n th\u1eddi gian, \u0111\u00e2y qu\u1ea3 th\u1ef1c l\u00e0 \u0111\u1ecba \u0111i\u1ec3m vui ch\u01a1i th\u00fa v\u1ecb nh\u1ea5t trong khu v\u1ef1c m\u00e0 b\u1ea1n n\u00ean gh\u00e9 qua v\u00e0 tr\u1ea3i nghi\u1ec7m!<\/p><br>\n\n\n\n<\/div>\n<!-- col -->\n<\/div>\n<!-- row -->\n\n\n\n<div class=\"row wow fadeIn\">\n\n<div class=\"col-md-4\">\n<img decoding=\"async\" src=\"\/wp-content\/uploads\/2022\/07\/c-1.webp\" class=\"casino_package_images\" alt=\"\">\n<\/div>\n<div class=\"col-md-4\">\n<img decoding=\"async\" src=\"\/wp-content\/uploads\/2022\/07\/c-2.webp\" class=\"casino_package_images\" alt=\"\">\n<\/div>\n<div class=\"col-md-4\">\n<img decoding=\"async\" src=\"\/wp-content\/uploads\/2022\/07\/c-3.webp\" class=\"casino_package_images\" alt=\"\">\n<\/div>\n<div class=\"col-md-4\">\n<img decoding=\"async\" src=\"\/wp-content\/uploads\/2022\/07\/c-4.webp\" class=\"casino_package_images\" alt=\"\">\n<\/div>\n<div class=\"col-md-4\">\n<img decoding=\"async\" src=\"\/wp-content\/uploads\/2022\/07\/c-5.webp\" class=\"casino_package_images\" alt=\"\">\n<\/div>\n<div class=\"col-md-4\">\n<img decoding=\"async\" src=\"\/wp-content\/uploads\/2022\/07\/m-1.webp\" class=\"casino_package_images\" alt=\"\">\n<\/div>\n<div class=\"col-md-4\">\n<img decoding=\"async\" src=\"\/wp-content\/uploads\/2022\/07\/m-2.webp\" class=\"casino_package_images\" alt=\"\">\n<\/div>\n<div class=\"col-md-4\">\n<img decoding=\"async\" src=\"\/wp-content\/uploads\/2022\/07\/m-3.webp\" class=\"casino_package_images\" alt=\"\">\n<\/div>\n<div class=\"col-md-4\">\n<img decoding=\"async\" src=\"\/wp-content\/uploads\/2022\/07\/m-10.webp\" class=\"casino_package_images\" alt=\"\">\n<\/div>\n<div class=\"col-md-4\">\n<img decoding=\"async\" src=\"\/wp-content\/uploads\/2022\/07\/m-4.webp\" class=\"casino_package_images\" alt=\"\">\n<\/div>\n<div class=\"col-md-4\">\n<img decoding=\"async\" src=\"\/wp-content\/uploads\/2022\/07\/m-5.webp\" class=\"casino_package_images\" alt=\"\">\n<\/div>\n<div class=\"col-md-4\">\n<img decoding=\"async\" src=\"\/wp-content\/uploads\/2022\/07\/m-6.webp\" class=\"casino_package_images\" alt=\"\">\n<\/div>\n<div class=\"col-md-4\">\n<img decoding=\"async\" src=\"\/wp-content\/uploads\/2022\/07\/m-7.webp\" class=\"casino_package_images\" alt=\"\">\n<\/div>\n<div class=\"col-md-4\">\n<img decoding=\"async\" src=\"\/wp-content\/uploads\/2022\/07\/m-8.webp\" class=\"casino_package_images\" alt=\"\">\n<\/div>\n<div class=\"col-md-4\">\n<img decoding=\"async\" src=\"\/wp-content\/uploads\/2022\/07\/m-9.webp\" class=\"casino_package_images\" alt=\"\">\n<\/div>\n\n\n<\/div>\n<!-- row -->\n<\/div>\n<!-- container -->\n\n<\/center>\n\n<br>\n\n\n\n<\/div>\n<!-- container -->\n<\/center>\n<br>","protected":false},"excerpt":{"rendered":"<p>RUBY MART &amp; CAFE Lucky Ruby&#8217;s Mart &amp; Cafe is the perfect spot for a chill out session over coffee with friends while doing some general shopping. These one of our latest facilities that has been launched recently which has been designed specifically to give you that warm, luxurious and classy feeling while sipping on [&hellip;]<\/p>","protected":false},"author":6,"featured_media":0,"parent":17,"menu_order":50,"comment_status":"closed","ping_status":"closed","template":"","meta":{"ngg_post_thumbnail":0,"footnotes":"","_links_to":"","_links_to_target":""},"class_list":["post-456","page","type-page","status-publish","hentry"],"_links":{"self":[{"href":"https:\/\/ruby89.com\/vi\/wp-json\/wp\/v2\/pages\/456","targetHints":{"allow":["GET"]}}],"collection":[{"href":"https:\/\/ruby89.com\/vi\/wp-json\/wp\/v2\/pages"}],"about":[{"href":"https:\/\/ruby89.com\/vi\/wp-json\/wp\/v2\/types\/page"}],"author":[{"embeddable":true,"href":"https:\/\/ruby89.com\/vi\/wp-json\/wp\/v2\/users\/6"}],"replies":[{"embeddable":true,"href":"https:\/\/ruby89.com\/vi\/wp-json\/wp\/v2\/comments?post=456"}],"version-history":[{"count":60,"href":"https:\/\/ruby89.com\/vi\/wp-json\/wp\/v2\/pages\/456\/revisions"}],"predecessor-version":[{"id":7148,"href":"https:\/\/ruby89.com\/vi\/wp-json\/wp\/v2\/pages\/456\/revisions\/7148"}],"up":[{"embeddable":true,"href":"https:\/\/ruby89.com\/vi\/wp-json\/wp\/v2\/pages\/17"}],"wp:attachment":[{"href":"https:\/\/ruby89.com\/vi\/wp-json\/wp\/v2\/media?parent=456"}],"curies":[{"name":"wp","href":"https:\/\/api.w.org\/{rel}","templated":true}]}}