 {"id":454,"date":"2019-10-18T13:19:33","date_gmt":"2019-10-18T06:19:33","guid":{"rendered":"https:\/\/ruby89.com\/?page_id=454"},"modified":"2022-11-22T14:30:28","modified_gmt":"2022-11-22T07:30:28","slug":"disco","status":"publish","type":"page","link":"https:\/\/ruby89.com\/vi\/facilities\/disco\/","title":{"rendered":"Disco"},"content":{"rendered":"<div class=\"container\" id=\"container_intro\">\n<div class=\"row\">\n\n\n\n<div class=\"alt_notebox_white col-sm-12 text-justify wow fadeIn\" id=\"container_padding_needed\" style=\"margin-top: 15px; visibility: hidden;\">\n\n\n\n<p class=\"black_default_headline\">NH\u00ccN L\u01af\u1edaT QUA V\u0168 TR\u01af\u1edcNG C\u1ee6A CH\u00daNG T\u00d4I<\/p>\n\n\n\n<p class=\"black_default_text\">H\u00e3y \u0111\u1ebfn v\u0169 tr\u01b0\u1eddng Lucky Ruby Border Casino c\u1ee7a ch\u00fang t\u00f4i v\u00e0 khi\u00eau v\u0169 su\u1ed1t \u0111\u00eam v\u1edbi t\u1ea5t c\u1ea3 b\u1ea1n b\u00e8 c\u1ee7a b\u1ea1n. \u0110\u01b0\u1ee3c trang b\u1ecb h\u1ec7 th\u1ed1ng \u00e2m thanh v\u00e0 \u00e1nh s\u00e1ng hi\u1ec7n \u0111\u1ea1i c\u1ee7a Lathop v\u00e0 JBL. C\u00e1c DJ t\u1ea1i nh\u00e0 ri\u00eang c\u1ee7a ch\u00fang t\u00f4i lu\u00f4n s\u1eb5n s\u00e0ng h\u00f2a nh\u1ecbp v\u00e0o bu\u1ed5i t\u1ed1i c\u1ee7a b\u1ea1n. Ch\u00fang t\u00f4i c\u0169ng c\u00f3 DJ kh\u00e1ch m\u1eddi v\u00e0 ngh\u1ec7 s\u0129 bi\u1ec3u di\u1ec5n trong c\u00e1c s\u1ef1 ki\u1ec7n th\u01b0\u1eddng xuy\u00ean.<\/p>\n\n\n\n<p class=\"black_default_text\">V\u00e0 \u0111\u00f3 kh\u00f4ng ph\u1ea3i l\u00e0 t\u1ea5t c\u1ea3: m\u1ed9t lo\u1ea1t c\u00e1c lo\u1ea1i bia c\u00f9ng v\u1edbi r\u01b0\u1ee3u s\u1eb5n s\u00e0ng cho b\u1ea1n l\u1ef1a ch\u1ecdn v\u00e0 n\u1ebfu b\u1ea1n c\u1ea3m th\u1ea5y \u0111\u00f3i, ch\u1eafc ch\u1eafn s\u1ebd c\u00f3 m\u1ed9t s\u1ed1 m\u00f3n \u0103n th\u1ecbnh so\u1ea1n \u0111\u1ec3 ho\u00e0n th\u00e0nh cho \u0111\u00eam c\u1ee7a b\u1ea1n. V\u00ec v\u1eady, \u0111\u1eebng ch\u1ea7n ch\u1edd g\u00ec n\u1eefa, h\u00e3y b\u1eaft \u0111\u1ea7u b\u1eefa ti\u1ec7c v\u00e0 \u0111\u1ebfn v\u1edbi GO PARTY DISCO.<\/p>\n\n\n\n<\/div>\n<!-- col -->\n<\/div>\n<!-- row -->\n\n\n\n<div class=\"row\">\n\n\n\n<div class=\"alt_notebox-white col-sm-12 text-center wow fadeIn\" id=\"container_padding_needed\" style=\"margin-top: 15px; visibility: hidden;\">\n\n\n\n<center>\n\n<div class=\"container-fluid\" style=\"padding-left: 0; padding-right: 0;\">\n<div class=\"row\">\n<div class=\"col-md-4\">\n<img decoding=\"async\" src=\"\/wp-content\/uploads\/2022\/11\/Disco_2022_2.webp\" class=\"casino_package_images\"> \n<img decoding=\"async\" src=\"\/wp-content\/uploads\/2020\/07\/Disco_2020_3.jpg\" class=\"casino_package_images\"> \n<img decoding=\"async\" src=\"\/wp-content\/uploads\/2020\/07\/Disco_2020_1.jpg\" class=\"casino_package_images\"> \n<!--\n<img decoding=\"async\" src=\"\/wp-content\/uploads\/2020\/07\/Disco_2020_2.jpg\" class=\"casino_package_images\"> \n<img decoding=\"async\" src=\"\/wp-content\/uploads\/2020\/07\/Disco_2020_4.jpg\" class=\"casino_package_images\"> \n<img decoding=\"async\" src=\"\/wp-content\/uploads\/2020\/07\/Disco_2020_7.jpg\" class=\"casino_package_images\"> \n-->\n<\/div>\n<div class=\"col-md-4\">\n<img decoding=\"async\" src=\"\/wp-content\/uploads\/2022\/11\/Disco_2022_3.webp\" class=\"casino_package_images\"> \n<img decoding=\"async\" src=\"\/wp-content\/uploads\/2020\/07\/Disco_2020_5.jpg\" class=\"casino_package_images\"> \n<img decoding=\"async\" src=\"\/wp-content\/uploads\/2020\/07\/Disco_2020_6.jpg\" class=\"casino_package_images\"> \n<\/div>\n<div class=\"col-md-4\">\n<img decoding=\"async\" src=\"\/wp-content\/uploads\/2022\/11\/Disco_2022_1.webp\" class=\"casino_package_images\">\n\n<img decoding=\"async\" src=\"\/wp-content\/uploads\/2020\/07\/Disco_2020_8.jpg\" class=\"casino_package_images\"> \n<img decoding=\"async\" src=\"\/wp-content\/uploads\/2020\/07\/Disco_2020_9.jpg\" class=\"casino_package_images\"> \n<\/div>\n<\/div>\n<!-- row -->\n<\/div>\n<!-- container -->\n\n<\/center>\n\n<br>\n\n\n\n<\/div>\n<!-- col -->\n<\/div>\n<!-- row -->\n<\/div>\n<!-- container -->\n\n\n\n<div class=\"container\" id=\"container_yellow_note\" style=\"padding-bottom: 20px; width: 320px;\">\n<div class=\"row\">\n<div class=\"alt_golden_notebox col wow fadeIn\" style=\" color: white; visibility: hidden; text-align: center;\">\n\n<span class=\"white_default_headline\">OPENING TIME: 6PM &#8211; 3AM<\/span>\n\n<\/div>\n<!-- col 12 alt_golden_notebox -->\n<\/div>\n<!-- row 12 -->\n<\/div>\n<!-- container 12 -->\n\n\n\n<div style=\"height:20px\" aria-hidden=\"true\" class=\"wp-block-spacer\"><\/div>","protected":false},"excerpt":{"rendered":"<p>A GLIMPSE INTO OUR DISCO Take a trip to our Lucky Ruby Border Casino disco and dance the night away with all your friends. Equipped with state-of-the-art lighting and sound systems by Lathop and JBL. Our very own house DJs is on the floor taking the beat into your evening. We also have guest DJ\u2019s [&hellip;]<\/p>","protected":false},"author":6,"featured_media":0,"parent":17,"menu_order":40,"comment_status":"closed","ping_status":"closed","template":"","meta":{"ngg_post_thumbnail":0,"footnotes":"","_links_to":"","_links_to_target":""},"class_list":["post-454","page","type-page","status-publish","hentry"],"_links":{"self":[{"href":"https:\/\/ruby89.com\/vi\/wp-json\/wp\/v2\/pages\/454","targetHints":{"allow":["GET"]}}],"collection":[{"href":"https:\/\/ruby89.com\/vi\/wp-json\/wp\/v2\/pages"}],"about":[{"href":"https:\/\/ruby89.com\/vi\/wp-json\/wp\/v2\/types\/page"}],"author":[{"embeddable":true,"href":"https:\/\/ruby89.com\/vi\/wp-json\/wp\/v2\/users\/6"}],"replies":[{"embeddable":true,"href":"https:\/\/ruby89.com\/vi\/wp-json\/wp\/v2\/comments?post=454"}],"version-history":[{"count":49,"href":"https:\/\/ruby89.com\/vi\/wp-json\/wp\/v2\/pages\/454\/revisions"}],"predecessor-version":[{"id":7285,"href":"https:\/\/ruby89.com\/vi\/wp-json\/wp\/v2\/pages\/454\/revisions\/7285"}],"up":[{"embeddable":true,"href":"https:\/\/ruby89.com\/vi\/wp-json\/wp\/v2\/pages\/17"}],"wp:attachment":[{"href":"https:\/\/ruby89.com\/vi\/wp-json\/wp\/v2\/media?parent=454"}],"curies":[{"name":"wp","href":"https:\/\/api.w.org\/{rel}","templated":true}]}}