 {"id":450,"date":"2019-10-18T13:17:25","date_gmt":"2019-10-18T06:17:25","guid":{"rendered":"https:\/\/ruby89.com\/?page_id=450"},"modified":"2023-12-20T13:36:53","modified_gmt":"2023-12-20T06:36:53","slug":"sauna-jacuzzi","status":"publish","type":"page","link":"https:\/\/ruby89.com\/vi\/facilities\/sauna-jacuzzi\/","title":{"rendered":"Ph\u00f2ng x\u00f4ng h\u01a1i kh\u00f4 &amp; b\u1ec3 s\u1ee5c"},"content":{"rendered":"<div class=\"container\" id=\"container_intro\">\n<div class=\"row\">\n\n\n\n<div class=\"alt_notebox_white col-sm-8 text-justify wow fadeIn\" id=\"container_padding_needed\" style=\"margin-top: 15px; visibility: hidden;\">\n\n\n\n<p class=\"black_default_headline\">Ph\u00f2ng x\u00f4ng h\u01a1i kh\u00f4 &amp; b\u1ec3 s\u1ee5c<\/p>\n\n\n\n<p class=\"black_default_text\">C\u00e1c thi\u1ebft b\u1ecb x\u00f4ng h\u01a1i kh\u00f4 c\u1ee7a ch\u00fang t\u00f4i l\u00e0 \u0111\u1ec3 ch\u0103m s\u00f3c s\u1ee9c kh\u1ecfe v\u00e0 th\u01b0 gi\u00e3n. Ph\u00f2ng x\u00f4ng h\u01a1i \u01b0\u1edbt l\u00e0 m\u1ed9t ph\u01b0\u01a1ng ph\u00e1p t\u1eafm m\u1ed3 h\u00f4i d\u1ec5 ch\u1ecbu v\u1edbi s\u1ef1 k\u1ebft h\u1ee3p l\u00fd t\u01b0\u1edfng gi\u1eefa nhi\u1ec7t v\u00e0 \u0111\u1ed9 \u1ea9m. N\u00f3 mang l\u1ea1i l\u1ee3i \u00edch cho \u0111\u01b0\u1eddng h\u00f4 h\u1ea5p trong khi th\u01b0 gi\u00e3n, l\u00e0m s\u1ea1ch v\u00e0 ch\u0103m s\u00f3c l\u00e0n da c\u1ee7a b\u1ea1n. X\u00f4ng h\u01a1i c\u00f3 t\u00e1c d\u1ee5ng t\u00edch c\u1ef1c \u0111\u1ed1i v\u1edbi l\u00e0n da \u0111\u1ed3ng th\u1eddi h\u1ed7 tr\u1ee3 s\u1ee9c kh\u1ecfe v\u00e0 b\u1ea3o v\u1ec7 h\u1ec7 tu\u1ea7n ho\u00e0n.<\/p>\n\n\n\n<p class=\"black_default_text\">B\u00ed m\u1eadt c\u1ee7a ph\u00f2ng h\u1ed3ng ngo\u1ea1i  n\u00e0y l\u00e0 t\u00ednh ch\u1ea5t \u0111\u1eb7c bi\u1ec7t c\u1ee7a nhi\u1ec7t b\u1ee9c x\u1ea1 c\u00f3 l\u1ee3i \u0111\u1ebfn c\u01a1 th\u1ec3 tr\u1ef1c ti\u1ebfp th\u00f4ng qua c\u00e1c tia b\u1ee9c x\u1ea1 ch\u1ee9 kh\u00f4ng ph\u1ea3i qua kh\u00f4ng kh\u00ed xung quanh . L\u1ee3i \u00edch l\u00e0 t\u1ea1o ra m\u1ed3 h\u00f4i cao h\u01a1n \u0111\u00e1ng k\u1ec3, l\u00e0m xo\u00e1 tan c\u0103ng th\u1eb3ng v\u00e0 gi\u1ea3m \u0111au l\u01b0ng. C\u1ea3 da v\u00e0 c\u01a1 th\u1ec3 b\u00ean trong tr\u1edf n\u00ean c\u00f3 s\u1ee9c s\u1ed1ng tr\u1edf l\u1ea1i. Sau m\u1ed9t ng\u00e0y trong ph\u00f2ng h\u1ed3ng ngo\u1ea1i, b\u1ea1n s\u1ebd c\u1ea3m th\u1ea5y \u0111\u01b0\u1ee3c h\u1ed3i sinh v\u00e0 tr\u00e0n \u0111\u1ea7y n\u0103ng l\u01b0\u1ee3ng cho nh\u1eefng th\u1eed th\u00e1ch m\u1edbi!<\/p>\n\n\n\n<center>\n\n<div class=\"container-fluid\" style=\"padding-left: 0; padding-right: 0;\">\n<div class=\"row\">\n<div class=\"col-md-6\">\n<img decoding=\"async\" src=\"\/wp-content\/uploads\/2020\/04\/jacuzzi_3.jpg\" class=\"casino_package_images\">\n<img decoding=\"async\" src=\"\/wp-content\/uploads\/2020\/04\/sauna_3.jpg\" class=\"casino_package_images\">\n<\/div>\n<div class=\"col-md-6\">\n<img decoding=\"async\" src=\"\/wp-content\/uploads\/2020\/04\/sauna_2.jpg\" class=\"casino_package_images\">\n<img decoding=\"async\" src=\"\/wp-content\/uploads\/2020\/04\/jacuzzi_1_new.jpg\" class=\"casino_package_images\">\n<\/div>\n<\/div>\n<!-- row -->\n<\/div>\n<!-- container -->\n\n<\/center>\n\n<br>\n\n\n\n<\/div>\n<!-- col-sm-8 -->\n\n\n\n<div class=\"col-sm-4 wow fadeIn\" id=\"red_booking_form_padding\" style=\"margin-top: 15px; visibility: hidden; animation-name: fadeIn; height: 100%\">\n\n\n\n<div class=\"container\" id=\"container_yellow_note_right_side\">\n<div class=\"row\">\n<div class=\"alt_golden_notebox col-md-12 wow fadeIn\" style=\"width: 100%; visibility: hidden;\">\n\n<div class=\"container\">\n<div class=\"row\">\n\n<div class=\"col-sm-12 text-center\" style=\"color: white;\">\n\n<span class=\"white_default_headline\">GI\u1edc M\u1ede C\u1eecA<\/span><br><br>\n\n<span class=\"silver_default_text_opening_time\">12PM &#8211; 1AM<\/span>\n\n<\/div>\n<!-- col-sm-12 -->\n<\/div>\n<!-- row 12 -->\n<\/div>\n<!-- container 12 -->\n\n<\/div>\n<!-- col 12 alt_golden_notebox -->\n<\/div>\n<!-- row 12 -->\n<\/div>\n<!-- container 12 -->\n\n\n\n<div class=\"alt_search_div\" style=\"color: #ffffff;\">\n\n\n\n<p class=\"white_default_headline\">LI\u00caN H\u1ec6<\/p>\n\n\n<noscript class=\"ninja-forms-noscript-message\">\n\tL\u01b0u \u00fd: C\u1ea7n ph\u1ea3i c\u00f3 JavaScript v\u1edbi n\u1ed9i dung n\u00e0y.<\/noscript>\n<div id=\"nf-form-2-cont\" class=\"nf-form-cont\" aria-live=\"polite\" aria-labelledby=\"nf-form-title-2\" aria-describedby=\"nf-form-errors-2\" role=\"form\">\n\n    <div class=\"nf-loading-spinner\"><\/div>\n\n<\/div>\n        <!-- That data is being printed as a workaround to page builders reordering the order of the scripts loaded-->\n        <script>var formDisplay=1;var nfForms=nfForms||[];var form=[];form.id='2';form.settings={\"objectType\":\"Form Setting\",\"editActive\":true,\"title\":\"CONTACT US - RED BOX\",\"created_at\":\"2016-08-24 16:39:20\",\"form_title\":\"Contact Me\",\"default_label_pos\":\"above\",\"show_title\":0,\"clear_complete\":\"1\",\"hide_complete\":\"1\",\"logged_in\":\"0\",\"key\":\"\",\"conditions\":[],\"wrapper_class\":\"\",\"element_class\":\"\",\"add_submit\":\"1\",\"not_logged_in_msg\":\"\",\"sub_limit_number\":\"\",\"sub_limit_msg\":\"\",\"calculations\":[],\"formContentData\":[\"name\",\"email\",\"message\",\"recaptcha_1581707267022\",\"submit\"],\"container_styles_background-color\":\"\",\"container_styles_border\":\"\",\"container_styles_border-style\":\"\",\"container_styles_border-color\":\"\",\"container_styles_color\":\"\",\"container_styles_height\":\"\",\"container_styles_width\":\"\",\"container_styles_font-size\":\"\",\"container_styles_margin\":\"\",\"container_styles_padding\":\"\",\"container_styles_display\":\"\",\"container_styles_float\":\"\",\"container_styles_show_advanced_css\":\"0\",\"container_styles_advanced\":\"\",\"title_styles_background-color\":\"\",\"title_styles_border\":\"\",\"title_styles_border-style\":\"\",\"title_styles_border-color\":\"\",\"title_styles_color\":\"\",\"title_styles_height\":\"\",\"title_styles_width\":\"\",\"title_styles_font-size\":\"\",\"title_styles_margin\":\"\",\"title_styles_padding\":\"\",\"title_styles_display\":\"\",\"title_styles_float\":\"\",\"title_styles_show_advanced_css\":\"0\",\"title_styles_advanced\":\"\",\"row_styles_background-color\":\"\",\"row_styles_border\":\"\",\"row_styles_border-style\":\"\",\"row_styles_border-color\":\"\",\"row_styles_color\":\"\",\"row_styles_height\":\"\",\"row_styles_width\":\"\",\"row_styles_font-size\":\"\",\"row_styles_margin\":\"\",\"row_styles_padding\":\"\",\"row_styles_display\":\"\",\"row_styles_show_advanced_css\":\"0\",\"row_styles_advanced\":\"\",\"row-odd_styles_background-color\":\"\",\"row-odd_styles_border\":\"\",\"row-odd_styles_border-style\":\"\",\"row-odd_styles_border-color\":\"\",\"row-odd_styles_color\":\"\",\"row-odd_styles_height\":\"\",\"row-odd_styles_width\":\"\",\"row-odd_styles_font-size\":\"\",\"row-odd_styles_margin\":\"\",\"row-odd_styles_padding\":\"\",\"row-odd_styles_display\":\"\",\"row-odd_styles_show_advanced_css\":\"0\",\"row-odd_styles_advanced\":\"\",\"success-msg_styles_background-color\":\"\",\"success-msg_styles_border\":\"\",\"success-msg_styles_border-style\":\"\",\"success-msg_styles_border-color\":\"\",\"success-msg_styles_color\":\"\",\"success-msg_styles_height\":\"\",\"success-msg_styles_width\":\"\",\"success-msg_styles_font-size\":\"\",\"success-msg_styles_margin\":\"\",\"success-msg_styles_padding\":\"\",\"success-msg_styles_display\":\"\",\"success-msg_styles_show_advanced_css\":\"0\",\"success-msg_styles_advanced\":\"\",\"error_msg_styles_background-color\":\"\",\"error_msg_styles_border\":\"\",\"error_msg_styles_border-style\":\"\",\"error_msg_styles_border-color\":\"\",\"error_msg_styles_color\":\"\",\"error_msg_styles_height\":\"\",\"error_msg_styles_width\":\"\",\"error_msg_styles_font-size\":\"\",\"error_msg_styles_margin\":\"\",\"error_msg_styles_padding\":\"\",\"error_msg_styles_display\":\"\",\"error_msg_styles_show_advanced_css\":\"0\",\"error_msg_styles_advanced\":\"\",\"allow_public_link\":0,\"public_link\":\"https:\\\/\\\/ruby89.com\\\/ninja-forms\\\/2rowg\",\"embed_form\":\"\",\"changeEmailErrorMsg\":\"H\\u00e3y nh\\u1eadp m\\u1ed9t \\u0111\\u1ecba ch\\u1ec9 email h\\u1ee3p l\\u1ec7!\",\"changeDateErrorMsg\":\"Please enter a valid date!\",\"confirmFieldErrorMsg\":\"Nh\\u1eefng tr\\u01b0\\u1eddng n\\u00e0y ph\\u1ea3i kh\\u1edbp!\",\"fieldNumberNumMinError\":\"L\\u1ed7i s\\u1ed1 t\\u1ed1i thi\\u1ec3u\",\"fieldNumberNumMaxError\":\"L\\u1ed7i s\\u1ed1 t\\u1ed1i \\u0111a\",\"fieldNumberIncrementBy\":\"H\\u00e3y t\\u0103ng theo \",\"formErrorsCorrectErrors\":\"H\\u00e3y s\\u1eeda l\\u1ed7i tr\\u01b0\\u1edbc khi g\\u1eedi m\\u1eabu n\\u00e0y.\",\"validateRequiredField\":\"\\u0110\\u00e2y l\\u00e0 m\\u1ed9t tr\\u01b0\\u1eddng b\\u1eaft bu\\u1ed9c.\",\"honeypotHoneypotError\":\"L\\u1ed7i Honeypot\",\"fieldsMarkedRequired\":\"&nbsp;\",\"currency\":\"\",\"unique_field_error\":\"A form with this value has already been submitted.\",\"public_link_key\":\"2rowg\",\"drawerDisabled\":false,\"ninjaForms\":\"Ninja Forms\",\"fieldTextareaRTEInsertLink\":\"Ch\\u00e8n li\\u00ean k\\u1ebft\",\"fieldTextareaRTEInsertMedia\":\"Ch\\u00e8n ph\\u01b0\\u01a1ng ti\\u1ec7n\",\"fieldTextareaRTESelectAFile\":\"Ch\\u1ecdn t\\u1eadp tin\",\"formHoneypot\":\"N\\u1ebfu b\\u1ea1n l\\u00e0 ng\\u01b0\\u1eddi \\u0111ang xem tr\\u01b0\\u1eddng n\\u00e0y, h\\u00e3y \\u0111\\u1ec3 tr\\u1ed1ng n\\u00f3.\",\"fileUploadOldCodeFileUploadInProgress\":\"\\u0110ang t\\u1ea3i t\\u1eadp tin l\\u00ean.\",\"fileUploadOldCodeFileUpload\":\"T\\u1ea2I T\\u1eacP TIN L\\u00caN\",\"currencySymbol\":\"&#36;\",\"thousands_sep\":\".\",\"decimal_point\":\",\",\"siteLocale\":\"vi\",\"dateFormat\":\"m\\\/d\\\/Y\",\"startOfWeek\":\"1\",\"of\":\"c\\u1ee7a\",\"previousMonth\":\"Previous Month\",\"nextMonth\":\"Next Month\",\"months\":[\"January\",\"February\",\"March\",\"April\",\"May\",\"June\",\"July\",\"August\",\"September\",\"October\",\"November\",\"December\"],\"monthsShort\":[\"Jan\",\"Feb\",\"Mar\",\"Apr\",\"May\",\"Jun\",\"Jul\",\"Aug\",\"Sep\",\"Oct\",\"Nov\",\"Dec\"],\"weekdays\":[\"Sunday\",\"Monday\",\"Tuesday\",\"Wednesday\",\"Thursday\",\"Friday\",\"Saturday\"],\"weekdaysShort\":[\"Sun\",\"Mon\",\"Tue\",\"Wed\",\"Thu\",\"Fri\",\"Sat\"],\"weekdaysMin\":[\"Su\",\"Mo\",\"Tu\",\"We\",\"Th\",\"Fr\",\"Sa\"],\"recaptchaConsentMissing\":\"reCapctha validation couldn&#039;t load.\",\"recaptchaMissingCookie\":\"reCaptcha v3 validation couldn&#039;t load the cookie needed to submit the form.\",\"recaptchaConsentEvent\":\"Accept reCaptcha cookies before sending the form.\",\"currency_symbol\":\"\",\"beforeForm\":\"\",\"beforeFields\":\"\",\"afterFields\":\"\",\"afterForm\":\"\"};form.fields=[{\"objectType\":\"Field\",\"objectDomain\":\"fields\",\"editActive\":false,\"order\":1,\"label\":\"Name\",\"key\":\"name\",\"type\":\"textbox\",\"created_at\":\"2016-08-24 16:39:20\",\"label_pos\":\"above\",\"required\":1,\"placeholder\":\"\",\"default\":\"\",\"wrapper_class\":\"\",\"element_class\":\"alt_form_input_field\",\"container_class\":\"\",\"input_limit\":\"\",\"input_limit_type\":\"characters\",\"input_limit_msg\":\"Character(s) left\",\"manual_key\":\"\",\"disable_input\":\"\",\"admin_label\":\"\",\"help_text\":\"\",\"desc_text\":\"\",\"disable_browser_autocomplete\":\"\",\"mask\":\"\",\"custom_mask\":\"\",\"wrap_styles_background-color\":\"\",\"wrap_styles_border\":\"\",\"wrap_styles_border-style\":\"\",\"wrap_styles_border-color\":\"\",\"wrap_styles_color\":\"\",\"wrap_styles_height\":\"\",\"wrap_styles_width\":\"\",\"wrap_styles_font-size\":\"\",\"wrap_styles_margin\":\"\",\"wrap_styles_padding\":\"\",\"wrap_styles_display\":\"\",\"wrap_styles_float\":\"\",\"wrap_styles_show_advanced_css\":0,\"wrap_styles_advanced\":\"\",\"label_styles_background-color\":\"\",\"label_styles_border\":\"\",\"label_styles_border-style\":\"\",\"label_styles_border-color\":\"\",\"label_styles_color\":\"\",\"label_styles_height\":\"\",\"label_styles_width\":\"\",\"label_styles_font-size\":\"\",\"label_styles_margin\":\"\",\"label_styles_padding\":\"\",\"label_styles_display\":\"\",\"label_styles_float\":\"\",\"label_styles_show_advanced_css\":0,\"label_styles_advanced\":\"\",\"element_styles_background-color\":\"\",\"element_styles_border\":\"\",\"element_styles_border-style\":\"\",\"element_styles_border-color\":\"\",\"element_styles_color\":\"\",\"element_styles_height\":\"\",\"element_styles_width\":\"\",\"element_styles_font-size\":\"\",\"element_styles_margin\":\"\",\"element_styles_padding\":\"\",\"element_styles_display\":\"\",\"element_styles_float\":\"\",\"element_styles_show_advanced_css\":0,\"element_styles_advanced\":\"\",\"cellcid\":\"c3277\",\"field_label\":\"Name\",\"field_key\":\"name\",\"custom_name_attribute\":\"\",\"personally_identifiable\":\"\",\"value\":\"\",\"drawerDisabled\":false,\"id\":6,\"beforeField\":\"\",\"afterField\":\"\",\"parentType\":\"textbox\",\"element_templates\":[\"textbox\",\"input\"],\"old_classname\":\"\",\"wrap_template\":\"wrap\"},{\"objectType\":\"Field\",\"objectDomain\":\"fields\",\"editActive\":false,\"order\":2,\"label\":\"Email\",\"key\":\"email\",\"type\":\"email\",\"created_at\":\"2016-08-24 16:39:20\",\"label_pos\":\"above\",\"required\":1,\"placeholder\":\"\",\"default\":\"\",\"wrapper_class\":\"\",\"element_class\":\"alt_form_input_field\",\"container_class\":\"\",\"admin_label\":\"\",\"help_text\":\"\",\"desc_text\":\"\",\"wrap_styles_background-color\":\"\",\"wrap_styles_border\":\"\",\"wrap_styles_border-style\":\"\",\"wrap_styles_border-color\":\"\",\"wrap_styles_color\":\"\",\"wrap_styles_height\":\"\",\"wrap_styles_width\":\"\",\"wrap_styles_font-size\":\"\",\"wrap_styles_margin\":\"\",\"wrap_styles_padding\":\"\",\"wrap_styles_display\":\"\",\"wrap_styles_float\":\"\",\"wrap_styles_show_advanced_css\":0,\"wrap_styles_advanced\":\"\",\"label_styles_background-color\":\"\",\"label_styles_border\":\"\",\"label_styles_border-style\":\"\",\"label_styles_border-color\":\"\",\"label_styles_color\":\"\",\"label_styles_height\":\"\",\"label_styles_width\":\"\",\"label_styles_font-size\":\"\",\"label_styles_margin\":\"\",\"label_styles_padding\":\"\",\"label_styles_display\":\"\",\"label_styles_float\":\"\",\"label_styles_show_advanced_css\":0,\"label_styles_advanced\":\"\",\"element_styles_background-color\":\"\",\"element_styles_border\":\"\",\"element_styles_border-style\":\"\",\"element_styles_border-color\":\"\",\"element_styles_color\":\"\",\"element_styles_height\":\"\",\"element_styles_width\":\"\",\"element_styles_font-size\":\"\",\"element_styles_margin\":\"\",\"element_styles_padding\":\"\",\"element_styles_display\":\"\",\"element_styles_float\":\"\",\"element_styles_show_advanced_css\":0,\"element_styles_advanced\":\"\",\"cellcid\":\"c3281\",\"field_label\":\"Email\",\"field_key\":\"email\",\"custom_name_attribute\":\"email\",\"personally_identifiable\":1,\"value\":\"\",\"drawerDisabled\":false,\"id\":7,\"beforeField\":\"\",\"afterField\":\"\",\"parentType\":\"email\",\"element_templates\":[\"email\",\"input\"],\"old_classname\":\"\",\"wrap_template\":\"wrap\"},{\"objectType\":\"Field\",\"objectDomain\":\"fields\",\"editActive\":false,\"order\":3,\"label\":\"Message\",\"key\":\"message\",\"type\":\"textarea\",\"created_at\":\"2016-08-24 16:39:20\",\"label_pos\":\"above\",\"required\":1,\"placeholder\":\"\",\"default\":\"\",\"wrapper_class\":\"\",\"element_class\":\"alt_form_textarea_field\",\"container_class\":\"\",\"input_limit\":\"\",\"input_limit_type\":\"characters\",\"input_limit_msg\":\"Character(s) left\",\"manual_key\":\"\",\"disable_input\":\"\",\"admin_label\":\"\",\"help_text\":\"\",\"desc_text\":\"\",\"disable_browser_autocomplete\":\"\",\"textarea_rte\":\"\",\"disable_rte_mobile\":\"\",\"textarea_media\":\"\",\"wrap_styles_background-color\":\"\",\"wrap_styles_border\":\"\",\"wrap_styles_border-style\":\"\",\"wrap_styles_border-color\":\"\",\"wrap_styles_color\":\"\",\"wrap_styles_height\":\"\",\"wrap_styles_width\":\"\",\"wrap_styles_font-size\":\"\",\"wrap_styles_margin\":\"\",\"wrap_styles_padding\":\"\",\"wrap_styles_display\":\"\",\"wrap_styles_float\":\"\",\"wrap_styles_show_advanced_css\":0,\"wrap_styles_advanced\":\"\",\"label_styles_background-color\":\"\",\"label_styles_border\":\"\",\"label_styles_border-style\":\"\",\"label_styles_border-color\":\"\",\"label_styles_color\":\"\",\"label_styles_height\":\"\",\"label_styles_width\":\"\",\"label_styles_font-size\":\"\",\"label_styles_margin\":\"\",\"label_styles_padding\":\"\",\"label_styles_display\":\"\",\"label_styles_float\":\"\",\"label_styles_show_advanced_css\":0,\"label_styles_advanced\":\"\",\"element_styles_background-color\":\"\",\"element_styles_border\":\"\",\"element_styles_border-style\":\"\",\"element_styles_border-color\":\"\",\"element_styles_color\":\"\",\"element_styles_height\":\"\",\"element_styles_width\":\"\",\"element_styles_font-size\":\"\",\"element_styles_margin\":\"\",\"element_styles_padding\":\"\",\"element_styles_display\":\"\",\"element_styles_float\":\"\",\"element_styles_show_advanced_css\":0,\"element_styles_advanced\":\"\",\"cellcid\":\"c3284\",\"field_label\":\"Message\",\"field_key\":\"message\",\"value\":\"\",\"drawerDisabled\":false,\"id\":8,\"beforeField\":\"\",\"afterField\":\"\",\"parentType\":\"textarea\",\"element_templates\":[\"textarea\",\"input\"],\"old_classname\":\"\",\"wrap_template\":\"wrap\"},{\"objectType\":\"Field\",\"objectDomain\":\"fields\",\"editActive\":false,\"order\":4,\"label\":\"Recaptcha\",\"type\":\"recaptcha\",\"container_class\":\"\",\"element_class\":\"\",\"size\":\"visible\",\"key\":\"recaptcha_1581707267022\",\"drawerDisabled\":false,\"id\":16,\"beforeField\":\"\",\"afterField\":\"\",\"value\":\"\",\"label_pos\":\"above\",\"parentType\":\"textbox\",\"element_templates\":[\"recaptcha\",\"input\"],\"old_classname\":\"\",\"wrap_template\":\"wrap\",\"site_key\":\"6Lcxn8EZAAAAAJXMz5C6Pc77lIfOTTXrhYG_6Vja\",\"theme\":\"light\",\"lang\":\"en\"},{\"objectType\":\"Field\",\"objectDomain\":\"fields\",\"editActive\":false,\"order\":5,\"label\":\"Submit\",\"key\":\"submit\",\"type\":\"submit\",\"created_at\":\"2016-08-24 16:39:20\",\"processing_label\":\"Processing\",\"container_class\":\"form_submit_centered\",\"element_class\":\"altButton\",\"wrap_styles_background-color\":\"\",\"wrap_styles_border\":\"\",\"wrap_styles_border-style\":\"\",\"wrap_styles_border-color\":\"\",\"wrap_styles_color\":\"\",\"wrap_styles_height\":\"\",\"wrap_styles_width\":\"\",\"wrap_styles_font-size\":\"\",\"wrap_styles_margin\":\"\",\"wrap_styles_padding\":\"\",\"wrap_styles_display\":\"\",\"wrap_styles_float\":\"\",\"wrap_styles_show_advanced_css\":0,\"wrap_styles_advanced\":\"\",\"label_styles_background-color\":\"\",\"label_styles_border\":\"\",\"label_styles_border-style\":\"\",\"label_styles_border-color\":\"\",\"label_styles_color\":\"\",\"label_styles_height\":\"\",\"label_styles_width\":\"\",\"label_styles_font-size\":\"\",\"label_styles_margin\":\"\",\"label_styles_padding\":\"\",\"label_styles_display\":\"\",\"label_styles_float\":\"\",\"label_styles_show_advanced_css\":0,\"label_styles_advanced\":\"\",\"element_styles_background-color\":\"\",\"element_styles_border\":\"\",\"element_styles_border-style\":\"\",\"element_styles_border-color\":\"\",\"element_styles_color\":\"\",\"element_styles_height\":\"\",\"element_styles_width\":\"\",\"element_styles_font-size\":\"\",\"element_styles_margin\":\"\",\"element_styles_padding\":\"\",\"element_styles_display\":\"\",\"element_styles_float\":\"\",\"element_styles_show_advanced_css\":0,\"element_styles_advanced\":\"\",\"submit_element_hover_styles_background-color\":\"\",\"submit_element_hover_styles_border\":\"\",\"submit_element_hover_styles_border-style\":\"\",\"submit_element_hover_styles_border-color\":\"\",\"submit_element_hover_styles_color\":\"\",\"submit_element_hover_styles_height\":\"\",\"submit_element_hover_styles_width\":\"\",\"submit_element_hover_styles_font-size\":\"\",\"submit_element_hover_styles_margin\":\"\",\"submit_element_hover_styles_padding\":\"\",\"submit_element_hover_styles_display\":\"\",\"submit_element_hover_styles_float\":\"\",\"submit_element_hover_styles_show_advanced_css\":0,\"submit_element_hover_styles_advanced\":\"\",\"cellcid\":\"c3287\",\"field_label\":\"Submit\",\"field_key\":\"submit\",\"drawerDisabled\":false,\"id\":9,\"beforeField\":\"\",\"afterField\":\"\",\"value\":\"\",\"label_pos\":\"above\",\"parentType\":\"textbox\",\"element_templates\":[\"submit\",\"button\",\"input\"],\"old_classname\":\"\",\"wrap_template\":\"wrap-no-label\"}];nfForms.push(form);<\/script>\n        \n\n\n\n<br>\n<\/div>\n<!-- alt_search_div -->\n\n\n\n<\/div>\n<!-- col -->\n<\/div>\n<!-- row -->\n\n\n\n<\/div>\n<!-- container -->\n\n\n\n<div style=\"padding-bottom: 30px;\">&nbsp;<\/div>","protected":false},"excerpt":{"rendered":"<p>Sweatbox heaven Our sauna facilities are for well-being and relaxation. The steam bath is a pleasant sweat bath with an ideal combination of heat and moisture. It conveys benefits for the respiratory passages while relaxing, cleansing, and caring for your skin. Sauna has a positive effect on the skin while supporting health and protecting the [&hellip;]<\/p>","protected":false},"author":6,"featured_media":0,"parent":17,"menu_order":20,"comment_status":"closed","ping_status":"closed","template":"","meta":{"ngg_post_thumbnail":0,"footnotes":"","_links_to":"","_links_to_target":""},"class_list":["post-450","page","type-page","status-publish","hentry"],"_links":{"self":[{"href":"https:\/\/ruby89.com\/vi\/wp-json\/wp\/v2\/pages\/450","targetHints":{"allow":["GET"]}}],"collection":[{"href":"https:\/\/ruby89.com\/vi\/wp-json\/wp\/v2\/pages"}],"about":[{"href":"https:\/\/ruby89.com\/vi\/wp-json\/wp\/v2\/types\/page"}],"author":[{"embeddable":true,"href":"https:\/\/ruby89.com\/vi\/wp-json\/wp\/v2\/users\/6"}],"replies":[{"embeddable":true,"href":"https:\/\/ruby89.com\/vi\/wp-json\/wp\/v2\/comments?post=450"}],"version-history":[{"count":58,"href":"https:\/\/ruby89.com\/vi\/wp-json\/wp\/v2\/pages\/450\/revisions"}],"predecessor-version":[{"id":8010,"href":"https:\/\/ruby89.com\/vi\/wp-json\/wp\/v2\/pages\/450\/revisions\/8010"}],"up":[{"embeddable":true,"href":"https:\/\/ruby89.com\/vi\/wp-json\/wp\/v2\/pages\/17"}],"wp:attachment":[{"href":"https:\/\/ruby89.com\/vi\/wp-json\/wp\/v2\/media?parent=450"}],"curies":[{"name":"wp","href":"https:\/\/api.w.org\/{rel}","templated":true}]}}