 {"id":422,"date":"2019-10-17T16:41:37","date_gmt":"2019-10-17T09:41:37","guid":{"rendered":"https:\/\/ruby89.com\/?page_id=422"},"modified":"2022-11-22T14:30:03","modified_gmt":"2022-11-22T07:30:03","slug":"karaoke","status":"publish","type":"page","link":"https:\/\/ruby89.com\/vi\/facilities\/karaoke\/","title":{"rendered":"Karaoke"},"content":{"rendered":"<div class=\"container\" id=\"container_intro\">\n<div class=\"row\">\n\n\n\n<div class=\"alt_notebox_white col-sm-8 text-justify wow fadeIn\" id=\"container_padding_needed\" style=\"margin-top: 15px; visibility: hidden;\">\n\n\n\n<p class=\"black_default_headline\">CH\u00c0O M\u1eeaNG B\u1ea0N \u0110\u1ebeN V\u1edaI KARAOKE C\u1ee6A CH\u00daNG T\u00d4I<\/p>\n\n\n\n<p class=\"black_default_text\">T\u1eadn h\u01b0\u1edfng bu\u1ed5i t\u1ed1i c\u1ee7a b\u1ea1n  b\u1eb1ng c\u00e1ch \u0111\u1ebfn ph\u00f2ng karaoke c\u1ee7a ch\u00fang t\u00f4i. Ph\u00f2ng \u0111\u01b0\u1ee3c trang b\u1ecb h\u1ec7 th\u1ed1ng \u00e2m thanh tuy\u1ec7t v\u1eddi, ch\u00fac b\u1ea1n c\u00f3 m\u1ed9t bu\u1ed5i t\u1ed1i ca h\u00e1t tuy\u1ec7t v\u1eddi c\u00f9ng b\u1ea1n b\u00e8.<\/p>\n\n\n\n<p class=\"black_default_text\">Ph\u00f2ng karaoke \u0111\u1ec9nh cao \u0111\u01b0\u1ee3c trang b\u1ecb h\u1ec7 th\u1ed1ng d\u1ec5 s\u1eed d\u1ee5ng (m\u00e0n h\u00ecnh c\u1ea3m \u1ee9ng), loa BMB v\u00e0 micro kh\u00f4ng d\u00e2y trong m\u1ed7i ph\u00f2ng. C\u00e1c lo\u1ea1i ph\u00f2ng bao g\u1ed3m nh\u1ecf, trung b\u00ecnh, l\u1edbn v\u00e0 ph\u00f2ng VIP. Gi\u00e1 c\u1ea3 h\u1ee3p l\u00fd khi tr\u1ea3 theo gi\u1edd v\u1edbi m\u1ed9t lo\u1ea1t c\u00e1c b\u00e0i h\u00e1t c\u0169 v\u00e0 m\u1edbi c\u00f3 s\u1eb5n. T\u1ed5ng c\u1ed9ng c\u00f3 h\u01a1n 40.000 b\u00e0i h\u00e1t cho \u0111\u1ebfn nay \u0111\u01b0\u1ee3c c\u1eadp nh\u1eadt th\u01b0\u1eddng xuy\u00ean h\u00e0ng tu\u1ea7n.<\/p>\n\n\n\n<center>\n\n<div class=\"container-fluid\" style=\"padding-left: 0; padding-right: 0;\">\n<div class=\"row\">\n<div class=\"col-md-6\">\n<img decoding=\"async\" src=\"\/wp-content\/uploads\/2020\/07\/DSC05518.jpg\" class=\"casino_package_images\">\n<img decoding=\"async\" src=\"\/wp-content\/uploads\/2020\/02\/VIP_singer.jpg\" class=\"casino_package_images\">\n<img decoding=\"async\" src=\"\/wp-content\/uploads\/2020\/02\/Ruby_singer.jpg\" class=\"casino_package_images\">\n<\/div>\n<div class=\"col-md-6\">\n<img decoding=\"async\" src=\"\/wp-content\/uploads\/2020\/07\/DSC05017.jpg\" class=\"casino_package_images\">\n<img decoding=\"async\" src=\"\/wp-content\/uploads\/2020\/07\/DSC05429.jpg\" class=\"casino_package_images\">\n<img decoding=\"async\" src=\"\/wp-content\/uploads\/2020\/08\/ktv_room_empty.png\" class=\"casino_package_images\">\n<\/div>\n<\/div>\n<!-- row -->\n<\/div>\n<!-- container -->\n\n<\/center>\n\n\n\n<\/div>\n<!-- col-md-8 -->\n\n\n\n<div class=\"col-md-4 wow fadeIn\" id=\"red_booking_form_padding\" style=\"margin-top: 15px; visibility: hidden;\">\n\n\n\n<div class=\"container\" id=\"container_yellow_note_right_side\">\n<div class=\"row\">\n<div class=\"alt_golden_notebox col-md-12 wow fadeIn\" style=\"width: 100%; visibility: hidden;\">\n\n<div class=\"container\">\n<div class=\"row\">\n\n<div class=\"col-sm-12 text-center\" style=\"color: white;\">\n\n<span class=\"white_default_headline\">GI\u1edc M\u1ede C\u1eecA<\/span><br><br>\n\n<span class=\"silver_default_text_opening_time\">6PM &#8211; 3AM<\/span>\n\n<\/div>\n<!-- col-sm-12 -->\n<\/div>\n<!-- row 12 -->\n<\/div>\n<!-- container 12 -->\n\n<\/div>\n<!-- col 12 alt_golden_notebox -->\n<\/div>\n<!-- row 12 -->\n<\/div>\n<!-- container 12 -->\n\n\n<p>[RubyBookingForm]<\/p>\n\n\n\n<\/div>\n<!-- col-md-4 -->\n<\/div>\n<!-- row \/ container_ktv_intro -->\n\n\n\n<div class=\"row\" style=\"padding: 30px 0 30px 0;\">\n<div class=\"col-md-12\" id=\"container_padding_needed\">\n\n<center>\n<!--\n<p class=\"black_default_headline\">OUR KTV PACKAGES<\/p>\n\n<img decoding=\"async\" src=\"\/wp-content\/uploads\/2020\/04\/KTV-banner.jpg\" class=\"restaurant_images\" style=\"width: 100%;\">\n-->\n<\/center>\n\n<\/div>\n<!-- col-md-12 -->\n<\/div>\n<!-- row -->\n\n\n\n<\/div>\n<!-- container \/ container_intro-->","protected":false},"excerpt":{"rendered":"<p>WELCOME TO OUR KARAOKE Enjoy your evening with us by visiting our karaoke room. Equipped with an awesome sound system, have an amazing singing evening with your friends. A top-notch karaoke room is equipped with an easy-to-use system (touch screen), BMB speakers and wireless microphone in every room. Room types consist of Small, Medium, Large [&hellip;]<\/p>","protected":false},"author":6,"featured_media":0,"parent":17,"menu_order":10,"comment_status":"closed","ping_status":"closed","template":"","meta":{"ngg_post_thumbnail":0,"footnotes":"","_links_to":"","_links_to_target":""},"class_list":["post-422","page","type-page","status-publish","hentry"],"_links":{"self":[{"href":"https:\/\/ruby89.com\/vi\/wp-json\/wp\/v2\/pages\/422","targetHints":{"allow":["GET"]}}],"collection":[{"href":"https:\/\/ruby89.com\/vi\/wp-json\/wp\/v2\/pages"}],"about":[{"href":"https:\/\/ruby89.com\/vi\/wp-json\/wp\/v2\/types\/page"}],"author":[{"embeddable":true,"href":"https:\/\/ruby89.com\/vi\/wp-json\/wp\/v2\/users\/6"}],"replies":[{"embeddable":true,"href":"https:\/\/ruby89.com\/vi\/wp-json\/wp\/v2\/comments?post=422"}],"version-history":[{"count":212,"href":"https:\/\/ruby89.com\/vi\/wp-json\/wp\/v2\/pages\/422\/revisions"}],"predecessor-version":[{"id":7546,"href":"https:\/\/ruby89.com\/vi\/wp-json\/wp\/v2\/pages\/422\/revisions\/7546"}],"up":[{"embeddable":true,"href":"https:\/\/ruby89.com\/vi\/wp-json\/wp\/v2\/pages\/17"}],"wp:attachment":[{"href":"https:\/\/ruby89.com\/vi\/wp-json\/wp\/v2\/media?parent=422"}],"curies":[{"name":"wp","href":"https:\/\/api.w.org\/{rel}","templated":true}]}}