 {"id":416,"date":"2019-10-17T16:39:29","date_gmt":"2019-10-17T09:39:29","guid":{"rendered":"https:\/\/ruby89.com\/?page_id=416"},"modified":"2022-10-16T17:46:52","modified_gmt":"2022-10-16T10:46:52","slug":"fan-tan","status":"publish","type":"page","link":"https:\/\/ruby89.com\/vi\/casino\/fan-tan\/","title":{"rendered":"H\u1ea1t Me"},"content":{"rendered":"<!-- <p class=\"black_default_headline\">FAN-TAN TABLE GAME<\/p> -->\n\n\n\n<div class=\"container\" id=\"container_intro\">\n<div class=\"row\">\n<div class=\"alt_notebox-white col-sm-12 text-justify wow fadeIn\" id=\"container_padding_needed\" style=\"margin-top: 15px; visibility: hidden; padding: 0;\">\n\n\n\n<div class=\"container\" id=\"container_no_padding_needed\">\n<div class=\"row\">\n\n<div class=\"col-sm-8  wow fadeIn\" id=\"\" style=\"visibility: hidden;\">\n\n<p class=\"black_default_headline\">L\u1ecaCH S\u1eec C\u1ee6A H\u1ea0T ME<\/p>\n\n<p class=\"black_default_text\">\n\u0110\u01b0\u1ee3c t\u1ea1o ra v\u00e0o n\u0103m 200-300 sau C\u00f4ng nguy\u00ean, Fan Tan kh\u00f4ng \u0111\u01b0\u1ee3c \u0111\u1eb7t t\u00ean nh\u01b0 v\u1eady cho \u0111\u1ebfn gi\u1eefa nh\u1eefng n\u0103m 1800 \u2014 v\u1edbi \u201cFan\u201d c\u00f3 ngh\u0129a l\u00e0 \u201cl\u1eadt l\u1ea1i\u201d v\u00e0 \u201cTan\u201d c\u00f3 ngh\u0129a l\u00e0 \u201ct\u1ea3n ra\u201d. V\u00ec H\u1ea1t Me c\u00f3 th\u1ec3 \u0111\u01b0\u1ee3c ch\u01a1i b\u1eb1ng h\u1ea1t, \u0111\u1ed3ng xu, h\u1ea1t, n\u00fat ho\u1eb7c b\u1ea5t k\u1ef3 v\u1eadt ph\u1ea9m n\u00e0o t\u01b0\u01a1ng t\u1ef1, n\u00f3 c\u0169ng c\u00f3 t\u00ean yanqian, ngh\u0129a \u0111en l\u00e0 \"bao g\u1ed3m ti\u1ec1n xu\", c\u0169ng nh\u01b0 tanxi, tanqian v\u00e0 yiqian.<\/p>\n\n<p class=\"black_default_text\">\nH\u1ea1t Me c\u00f3 ngu\u1ed3n g\u1ed1c t\u1eeb Trung Qu\u1ed1c, lan r\u1ed9ng ra to\u00e0n qu\u1ed1c v\u00e0o th\u1eddi nh\u00e0 Thanh (1644-1912). Khi ng\u01b0\u1eddi Trung Qu\u1ed1c t\u1eeb Canton di c\u01b0 kh\u1eafp th\u1ebf gi\u1edbi v\u00e0o nh\u1eefng n\u0103m 1800, tr\u00f2 ch\u01a1i H\u1ea1t Me c\u0169ng v\u1eady, \u0111i\u1ec1u n\u00e0y gi\u1ea3i th\u00edch t\u1ea1i sao n\u00f3 v\u1eabn t\u1ed3n t\u1ea1i ph\u1ed5 bi\u1ebfn trong c\u00e1c s\u00f2ng b\u1ea1c tr\u00ean to\u00e0n c\u1ea7u. Khu ph\u1ed1 T\u00e0u c\u1ee7a San Francisco, California tr\u1edf th\u00e0nh n\u01a1i c\u00f3 h\u00e0ng ch\u1ee5c ng\u00f4i nh\u00e0 H\u1ea1t Me. N\u00f3 th\u1eadm ch\u00ed c\u00f2n \u0111\u01b0\u1ee3c vi\u1ebft nh\u01b0 l\u00e0 \u201cni\u1ec1m \u0111am m\u00ea th\u1ed1ng tr\u1ecb\u201d c\u1ee7a nh\u1eefng ng\u01b0\u1eddi \u0111\u1eb7t c\u01b0\u1ee3c trong cu\u1ed1n s\u00e1ch n\u0103m 1890 c\u1ee7a Jacob Riis, How the Other Half Lives.<\/p>\n\n<p class=\"black_default_text\">\nM\u1ed9t n\u01a1i \u0111\u01b0\u1ee3c \u0111\u1eb7t t\u00ean theo n\u00f3 l\u00e0 Ng\u00f5 H\u1ea1t Me c\u1ee7a Canada, n\u01a1i H\u1ea1t Me tr\u1edf n\u00ean n\u1ed5i ti\u1ebfng \u0111i\u00ean cu\u1ed3ng v\u00e0o \u0111\u1ea7u nh\u1eefng n\u0103m 1940. <\/p>\n\n<\/div>\n<!-- col 4 8 -->\n\n<div class=\"col-sm-4 wow fadeInLeftBig\" style=\"border: 0px solid #ffffff; visibility: hidden;\">\n<img decoding=\"async\" src=\"https:\/\/ruby89.com\/wp-content\/uploads\/2022\/10\/FanTan-Game-vn.webp\" alt=\"\" class=\"wp-image-550\">\n<\/div>\n<!-- col 4 8 -->\n\n<\/div>\n<!-- row 4 8-->\n<\/div>\n<!-- container 4 8 -->\n\n\n\n<div style=\"height:30px\" aria-hidden=\"true\" class=\"wp-block-spacer\"><\/div>\n\n<p class=\"black_default_headline\">QUY T\u1eaeC H\u1ea1t Me<\/p>\n\n<p class=\"black_default_text\">\nH\u1ea1t Me l\u00e0 m\u1ed9t tr\u00f2 ch\u01a1i c\u1edd b\u1ea1c truy\u1ec1n th\u1ed1ng c\u1ee7a Trung Qu\u1ed1c kh\u00e1 ph\u1ed5 bi\u1ebfn tr\u00ean to\u00e0n ch\u00e2u \u00c1. N\u00f3 ch\u01a1i tr\u00ean m\u1ed9t b\u1ec1 m\u1eb7t ph\u1eb3ng v\u1edbi m\u1ed9t c\u00e1i c\u1ed1c v\u00e0 nhi\u1ec1u h\u1ea1t nh\u1ef1a nh\u1ecf. C\u01b0\u1ee3c \u0111\u01b0\u1ee3c \u0111\u1eb7t cho m\u1ed9t s\u1ed1 b\u1ea5t k\u1ef3 (1, 2, 3, 4) v\u00e0 tr\u00ean s\u1ef1 k\u1ebft h\u1ee3p c\u1ee7a c\u00e1c s\u1ed1. Ng\u01b0\u1eddi chia b\u00e0i s\u1eed d\u1ee5ng m\u1ed9t que nh\u1ecf \u0111\u1ec3 t\u00e1ch c\u00e1c h\u1ea1t th\u00e0nh t\u1eebng nh\u00f3m b\u1ed1n. C\u00e1c h\u1ea1t c\u00f2n l\u1ea1i kh\u00f4ng th\u1ec3 x\u1ebfp th\u00e0nh nh\u00f3m 4 s\u1ebd \u0111\u01b0\u1ee3c t\u00ednh l\u00e0 m\u1ed9t, hai, ba ho\u1eb7c b\u1ed1n - v\u00e0 \u0111\u00f3 l\u00e0 s\u1ed1 tr\u00fang th\u01b0\u1edfng.\n<\/p>\n\n\n\n<\/div>\n<!-- col intro -->\n<\/div>\n<!-- row intro -->\n<\/div>\n<!-- container intro -->\n\n\n\n<div style=\"height:30px\" aria-hidden=\"true\" class=\"wp-block-spacer\"><\/div>\n\n\n\n<!-- \n\n<div class=\"container\" id=\"container_intro\" style=\"margin-top: 0px;\">\n<div class=\"row\">\n<div class=\"alt_golden_notebox col-sm-12 text-justify wow fadeIn\" style=\"visibility: hidden; width: 100%; margin-top: 10px;\">\n\n<div class=\"container\">\n<div class=\"row\">\n\n<div class=\"col-sm-12 text-center\" style=\"color: black;\">\n<span class=\"white_default_headline\">TRY YOUR LUCK, PLAY WITH US!<\/span>\n<br><br>\n<strong>Visit us at Lucky Ruby Border Casino located at Prey Vor-Moc Hoa, Svay Rieng, Cambodia<\/strong>\n<\/div>\n\n\n<\/div>\n\n\n<\/div>\n\n\n<\/div>\n\n<\/div>\n\n<\/div>\n\nContainer Golden Noted Box -->","protected":false},"excerpt":{"rendered":"<p>The history of FAN-TAN Said to have been created by 200-300 A.D., Fan Tan wasn\u2019t named as so until the mid-1800s\u2014with \u201cFan\u201d meaning to \u201cturn over\u201d, and \u201cTan\u201d meaning to \u201cspread out\u201d. As Fan Tan can be played by either beads, coins, beads, buttons, or any similar article, it also went by the names yanqian, [&hellip;]<\/p>","protected":false},"author":6,"featured_media":0,"parent":15,"menu_order":60,"comment_status":"closed","ping_status":"closed","template":"","meta":{"ngg_post_thumbnail":0,"footnotes":"","_links_to":"","_links_to_target":""},"class_list":["post-416","page","type-page","status-publish","hentry"],"_links":{"self":[{"href":"https:\/\/ruby89.com\/vi\/wp-json\/wp\/v2\/pages\/416","targetHints":{"allow":["GET"]}}],"collection":[{"href":"https:\/\/ruby89.com\/vi\/wp-json\/wp\/v2\/pages"}],"about":[{"href":"https:\/\/ruby89.com\/vi\/wp-json\/wp\/v2\/types\/page"}],"author":[{"embeddable":true,"href":"https:\/\/ruby89.com\/vi\/wp-json\/wp\/v2\/users\/6"}],"replies":[{"embeddable":true,"href":"https:\/\/ruby89.com\/vi\/wp-json\/wp\/v2\/comments?post=416"}],"version-history":[{"count":57,"href":"https:\/\/ruby89.com\/vi\/wp-json\/wp\/v2\/pages\/416\/revisions"}],"predecessor-version":[{"id":7261,"href":"https:\/\/ruby89.com\/vi\/wp-json\/wp\/v2\/pages\/416\/revisions\/7261"}],"up":[{"embeddable":true,"href":"https:\/\/ruby89.com\/vi\/wp-json\/wp\/v2\/pages\/15"}],"wp:attachment":[{"href":"https:\/\/ruby89.com\/vi\/wp-json\/wp\/v2\/media?parent=416"}],"curies":[{"name":"wp","href":"https:\/\/api.w.org\/{rel}","templated":true}]}}