 {"id":414,"date":"2019-10-17T16:39:14","date_gmt":"2019-10-17T09:39:14","guid":{"rendered":"https:\/\/ruby89.com\/?page_id=414"},"modified":"2022-10-16T17:46:36","modified_gmt":"2022-10-16T10:46:36","slug":"dragon-tiger","status":"publish","type":"page","link":"https:\/\/ruby89.com\/vi\/casino\/dragon-tiger\/","title":{"rendered":"R\u1ed2NG H\u1ed4"},"content":{"rendered":"<!-- <p class=\"black_default_headline\">DRAGON TIGER TABLE GAME<\/p> -->\n\n\n\n<div class=\"container\" id=\"container_intro\">\n<div class=\"row\">\n<div class=\"alt_notebox-white col-sm-12 text-justify wow fadeIn\" id=\"container_padding_needed\" style=\"margin-top: 15px; visibility: hidden; padding: 0;\">\n\n\n\n<div class=\"container\" id=\"container_no_padding_needed\">\n<div class=\"row\">\n\n<div class=\"col-sm-8  wow fadeInRight\" id=\"\" style=\"visibility: hidden;\">\n\n<p class=\"black_default_headline\">L\u1ecaCH S\u1eec C\u1ee6A R\u1ed2NG H\u1ed4<\/p>\n\n<p class=\"black_default_text\">\nR\u1ed3ng H\u1ed5 l\u00e0 m\u1ed9t tr\u00f2 ch\u01a1i \u0111\u01a1n gi\u1ea3n v\u1edbi ngu\u1ed3n g\u1ed1c th\u00fa v\u1ecb. N\u00f3 ph\u1ecfng theo truy\u1ec1n th\u1ed1ng ngh\u1ec7 thu\u1eadt \u0110\u00f4ng \u00c1 12.000 n\u0103m tu\u1ed5i c\u1ee7a r\u1ed3ng v\u00e0 h\u1ed5, trong khi chuy\u1ec3n th\u1ec3 Baccarat v\u00e0 Casino War th\u00e0nh m\u1ed9t tr\u00f2 ch\u01a1i 2 l\u00e1 b\u00e0i, r\u1ed3ng v\u00e0 h\u1ed5 \u0111\u1ea5u v\u1edbi nhau. Trong ngh\u1ec7 thu\u1eadt \u0110\u00f4ng \u00c1, tinh linh r\u1ed3ng v\u00e0 h\u1ed5 r\u1ea5t kh\u00e1c nhau nh\u01b0ng \u0111\u1ed3ng th\u1eddi l\u1ea1i gi\u1ed1ng nhau - \u0111i\u1ec1u n\u00e0y khi\u1ebfn hai sinh v\u1eadt \u0111\u01b0\u1ee3c m\u1ec7nh danh l\u00e0 k\u1ebb th\u00f9 truy\u1ec1n ki\u1ebfp. Hai th\u1ebb \u0111\u01b0\u1ee3c r\u00fat ra, m\u1ed9t cho R\u1ed3ng v\u00e0 m\u1ed9t cho H\u1ed5, sau \u0111\u00f3 ti\u1ebft l\u1ed9 th\u1ebb c\u1ee7a b\u00ean n\u00e0o c\u00f3 gi\u00e1 tr\u1ecb cao h\u01a1n khi v\u00f2ng c\u01b0\u1ee3c k\u1ebft th\u00fac. <\/p>\n\n<p class=\"black_default_text\">\nH\u1ec7 th\u1ed1ng c\u00e1 c\u01b0\u1ee3c c\u1ee7a R\u1ed3ng H\u1ed5 \u0111\u01b0\u1ee3c ph\u1ecfng theo Baccarat, trong khi c\u00e1c quy t\u1eafc v\u00e0 b\u1ea3n th\u00e2n tr\u00f2 ch\u01a1i d\u1ef1a tr\u00ean Casino War. <\/p>\n\n<div style=\"height:30px\" aria-hidden=\"true\" class=\"wp-block-spacer\"><\/div>\n\n<p class=\"black_default_headline\">QUY T\u1eaeC R\u1ed2NG H\u1ed4<\/p>\n\n<p class=\"black_default_text\">\nTrong R\u1ed3ng H\u1ed5 tr\u00f2 ch\u01a1i \u0111\u01b0\u1ee3c ch\u01a1i v\u1edbi 8 b\u1ed9 b\u00e0i. V\u1ec1 kh\u00e1i ni\u1ec7m, \u0111\u00e2y l\u00e0 m\u1ed9t trong nh\u1eefng tr\u00f2 ch\u01a1i tr\u00ean b\u00e0n \u0111\u01a1n gi\u1ea3n nh\u1ea5t v\u00ec ng\u01b0\u1eddi ch\u01a1i c\u00f3 th\u1ec3 \u0111\u1eb7t c\u01b0\u1ee3c xem \u2018R\u1ed3ng\u2019 ho\u1eb7c \u2018H\u1ed5\u2019 s\u1ebd c\u00f3 gi\u00e1 tr\u1ecb cao h\u01a1n ho\u1eb7c k\u1ebft qu\u1ea3 l\u00e0 h\u00f2a. Ng\u01b0\u1eddi chia b\u00e0i s\u1ebd ti\u1ebft l\u1ed9 2 l\u00e1 b\u00e0i ng\u1eeda, m\u1ed9t l\u1ea7n t\u01b0\u1ee3ng tr\u01b0ng cho m\u1ed7i con R\u1ed3ng v\u00e0 H\u1ed5. Trong tr\u00f2 ch\u01a1i n\u00e0y, Vua l\u00e0 cao nh\u1ea5t v\u00e0 \u00c1t l\u00e0 th\u1ea5p nh\u1ea5t. N\u1ebfu R\u1ed3ng v\u00e0 H\u1ed5 c\u00f3 c\u00f9ng gi\u00e1 tr\u1ecb th\u00ec s\u1ebd \u0111\u01b0\u1ee3c coi l\u00e0 tr\u00f2 ch\u01a1i \u2018H\u00f2a\u2019.\n<\/p>\n<\/div>\n<!-- col -->\n\n<div class=\"col-sm-4 wow fadeIn\" style=\"border: 0px solid #ffffff; visibility: hidden;\">\n<img decoding=\"async\" src=\"https:\/\/ruby89.com\/wp-content\/uploads\/2022\/10\/Dragon-Tiger-Game-vn.webp\" alt=\"\" class=\"wp-image-549\">\n<\/div>\n<!-- col 4 8 -->\n<\/div>\n<!-- row 4 8-->\n<\/div>\n<!-- container 4 8 -->\n\n\n\n<\/div>\n<!-- col intro -->\n<\/div>\n<!-- row intro -->\n<\/div>\n<!-- container intro -->\n\n\n\n<div style=\"height:30px\" aria-hidden=\"true\" class=\"wp-block-spacer\"><\/div>\n\n\n\n<!-- \n\n<div class=\"container\" id=\"container_intro\" style=\"margin-top: 0px;\">\n<div class=\"row\">\n<div class=\"alt_golden_notebox col-sm-12 text-justify wow fadeIn\" style=\"visibility: hidden; width: 100%; margin-top: 10px;\">\n\n<div class=\"container\">\n<div class=\"row\">\n\n<div class=\"col-sm-12 text-center\" style=\"color: black;\">\n<span class=\"white_default_headline\">TRY YOUR LUCK, PLAY WITH US!<\/span>\n<br><br>\n<strong>Visit us at Lucky Ruby Border Casino located at Prey Vor-Moc Hoa, Svay Rieng, Cambodia<\/strong>\n<\/div>\n\n\n<\/div>\n\n\n<\/div>\n\n\n<\/div>\n\n<\/div>\n\n<\/div>\n\nContainer Golden Noted Box -->","protected":false},"excerpt":{"rendered":"<p>The history of DRAGON TIGER Dragon Tiger is a simple game with interesting origins. It adapts the 12,000-year-old East Asian art tradition of the dragon and tiger, while adapting Baccarat and Casino War into a 2-card game, pitting the dragon and the tiger against each other. In East Asian art, the dragon and the tiger [&hellip;]<\/p>","protected":false},"author":6,"featured_media":0,"parent":15,"menu_order":50,"comment_status":"closed","ping_status":"closed","template":"","meta":{"ngg_post_thumbnail":0,"footnotes":"","_links_to":"","_links_to_target":""},"class_list":["post-414","page","type-page","status-publish","hentry"],"_links":{"self":[{"href":"https:\/\/ruby89.com\/vi\/wp-json\/wp\/v2\/pages\/414","targetHints":{"allow":["GET"]}}],"collection":[{"href":"https:\/\/ruby89.com\/vi\/wp-json\/wp\/v2\/pages"}],"about":[{"href":"https:\/\/ruby89.com\/vi\/wp-json\/wp\/v2\/types\/page"}],"author":[{"embeddable":true,"href":"https:\/\/ruby89.com\/vi\/wp-json\/wp\/v2\/users\/6"}],"replies":[{"embeddable":true,"href":"https:\/\/ruby89.com\/vi\/wp-json\/wp\/v2\/comments?post=414"}],"version-history":[{"count":27,"href":"https:\/\/ruby89.com\/vi\/wp-json\/wp\/v2\/pages\/414\/revisions"}],"predecessor-version":[{"id":7260,"href":"https:\/\/ruby89.com\/vi\/wp-json\/wp\/v2\/pages\/414\/revisions\/7260"}],"up":[{"embeddable":true,"href":"https:\/\/ruby89.com\/vi\/wp-json\/wp\/v2\/pages\/15"}],"wp:attachment":[{"href":"https:\/\/ruby89.com\/vi\/wp-json\/wp\/v2\/media?parent=414"}],"curies":[{"name":"wp","href":"https:\/\/api.w.org\/{rel}","templated":true}]}}