 {"id":412,"date":"2019-10-17T16:38:30","date_gmt":"2019-10-17T09:38:30","guid":{"rendered":"https:\/\/ruby89.com\/?page_id=412"},"modified":"2022-10-16T17:46:11","modified_gmt":"2022-10-16T10:46:11","slug":"tai-xiu","status":"publish","type":"page","link":"https:\/\/ruby89.com\/vi\/casino\/tai-xiu\/","title":{"rendered":"T\u00e0i - X\u1ec9u"},"content":{"rendered":"<!-- <p class=\"black_default_headline\">TAI XIU TABLE GAME<\/p> -->\n\n\n\n<div class=\"container\" id=\"container_intro\">\n<div class=\"row\">\n<div class=\"alt_notebox-white col-sm-12 text-justify wow fadeIn\" id=\"container_padding_needed\" style=\"margin-top: 15px; visibility: hidden; padding: 0;\">\n\n\n\n<div class=\"container\" id=\"container_no_padding_needed\">\n<div class=\"row\">\n\n<div class=\"col-sm-8  wow fadeInRight\" id=\"\" style=\"visibility: hidden;\">\n\n<p class=\"black_default_headline\">L\u1ecaCH S\u1eec C\u1ee6A T\u00e0i - X\u1ec9u<\/p>\n\n<p class=\"black_default_text\">\nT\u00e0i - X\u1ec9u, c\u00f3 ngh\u0129a l\u00e0 \u201cl\u1edbn [ho\u1eb7c] nh\u1ecf\u201d, l\u00e0 m\u1ed9t tr\u00f2 ch\u01a1i c\u00f3 nhi\u1ec1u t\u00ean g\u1ecdi \u2014 Sicbo, Tai Sai, Big and Small ,, Hi-lo. <\/p>\n\n<p class=\"black_default_text\">\nNgu\u1ed3n g\u1ed1c ch\u00ednh x\u00e1c c\u1ee7a n\u00f3 \u1edf Trung Qu\u1ed1c v\u1eabn ch\u01b0a \u0111\u01b0\u1ee3c bi\u1ebft, m\u1eb7c d\u00f9 nhi\u1ec1u ngu\u1ed3n tin cho r\u1eb1ng n\u00f3 \u0111\u00e3 \u0111\u01b0\u1ee3c ch\u01a1i h\u00e0ng ngh\u00ecn n\u0103m, c\u00f3 th\u1ec3 tr\u01b0\u1edbc c\u1ea3 khi gi\u1ea5y \u0111\u01b0\u1ee3c ph\u00e1t minh. M\u1eb7c d\u00f9 r\u1ea5t ph\u1ed5 bi\u1ebfn, tr\u00f2 ch\u01a1i n\u00e0y \u0111\u00e3 kh\u00f4ng lan r\u1ed9ng kh\u1eafp th\u1ebf gi\u1edbi cho \u0111\u1ebfn khi ng\u01b0\u1eddi Trung Qu\u1ed1c di c\u01b0 \u2014 \u0111i\u1ec1u n\u00e0y \u0111\u00e3 khi\u1ebfn T\u00e0i - X\u1ec9u tr\u1edf n\u00ean n\u1ed5i ti\u1ebfng \u1edf M\u1ef9 v\u00e0o \u0111\u1ea7u nh\u1eefng n\u0103m 1900. K\u1ec3 t\u1eeb \u0111\u00f3, n\u00f3 \u0111\u00e3 tr\u1edf th\u00e0nh m\u1ed9t tr\u00f2 ch\u01a1i s\u00f2ng b\u1ea1c ch\u1ee7 y\u1ebfu trong c\u00e1c s\u00f2ng b\u1ea1c \u1edf M\u1ef9. <\/p>\n\n<p class=\"black_default_text\">\nV\u01b0\u01a1ng qu\u1ed1c Anh c\u0169ng h\u1ee3p ph\u00e1p h\u00f3a vi\u1ec7c ch\u01a1i T\u00e0i - X\u1ec9u trong c\u00e1c s\u00f2ng b\u1ea1c c\u1ee7a m\u00ecnh v\u00e0o n\u0103m 2002. N\u00f3 \u0111\u00e3 \u0111\u01b0\u1ee3c \u0111i\u1ec1u ch\u1ec9nh cho c\u00e1c bi\u1ebfn th\u1ec3 c\u1ee7a ph\u01b0\u01a1ng T\u00e2y l\u00e0 Grand Hazard v\u00e0 Chuck-A-Luck \u2014 c\u1ea3 hai \u0111\u1ec1u c\u00f3 ngu\u1ed3n g\u1ed1c t\u1eeb ti\u1ebfng Anh. <\/p>\n\n<div style=\"height:30px\" aria-hidden=\"true\" class=\"wp-block-spacer\"><\/div>\n\n<p class=\"black_default_headline\">QUY T\u1eaeC T\u00e0i - X\u1ec9u<\/p>\n\n<p class=\"black_default_text\">\nT\u00e0i - X\u1ec9u l\u00e0 m\u1ed9t trong nh\u1eefng tr\u00f2 ch\u01a1i ph\u1ed5 bi\u1ebfn nh\u1ea5t \u0111\u01b0\u1ee3c ch\u01a1i t\u1ea1i c\u00e1c S\u00f2ng b\u1ea1c Ch\u00e2u \u00c1. Trong T\u00e0i - X\u1ec9u, c\u00f2n \u0111\u01b0\u1ee3c g\u1ecdi l\u00e0 l\u1edbn v\u00e0 nh\u1ecf ho\u1eb7c hi-lo, ng\u01b0\u1eddi ch\u01a1i c\u1ed1 g\u1eafng d\u1ef1 \u0111o\u00e1n k\u1ebft qu\u1ea3 c\u1ee7a ba vi\u00ean x\u00fac x\u1eafc \u0111\u01b0\u1ee3c l\u1eafc trong m\u00e1y l\u1eafc. Ng\u01b0\u1eddi ch\u01a1i ti\u1ebfn h\u00e0nh \u0111\u1eb7t c\u01b0\u1ee3c theo c\u00e1c gi\u00e1 tr\u1ecb c\u00f3 s\u1eb5n.<\/p>\n\n\n<\/div>\n\n\n\n<div class=\"col-sm-4 wow fadeInLeftBig\" style=\"border: 0px solid #ffffff; visibility: hidden;\">\n<img decoding=\"async\" src=\"https:\/\/ruby89.com\/wp-content\/uploads\/2022\/10\/Tai-Xiu-Game-vn.webp\" alt=\"\" class=\"wp-image-553\">\n<\/div>\n<!-- col 4 8 -->\n<\/div>\n<!-- row 4 8-->\n<\/div>\n<!-- container 4 8 -->\n\n\n\n<\/div>\n<!-- col intro -->\n<\/div>\n<!-- row intro -->\n<\/div>\n<!-- container intro -->\n\n\n\n<div style=\"height:30px\" aria-hidden=\"true\" class=\"wp-block-spacer\"><\/div>\n\n\n\n<!-- \n\n<div class=\"container\" id=\"container_intro\" style=\"margin-top: 0px;\">\n<div class=\"row\">\n<div class=\"alt_golden_notebox col-sm-12 text-justify wow fadeIn\" style=\"visibility: hidden; width: 100%; margin-top: 10px;\">\n\n<div class=\"container\">\n<div class=\"row\">\n\n<div class=\"col-sm-12 text-center\" style=\"color: black;\">\n<span class=\"white_default_headline\">TRY YOUR LUCK, PLAY WITH US!<\/span>\n<br><br>\n<strong>Visit us at Lucky Ruby Border Casino located at Prey Vor-Moc Hoa, Svay Rieng, Cambodia<\/strong>\n<\/div>\n\n\n<\/div>\n\n\n<\/div>\n\n\n<\/div>\n\n<\/div>\n\n<\/div>\n\nContainer Golden Noted Box -->","protected":false},"excerpt":{"rendered":"<p>The history of TAI XIU Tai Xiu, meaning \u201cbig [or] small\u201d, is one game that goes by many names\u2014Sicbo, Tai Sai, Big and Small,, Hi-lo. Its exact origins in China are unknown, although many sources claim that it has been played for thousands of years, possibly even before paper was invented. Despite its popularity, this [&hellip;]<\/p>","protected":false},"author":6,"featured_media":0,"parent":15,"menu_order":40,"comment_status":"closed","ping_status":"closed","template":"","meta":{"ngg_post_thumbnail":0,"footnotes":"","_links_to":"","_links_to_target":""},"class_list":["post-412","page","type-page","status-publish","hentry"],"_links":{"self":[{"href":"https:\/\/ruby89.com\/vi\/wp-json\/wp\/v2\/pages\/412","targetHints":{"allow":["GET"]}}],"collection":[{"href":"https:\/\/ruby89.com\/vi\/wp-json\/wp\/v2\/pages"}],"about":[{"href":"https:\/\/ruby89.com\/vi\/wp-json\/wp\/v2\/types\/page"}],"author":[{"embeddable":true,"href":"https:\/\/ruby89.com\/vi\/wp-json\/wp\/v2\/users\/6"}],"replies":[{"embeddable":true,"href":"https:\/\/ruby89.com\/vi\/wp-json\/wp\/v2\/comments?post=412"}],"version-history":[{"count":26,"href":"https:\/\/ruby89.com\/vi\/wp-json\/wp\/v2\/pages\/412\/revisions"}],"predecessor-version":[{"id":7259,"href":"https:\/\/ruby89.com\/vi\/wp-json\/wp\/v2\/pages\/412\/revisions\/7259"}],"up":[{"embeddable":true,"href":"https:\/\/ruby89.com\/vi\/wp-json\/wp\/v2\/pages\/15"}],"wp:attachment":[{"href":"https:\/\/ruby89.com\/vi\/wp-json\/wp\/v2\/media?parent=412"}],"curies":[{"name":"wp","href":"https:\/\/api.w.org\/{rel}","templated":true}]}}