 {"id":408,"date":"2019-10-17T16:37:28","date_gmt":"2019-10-17T09:37:28","guid":{"rendered":"https:\/\/ruby89.com\/?page_id=408"},"modified":"2022-10-16T17:45:50","modified_gmt":"2022-10-16T10:45:50","slug":"bai-buu","status":"publish","type":"page","link":"https:\/\/ruby89.com\/vi\/casino\/bai-buu\/","title":{"rendered":"B\u00e0i B\u1eedu"},"content":{"rendered":"<!-- <p class=\"black_default_headline\">Bai Buu Table Game<\/p> -->\n\n\n\n<div class=\"container\" id=\"container_intro\">\n<div class=\"row\">\n<div class=\"alt_notebox-white col-sm-12 text-justify wow fadeIn\" id=\"container_padding_needed\" style=\"margin-top: 15px; visibility: hidden; padding: 0;\">\n\n\n\n<div class=\"container\" id=\"container_no_padding_needed\">\n<div class=\"row\">\n\n<div class=\"col-sm-8  wow fadeInRight\" id=\"\" style=\"visibility: hidden;\">\n\n<p class=\"black_default_headline\">L\u1ecaCH S\u1eec C\u1ee6A B\u00c0I B\u1eecU<\/p>\n\n<p class=\"black_default_text\">\nB\u00e0i B\u1eedu l\u00e0 m\u1ed9t tr\u00f2 ch\u01a1i casino ph\u1ed5 bi\u1ebfn \u1edf Campuchia v\u00e0 Vi\u1ec7t Nam. Ngu\u1ed3n g\u1ed1c ch\u00ednh x\u00e1c \u1edf Vi\u1ec7t Nam c\u1ee7a n\u00f3 v\u1eabn ch\u01b0a \u0111\u01b0\u1ee3c bi\u1ebft r\u00f5, m\u1eb7c d\u00f9 n\u00f3 ch\u1eafc ch\u1eafn \u0111\u01b0\u1ee3c ph\u00e1t minh ra sau khi tr\u00f2 ch\u01a1i \u0111\u00e1nh b\u00e0i du nh\u1eadp v\u00e0o Vi\u1ec7t Nam nh\u01b0 m\u1ed9t c\u00f4ng c\u1ee5 ch\u01a1i c\u1edd b\u1ea1c ph\u1ed5 bi\u1ebfn. C\u00f4ng th\u1ee9c t\u00ednh to\u00e1n c\u1ee7a c\u00e1c qu\u00e2n b\u00e0i c\u0169ng \u0111\u01b0\u1ee3c ph\u1ecfng theo h\u1ec7 th\u1ed1ng x\u1ebfp h\u1ea1ng qu\u00e2n b\u00e0i c\u1ee7a ph\u01b0\u01a1ng T\u00e2y, tr\u1eeb qu\u00e2n Joker. <\/p>\n\n<div style=\"height:30px\" aria-hidden=\"true\" class=\"wp-block-spacer\"><\/div>\n\n<p class=\"black_default_headline\">Quy t\u1eafc B\u00e0i B\u1eedu<\/p>\n\n<ol>\n<li> Ti\u00eau chu\u1ea9n c\u1ee7a b\u1ed9 b\u00e0i 52 l\u00e1 \u0111\u01b0\u1ee3c s\u1eed d\u1ee5ng \u0111\u1ec3 ch\u01a1i tr\u00f2 ch\u01a1i s\u00f2ng b\u1ea1c n\u00e0y.\n<li> Ng\u01b0\u1eddi chia b\u00e0i s\u1eafp x\u1ebfp c\u00e1c qu\u00e2n b\u00e0i th\u00e0nh 7 ng\u0103n x\u1ebfp, m\u1ed7i ng\u0103n 4 qu\u00e2n.\n<li> Nh\u00e0 c\u00e1i s\u1ebd l\u1eafc x\u00fac x\u1eafc v\u00e0 s\u1ebd t\u1ea1o c\u01a1 h\u1ed9i cho ng\u01b0\u1eddi ch\u01a1i l\u1eafc x\u00fac x\u1eafc.\n<li> T\u1ed5ng k\u1ebft qu\u1ea3 c\u1ee7a 3 vi\u00ean x\u00fac x\u1eafc x\u00e1c \u0111\u1ecbnh th\u1ebb nh\u00e0 v\u00e0 n\u01a1i giao d\u1ecbch b\u1eaft \u0111\u1ea7u.\n<li> Nh\u00e0 c\u00e1i ph\u00e2n ph\u1ed1i c\u00e1c \u0111i\u1ec3m c\u1ed9ng cho m\u1ed7i ng\u01b0\u1eddi ch\u01a1i\n<li> Ng\u01b0\u1eddi ch\u01a1i s\u1eafp x\u1ebfp c\u00e1c l\u00e1 b\u00e0i th\u00e0nh Tay cao v\u00e0 Tay th\u1ea5p v\u1edbi m\u1ed7i l\u00e1 2 l\u00e1\n<li> Sau \u0111\u00f3, ng\u01b0\u1eddi chia b\u00e0i m\u1edf th\u1ebb nh\u00e0 v\u00e0 s\u1eafp x\u1ebfp th\u00e0nh Tay cao v\u00e0 Tay th\u1ea5p\n<li> Ng\u01b0\u1eddi chia b\u00e0i m\u1edf t\u1eebng l\u00e1 b\u00e0i c\u1ee7a ng\u01b0\u1eddi ch\u01a1i \u0111\u1ec3 x\u00e1c \u0111\u1ecbnh c\u1eeda th\u1eafng\n<li> N\u1ebfu B\u00e0i cao v\u00e0 B\u00e0i th\u1ea5p \u0111\u01b0\u1ee3c s\u1eafp x\u1ebfp kh\u00f4ng ch\u00ednh x\u00e1c, Nh\u00e0 c\u00e1i s\u1ebd t\u1ef1 \u0111\u1ed9ng th\u1eafng.\n<\/ol>\n\n<br>\n\n<p class=\"black_default_text_bold\">\nT\u00ccM HI\u1ec2U C\u1ea4U TR\u00daC \u0110I\u1ec2M &amp; K\u1ef8 THU\u1eacT CHIA B\u00c0I\n<\/p>\n\n<ol>\n<li> B\u00e0i Nh\u00e0 c\u00f3 th\u1ec3 ch\u01a1i v\u1edbi 9 \u0111i\u1ec3m cho b\u00e0i cao v\u00e0 4 \u0111i\u1ec3m tr\u1edf l\u00ean cho b\u00e0i th\u1ea5p.\n<li> N\u1ebfu b\u00e0i th\u1ea5p d\u01b0\u1edbi 4 \u0111i\u1ec3m, ng\u01b0\u1eddi chia b\u00e0i ph\u1ea3i chia nh\u1ecf (v\u00ed d\u1ee5: Q + 8 + A + 4, ng\u01b0\u1eddi ch\u01a1i c\u00f3 th\u1ec3 s\u1eafp x\u1ebfp l\u00e1 b\u00e0i l\u00e0 4 + Q (b\u00e0i th\u1ea5p) v\u00e0 8 + A (b\u00e0i cao). N\u1ebfu Q + 8 + A + 3, ng\u01b0\u1eddi chia b\u00e0i s\u1ebd s\u1eafp x\u1ebfp l\u00e0 A + 3 v\u00e0 Q + 8).\n<li> S\u1ed1 c\u1eb7p kh\u00f4ng t\u00e1ch \u0111\u01b0\u1ee3c l\u00e0: 4,4 \/ 5,5 \/ 10,10 \/ J, J \/ Q, Q \/ K, K \/ A, A\n<li> N\u1ebfu c\u1eeda nh\u00e0 c\u00e1i c\u00f3 A + 9 ho\u1eb7c 2 h\u00ecnh, nh\u00e0 c\u00e1i kh\u00f4ng th\u1ec3 chia.\n<li> \u0110\u1ed1i v\u1edbi Q + K + 6 + 4, ng\u01b0\u1eddi chia b\u00e0i s\u1ebd s\u1eafp x\u1ebfp \u0111\u00e2y l\u00e0 6 + 4 v\u00e0 Q + K\n<li> \u0110\u1ed1i v\u1edbi A + 9 + 8 + 2, ng\u01b0\u1eddi chia b\u00e0i s\u1ebd s\u1eafp x\u1ebfp \u0111\u00e2y l\u00e0 8 + 2 v\u00e0 A + 9\n<li> S\u1ed1 c\u1eb7p ph\u1ea3i t\u00e1ch l\u00e0: 2,2 \/ 3,3 \/ 6,6 \/ 7,7 \/ 8,8 \/ 9,9\n<li> \u0110\u1ed1i v\u1edbi D 2: 3 + 7, 4 + 7, 5 + 7, 6 + 7, 5 + 6 s\u1ebd \u0111\u01b0\u1ee3c chia ti\u00ea\u0340n\n<li> \u0110\u1ed1i v\u1edbi C\u1eb7p 3: 4 + 6, 5 + 6 s\u1ebd \u0111\u01b0\u1ee3c chia ti\u00ea\u0340n\n<li> \u0110\u1ed1i v\u1edbi C\u1eb7p 6: 1 + 2 v\u00e0 \/ ho\u1eb7c 3, 2 + 10, 3 + 10 s\u1ebd \u0111\u01b0\u1ee3c chia ti\u00ea\u0340n\n<li> \u0110\u1ed1i v\u1edbi C\u1eb7p 7: 1 + 2 v\u00e0 \/ ho\u1eb7c 10, 2 + 9 s\u1ebd \u0111\u01b0\u1ee3c chia ti\u00ea\u0340n\n<li> \u0110\u1ed1i v\u1edbi C\u1eb7p 8: A + 10 v\u00e0 J + Q v\u00e0 \/ ho\u1eb7c K s\u1ebd \u0111\u01b0\u1ee3c chia ti\u00ea\u0340n\n<li> \u0110\u1ed1i v\u1edbi C\u1eb7p 9: A + 10 v\u00e0 J + Q v\u00e0 \/ ho\u1eb7c K s\u1ebd \u0111\u01b0\u1ee3c chia ti\u1ec1n\n<\/ol>\n\n<br>\n\n<p class=\"black_default_text_bold\">\nX\u1ebeP H\u1ea0NG C\u00c1C TAY B\u00c0I POCKER\n<\/p>\n\n<ol>\n<li> T\u1ee9 Qu\u00fd\n<li> S\u00e1m C\u00f4\u00a0\n<li> \u0110\u00f4i\n<li> Hai th\u1ebb h\u00ecnh \u1ea3nh, kh\u00f4ng c\u00f3 c\u1eb7p. (v\u00ed d\u1ee5: KQ KJ QJ, gi\u00e1 tr\u1ecb gi\u1ed1ng nhau, KQ r\u00e0ng bu\u1ed9c QJ r\u00e0ng bu\u1ed9c KJ)\n<li> M\u01b0\u1eddi \u0111i\u1ec3m (ch\u1ec9 A &amp; 9 \u0111\u01b0\u1ee3c t\u00ednh l\u00e0 10 \u0111i\u1ec3m (h\u1ecd g\u1ecdi l\u00e0 \u201cKong\u201d), kh\u00f4ng gi\u1ed1ng nh\u01b0 2 &amp; 8 ho\u1eb7c 3 &amp; 7, \u0111\u01b0\u1ee3c t\u00ednh l\u00e0 0)\n<li> \u0110i\u1ec3m t\u1eeb 0 \u0111\u1ebfn 9 (Hai th\u1ebb \u0111\u01b0\u1ee3c t\u00ednh l\u00e0 \u0111i\u1ec3m Bacarrat, nh\u01b0 9 &amp; 6 \u0111\u01b0\u1ee3c t\u00ednh l\u00e0 5, ho\u1eb7c 4 &amp; 9 \u0111\u01b0\u1ee3c t\u00ednh l\u00e0 3)\n<\/ol>\n\n<!--\n<p class=\"black_default_text_bold\">\nMINIMUM AND MAXIMUM BET AT LUCKY RUBY CASINO & RESORT\n<\/p>\n\n<ul>\n<li> Minimum Bet = 20,000 VND\n<li> Maximum Bet = 5,000,000 VND\n<\/ul>\n-->\n\n\n<\/div>\n<!-- col -->\n\n<div class=\"col-sm-4 wow fadeIn\" style=\"border: 0px solid #ffffff; visibility: hidden;\">\n\n<img decoding=\"async\" src=\"https:\/\/ruby89.com\/wp-content\/uploads\/2022\/10\/Bai-Buu-Game-vn.webp\" alt=\"\" class=\"wp-image-548\">\n\n<div style=\"height:30px\" aria-hidden=\"true\" class=\"wp-block-spacer\"><\/div>\n\n<a href=\"https:\/\/ruby89.com\/vi\/promotions\/bai-buu-jackpot\/\"><img decoding=\"async\" src=\"https:\/\/ruby89.com\/wp-content\/uploads\/2020\/09\/baibuu_jackpot_vn.png\" class=\"wp-image-548\"><\/a>\n\n<\/div>\n<!-- col 4 8 -->\n<\/div>\n<!-- row 4 8-->\n<\/div>\n<!-- container 4 8 -->\n\n\n\n<\/div>\n<!-- col intro -->\n<\/div>\n<!-- row intro -->\n<\/div>\n<!-- container intro -->\n\n\n\n<!-- \n\n<div class=\"container\" id=\"container_intro\" style=\"margin-top: 0px;\">\n<div class=\"row\">\n<div class=\"alt_golden_notebox col-sm-12 text-justify wow fadeIn\" style=\"visibility: hidden; width: 100%; margin-top: 10px;\">\n\n<div class=\"container\">\n<div class=\"row\">\n\n<div class=\"col-sm-12 text-center\" style=\"color: black;\">\n<span class=\"white_default_headline\">TRY YOUR LUCK, PLAY WITH US!<\/span>\n<br><br>\n<strong>Visit us at Lucky Ruby Border Casino located at Prey Vor-Moc Hoa, Svay Rieng, Cambodia<\/strong>\n<\/div>\n\n\n<\/div>\n\n\n<\/div>\n\n\n<\/div>\n\n<\/div>\n\n<\/div>\n\nContainer Golden Noted Box -->","protected":false},"excerpt":{"rendered":"<p>The history of Bai Buu Bai Buu is a popular casino game in Cambodia and Vietnam. Its exact Vietnamese origins are unknown, although it\u2019s certain to have been invented after card games have been introduced to Vietnam as a popular gambling gaming tool. Its calculation formula of the cards is also adapted from the Western [&hellip;]<\/p>","protected":false},"author":6,"featured_media":0,"parent":15,"menu_order":25,"comment_status":"closed","ping_status":"closed","template":"","meta":{"ngg_post_thumbnail":0,"footnotes":"","_links_to":"","_links_to_target":""},"class_list":["post-408","page","type-page","status-publish","hentry"],"_links":{"self":[{"href":"https:\/\/ruby89.com\/vi\/wp-json\/wp\/v2\/pages\/408","targetHints":{"allow":["GET"]}}],"collection":[{"href":"https:\/\/ruby89.com\/vi\/wp-json\/wp\/v2\/pages"}],"about":[{"href":"https:\/\/ruby89.com\/vi\/wp-json\/wp\/v2\/types\/page"}],"author":[{"embeddable":true,"href":"https:\/\/ruby89.com\/vi\/wp-json\/wp\/v2\/users\/6"}],"replies":[{"embeddable":true,"href":"https:\/\/ruby89.com\/vi\/wp-json\/wp\/v2\/comments?post=408"}],"version-history":[{"count":44,"href":"https:\/\/ruby89.com\/vi\/wp-json\/wp\/v2\/pages\/408\/revisions"}],"predecessor-version":[{"id":7297,"href":"https:\/\/ruby89.com\/vi\/wp-json\/wp\/v2\/pages\/408\/revisions\/7297"}],"up":[{"embeddable":true,"href":"https:\/\/ruby89.com\/vi\/wp-json\/wp\/v2\/pages\/15"}],"wp:attachment":[{"href":"https:\/\/ruby89.com\/vi\/wp-json\/wp\/v2\/media?parent=408"}],"curies":[{"name":"wp","href":"https:\/\/api.w.org\/{rel}","templated":true}]}}