 {"id":2550,"date":"2020-01-30T19:34:54","date_gmt":"2020-01-30T12:34:54","guid":{"rendered":"https:\/\/ruby89.com\/?page_id=2550"},"modified":"2024-03-05T15:14:58","modified_gmt":"2024-03-05T08:14:58","slug":"vip-room-small","status":"publish","type":"page","link":"https:\/\/ruby89.com\/vi\/hotel\/rooms\/vip-room-small\/","title":{"rendered":"VIP ROOM"},"content":{"rendered":"<div class=\"container\" id=\"container_intro\">\n<div class=\"row\">\n\n\n\n<div class=\"alt_notebox_white col-sm-12 text-justify wow fadeIn hotel_normal_text\" style=\"margin-top: 15px; visibility: hidden;\">\n\n\n\n<div class=\"container\" id=\"container_intro\">\n<div class=\"row\">\n\n\n\n<div class=\"col-sm-7 text-justify wow fadeIn hotel_normal_text\" id=\"container_padding_needed\" style=\"visibility: hidden;\">\n\n\n<div class=\"mphb_sc_room-wrapper\"><div class=\"mphb-room-type post-8312 mphb_room_type type-mphb_room_type status-publish has-post-thumbnail mphb_room_type_facility-24h-room-service mphb_room_type_facility-bath-robe mphb_room_type_facility-coffee-tea mphb_room_type_facility-ensuite_bathroom mphb_room_type_facility-free_bottled_water mphb_room_type_facility-free_toiletries mphb_room_type_facility-free-wifi mphb_room_type_facility-air-conditioning mphb_room_type_facility-hairdryer mphb_room_type_facility-minibar mphb_room_type_facility-refrigerator mphb_room_type_facility-safe mphb_room_type_facility-slippers mphb_room_type_facility-phone mphb_room_type_facility-smart-tv mphb_room_type_facility-towels mphb_room_type_facility-wardrobe mphb_room_type_facility-water-heater mphb_room_type_facility-desk mphb-room-type-adults-2 mphb-room-type-children-1\">\n\n\t\n\t\n<h2 class=\"mphb-room-type-title entry-title\">\n\n<a class=\"mphb-room-type-title\" href=\"https:\/\/ruby89.com\/vi\/accommodation\/vip-room-small\/\">VIP ROOM (small)<\/a>\n\n<\/h2>\n\n<p>H\u00e3y d\u00e0nh ti\u1ec1n th\u1eafng c\u01b0\u1ee3c theo c\u00e1ch c\u1ee7a b\u1ea1n tr\u00ean chi\u1ebfc gi\u01b0\u1eddng l\u1edbn nh\u1ea5t trong th\u1ecb tr\u1ea5n \u2014 cho nh\u1eefng gi\u1edd  kh\u00f4ng \u0111\u01b0\u1ee3c ng\u1ee7 s\u00e2u gi\u1ea5c. <\/p>\n<p>V\u1edbi ph\u00f2ng ti\u00eau chu\u1ea9n t\u1ea1i kh\u00e1ch s\u1ea1n Lucky Rubky c\u1ee7a ch\u00fang t\u00f4i , b\u1ea1n c\u00f3 th\u1ec3 y\u00ean t\u00e2m r\u1eb1ng m\u1ed7i gi\u1edd \u0111\u1ec1u c\u00f3 gi\u01b0\u1eddng. <\/p>\n<p>M\u1edf r\u00e8m v\u00e0 c\u1ea3m nh\u1eadn t\u1ea7m nh\u00ecn, ho\u1eb7c \u0111\u00f3ng r\u00e8m l\u1ea1i v\u00e0 b\u1ea1n c\u00f3 th\u1ec3 gi\u1eef b\u00ed m\u1eadt c\u1ee7a m\u00ecnh. <\/p>\n<p>Tr\u1ea3i nghi\u1ec7m to\u00e0n b\u1ed9 giai \u0111o\u1ea1n h\u1ed3i ph\u1ee5c v\u00e0 t\u00e1i t\u1ea1o n\u0103ng l\u01b0\u1ee3ng v\u1edbi m\u00e1t-xa, x\u00f4ng h\u01a1i v\u00e0 b\u1ec3 s\u1ee5c, th\u01b0 gi\u00e3n trong ph\u00f2ng t\u1eadp th\u1ec3 d\u1ee5c, khi\u00eau v\u0169 v\u00e0 u\u1ed1ng r\u01b0\u1ee3u th\u00e2u \u0111\u00eam su\u1ed1t s\u00e1ng t\u1ea1i h\u1ed9p \u0111\u00eam, \u0111\u00e1p \u1ee9ng nhu c\u1ea7u t\u1ee9c th\u00ec c\u1ee7a b\u1ea1n t\u1ea1i si\u00eau th\u1ecb nh\u1ecf v\u00e0 nh\u1edd ng\u01b0\u1eddi gi\u1eb7c gi\u0169 cho b\u1ea1n. qu\u1ea7n \u00e1o cho b\u1ea1n \u1edf d\u1ecbch v\u1ee5 gi\u1eb7t l\u00e0. <\/p>\n\n\n<h3 class=\"mphb-room-type-details-title\">Chi ti\u1ebft<\/h3><ul class=\"mphb-loop-room-type-attributes\">\n\n\n\t<li class=\"mphb-room-type-adults-capacity\"><span class=\"mphb-attribute-title mphb-adults-title\">Guests:<\/span><span class=\"mphb-attribute-value\">\n\t2\n\t<\/span><\/li>\n\n\n\t<li class=\"mphb-room-type-facilities\"><span class=\"mphb-attribute-title mphb-facilities-title\">Amenities:<\/span><span class=\"mphb-attribute-value\"> <span class=\"facility-24h-room-service\"><a href=\"https:\/\/ruby89.com\/vi\/accommodation-facility\/24h-room-service\/\">D\u1ecbch v\u1ee5 ph\u00f2ng 24h<\/a><\/span>, <span class=\"facility-bath-robe\"><a href=\"https:\/\/ruby89.com\/vi\/accommodation-facility\/bath-robe\/\">\u00c1o cho\u00e0ng t\u1eafm<\/a><\/span>, <span class=\"facility-coffee-tea\"><a href=\"https:\/\/ruby89.com\/vi\/accommodation-facility\/coffee-tea\/\">Tr\u00e0 c\u00e0 ph\u00ea<\/a><\/span>, <span class=\"facility-ensuite_bathroom\"><a href=\"https:\/\/ruby89.com\/vi\/accommodation-facility\/ensuite_bathroom\/\">Ph\u00f2ng t\u1eafm ri\u00eang<\/a><\/span>, <span class=\"facility-free_bottled_water\"><a href=\"https:\/\/ruby89.com\/vi\/accommodation-facility\/free_bottled_water\/\">N\u01b0\u1edbc \u0111\u00f3ng chai mi\u1ec5n ph\u00ed<\/a><\/span>, <span class=\"facility-free_toiletries\"><a href=\"https:\/\/ruby89.com\/vi\/accommodation-facility\/free_toiletries\/\">\u0110\u1ed3 v\u1ec7 sinh c\u00e1 nh\u00e2n mi\u1ec5n ph\u00ed<\/a><\/span>, <span class=\"facility-free-wifi\"><a href=\"https:\/\/ruby89.com\/vi\/accommodation-facility\/free-wifi\/\">WiFi mi\u1ec5n ph\u00ed<\/a><\/span>, <span class=\"facility-air-conditioning\"><a href=\"https:\/\/ruby89.com\/vi\/accommodation-facility\/air-conditioning\/\">M\u00e1y \u0111i\u1ec1u h\u00f2a<\/a><\/span>, <span class=\"facility-hairdryer\"><a href=\"https:\/\/ruby89.com\/vi\/accommodation-facility\/hairdryer\/\">M\u00e1y s\u1ea5y t\u00f3c<\/a><\/span>, <span class=\"facility-minibar\"><a href=\"https:\/\/ruby89.com\/vi\/accommodation-facility\/minibar\/\">Minibar<\/a><\/span>, <span class=\"facility-refrigerator\"><a href=\"https:\/\/ruby89.com\/vi\/accommodation-facility\/refrigerator\/\">T\u1ee7 l\u1ea1nh<\/a><\/span>, <span class=\"facility-safe\"><a href=\"https:\/\/ruby89.com\/vi\/accommodation-facility\/safe\/\">T\u1ee7 l\u1ea1nh<\/a><\/span>, <span class=\"facility-slippers\"><a href=\"https:\/\/ruby89.com\/vi\/accommodation-facility\/slippers\/\">D\u00e9p<\/a><\/span>, <span class=\"facility-phone\"><a href=\"https:\/\/ruby89.com\/vi\/accommodation-facility\/phone\/\">\u0110i\u1ec7n tho\u1ea1i<\/a><\/span>, <span class=\"facility-smart-tv\"><a href=\"https:\/\/ruby89.com\/vi\/accommodation-facility\/smart-tv\/\">Tivi (Smart-TV)<\/a><\/span>, <span class=\"facility-towels\"><a href=\"https:\/\/ruby89.com\/vi\/accommodation-facility\/towels\/\">Kh\u0103n t\u1eafm<\/a><\/span>, <span class=\"facility-wardrobe\"><a href=\"https:\/\/ruby89.com\/vi\/accommodation-facility\/wardrobe\/\">T\u1ee7 qu\u1ea7n \u00e1o<\/a><\/span>, <span class=\"facility-water-heater\"><a href=\"https:\/\/ruby89.com\/vi\/accommodation-facility\/water-heater\/\">M\u00e1y n\u01b0\u1edbc n\u00f3ng<\/a><\/span>, <span class=\"facility-desk\"><a href=\"https:\/\/ruby89.com\/vi\/accommodation-facility\/desk\/\">B\u00e0n l\u00e0m vi\u1ec7c<\/a><\/span><\/span><\/li>\n\n\n\n\n\n\n\t<li class=\"mphb-room-type-bed-type\"><span  class=\"mphb-attribute-title mphb-bed-type-title\">Bed Type:<\/span><span class=\"mphb-attribute-value\">\n\tQueen Size Bed\n\t<\/span><\/li>\n\n\n<\/ul>\n\t\n<\/div><\/div>\n\n\n\n<h3 class=\"mphb-room-type-details-title\">D\u1ecbch v\u1ee5:<\/h3>\n<ul class=\"mphb-loop-room-type-attributes\">\n <li class=\"mphb-room-type-facilities\">\n  <span class=\"mphb-attribute-title mphb-facilities-title\"><\/span>\n  <span class=\"mphb-attribute-value\">\n   <span>SKY BAR, <\/span>\n   <span>Karaoke, <\/span>\n   <span>V\u01b0\u1eddn bia Ch\u00e2u \u00c1, <\/span>\n   <span>Ph\u00f2ng x\u00f4ng h\u01a1i kh\u00f4, <\/span>\n   <span>b\u1ec3 s\u1ee5c, <\/span>\n   <span>M\u00e1t Xa, <\/span>\n   <span>Disco, <\/span>\n   <span>Ph\u00f2ng th\u1ec3 d\u1ee5c <\/span>\n  <\/span>\n <\/li>\n<\/ul>\n\n\n\n<div class=\"mphb_sc_room-wrapper\"><div class=\"mphb-room-type post-8312 mphb_room_type type-mphb_room_type status-publish has-post-thumbnail mphb_room_type_facility-24h-room-service mphb_room_type_facility-bath-robe mphb_room_type_facility-coffee-tea mphb_room_type_facility-ensuite_bathroom mphb_room_type_facility-free_bottled_water mphb_room_type_facility-free_toiletries mphb_room_type_facility-free-wifi mphb_room_type_facility-air-conditioning mphb_room_type_facility-hairdryer mphb_room_type_facility-minibar mphb_room_type_facility-refrigerator mphb_room_type_facility-safe mphb_room_type_facility-slippers mphb_room_type_facility-phone mphb_room_type_facility-smart-tv mphb_room_type_facility-towels mphb_room_type_facility-wardrobe mphb_room_type_facility-water-heater mphb_room_type_facility-desk mphb-room-type-adults-2 mphb-room-type-children-1\">\n\n\t\n\t\n\n\t<p class=\"mphb-regular-price\"><strong>Prices start at:<\/strong>\n\t<span class=\"mphb-price\"><span class=\"mphb-currency\">&#36;<\/span>50<\/span> <span class=\"mphb-price-period\" title=\"Choose dates to see relevant prices\">tr\u00ean \u0111\u00eam<\/span>\n\t<\/p>\n\n\t\n<\/div><\/div>\n\n\n\n<a href=\"javascript: history.go(-1)\"><button class=\"altButton\">TR\u1ede L\u1ea0I<\/button><\/a>\n\n\n\n<\/div>\n<!-- col 7 -->\n\n\n\n<div class=\"col-sm-5 text-justify wow fadeIn\" id=\"container_padding_needed\" style=\"visibility: hidden;\">\n\n\n<div class=\"mphb_sc_room-wrapper\"><div class=\"mphb-room-type post-8312 mphb_room_type type-mphb_room_type status-publish has-post-thumbnail mphb_room_type_facility-24h-room-service mphb_room_type_facility-bath-robe mphb_room_type_facility-coffee-tea mphb_room_type_facility-ensuite_bathroom mphb_room_type_facility-free_bottled_water mphb_room_type_facility-free_toiletries mphb_room_type_facility-free-wifi mphb_room_type_facility-air-conditioning mphb_room_type_facility-hairdryer mphb_room_type_facility-minibar mphb_room_type_facility-refrigerator mphb_room_type_facility-safe mphb_room_type_facility-slippers mphb_room_type_facility-phone mphb_room_type_facility-smart-tv mphb_room_type_facility-towels mphb_room_type_facility-wardrobe mphb_room_type_facility-water-heater mphb_room_type_facility-desk mphb-room-type-adults-2 mphb-room-type-children-1\">\n\n\t\n\t\n\n\t<div class=\"mphb-room-type-images\">\n\t<div id='mphb-flexslider-gallery-1' class='gallery-columns-1 gallery-size-large mphb-gallery-main-slider mphb-flexslider-gallery-wrapper mphb-room-type-gallery-wrapper mphb-gallery-main-slider-69df27c2c77fb' data-flexslider-atts='{\"animation\":\"slide\",\"controlNav\":false,\"animationLoop\":true,\"smoothHeight\":true,\"slideshow\":false}' data-group='69df27c2c77fb'><ul class=\"slides\"><li class='gallery-item'><span class='gallery-icon landscape'>\n\t\t\t\t<a href=\"https:\/\/ruby89.com\/vi\/accommodation\/vip-room-small\/\"><img loading=\"lazy\" decoding=\"async\" width=\"640\" height=\"359\" src=\"https:\/\/ruby89.com\/wp-content\/uploads\/2019\/10\/5th_small_2.webp\" class=\"attachment-large size-large\" alt=\"\" srcset=\"https:\/\/ruby89.com\/wp-content\/uploads\/2019\/10\/5th_small_2.webp 1024w, https:\/\/ruby89.com\/wp-content\/uploads\/2019\/10\/5th_small_2-300x168.webp 300w, https:\/\/ruby89.com\/wp-content\/uploads\/2019\/10\/5th_small_2-768x431.webp 768w, https:\/\/ruby89.com\/wp-content\/uploads\/2019\/10\/5th_small_2-18x10.webp 18w\" sizes=\"auto, (max-width: 640px) 100vw, 640px\" \/><\/a>\n\t\t\t<\/span><\/li><li class='gallery-item'><span class='gallery-icon landscape'>\n\t\t\t\t<a href=\"https:\/\/ruby89.com\/vi\/accommodation\/vip-room-small\/\"><img loading=\"lazy\" decoding=\"async\" width=\"640\" height=\"359\" src=\"https:\/\/ruby89.com\/wp-content\/uploads\/2019\/10\/5th_small_1.webp\" class=\"attachment-large size-large\" alt=\"\" srcset=\"https:\/\/ruby89.com\/wp-content\/uploads\/2019\/10\/5th_small_1.webp 1024w, https:\/\/ruby89.com\/wp-content\/uploads\/2019\/10\/5th_small_1-300x168.webp 300w, https:\/\/ruby89.com\/wp-content\/uploads\/2019\/10\/5th_small_1-768x431.webp 768w, https:\/\/ruby89.com\/wp-content\/uploads\/2019\/10\/5th_small_1-18x10.webp 18w\" sizes=\"auto, (max-width: 640px) 100vw, 640px\" \/><\/a>\n\t\t\t<\/span><\/li><li class='gallery-item'><span class='gallery-icon landscape'>\n\t\t\t\t<a href=\"https:\/\/ruby89.com\/vi\/accommodation\/vip-room-small\/\"><img loading=\"lazy\" decoding=\"async\" width=\"640\" height=\"427\" src=\"https:\/\/ruby89.com\/wp-content\/uploads\/2019\/12\/facilities_massage.jpg\" class=\"attachment-large size-large\" alt=\"\" srcset=\"https:\/\/ruby89.com\/wp-content\/uploads\/2019\/12\/facilities_massage.jpg 940w, https:\/\/ruby89.com\/wp-content\/uploads\/2019\/12\/facilities_massage-300x200.jpg 300w, https:\/\/ruby89.com\/wp-content\/uploads\/2019\/12\/facilities_massage-768x512.jpg 768w\" sizes=\"auto, (max-width: 640px) 100vw, 640px\" \/><\/a>\n\t\t\t<\/span><\/li><li class='gallery-item'><span class='gallery-icon landscape'>\n\t\t\t\t<a href=\"https:\/\/ruby89.com\/vi\/accommodation\/vip-room-small\/\"><img loading=\"lazy\" decoding=\"async\" width=\"640\" height=\"427\" src=\"https:\/\/ruby89.com\/wp-content\/uploads\/2019\/12\/facilities_gym.jpg\" class=\"attachment-large size-large\" alt=\"\" srcset=\"https:\/\/ruby89.com\/wp-content\/uploads\/2019\/12\/facilities_gym.jpg 940w, https:\/\/ruby89.com\/wp-content\/uploads\/2019\/12\/facilities_gym-300x200.jpg 300w, https:\/\/ruby89.com\/wp-content\/uploads\/2019\/12\/facilities_gym-768x512.jpg 768w\" sizes=\"auto, (max-width: 640px) 100vw, 640px\" \/><\/a>\n\t\t\t<\/span><\/li><li class='gallery-item'><span class='gallery-icon landscape'>\n\t\t\t\t<a href=\"https:\/\/ruby89.com\/vi\/accommodation\/vip-room-small\/\"><img loading=\"lazy\" decoding=\"async\" width=\"640\" height=\"360\" src=\"https:\/\/ruby89.com\/wp-content\/uploads\/2019\/12\/facilities_disco-1024x576.jpg\" class=\"attachment-large size-large\" alt=\"\" srcset=\"https:\/\/ruby89.com\/wp-content\/uploads\/2019\/12\/facilities_disco.jpg 1024w, https:\/\/ruby89.com\/wp-content\/uploads\/2019\/12\/facilities_disco-300x169.jpg 300w, https:\/\/ruby89.com\/wp-content\/uploads\/2019\/12\/facilities_disco-768x432.jpg 768w\" sizes=\"auto, (max-width: 640px) 100vw, 640px\" \/><\/a>\n\t\t\t<\/span><\/li><li class='gallery-item'><span class='gallery-icon landscape'>\n\t\t\t\t<a href=\"https:\/\/ruby89.com\/vi\/accommodation\/vip-room-small\/\"><img loading=\"lazy\" decoding=\"async\" width=\"640\" height=\"427\" src=\"https:\/\/ruby89.com\/wp-content\/uploads\/2019\/12\/facilities_restaurant-1024x683.jpg\" class=\"attachment-large size-large\" alt=\"\" srcset=\"https:\/\/ruby89.com\/wp-content\/uploads\/2019\/12\/facilities_restaurant.jpg 1024w, https:\/\/ruby89.com\/wp-content\/uploads\/2019\/12\/facilities_restaurant-300x200.jpg 300w, https:\/\/ruby89.com\/wp-content\/uploads\/2019\/12\/facilities_restaurant-768x512.jpg 768w\" sizes=\"auto, (max-width: 640px) 100vw, 640px\" \/><\/a>\n\t\t\t<\/span><\/li><li class='gallery-item'><span class='gallery-icon landscape'>\n\t\t\t\t<a href=\"https:\/\/ruby89.com\/vi\/accommodation\/vip-room-small\/\"><img loading=\"lazy\" decoding=\"async\" width=\"400\" height=\"300\" src=\"https:\/\/ruby89.com\/wp-content\/uploads\/2020\/02\/DSC02435.jpg\" class=\"attachment-large size-large\" alt=\"\" srcset=\"https:\/\/ruby89.com\/wp-content\/uploads\/2020\/02\/DSC02435.jpg 400w, https:\/\/ruby89.com\/wp-content\/uploads\/2020\/02\/DSC02435-300x225.jpg 300w\" sizes=\"auto, (max-width: 400px) 100vw, 400px\" \/><\/a>\n\t\t\t<\/span><\/li><li class='gallery-item'><span class='gallery-icon landscape'>\n\t\t\t\t<a href=\"https:\/\/ruby89.com\/vi\/accommodation\/vip-room-small\/\"><img loading=\"lazy\" decoding=\"async\" width=\"640\" height=\"480\" src=\"https:\/\/ruby89.com\/wp-content\/uploads\/2020\/02\/DSC02485.jpg\" class=\"attachment-large size-large\" alt=\"\" srcset=\"https:\/\/ruby89.com\/wp-content\/uploads\/2020\/02\/DSC02485.jpg 800w, https:\/\/ruby89.com\/wp-content\/uploads\/2020\/02\/DSC02485-300x225.jpg 300w, https:\/\/ruby89.com\/wp-content\/uploads\/2020\/02\/DSC02485-768x576.jpg 768w\" sizes=\"auto, (max-width: 640px) 100vw, 640px\" \/><\/a>\n\t\t\t<\/span><\/li><li class='gallery-item'><span class='gallery-icon landscape'>\n\t\t\t\t<a href=\"https:\/\/ruby89.com\/vi\/accommodation\/vip-room-small\/\"><img loading=\"lazy\" decoding=\"async\" width=\"640\" height=\"360\" src=\"https:\/\/ruby89.com\/wp-content\/uploads\/2020\/02\/DSC02167-1.jpg\" class=\"attachment-large size-large\" alt=\"\" srcset=\"https:\/\/ruby89.com\/wp-content\/uploads\/2020\/02\/DSC02167-1.jpg 800w, https:\/\/ruby89.com\/wp-content\/uploads\/2020\/02\/DSC02167-1-300x169.jpg 300w, https:\/\/ruby89.com\/wp-content\/uploads\/2020\/02\/DSC02167-1-768x432.jpg 768w\" sizes=\"auto, (max-width: 640px) 100vw, 640px\" \/><\/a>\n\t\t\t<\/span><\/li><li class='gallery-item'><span class='gallery-icon landscape'>\n\t\t\t\t<a href=\"https:\/\/ruby89.com\/vi\/accommodation\/vip-room-small\/\"><img loading=\"lazy\" decoding=\"async\" width=\"640\" height=\"480\" src=\"https:\/\/ruby89.com\/wp-content\/uploads\/2019\/10\/skybar2.webp\" class=\"attachment-large size-large\" alt=\"\" srcset=\"https:\/\/ruby89.com\/wp-content\/uploads\/2019\/10\/skybar2.webp 800w, https:\/\/ruby89.com\/wp-content\/uploads\/2019\/10\/skybar2-300x225.webp 300w, https:\/\/ruby89.com\/wp-content\/uploads\/2019\/10\/skybar2-768x576.webp 768w, https:\/\/ruby89.com\/wp-content\/uploads\/2019\/10\/skybar2-16x12.webp 16w\" sizes=\"auto, (max-width: 640px) 100vw, 640px\" \/><\/a>\n\t\t\t<\/span><\/li><li class='gallery-item'><span class='gallery-icon landscape'>\n\t\t\t\t<a href=\"https:\/\/ruby89.com\/vi\/accommodation\/vip-room-small\/\"><img loading=\"lazy\" decoding=\"async\" width=\"640\" height=\"480\" src=\"https:\/\/ruby89.com\/wp-content\/uploads\/2019\/10\/skybar_new_3.webp\" class=\"attachment-large size-large\" alt=\"\" srcset=\"https:\/\/ruby89.com\/wp-content\/uploads\/2019\/10\/skybar_new_3.webp 800w, https:\/\/ruby89.com\/wp-content\/uploads\/2019\/10\/skybar_new_3-300x225.webp 300w, https:\/\/ruby89.com\/wp-content\/uploads\/2019\/10\/skybar_new_3-768x576.webp 768w, https:\/\/ruby89.com\/wp-content\/uploads\/2019\/10\/skybar_new_3-16x12.webp 16w\" sizes=\"auto, (max-width: 640px) 100vw, 640px\" \/><\/a>\n\t\t\t<\/span><\/li><\/ul>\n\t\t<\/div>\n<div id='mphb-flexslider-gallery-2' class='gallery-columns-4 gallery-size-thumbnail mphb-gallery-thumbnail-slider mphb-flexslider-gallery-wrapper mphb-room-type-gallery-wrapper mphb-gallery-thumbnail-slider-69df27c2c77fb' data-flexslider-atts='{\"animation\":\"slide\",\"controlNav\":false,\"animationLoop\":true,\"slideshow\":false,\"itemMargin\":5}' data-group='69df27c2c77fb'><ul class=\"slides\"><li class='gallery-item'><span class='gallery-icon landscape'>\n\t\t\t\t<a href='https:\/\/ruby89.com\/vi\/accommodation\/deluxe-hotel-room\/5th_small_2\/'><img loading=\"lazy\" decoding=\"async\" width=\"150\" height=\"150\" src=\"https:\/\/ruby89.com\/wp-content\/uploads\/2019\/10\/5th_small_2-150x150.webp\" class=\"attachment-thumbnail size-thumbnail\" alt=\"\" \/><\/a>\n\t\t\t<\/span><\/li><li class='gallery-item'><span class='gallery-icon landscape'>\n\t\t\t\t<a href='https:\/\/ruby89.com\/vi\/accommodation\/deluxe-hotel-room\/5th_small_1\/'><img loading=\"lazy\" decoding=\"async\" width=\"150\" height=\"150\" src=\"https:\/\/ruby89.com\/wp-content\/uploads\/2019\/10\/5th_small_1-150x150.webp\" class=\"attachment-thumbnail size-thumbnail\" alt=\"\" \/><\/a>\n\t\t\t<\/span><\/li><li class='gallery-item'><span class='gallery-icon landscape'>\n\t\t\t\t<a href='https:\/\/ruby89.com\/vi\/facilities_massage\/'><img loading=\"lazy\" decoding=\"async\" width=\"150\" height=\"150\" src=\"https:\/\/ruby89.com\/wp-content\/uploads\/2019\/12\/facilities_massage-150x150.jpg\" class=\"attachment-thumbnail size-thumbnail\" alt=\"\" \/><\/a>\n\t\t\t<\/span><\/li><li class='gallery-item'><span class='gallery-icon landscape'>\n\t\t\t\t<a href='https:\/\/ruby89.com\/vi\/facilities_gym\/'><img loading=\"lazy\" decoding=\"async\" width=\"150\" height=\"150\" src=\"https:\/\/ruby89.com\/wp-content\/uploads\/2019\/12\/facilities_gym-150x150.jpg\" class=\"attachment-thumbnail size-thumbnail\" alt=\"\" \/><\/a>\n\t\t\t<\/span><\/li><li class='gallery-item'><span class='gallery-icon landscape'>\n\t\t\t\t<a href='https:\/\/ruby89.com\/vi\/facilities_disco\/'><img loading=\"lazy\" decoding=\"async\" width=\"150\" height=\"150\" src=\"https:\/\/ruby89.com\/wp-content\/uploads\/2019\/12\/facilities_disco-150x150.jpg\" class=\"attachment-thumbnail size-thumbnail\" alt=\"\" \/><\/a>\n\t\t\t<\/span><\/li><li class='gallery-item'><span class='gallery-icon landscape'>\n\t\t\t\t<a href='https:\/\/ruby89.com\/vi\/facilities_restaurant\/'><img loading=\"lazy\" decoding=\"async\" width=\"150\" height=\"150\" src=\"https:\/\/ruby89.com\/wp-content\/uploads\/2019\/12\/facilities_restaurant-150x150.jpg\" class=\"attachment-thumbnail size-thumbnail\" alt=\"\" srcset=\"https:\/\/ruby89.com\/wp-content\/uploads\/2019\/12\/facilities_restaurant-150x150.jpg 150w, https:\/\/ruby89.com\/wp-content\/uploads\/2019\/12\/facilities_restaurant-650x650.jpg 650w\" sizes=\"auto, (max-width: 150px) 100vw, 150px\" \/><\/a>\n\t\t\t<\/span><\/li><li class='gallery-item'><span class='gallery-icon landscape'>\n\t\t\t\t<a href='https:\/\/ruby89.com\/vi\/dsc02435\/'><img loading=\"lazy\" decoding=\"async\" width=\"150\" height=\"150\" src=\"https:\/\/ruby89.com\/wp-content\/uploads\/2020\/02\/DSC02435-150x150.jpg\" class=\"attachment-thumbnail size-thumbnail\" alt=\"\" \/><\/a>\n\t\t\t<\/span><\/li><li class='gallery-item'><span class='gallery-icon landscape'>\n\t\t\t\t<a href='https:\/\/ruby89.com\/vi\/dsc02485\/'><img loading=\"lazy\" decoding=\"async\" width=\"150\" height=\"150\" src=\"https:\/\/ruby89.com\/wp-content\/uploads\/2020\/02\/DSC02485-150x150.jpg\" class=\"attachment-thumbnail size-thumbnail\" alt=\"\" \/><\/a>\n\t\t\t<\/span><\/li><li class='gallery-item'><span class='gallery-icon landscape'>\n\t\t\t\t<a href='https:\/\/ruby89.com\/vi\/dsc02167-2\/'><img loading=\"lazy\" decoding=\"async\" width=\"150\" height=\"150\" src=\"https:\/\/ruby89.com\/wp-content\/uploads\/2020\/02\/DSC02167-1-150x150.jpg\" class=\"attachment-thumbnail size-thumbnail\" alt=\"\" \/><\/a>\n\t\t\t<\/span><\/li><li class='gallery-item'><span class='gallery-icon landscape'>\n\t\t\t\t<a href='https:\/\/ruby89.com\/vi\/accommodation\/standard-hotel-room\/skybar2-2\/'><img loading=\"lazy\" decoding=\"async\" width=\"150\" height=\"150\" src=\"https:\/\/ruby89.com\/wp-content\/uploads\/2019\/10\/skybar2-150x150.webp\" class=\"attachment-thumbnail size-thumbnail\" alt=\"\" \/><\/a>\n\t\t\t<\/span><\/li><li class='gallery-item'><span class='gallery-icon landscape'>\n\t\t\t\t<a href='https:\/\/ruby89.com\/vi\/accommodation\/deluxe-hotel-room\/skybar_new_3-2\/'><img loading=\"lazy\" decoding=\"async\" width=\"150\" height=\"150\" src=\"https:\/\/ruby89.com\/wp-content\/uploads\/2019\/10\/skybar_new_3-150x150.webp\" class=\"attachment-thumbnail size-thumbnail\" alt=\"\" \/><\/a>\n\t\t\t<\/span><\/li><\/ul>\n\t\t<\/div>\n\n\t<\/div>\n\n\t\n<\/div><\/div>\n\n\n<div class=\"mphb_sc_search-wrapper\"><form method=\"GET\" class=\"mphb_sc_search-form\" action=\"https:\/\/ruby89.com\/vi\/hotel\/search-results\/\" data-trp-original-action=\"https:\/\/ruby89.com\/vi\/hotel\/search-results\/\">\n\n\t<p class = \"mphb-required-fields-tip\">\n\t<small>\n\t\tRequired fields are followed by\t\t<abbr title=\"required\">*<\/abbr>\n\t<\/small>\n<\/p>\n\t<p class=\"mphb_sc_search-check-in-date\">\n\t\t<label for=\"mphb_check_in_date-mphb-search-form-69df27c2c9e8b\">\n\t\t\tNh\u1eadn ph\u00f2ng\t\t\t<abbr title=\"\u0110\u01b0\u1ee3c \u0111\u1ecbnh d\u1ea1ng l\u00e0 yyyy-mm-dd\">*<\/abbr>\n\t\t<\/label>\n\t\t<br \/>\n\t\t<input\n\t\t\tid=\"mphb_check_in_date-mphb-search-form-69df27c2c9e8b\"\n\t\t\tdata-datepick-group=\"mphb-search-form-69df27c2c9e8b\"\n\t\t\tvalue=\"\"\n\t\t\tplaceholder=\"Check-in Date\"\n\t\t\trequired=\"required\"\n\t\t\ttype=\"text\"\n\t\t\tinputmode=\"none\"\n\t\t\tname=\"mphb_check_in_date\"\n\t\t\tclass=\"mphb-datepick\"\n\t\t\tautocomplete=\"off\"\n\t\t\t\/>\n\t<\/p>\n\n\t<p class=\"mphb_sc_search-check-out-date\">\n\t\t<label for=\"mphb_check_out_date-mphb-search-form-69df27c2c9e8b\">\n\t\t\tTr\u1ea3 ph\u00f2ng\t\t\t<abbr title=\"\u0110\u01b0\u1ee3c \u0111\u1ecbnh d\u1ea1ng l\u00e0 yyyy-mm-dd\">*<\/abbr>\n\t\t<\/label>\n\t\t<br \/>\n\t\t<input\n\t\t\tid=\"mphb_check_out_date-mphb-search-form-69df27c2c9e8b\"\n\t\t\tdata-datepick-group=\"mphb-search-form-69df27c2c9e8b\"\n\t\t\tvalue=\"\"\n\t\t\tplaceholder=\"Check-out Date\"\n\t\t\trequired=\"required\"\n\t\t\ttype=\"text\"\n\t\t\tinputmode=\"none\"\n\t\t\tname=\"mphb_check_out_date\"\n\t\t\tclass=\"mphb-datepick\"\n\t\t\tautocomplete=\"off\"\n\t\t\t\/>\n\t<\/p>\n\n\t\t\t<p class=\"mphb_sc_search-adults\">\n\t\t\t<label for=\"mphb_adults-mphb-search-form-69df27c2c9e8b\">\n\t\t\t\tKh\u00e1ch\t\t\t<\/label>\n\t\t\t<br \/>\n\t\t\t<select id=\"mphb_adults-mphb-search-form-69df27c2c9e8b\" name=\"mphb_adults\" >\n\t\t\t\t\t\t\t\t\t<option value=\"1\"  selected='selected'>1<\/option>\n\t\t\t\t\t\t\t\t\t<option value=\"2\" >2<\/option>\n\t\t\t\t\t\t\t<\/select>\n\t\t<\/p>\n\t\n\t\t\t<input type=\"hidden\" id=\"mphb_children-mphb-search-form-69df27c2c9e8b\" name=\"mphb_children\" value=\"0\" \/>\n\t\n\t\n\t\n\t<input id=\"mphb_check_in_date-mphb-search-form-69df27c2c9e8b-hidden\" value=\"\" type=\"hidden\" name=\"mphb_check_in_date\" \/><input id=\"mphb_check_out_date-mphb-search-form-69df27c2c9e8b-hidden\" value=\"\" type=\"hidden\" name=\"mphb_check_out_date\" \/>\n\t<p class=\"mphb_sc_search-submit-button-wrapper\">\n\t\t<input type=\"submit\" class=\"button\" value=\"T\u00ecm ki\u1ebfm\"\/>\n\t<\/p>\n\n\t\n<input type=\"hidden\" name=\"trp-form-language\" value=\"vi\"\/><\/form>\n<\/div>\n\n\n\n<\/div>\n<!-- col 5 -->\n<\/div>\n<!-- row -->\n<\/div>\n<!-- container -->\n\n\n\n<\/div>\n<!-- col 12 -->\n<\/div>\n<!-- row 12 -->\n<\/div>\n<!-- container 12 -->","protected":false},"excerpt":{"rendered":"<p>Services: Sky Bar, Karaoke, Asian Beer Garden, Sauna, Jacuzzi, Massage, Disco, Gym BACK<\/p>","protected":false},"author":6,"featured_media":0,"parent":418,"menu_order":30,"comment_status":"closed","ping_status":"closed","template":"","meta":{"ngg_post_thumbnail":0,"footnotes":"","_links_to":"","_links_to_target":""},"class_list":["post-2550","page","type-page","status-publish","hentry"],"_links":{"self":[{"href":"https:\/\/ruby89.com\/vi\/wp-json\/wp\/v2\/pages\/2550","targetHints":{"allow":["GET"]}}],"collection":[{"href":"https:\/\/ruby89.com\/vi\/wp-json\/wp\/v2\/pages"}],"about":[{"href":"https:\/\/ruby89.com\/vi\/wp-json\/wp\/v2\/types\/page"}],"author":[{"embeddable":true,"href":"https:\/\/ruby89.com\/vi\/wp-json\/wp\/v2\/users\/6"}],"replies":[{"embeddable":true,"href":"https:\/\/ruby89.com\/vi\/wp-json\/wp\/v2\/comments?post=2550"}],"version-history":[{"count":14,"href":"https:\/\/ruby89.com\/vi\/wp-json\/wp\/v2\/pages\/2550\/revisions"}],"predecessor-version":[{"id":8381,"href":"https:\/\/ruby89.com\/vi\/wp-json\/wp\/v2\/pages\/2550\/revisions\/8381"}],"up":[{"embeddable":true,"href":"https:\/\/ruby89.com\/vi\/wp-json\/wp\/v2\/pages\/418"}],"wp:attachment":[{"href":"https:\/\/ruby89.com\/vi\/wp-json\/wp\/v2\/media?parent=2550"}],"curies":[{"name":"wp","href":"https:\/\/api.w.org\/{rel}","templated":true}]}}