 {"id":1462,"date":"2019-12-28T12:43:06","date_gmt":"2019-12-28T05:43:06","guid":{"rendered":"https:\/\/ruby89.com\/?page_id=1462"},"modified":"2022-11-22T14:30:43","modified_gmt":"2022-11-22T07:30:43","slug":"beergarden","status":"publish","type":"page","link":"https:\/\/ruby89.com\/vi\/facilities\/beergarden\/","title":{"rendered":"V\u01b0\u1eddn bia Ch\u00e2u \u00c1"},"content":{"rendered":"<div class=\"container\" id=\"container_intro\">\n<div class=\"row\">\n\n\n\n<div class=\"alt_notebox_white col-sm-8 text-justify wow fadeIn\" id=\"container_padding_needed\" style=\"margin-top: 15px; visibility: hidden;\">\n\n\n\n<p class=\"black_default_headline\">V\u01af\u1edcN BIA CH\u00c2U \u00c1<\/p>\n\n\n\n<p class=\"black_default_text\">Tr\u00e3i qua m\u1ed9t \u0111\u00eam tuy\u1ec7t v\u1eddi \u1edf V\u01b0\u1eddn Bia Ch\u00e2u \u00c1 c\u1ee7a ch\u00fang t\u00f4i - b\u1ea1n s\u1ebd \u0111\u01b0\u1ee3c th\u01b0\u1edfng th\u1ee9c nhi\u1ec1u lo\u1ea1i bia c\u1ee7a ch\u00fang t\u00f4i v\u1edbi m\u1ee9c gi\u00e1 r\u1ea5t h\u1ee3p l\u00fd. B\u1ea1n n\u00ean th\u1eed bia t\u01b0\u01a1i Angkor, Anchor v\u00e0 Campuchia c\u1ee7a ch\u00fang t\u00f4i v\u1edbi gi\u00e1 c\u1ea3 r\u1ea5t ph\u1ea3i ch\u0103ng v\u00e0 nhi\u1ec1u m\u00f3n \u0103n ngon \u0111\u1ec3 l\u1ef1a ch\u1ecdn. B\u1ea1n c\u0169ng c\u00f3 th\u1ec3 s\u1eed d\u1ee5ng V\u01b0\u1eddn Bia Ch\u00e2u \u00c1 c\u1ee7a ch\u00fang t\u00f4i cho c\u00e1c s\u1ef1 ki\u1ec7n  th\u01b0\u1eddng xuy\u00ean nh\u01b0 b\u1eefa t\u1ed1i gia \u0111\u00ecnh l\u1ec5 h\u1ed9i, t\u1ed5 ch\u1ee9c sinh nh\u1eadt v\u00e0 cho thu\u00ea \u0111\u1ecba \u0111i\u1ec3m t\u1ed5 ch\u1ee9c ti\u1ec7c c\u01b0\u1edbi.<\/p>\n\n<br>\n\n\n\n<center>\n\n<div class=\"container-fluid\" style=\"padding-left: 0; padding-right: 0;\">\n<div class=\"row\">\n<div class=\"col-md-6\">\n<img decoding=\"async\" src=\"\/wp-content\/uploads\/2020\/02\/beergard_intro-1.jpg\" class=\"casino_package_images\">\n<img decoding=\"async\" src=\"\/wp-content\/uploads\/2020\/02\/beergarden_2-1.jpg\" class=\"casino_package_images\">\n<\/div>\n<div class=\"col-md-6\">\n<img decoding=\"async\" src=\"\/wp-content\/uploads\/2020\/02\/beergarden_6-1.jpg\" class=\"casino_package_images\">\n<img decoding=\"async\" src=\"\/wp-content\/uploads\/2020\/02\/beergarden_1.jpg\" class=\"casino_package_images\">\n<\/div>\n<\/div>\n<!-- row -->\n<\/div>\n<!-- container -->\n\n<\/center>\n\n\n\n<\/div>\n<!-- col -->\n\n\n\n<div class=\"col-md-4 wow fadeIn\" id=\"red_booking_form_padding\" style=\"margin-top: 15px; visibility: hidden;\">\n\n\n\n<div class=\"container\" id=\"container_yellow_note_right_side\">\n<div class=\"row\">\n<div class=\"alt_golden_notebox col-md-12 wow fadeIn\" style=\"width: 100%; visibility: hidden;\">\n\n<div class=\"container\">\n<div class=\"row\">\n\n<div class=\"col-sm-12 text-center\">\n\n<span class=\"white_default_headline\">GI\u1edc M\u1ede C\u1eecA<\/span><br><br>\n\n<span class=\"silver_default_text_opening_time\">7AM &#8211; 3AM<\/span>\n\n<\/div>\n<!-- col-sm-12 -->\n<\/div>\n<!-- row 12 -->\n<\/div>\n<!-- container 12 -->\n\n<\/div>\n<!-- col 12 alt_golden_notebox -->\n<\/div>\n<!-- row 12 -->\n<\/div>\n<!-- container 12 -->\n\n\n<p>[RubyBookingForm]<\/p>\n\n\n\n<\/div>\n<!-- col-md-4 -->\n\n\n\n<\/div>\n<!-- row \/ container_ktv_intro-->\n<\/div>\n<!-- container \/ container_ktv_intro-->\n\n\n\n<div style=\"padding-bottom: 30px;\">&nbsp;<\/div>","protected":false},"excerpt":{"rendered":"<p>THE ASIAN BEER GARDEN Have a great night experience on our Asian Beer Garden &#8211; you will enjoy our variety of beer at a very reasonable price. You should try our Angkor, Anchor and Cambodia draught beer with very affordable price and many choices of delicious food. You can also avail our Asian Beer Garden [&hellip;]<\/p>","protected":false},"author":6,"featured_media":0,"parent":17,"menu_order":80,"comment_status":"closed","ping_status":"closed","template":"","meta":{"ngg_post_thumbnail":0,"footnotes":"","_links_to":"","_links_to_target":""},"class_list":["post-1462","page","type-page","status-publish","hentry"],"_links":{"self":[{"href":"https:\/\/ruby89.com\/vi\/wp-json\/wp\/v2\/pages\/1462","targetHints":{"allow":["GET"]}}],"collection":[{"href":"https:\/\/ruby89.com\/vi\/wp-json\/wp\/v2\/pages"}],"about":[{"href":"https:\/\/ruby89.com\/vi\/wp-json\/wp\/v2\/types\/page"}],"author":[{"embeddable":true,"href":"https:\/\/ruby89.com\/vi\/wp-json\/wp\/v2\/users\/6"}],"replies":[{"embeddable":true,"href":"https:\/\/ruby89.com\/vi\/wp-json\/wp\/v2\/comments?post=1462"}],"version-history":[{"count":43,"href":"https:\/\/ruby89.com\/vi\/wp-json\/wp\/v2\/pages\/1462\/revisions"}],"predecessor-version":[{"id":7335,"href":"https:\/\/ruby89.com\/vi\/wp-json\/wp\/v2\/pages\/1462\/revisions\/7335"}],"up":[{"embeddable":true,"href":"https:\/\/ruby89.com\/vi\/wp-json\/wp\/v2\/pages\/17"}],"wp:attachment":[{"href":"https:\/\/ruby89.com\/vi\/wp-json\/wp\/v2\/media?parent=1462"}],"curies":[{"name":"wp","href":"https:\/\/api.w.org\/{rel}","templated":true}]}}