 {"id":1437,"date":"2019-12-27T17:42:12","date_gmt":"2019-12-27T10:42:12","guid":{"rendered":"https:\/\/ruby89.com\/?page_id=1437"},"modified":"2023-10-03T11:28:55","modified_gmt":"2023-10-03T04:28:55","slug":"land-based-casino-marketing-executive","status":"publish","type":"page","link":"https:\/\/ruby89.com\/vi\/career\/land-based-casino-marketing-executive\/","title":{"rendered":"Gi\u00e1m \u0111\u1ed1c ti\u1ebfp th\u1ecb s\u00f2ng b\u1ea1c tr\u00ean \u0111\u1ea5t li\u1ec1n"},"content":{"rendered":"<div class=\"container\" id=\"container_intro\">\n<div class=\"row\">\n<div class=\"alt_notebox-white col-sm-12 text-justify wow fadeIn\" id=\"container_padding_needed\" style=\"margin-top: 15px; visibility: hidden;\">\n\n\n\n<p class=\"black_default_headline\">Gi\u00e1m \u0111\u1ed1c ti\u1ebfp th\u1ecb s\u00f2ng b\u1ea1c tr\u00ean \u0111\u1ea5t li\u1ec1n<\/p>\n\n\n\n<p class=\"black_default_headline_career_jobs\">Ch\u00fang t\u00f4i \u0111ang t\u00ecm ki\u1ebfm m\u1ed9t Gi\u00e1m \u0111\u1ed1c \u0111i\u1ec1u h\u00e0nh ti\u1ebfp th\u1ecb s\u00f2ng b\u1ea1c tr\u00ean \u0111\u1ea5t li\u1ec1n \u0111\u1ec3 tham gia v\u00e0o \u0111\u1ed9i ng\u0169 ti\u1ebfp th\u1ecb c\u1ee7a ch\u00fang t\u00f4i ph\u00f9 h\u1ee3p v\u1edbi t\u1ea7m nh\u00ecn c\u1ee7a ch\u00fang t\u00f4i \u0111\u1ec3 t\u0103ng kh\u1ea3 n\u0103ng ti\u1ebfp c\u1eadn th\u1ecb tr\u01b0\u1eddng c\u1ee7a ch\u00fang t\u00f4i.\n<\/p>\n\n<br>\n\n<p class=\"black_default_headline\" style=\"text-align: left;\">Y\u00caU C\u1ea6U<\/p>\n\n<ul>\n<li> L\u1eadp k\u1ebf ho\u1ea1ch, t\u1ed5 ch\u1ee9c, th\u1ef1c hi\u1ec7n v\u00e0 ph\u00e2n t\u00edch c\u00e1c chi\u1ebfn d\u1ecbch ti\u1ebfp th\u1ecb s\u00f2ng b\u1ea1c \u0111\u1ebfn c\u01a1 s\u1edf d\u1eef li\u1ec7u kh\u00e1ch h\u00e0ng s\u00f2ng b\u1ea1c hi\u1ec7n t\u1ea1i.\n<li> Ph\u00e2n \u0111o\u1ea1n v\u00e0 ph\u00e2n t\u00edch c\u01a1 s\u1edf d\u1eef li\u1ec7u \u0111\u1ec3 \u0111\u1ea3m b\u1ea3o ti\u1ebfp c\u1eadn th\u1ecb tr\u01b0\u1eddng m\u1ee5c ti\u00eau li\u00ean quan \u0111\u1ebfn c\u00e1c chi\u1ebfn d\u1ecbch v\u00e0 ch\u01b0\u01a1ng tr\u00ecnh khuy\u1ebfn m\u00e3i ph\u00f9 h\u1ee3p.\n<li> Ch\u1ecbu tr\u00e1ch nhi\u1ec7m ho\u00e0n to\u00e0n v\u1ec1 m\u1ed9t s\u1ed1 kh\u00eda c\u1ea1nh c\u1ee7a ti\u1ebfp th\u1ecb s\u00f2ng b\u1ea1c bao g\u1ed3m b\u1ea3n \u0111\u1ed3 l\u1ed9 tr\u00ecnh s\u1ea3n ph\u1ea9m v\u00e0 gi\u1edbi thi\u1ec7u ch\u00fang th\u00f4ng qua c\u00e1c k\u1ebf ho\u1ea1ch \u0111i \u0111\u1ebfn th\u1ecb tr\u01b0\u1eddng.\n<li> L\u00e0m vi\u1ec7c v\u1edbi nhi\u1ec1u b\u1ed9 ph\u1eadn kh\u00e1c c\u1ee7a doanh nghi\u1ec7p \u0111\u1ec3 \u0111\u1ea3m b\u1ea3o c\u01a1 h\u1ed9i b\u00e1n h\u00e0ng ch\u00e9o t\u1ed1i \u01b0u.\n<li> L\u00e0m vi\u1ec7c c\u00f9ng v\u1edbi c\u00e1c c\u01a1 quan s\u00e1ng t\u1ea1o b\u00ean ngo\u00e0i th\u00f4ng qua c\u00e1c cu\u1ed9c h\u1ecdp giao ban th\u01b0\u1eddng xuy\u00ean \u0111\u1ec3 \u0111\u1ea3m b\u1ea3o \u0111\u00e1p \u1ee9ng c\u00e1c y\u00eau c\u1ea7u.\n<li> Cung c\u1ea5p b\u1ea3n sao cho c\u00e1c chi\u1ebfn d\u1ecbch email v\u00e0 ch\u01b0\u01a1ng tr\u00ecnh khuy\u1ebfn m\u00e3i.\n<\/ul>\n\n<br>\n\n<p class=\"black_default_headline\" style=\"text-align: left;\">K\u1ef8 N\u0102NG<\/p>\n\n<ul>\n<li> H\u01a1n 2 n\u0103m kinh nghi\u1ec7m trong vai tr\u00f2 ti\u1ebfp th\u1ecb s\u00f2ng b\u1ea1c.\n<li> B\u1ea5t k\u1ef3 b\u1eb1ng c\u1ea5p \u0111\u1ea1i h\u1ecdc n\u00e0o c\u0169ng l\u00e0 m\u1ed9t l\u1ee3i th\u1ebf b\u1ed5 sung.\n<li> Kh\u1ea3 n\u0103ng \u0111a ng\u00f4n ng\u1eef \u0111\u1eb7c bi\u1ec7t l\u00e0 ti\u1ebfng Vi\u1ec7t l\u00e0 m\u1ed9t l\u1ee3i th\u1ebf.\n<li> C\u1ea7n c\u00f3 ki\u1ebfn th\u1ee9c v\u00e0 n\u1ec1n t\u1ea3ng v\u1eefng ch\u1eafc v\u1ec1 ti\u1ebfp th\u1ecb s\u00f2ng b\u1ea1c tr\u00ean \u0111\u1ea5t li\u1ec1n.\n<li> M\u1ed9t ng\u01b0\u1eddi ch\u01a1i trong nh\u00f3m th\u1ef1c s\u1ef1 \u0111\u00e3 t\u1eebng l\u00e0m vi\u1ec7c v\u1edbi nhi\u1ec1u b\u00ean li\u00ean quan b\u00ean trong v\u00e0 b\u00ean ngo\u00e0i kh\u00e1c\n<li> Mong mu\u1ed1n v\u00e0 \u0111am m\u00ea m\u1ea1nh m\u1ebd \u0111\u1ed1i v\u1edbi Ng\u00e0nh c\u00f4ng nghi\u1ec7p s\u00f2ng b\u1ea1c c\u0169ng nh\u01b0 th\u00e1i \u0111\u1ed9 n\u0103ng \u0111\u1ed9ng \u0111\u1ec3 ho\u00e0n th\u00e0nh c\u00f4ng vi\u1ec7c.\n<li> M\u1ed9t nh\u00e0 t\u01b0 t\u01b0\u1edfng s\u00e1ng t\u1ea1o v\u1edbi kh\u1ea3 n\u0103ng t\u01b0 duy v\u01b0\u1ee3t tr\u1ed9i khi ph\u00e1t tri\u1ec3n c\u00e1c chi\u1ebfn d\u1ecbch ti\u1ebfp th\u1ecb xu\u1ea5t s\u1eafc.\n<\/ul>\n\n<br>\n\n<p class=\"black_default_headline\" style=\"text-align: left;\">NH\u1eeeNG L\u1ee2I \u00cdCH<\/p>\n\n<ul>\n<li> 18 Ng\u00e0y Ph\u00e9p H\u00e0ng N\u0103m\n<li> 21 Ng\u00e0y Ngh\u0129\n<li> Th\u01b0\u1edfng M\u1eebng Ng\u00e0y Sinh Nh\u1eadt\n<li> Ch\u1ebf \u0110\u1ed9 Thai S\u1ea3n\n<li> 4 Ng\u00e0y Ngh\u1ec9 M\u1ed7i th\u00e1ng\n<li> 4 B\u1eefa \u0103n m\u1ed7i ng\u00e0y\n<li> Ch\u1ed7 \u1edf c\u00f4ng ty\n<li> V\u00e0 Nhi\u1ec1u H\u01a1n N\u1eefa....\n<\/ul>\n\n<br>\n\n\n\n<p class=\"black_default_headline\" style=\"text-align: left;\">CHI TI\u1ebeT C\u00d4NG VI\u1ec6C<\/p>\n<ul>\n<li> \u0110\u1ecba \u0111i\u1ec3m l\u00e0m vi\u1ec7c: T\u1ec9nh Svay Rieng, Campuchia\n<li> Lo\u1ea1i c\u00f4ng vi\u1ec7c: To\u00e0n th\u1eddi gian\n<li> Tr\u00ecnh \u0111\u1ed9 ngh\u1ec1 nghi\u1ec7p: c\u00f3 kinh nghi\u1ec7m\n<\/ul>\n<br>\n<p class=\"black_default_headline\" style=\"text-align: left;\">CHI TI\u1ebeT LI\u00caN H\u1ec6<\/p>\n<p class=\"black_default_text\">\nLi\u00ean h\u1ec7: Ph\u00f2ng nh\u00e2n s\u1ef1<br>\nAddress : Au Village, Thmei Commune, Kampong Rou District, Svay Rieng Province, Kingdom of Cambodia<br>\nEmail: hr@ruby89.com<br>\nTrang web: www.ruby89.com<br>\n\u0110T: +855 977 821 789\n<\/p>\n<br>\n<p class=\"black_default_text_bold\" style=\"text-decoration: underline;\">N\u1ebfu \u01b0u \u0111\u00e3i c\u1ee7a ch\u00fang t\u00f4i l\u00e0m b\u1ea1n quan t\u00e2m v\u00e0 b\u1ea1n s\u1eb5n s\u00e0ng tu\u00e2n th\u1ee7 c\u00e1c h\u01b0\u1edbng d\u1eabn c\u1ee7a ch\u00fang t\u00f4i b\u00ean d\u01b0\u1edbi:<\/p>\n<p class=\"black_default_text_bold\">T\u1ea7m nh\u00ecn<\/p>\n<p class=\"black_default_text\">\n<ul>\n<li> Th\u1ebf gi\u1edbi tr\u00e0n ng\u1eadp ni\u1ec1m vui v\u00e0 h\u1ea1nh ph\u00fac v\u00ec nh\u1eefng n\u1ed7 l\u1ef1c c\u1ee7a ch\u00fang ta\n<\/ul>\n<p class=\"black_default_text_bold\">Nhi\u1ec7m V\u1ee5<\/p>\n<p class=\"black_default_text\">\n<ul>\n<li> Cung c\u1ea5p tr\u1ea3i nghi\u1ec7m vui v\u1ebb cho kh\u00e1ch h\u00e0ng ch\u00fang ta.\n<li> T\u1ea1o cho nh\u1eefng nh\u00e2n vi\u00ean t\u1ed1t c\u00f3 cu\u1ed9c s\u1ed1ng t\u1ed1t h\u01a1n cho b\u1ea3n th\u00e2n va gia \u0111\u00ecnh h\u1ecd\n<li> l\u00e0m cho c\u00e1c nh\u00e0 \u0111\u1ea7u t\u01b0 v\u00e0 th\u00e0nh vi\u00ean c\u00f3 l\u1ee3i h\u01a1n so v\u1edbi nh\u1eefng xu m\u00e0 h\u1ecd chi ti\u00eau v\u00e0 \u0111\u1ea7u t\u01b0 v\u00e0o ch\u00fang ta\n<\/ul>\n<\/p>\n<p class=\"black_default_text_bold\">GI\u00c1 TR\u1eca<\/p>\n<p class=\"black_default_text\">\n<ul>\n<li> Nu\u00f4i d\u01b0\u1ee1ng c\u01a1 th\u1ec3 b\u1eb1ng nh\u1eefng b\u1eefa \u0103n v\u00e0 t\u1eadp th\u1ec3 d\u1ee5c; nu\u00f4i d\u01b0\u1ee1ng tr\u00ed tu\u1ec7 b\u1eb1ng nh\u1eefng k\u1ef9 n\u0103ng v\u00e0 ki\u1ebfn th\u1ee9c m\u1edbi\n<li> T\u00f4n tr\u1ecdng l\u1eabn nhau : T\u00f4n tr\u1ecdng ng\u01b0\u1eddi kh\u00e1c,T\u00f4n tr\u1ecdng b\u1ea3n th\u00e2n ,T\u00f4n tr\u1ecdng \u0111\u1ec3 \u0111\u01b0\u1ee3c s\u1ef1 T\u00f4n tr\u1ecdng ng\u01b0\u1ee3c l\u1ea1i\n<li> L\u00e0m vi\u1ec7c theo nh\u00f3m : h\u1ed7 tr\u1ee3 l\u1eabn nhau ,c\u00f9ng nhau gi\u00e0nh chi\u1ebfn th\u1eafng\n<li> \u0110\u00e1ng tin c\u1eady: kh\u00f4ng l\u1eeba \u0111\u1ea3o kh\u00e1ch h\u00e0ng,kh\u00f4ng gian l\u1eadn v\u1edbi c\u00f4ng ty ,kh\u00f4ng l\u1eeba d\u1ed1i ch\u00ednh m\u00ecnh\n<li> Tr\u00e1ch nhi\u1ec7m : ch\u1ecbu tr\u00e1ch nhi\u1ec7m v\u1edbi c\u00f4ng ty ,c\u00f3 tr\u00e1ch nhi\u1ec7m v\u1edbi b\u1ea3n th\u00e2n, gia \u0111\u00ecnh v\u00e0 x\u00e3 h\u1ed9i\n<li> Ch\u1ea5t l\u01b0\u1ee3ng v\u00e0 hi\u1ec7u qu\u1ea3 : t\u00ecm c\u00e1ch t\u1ed1t \u0111\u1ec3 ho\u00e0n th\u00e0nh nhi\u1ec7m v\u1ee5 nhanh ch\u00f3ng v\u00e0 ch\u1ea5t l\u01b0\u1ee3ng v\u00e0 \u0111\u1ea3m b\u1ea3o r\u1eb1ng s\u1ebd l\u00e0m kh\u00e1ch h\u00e0ng h\u00e0i l\u00f2ng v\u00e0 vui v\u1ebb\n<li> Bi\u1ebft \u01a0n &amp; Chia S\u1ebb: chia s\u1ebb \u00fd t\u01b0\u1edfng ,chia s\u1ebb \u0111\u00f3ng g\u00f3p, chia s\u1ebb n\u1ed7 l\u1ef1c v\u00e0 chia s\u1ebd l\u1ee3i nhu\u1eadn\n<\/ul>\n<\/p>\n<br>\n<p class=\"black_default_text_bold\">\nB\u1ea1n c\u00f3 th\u1ec3 n\u1ed9p \u0111\u01a1n v\u1edbi th\u01b0 xin vi\u1ec7c v\u00e0 s\u01a1 y\u1ebfu l\u00fd l\u1ecbch b\u1eb1ng ti\u1ebfng Anh, \u1ea3nh ID, l\u00fd do b\u1ea1n r\u1eddi kh\u1ecfi c\u00f4ng ty tr\u01b0\u1edbc, m\u1ee9c l\u01b0\u01a1ng t\u1eeb m\u1ed7i c\u00f4ng ty v\u00e0 m\u1ee9c l\u01b0\u01a1ng mong \u0111\u1ee3i c\u1ee7a b\u1ea1n. Ch\u1ec9 nh\u1eefng \u1ee9ng vi\u00ean l\u1ecdt v\u00e0o danh s\u00e1ch s\u1ebd \u0111\u01b0\u1ee3c th\u00f4ng b\u00e1o v\u00e0 li\u00ean h\u1ec7 qua email, \u0111i\u1ec7n tho\u1ea1i ho\u1eb7c Skype \u0111\u1ec3 ph\u1ecfng v\u1ea5n.\n\n\n\n<\/div>\n<!-- col -->\n<\/div>\n<!-- row -->\n<\/div>\n<!-- container -->\n\n\n\n<div class=\"container\" id=\"container_yellow_note\" style=\"padding: 30px 0 30px 0;\">\n<div class=\"row\">\n<div class=\"alt_red_notebox col-md-12 wow fadeIn\" style=\"width: 100%; visibility: hidden;\">\n\n<div class=\"container\">\n<div class=\"row h-100\">\n\n<div class=\"col-sm-4 text-center my-auto\">\n<img decoding=\"async\" src=\"\/wp-content\/uploads\/2019\/12\/hiring.png\" style=\"margin-bottom: 15px;\">\n<\/div>\n\n<div class=\"col-sm-8\" style=\"text-align: center; align-items: center;    display: inline-flex;\">\n\n<div>\n<span class=\"white_default_headline\">T\u1ea0I SAO B\u1ea0N N\u00caN CH\u1eccN LUCKY RUBY CHO S\u1ef0 NGHI\u1ec6P C\u1ee6A M\u00ccNH?<\/span>\n\n<br><br>\n\n<p class=\"white_default_text\" style=\"text-align: justify;\">\nLucky Ruby l\u00e0 s\u00f2ng b\u1ea1c bi\u00ean gi\u1edbi t\u1eadp trung m\u1ea1nh v\u00e0o ch\u1ea5t l\u01b0\u1ee3ng d\u1ecbch v\u1ee5 c\u00f9ng v\u1edbi vi\u1ec7c cung c\u1ea5p m\u1ed9t b\u1ea7u kh\u00f4ng kh\u00ed gi\u1ea3i tr\u00ed an to\u00e0n v\u00e0 \u0111\u1ea3m b\u1ea3o. \u0110\u1ec3 th\u1ef1c thi c\u00e1c gi\u00e1 tr\u1ecb v\u00e0 ti\u00eau chu\u1ea9n c\u1ee7a c\u00f4ng ty ph\u00f9 h\u1ee3p v\u1edbi s\u1ef1 ph\u00e1t tri\u1ec3n c\u1ee7a ch\u00fang t\u00f4i, ch\u00fang t\u00f4i t\u00ecm ki\u1ebfm nh\u1eefng c\u00e1 nh\u00e2n \u0111am m\u00ea chia s\u1ebb ho\u1eb7c s\u1eb5n s\u00e0ng tu\u00e2n theo t\u1ea7m nh\u00ecn, s\u1ee9 m\u1ec7nh v\u00e0 gi\u00e1 tr\u1ecb c\u1ee7a ch\u00fang t\u00f4i trong cu\u1ed9c s\u1ed1ng h\u00e0ng ng\u00e0y c\u1ee7a h\u1ecd.<\/p>\n\n<p class=\"white_default_text\" style=\"text-align: justify;\">\n\u0110\u00f3 l\u00e0 m\u1ed9t minh ch\u1ee9ng \u0111\u00e3  ch\u1ee9ng minh r\u1eb1ng ch\u00fang t\u00f4i l\u00e0 m\u1ed9t t\u1ed5 ch\u1ee9c ph\u00f9 h\u1ee3p \u0111\u1ec3 b\u1ea1n tr\u1edf th\u00e0nh m\u1ed9t ph\u1ea7n c\u1ee7a r\u1ea5t nhi\u1ec1u nh\u00e2n s\u1ef1 \u0111\u00e3 bi\u1ebfn s\u00f2ng b\u1ea1c bi\u00ean gi\u1edbi c\u1ee7a ch\u00fang t\u00f4i tr\u1edf th\u00e0nh ngu\u1ed3n s\u1ed1ng c\u1ee7a h\u1ecd trong r\u1ea5t nhi\u1ec1u n\u0103m v\u00e0 \u0111\u1ed3ng th\u1eddi ch\u00fang t\u00f4i ti\u1ebfp t\u1ee5c l\u00e0m  cho cu\u1ed9c s\u1ed1ng c\u1ee7a nh\u00e2n vi\u00ean tr\u1edf n\u00ean t\u1ed1t h\u01a1n m\u1ed7i ng\u00e0y theo t\u1ea7m nh\u00ecn c\u1ee7a c\u00f4ng ty ch\u00fang t\u00f4i.<\/p>\n\n<p class=\"white_default_text\" style=\"text-align: justify;\">\nCh\u00fang t\u00f4i hi\u1ec7n \u0111ang t\u00ecm m\u1ed9t Gi\u00e1m \u0111\u1ed1c nh\u00e2n s\u1ef1 \u0111\u1ec3 x\u1ebfp v\u00e0o h\u00e0ng ng\u0169 ph\u00f9 h\u1ee3p v\u1edbi k\u1ebf ho\u1ea1ch m\u1edf r\u1ed9ng c\u1ee7a c\u00f4ng ty ch\u00fang t\u00f4i.\n<\/p>\n\n<\/div>\n\n<\/div>\n<!-- col-sm-8 -->\n<\/div>\n<!-- row 4 8 -->\n<\/div>\n<!-- container 4 8 -->\n\n<\/div>\n<!-- col 12 alt_golden_notebox -->\n<\/div>\n<!-- row 12 -->\n<\/div>\n<!-- container 12 -->","protected":false},"excerpt":{"rendered":"<p>LAND BASED CASINO MARKETING EXECUTIVE We are looking for a Land Based Casino Marketing Executive to join our marketing team in line with our vision to increase our market outreach. REQUIREMENTS Planning, organizing, executing and analyzing casino marketing campaigns to the current casino customer database. Segmenting and analyzing the database to ensure target markets are [&hellip;]<\/p>","protected":false},"author":6,"featured_media":0,"parent":876,"menu_order":0,"comment_status":"closed","ping_status":"closed","template":"","meta":{"ngg_post_thumbnail":0,"footnotes":"","_links_to":"","_links_to_target":""},"class_list":["post-1437","page","type-page","status-publish","hentry"],"_links":{"self":[{"href":"https:\/\/ruby89.com\/vi\/wp-json\/wp\/v2\/pages\/1437","targetHints":{"allow":["GET"]}}],"collection":[{"href":"https:\/\/ruby89.com\/vi\/wp-json\/wp\/v2\/pages"}],"about":[{"href":"https:\/\/ruby89.com\/vi\/wp-json\/wp\/v2\/types\/page"}],"author":[{"embeddable":true,"href":"https:\/\/ruby89.com\/vi\/wp-json\/wp\/v2\/users\/6"}],"replies":[{"embeddable":true,"href":"https:\/\/ruby89.com\/vi\/wp-json\/wp\/v2\/comments?post=1437"}],"version-history":[{"count":28,"href":"https:\/\/ruby89.com\/vi\/wp-json\/wp\/v2\/pages\/1437\/revisions"}],"predecessor-version":[{"id":7849,"href":"https:\/\/ruby89.com\/vi\/wp-json\/wp\/v2\/pages\/1437\/revisions\/7849"}],"up":[{"embeddable":true,"href":"https:\/\/ruby89.com\/vi\/wp-json\/wp\/v2\/pages\/876"}],"wp:attachment":[{"href":"https:\/\/ruby89.com\/vi\/wp-json\/wp\/v2\/media?parent=1437"}],"curies":[{"name":"wp","href":"https:\/\/api.w.org\/{rel}","templated":true}]}}