 {"id":1197,"date":"2019-12-26T16:33:47","date_gmt":"2019-12-26T09:33:47","guid":{"rendered":"https:\/\/ruby89.com\/?page_id=1197"},"modified":"2022-10-16T17:43:56","modified_gmt":"2022-10-16T10:43:56","slug":"3-card-poker","status":"publish","type":"page","link":"https:\/\/ruby89.com\/vi\/casino\/3-card-poker\/","title":{"rendered":"Poker 3 l\u00e1"},"content":{"rendered":"<!-- <p class=\"black_default_headline\">3 Card Poker Table Game<\/p> -->\n\n\n\n<div class=\"container\" id=\"container_intro\">\n<div class=\"row\">\n<div class=\"alt_notebox-white col-sm-12 text-justify wow fadeIn\" id=\"container_padding_needed\" style=\"margin-top: 15px; visibility: hidden; padding: 0;\">\n\n\n\n<div class=\"container\" id=\"container_no_padding_needed\">\n<div class=\"row\">\n\n<div class=\"col-sm-8  wow fadeInRight\" id=\"\" style=\"visibility: hidden;\">\n\n\n<p class=\"black_default_headline\">L\u1ecaCH S\u1eec C\u1ee6A POKER 3 L\u00c1<\/p>\n\n<p class=\"black_default_text\">\nM\u1ed9t tr\u00f2 ch\u01a1i kh\u00e1 m\u1edbi trong b\u00e0n, X\u00ec t\u1ed1 3 l\u00e1 \u0111\u01b0\u1ee3c t\u1ea1o ra b\u1edfi m\u1ed9t tay c\u1edd b\u1ea1c chuy\u00ean nghi\u1ec7p Derek Webb v\u00e0o n\u0103m 1994 v\u1edbi t\u00ean c\u0169 l\u00e0 Casino Brag, v\u1edbi t\u1ea7m nh\u00ecn r\u1eb1ng poker c\u00f3 th\u1ec3 \u0111\u01b0\u1ee3c ch\u01a1i v\u1edbi t\u1ed1c \u0111\u1ed9 c\u1ee7a c\u00e1c tr\u00f2 ch\u01a1i tr\u00ean b\u00e0n kh\u00e1c. \n<\/p>\n\n<p class=\"black_default_text\">\nGi\u1ed1ng nh\u01b0 b\u1ea5t k\u1ef3 tr\u00f2 ch\u01a1i m\u1edbi n\u00e0o, Poker 3 l\u00e1 l\u00e0 m\u1ed9t th\u00e1ch th\u1ee9c c\u1ea7n \u0111\u01b0\u1ee3c c\u00e1c s\u00f2ng b\u1ea1c \u0111i\u1ec1u ch\u1ec9nh ngay l\u1eadp t\u1ee9c. V\u00ed d\u1ee5, V\u01b0\u01a1ng qu\u1ed1c Anh c\u00f3 c\u00e1c quy \u0111\u1ecbnh v\u1ec1 c\u1edd b\u1ea1c \u0111i ng\u01b0\u1ee3c l\u1ea1i n\u00f3. N\u00f3 l\u1ea7n \u0111\u1ea7u ti\u00ean \u0111\u01b0\u1ee3c Grand Casino Gulfport \u1edf Mississippi \u00e1p d\u1ee5ng, v\u1edbi vi\u1ec7c Webb hu\u1ea5n luy\u1ec7n c\u00e1c nh\u00e0 c\u00e1i th\u1ef1c h\u00e0nh. <\/p>\n\n<p class=\"black_default_text\">\nV\u00e0o n\u0103m 2002, t\u00e1m n\u0103m sau khi \u0111\u01b0\u1ee3c th\u00e0nh l\u1eadp, c\u00e1c quy \u0111\u1ecbnh v\u1ec1 c\u1edd b\u1ea1c c\u1ee7a V\u01b0\u01a1ng qu\u1ed1c Anh \u0111\u00e3 \u0111\u01b0\u1ee3c s\u1eeda \u0111\u1ed5i \u0111\u1ec3 m\u1edf c\u00e1c b\u00e0n ch\u01a1i s\u00f2ng b\u1ea1c c\u1ee7a h\u1ecd th\u00e0nh X\u00ec t\u1ed1 3 l\u00e1. C\u00e1c ch\u01b0\u01a1ng tr\u00ecnh khuy\u1ebfn m\u00e3i c\u1ee7a Shuffle Master \u0111\u00e3 \u0111\u1ed5i t\u00ean tr\u00f2 ch\u01a1i th\u00e0nh X\u00ec t\u1ed1 3 l\u00e1. <\/p>\n\n<p class=\"black_default_text\">\nGi\u1ed1ng nh\u01b0 m\u1ed9t k\u1ebft th\u00fac c\u00f3 h\u1eadu cho s\u1ef1 kh\u1edfi \u0111\u1ea7u khi\u00eam t\u1ed1n v\u00e0 kh\u00f3 kh\u0103n c\u1ee7a tr\u00f2 ch\u01a1i, Poker 3 l\u00e1 gi\u1edd \u0111\u00e2y \u0111\u01b0\u1ee3c t\u00f4n s\u00f9ng nh\u01b0 m\u1ed9t tr\u00f2 ch\u01a1i ch\u1ee7 l\u1ef1c c\u1ee7a s\u00f2ng b\u1ea1c. <\/p>\n\n<div style=\"height:30px\" aria-hidden=\"true\" class=\"wp-block-spacer\"><\/div>\n\n\n<\/div>\n<!-- col -->\n\n<div class=\"col-sm-4 wow fadeIn\" style=\"border: 0px solid #ffffff; visibility: hidden;\">\n<img decoding=\"async\" src=\"https:\/\/ruby89.com\/wp-content\/uploads\/2022\/10\/3-Card-Poker-Game-vn.webp\" alt=\"\" class=\"wp-image-993\">\n<\/div>\n<!-- col 4 8 -->\n<\/div>\n<!-- row 4 8-->\n<\/div>\n<!-- container 4 8 -->\n\n\n\n<div style=\"height:30px\" aria-hidden=\"true\" class=\"wp-block-spacer\"><\/div>\n\n\n\n<p class=\"black_default_headline\">3 QUY T\u1eaeC TH\u1eba POKER<\/p>\n<p class=\"black_default_text\">\nPoker 3 l\u00e1 l\u00e0 m\u1ed9t trong nh\u1eefng tr\u00f2 ch\u01a1i tr\u00ean b\u00e0n ph\u1ed5 bi\u1ebfn nh\u1ea5t m\u1ecdi th\u1eddi \u0111\u1ea1i v\u00ec n\u00f3 d\u1ec5 h\u1ecdc v\u00e0 d\u1ec5 ch\u01a1i. Poker 3 l\u00e1 l\u00e0 m\u1ed9t tr\u00f2 ch\u01a1i chia b\u00e0i t\u1ea1i nh\u00e0 c\u00e1i \u0111\u01b0\u1ee3c ch\u01a1i v\u1edbi m\u1ed9t b\u1ed9 b\u00e0i th\u00f4ng th\u01b0\u1eddng g\u1ed3m 52 l\u00e1, kh\u00f4ng s\u1eed d\u1ee5ng joker ho\u1eb7c wild card.\n<\/p>\n<p class=\"black_default_text_bold\">\nC\u01af\u1ee2C\n<\/p>\n<p class=\"black_default_text\">\n1. \u0110\u1eb7t c\u01b0\u1ee3c<br>\n2. C\u01b0\u1ee3c Ti\u1ec1n th\u01b0\u1edfng (T\u00f9y ch\u1ecdn)\n<\/p>\n<br>\n<p class=\"black_default_text_bold\">\nTHANH TO\u00c1N\n<\/p>\n<span class=\"black_default_text\">1. \u0110\u1eb7t c\u01b0\u1ee3c<\/span><br>\n<ul>\n<li> 1-1 tr\u00ean ng\u01b0\u1eddi ch\u01a1i x\u1ebfp h\u1ea1ng cao nh\u1ea5t so v\u1edbi th\u1ebb banker\n<li> Ng\u01b0\u1eddi ch\u01a1i 2 \u0103n 1 (thanh to\u00e1n m\u1ed9t n\u1eeda) th\u1eafng th\u1ebb banker v\u1edbi k\u1ebft h\u1ee3p th\u1ebb ch\u01a1i x\u1ebfp h\u1ea1ng \u201cJ\u201d v\u00e0 \u201cQ\u201d m\u1ed7i ng\u01b0\u1eddi.\n<\/ul>\n<span class=\"black_default_text\">2. C\u01b0\u1ee3c Ti\u1ec1n th\u01b0\u1edfng:<\/span><br>\n<table class=\"table\" style=\"width: 250px; padding-left: 15px; margin-left: 15px;\">\n  <tbody>\n    <tr>\n      <td style=\"color: #ffffff; background-color: #940002 !important;    border-color: #ffffff!important;\">Th\u00f9ng Ph\u00e1 S\u1ea3nh<\/td>\n      <td style=\"width: 100px; background-color: #ffffff !important;\">1 tr\u1ea3 40<\/td>\n    <\/tr>\n    <tr>\n      <td style=\"color: #ffffff; background-color: #940002 !important;    border-color: #ffffff!important;\">X\u00e1m C\u00f4<\/td>\n      <td style=\"background-color: #ffffff !important;\">1 tr\u1ea3 25<\/td>\n    <\/tr>\n    <tr>\n      <td style=\"color: #ffffff; background-color: #940002 !important;    border-color: #ffffff!important;\">S\u1ea3nh <\/td>\n      <td style=\"background-color: #ffffff !important;\">1 tr\u1ea3 6<\/td>\n    <\/tr>\n    <tr>\n      <td style=\"color: #ffffff; background-color: #940002 !important;    border-color: #ffffff!important;\">Th\u00f9ng\u00a0<\/td>\n      <td style=\"background-color: #ffffff !important;\">1 tr\u1ea3 4<\/td>\n    <\/tr>\n    <tr>\n      <td style=\"color: #ffffff; background-color: #940002 !important;    border-color: #ffffff!important;\">\u0110\u00f4i<\/td>\n      <td style=\"background-color: #ffffff !important;\">1 tr\u1ea3 1<\/td>\n    <\/tr>\n  <\/tbody>\n<\/table>\n<br>\n<p class=\"black_default_text_bold\">\nQUY T\u1eaeC V\u00c0 QUY \u0110\u1ecaNH TR\u00d2 CH\u01a0I\n<\/p>\n<p class=\"black_default_text\">\n<ol>\n<li> Ng\u01b0\u1eddi chia b\u00e0i chia 3 l\u00e1 b\u00e0i cho m\u1ed7i tay ng\u01b0\u1eddi ch\u01a1i, k\u1ebft qu\u1ea3 c\u1ee7a 3 l\u00e1 b\u00e0i, th\u1ee9 h\u1ea1ng cao nh\u1ea5t c\u1ee7a l\u00e1 b\u00e0i s\u1ebd x\u00e1c \u0111\u1ecbnh ng\u01b0\u1eddi chi\u1ebfn th\u1eafng.\n<li> X\u1ebfp h\u1ea1ng cao nh\u1ea5t s\u1ebd l\u00e0 x\u00ec t\u1ed1, ti\u1ebfp theo l\u00e0 3 lo\u1ea1i, Th\u00f9ng \n, S\u1ea3nh  \u0110\u00f4i.\n<li> N\u1ebfu k\u1ebft qu\u1ea3 c\u1ee7a th\u1ebb kh\u00f4ng \u0111\u00e1p \u1ee9ng y\u00eau c\u1ea7u \u1edf tr\u00ean, ch\u00fang t\u00f4i s\u1ebd so s\u00e1nh x\u1ebfp h\u1ea1ng th\u1ebb \u0111\u01a1n l\u1ebb m\u00e0 \u00c1t \u201cA\u201d l\u00e0 cao nh\u1ea5t v\u00e0 \u201c2\u201d l\u00e0 th\u1ea5p nh\u1ea5t.\n<\/ol>\n<\/p>\n\n\n\n<\/div>\n<!-- col intro -->\n<\/div>\n<!-- row intro -->\n<\/div>\n<!-- container intro -->\n\n\n\n<div style=\"height:30px\" aria-hidden=\"true\" class=\"wp-block-spacer\"><\/div>\n\n\n\n<!-- \n\n<div class=\"container\" id=\"container_intro\" style=\"margin-top: 0px;\">\n<div class=\"row\">\n<div class=\"alt_golden_notebox col-sm-12 text-justify wow fadeIn\" style=\"visibility: hidden; width: 100%; margin-top: 10px;\">\n\n<div class=\"container\">\n<div class=\"row\">\n\n<div class=\"col-sm-12 text-center\" style=\"color: black;\">\n<span class=\"white_default_headline\">TRY YOUR LUCK, PLAY WITH US!<\/span>\n<br><br>\n<strong>Visit us at Lucky Ruby Border Casino located at Prey Vor-Moc Hoa, Svay Rieng, Cambodia<\/strong>\n<\/div>\n\n\n<\/div>\n\n\n<\/div>\n\n\n<\/div>\n\n<\/div>\n\n<\/div>\n\nContainer Golden Noted Box -->\n\n\n\n<div style=\"height:30px\" aria-hidden=\"true\" class=\"wp-block-spacer\"><\/div>\n\n\n\n<p><\/p>","protected":false},"excerpt":{"rendered":"<p>THE HISTORY OF 3 CARD POKER A fairly new game in the table, 3 Card Poker was created by former professional gambler Derek Webb in 1994 under its former name Casino Brag, with the vision that poker can be played at the speed of other table games. Like any new games, 3 Card Poker was [&hellip;]<\/p>","protected":false},"author":6,"featured_media":0,"parent":15,"menu_order":20,"comment_status":"closed","ping_status":"closed","template":"","meta":{"ngg_post_thumbnail":0,"footnotes":"","_links_to":"","_links_to_target":""},"class_list":["post-1197","page","type-page","status-publish","hentry"],"_links":{"self":[{"href":"https:\/\/ruby89.com\/vi\/wp-json\/wp\/v2\/pages\/1197","targetHints":{"allow":["GET"]}}],"collection":[{"href":"https:\/\/ruby89.com\/vi\/wp-json\/wp\/v2\/pages"}],"about":[{"href":"https:\/\/ruby89.com\/vi\/wp-json\/wp\/v2\/types\/page"}],"author":[{"embeddable":true,"href":"https:\/\/ruby89.com\/vi\/wp-json\/wp\/v2\/users\/6"}],"replies":[{"embeddable":true,"href":"https:\/\/ruby89.com\/vi\/wp-json\/wp\/v2\/comments?post=1197"}],"version-history":[{"count":56,"href":"https:\/\/ruby89.com\/vi\/wp-json\/wp\/v2\/pages\/1197\/revisions"}],"predecessor-version":[{"id":7257,"href":"https:\/\/ruby89.com\/vi\/wp-json\/wp\/v2\/pages\/1197\/revisions\/7257"}],"up":[{"embeddable":true,"href":"https:\/\/ruby89.com\/vi\/wp-json\/wp\/v2\/pages\/15"}],"wp:attachment":[{"href":"https:\/\/ruby89.com\/vi\/wp-json\/wp\/v2\/media?parent=1197"}],"curies":[{"name":"wp","href":"https:\/\/api.w.org\/{rel}","templated":true}]}}