 {"id":1067,"date":"2019-12-26T10:35:21","date_gmt":"2019-12-26T03:35:21","guid":{"rendered":"https:\/\/ruby89.com\/?page_id=1067"},"modified":"2024-02-17T09:45:08","modified_gmt":"2024-02-17T02:45:08","slug":"social-responsibility","status":"publish","type":"page","link":"https:\/\/ruby89.com\/vi\/aboutus\/social-responsibility\/","title":{"rendered":"Tr\u00e1ch nhi\u1ec7m x\u00e3 h\u1ed9i"},"content":{"rendered":"<div class=\"container\" id=\"container_intro\">\n<div class=\"row\">\n\n\n\n<div class=\"alt_notebox-white col-sm-12 text-justify wow fadeIn\" id=\"container_padding_needed\" style=\"margin-top: 15px; visibility: hidden;\">\n\n\n\n<p class=\"black_default_headline\" style=\"text-align: center;\">Tr\u00e1ch nhi\u1ec7m x\u00e3 h\u1ed9i v\u00e0 \u0111\u00f3ng g\u00f3p<\/p>\n\n\n\n<center>\n<p class=\"black_default_text_frontpage\">\nLucky Ruby Border Casino l\u1ea5y tr\u00e1ch nhi\u1ec7m x\u00e3 h\u1ed9i l\u00e0m tr\u1ee5 c\u1ed9t r\u1ea5t quan tr\u1ecdng trong  gi\u00e1 tr\u1ecb doanh nghi\u1ec7p c\u1ee7a ch\u00fang t\u00f4i.\n<br>\n\nC\u00f4ng ty th\u01b0\u1eddng xuy\u00ean th\u1ef1c hi\u1ec7n h\u1ed5 tr\u1ee3  cho c\u00e1c th\u00e0nh vi\u00ean k\u00e9m may m\u1eafn trong c\u1ed9ng \u0111\u1ed3ng.\n<br>\n\nCh\u00fang t\u00f4i hy v\u1ecdng r\u1eb1ng ch\u00fang t\u00f4i s\u1ebd c\u00f3 th\u1ec3 \u0111\u00f3ng m\u1ed9t vai tr\u00f2 trong vi\u1ec7c c\u1ea3i thi\u1ec7n cu\u1ed9c s\u1ed1ng trong c\u1ed9ng \u0111\u1ed3ng khi ch\u00fang t\u00f4i m\u1edf r\u1ed9ng v\u00e0 th\u1ebf gi\u1edbi ti\u1ebfp t\u1ee5c ph\u00e1t tri\u1ec3n.\n<\/p>\n<\/center>\n\n\n\n<div class=\"wp-block-image\"><figure class=\"aligncenter\"><img decoding=\"async\" src=\"\/wp-content\/uploads\/2020\/07\/underline_ruby_red_curve.png\" alt=\"\" class=\"wp-image-3355\" style=\"padding: 20px 0 20px 0;\"><\/figure><\/div>\n\n\n\n<\/div>\n<!-- col -->\n<\/div>\n<!-- row -->\n\n\n\n<div class=\"row\">\n<div class=\"alt_notebox-white col-sm-12 text-justify wow fadeIn\" id=\"container_padding_needed\" style=\"margin-top: 15px; visibility: hidden;\">\n<p class=\"black_default_headline\" style=\"text-align: center;\">QUY\u00caN G\u00d3P TH\u01af\u1edcNG NI\u00caN N\u0102M 2024<\/p>\n<center>\n<p class=\"black_default_text_frontpage\">\nLucky Ruby Border Casino \u0111\u00e3 quy\u00ean g\u00f3p cho 120 gia \u0111\u00ecnh c\u00f3 ho\u00e0n c\u1ea3nh kh\u00f3 kh\u0103n c\u0169ng nh\u01b0 c\u00e1c Ch\u00f9a v\u00e0 tr\u01b0\u1eddng h\u1ecdc trong khu v\u1ef1c Huy\u1ec7n Kampong Rou nh\u00e2n d\u1ecbp L\u1ec5 k\u1ef7 ni\u1ec7m 9 n\u0103m th\u00e0nh l\u1eadp c\u1ee7a ch\u00fang t\u00f4i.\n<\/p>\n<\/center>\n\n\n\nngg_shortcode_0_placeholder\n\n\n\n<div class=\"wp-block-image\"><figure class=\"aligncenter\"><img decoding=\"async\" src=\"\/wp-content\/uploads\/2020\/07\/underline_ruby_red_curve.png\" alt=\"\" class=\"wp-image-3355\" style=\"padding: 20px 0 20px 0;\"><\/figure><\/div>\n<\/div>\n<!-- col -->\n<\/div>\n<!-- row -->\n\n\n\n<div class=\"row\">\n<div class=\"alt_notebox-white col-sm-12 text-justify wow fadeIn\" id=\"container_padding_needed\" style=\"margin-top: 15px; visibility: hidden;\">\n<p class=\"black_default_headline\" style=\"text-align: center;\">Quy\u00ean g\u00f3p th\u01b0\u1eddng ni\u00ean n\u0103m 2023<\/p>\n<center>\n<p class=\"black_default_text_frontpage\">\nLucky Ruby Border Casino \u0111\u00e3 quy\u00ean g\u00f3p cho 120 gia \u0111\u00ecnh c\u00f3 ho\u00e0n c\u1ea3nh kh\u00f3 kh\u0103n c\u0169ng nh\u01b0 c\u00e1c Ch\u00f9a v\u00e0 tr\u01b0\u1eddng h\u1ecdc trong khu v\u1ef1c Huy\u1ec7n Kampong Rou nh\u00e2n d\u1ecbp L\u1ec5 k\u1ef7 ni\u1ec7m 8 n\u0103m th\u00e0nh l\u1eadp c\u1ee7a ch\u00fang t\u00f4i.\n<\/p>\n<\/center>\n\n\n\nngg_shortcode_1_placeholder\n\n\n\n<div class=\"wp-block-image\"><figure class=\"aligncenter\"><img decoding=\"async\" src=\"\/wp-content\/uploads\/2020\/07\/underline_ruby_red_curve.png\" alt=\"\" class=\"wp-image-3355\" style=\"padding: 20px 0 20px 0;\"><\/figure><\/div>\n<\/div>\n<!-- col -->\n<\/div>\n<!-- row -->\n\n\n\n<div class=\"row\">\n<div class=\"alt_notebox-white col-sm-12 text-justify wow fadeIn\" id=\"container_padding_needed\" style=\"margin-top: 15px; visibility: hidden;\">\n<p class=\"black_default_headline\" style=\"text-align: center;\">Ng\u01b0\u1eddi s\u00e1ng l\u1eadp c\u1ee7a ch\u00fang t\u00f4i quy\u00ean g\u00f3p cho Qu\u1ef9 v\u1eafc xin Covid-19 Campuchia<\/p>\n<center>\n<p class=\"black_default_text_frontpage\">\n\u00d4ng Jment Lim, ng\u01b0\u1eddi s\u00e1ng l\u1eadp S\u00f2ng b\u1ea1c Lucky Ruby Border, \u0111\u00e3 quy\u00ean g\u00f3p 20.000 USD cho Qu\u1ef9 v\u1eafc xin Covid-19 Campuchia v\u00e0o ng\u00e0y 10 th\u00e1ng 12 n\u0103m 2020. M\u1eb7c d\u00f9 s\u00f2ng b\u1ea1c c\u1ee7a ch\u00fang t\u00f4i hi\u1ec7n t\u1ea1i \u0111ang t\u1ea1m th\u1eddi \u0111\u00f3ng c\u1eeda, ng\u01b0\u1eddi s\u00e1ng l\u1eadp c\u1ee7a ch\u00fang t\u00f4i v\u1eabn quy\u00ean g\u00f3p h\u1ed7 tr\u1ee3 ng\u01b0\u1eddi d\u00e2n Campuchia \u0111\u01b0\u1ee3c ti\u00eam v\u1eafc xin Covid-19.\n<\/p>\n<\/center>\n\n\n\nngg_shortcode_2_placeholder\n\n\n\n<div class=\"wp-block-image\"><figure class=\"aligncenter\"><img decoding=\"async\" src=\"\/wp-content\/uploads\/2020\/07\/underline_ruby_red_curve.png\" alt=\"\" class=\"wp-image-3355\" style=\"padding: 20px 0 20px 0;\"><\/figure><\/div>\n<\/div>\n<!-- col -->\n<\/div>\n<!-- row -->\n\n\n\n<div class=\"row\">\n<div class=\"alt_notebox-white col-sm-12 text-justify wow fadeIn\" id=\"container_padding_needed\" style=\"margin-top: 15px; visibility: hidden;\">\n<p class=\"black_default_headline\" style=\"text-align: center;\">Quy\u00ean g\u00f3p l\u01b0\u01a1ng th\u1ef1c thi\u1ebft y\u1ebfu  cho n\u1ea1n nh\u00e2n v\u00f9ng l\u0169<\/p>\n<center>\n<p class=\"black_default_text_frontpage\">\nM\u1eb7c d\u00f9 \u0111\u00e3 t\u1ea1m th\u1eddi \u0111\u00f3ng c\u1eeda theo c\u00e1c ch\u1ec9 th\u1ecb ph\u00f2ng ng\u1eeba Covid-19, Lucky Ruby Border Casino \u0111\u00e3 h\u1ed7 tr\u1ee3 \u0111\u00f3ng g\u00f3p c\u00e1c m\u1eb7t h\u00e0ng th\u1ef1c ph\u1ea9m thi\u1ebft y\u1ebfu cho c\u1ed9ng \u0111\u1ed3ng \u1edf huy\u1ec7n Pursat, n\u01a1i b\u1ecb \u1ea3nh h\u01b0\u1edfng b\u1edfi m\u1ed9t lo\u1ea1t tr\u1eadn l\u0169 l\u1ee5t x\u1ea3y ra \u1edf Campuchia v\u00e0o th\u1eddi \u0111i\u1ec3m \u0111\u00f3.\n<\/p>\n<\/center>\n\n\n\nngg_shortcode_3_placeholder\n\n\n\n<div class=\"wp-block-image\"><figure class=\"aligncenter\"><img decoding=\"async\" src=\"\/wp-content\/uploads\/2020\/07\/underline_ruby_red_curve.png\" alt=\"\" class=\"wp-image-3355\" style=\"padding: 20px 0 20px 0;\"><\/figure><\/div>\n<\/div>\n<!-- col -->\n<\/div>\n<!-- row -->\n\n\n\n<div class=\"row\">\n<div class=\"alt_notebox-white col-sm-12 text-justify wow fadeIn\" id=\"container_padding_needed\" style=\"margin-top: 15px; visibility: hidden;\">\n<p class=\"black_default_headline\" style=\"text-align: center;\">G\u00e2y qu\u1ef9  v\u00e0 Quy\u00ean g\u00f3p nhu y\u1ebfu ph\u1ea9m cho c\u00e1c gia \u0111\u00ecnh c\u00f3 nhu c\u1ea7u trong c\u1ed9ng \u0111\u1ed3ng<\/p>\n<center>\n<p class=\"black_default_text_frontpage\">\nCh\u00fang t\u00f4i xem s\u1ee9c kh\u1ecfe c\u1ee7a c\u1ed9ng \u0111\u1ed3ng \u0111\u1ecba ph\u01b0\u01a1ng c\u00f3 t\u1ea7m quan tr\u1ecdng l\u1edbn \u0111\u1ed1i v\u1edbi ch\u00fang t\u00f4i v\u00ec S\u00f2ng b\u1ea1c Lucky Ruby Border l\u00e0 m\u1ed9t ph\u1ea7n c\u1ee7a c\u1ed9ng \u0111\u1ed3ng \u1edf \u0111\u00e2y. Ch\u00fang t\u00f4i \u0111\u00e3 \u0111\u00f3ng g\u00f3p c\u00e1c nhu y\u1ebfu ph\u1ea9m thi\u1ebft y\u1ebfu v\u00e0 quy\u00ean g\u00f3p b\u1eb1ng ti\u1ec1n m\u1eb7t cho 89 gia \u0111\u00ecnh c\u1ea7n h\u1ed7 tr\u1ee3.\n<\/p>\n<\/center>\n\n\n\nngg_shortcode_4_placeholder\n\n\n\n<div class=\"wp-block-image\"><figure class=\"aligncenter\"><img decoding=\"async\" src=\"\/wp-content\/uploads\/2020\/07\/underline_ruby_red_curve.png\" alt=\"\" class=\"wp-image-3355\" style=\"padding: 20px 0 20px 0;\"><\/figure><\/div>\n<\/div>\n<!-- col -->\n<\/div>\n<!-- row -->\n\n\n\n<div class=\"row\">\n<div class=\"alt_notebox-white col-sm-12 text-justify wow fadeIn\" id=\"container_padding_needed\" style=\"margin-top: 15px; visibility: hidden;\">\n\n\n\n<p class=\"black_default_headline\" style=\"text-align: center;\">\u0110\u00f3ng  g\u00f3p cho vi\u1ec7c th\u00fac \u0111\u1ea9y v\u00e0 c\u1ea3i t\u1ea1o c\u00e1c \u0111o\u1ea1n \u0111\u01b0\u1eddng nguy hi\u1ec3m<\/p>\n\n\n\n<center>\n<p class=\"black_default_text_frontpage\">\n\nCh\u00fang t\u00f4i th\u1ea5y r\u1eb1ng m\u1ed9t con \u0111\u01b0\u1eddng \u1edf huy\u1ec7n Kampong Rou \u0111ang trong t\u00ecnh tr\u1ea1ng r\u1ea5t x\u1ea5u, v\u1eeba kh\u00f3 \u0111i l\u1ea1i v\u1eeba nguy hi\u1ec3m cho c\u1ed9ng \u0111\u1ed3ng \u0111\u1ecba ph\u01b0\u01a1ng, \u0111\u1eb7c bi\u1ec7t l\u00e0 trong m\u00f9a m\u01b0a. Ch\u00fang t\u00f4i \u0111\u00e3 \u0111\u00f3ng g\u00f3p v\u00e0o vi\u1ec7c s\u1eeda ch\u1eefa v\u00e0 c\u1ee7ng c\u1ed1 con \u0111\u01b0\u1eddng.\n<\/p>\n<\/center>\n\n\n\nngg_shortcode_5_placeholder\n\n\n\n<div class=\"wp-block-image\"><figure class=\"aligncenter\"><img decoding=\"async\" src=\"\/wp-content\/uploads\/2020\/07\/underline_ruby_red_curve.png\" alt=\"\" class=\"wp-image-3355\" style=\"padding: 20px 0 20px 0;\"><\/figure><\/div>\n<\/div>\n<!-- col -->\n<\/div>\n<!-- row -->\n\n\n\n<div class=\"row\">\n<div class=\"alt_notebox-white col-sm-12 text-justify wow fadeIn\" id=\"container_padding_needed\" style=\"margin-top: 15px; visibility: hidden;\">\n\n\n\n<p class=\"black_default_headline\" style=\"text-align: center;\">QUY\u00caN G\u00d3P T\u00c1I T\u1ea0O CON \u0110\u01af\u1edcNG HI\u1ec6N T\u1ea0I TRONG \u0110I\u1ec0U KI\u1ec6N X\u1ea4U<\/p>\n\n\n\n<center>\n<p class=\"black_default_text_frontpage\">\n\nV\u00e0o ng\u00e0y 25 th\u00e1ng 8 n\u0103m 2019, ch\u00fang t\u00f4i \u0111\u00e3 ch\u00fa \u00fd \u0111\u1ebfn nh\u1eefng kh\u00f3 kh\u0103n  m\u00e0 ng\u01b0\u1eddi d\u00e2n \u0111\u1ecba ph\u01b0\u01a1ng ph\u1ea3i \u0111\u1ed1i m\u1eb7t v\u1edbi \u0111i\u1ec1u ki\u1ec7n \u0111\u01b0\u1eddng x\u00e1 do th\u1eddi ti\u1ebft m\u01b0a.<br>\n\nBan Gi\u00e1m \u0111\u1ed1c \u0111i\u1ec1u h\u00e0nh c\u1ee7a Lucky Ruby \u0111\u00e3 h\u1ee9a s\u1ebd h\u1ed7 tr\u1ee3 v\u00e0 ch\u00fang t\u00f4i \u0111\u00e3 quy\u00ean g\u00f3p \u0111\u1ec3 gi\u00fap t\u00e2n trang l\u1ea1i con \u0111\u01b0\u1eddng cho d\u00e2n l\u00e0ng \u0111\u1ecba ph\u01b0\u01a1ng.\n\n<\/p>\n<\/center>\n\n\n\nngg_shortcode_6_placeholder\n\n\n\n<div class=\"wp-block-image\"><figure class=\"aligncenter\"><img decoding=\"async\" src=\"\/wp-content\/uploads\/2020\/07\/underline_ruby_red_curve.png\" alt=\"\" class=\"wp-image-3355\" style=\"padding: 20px 0 20px 0;\"><\/figure><\/div>\n\n\n\n<\/div>\n<!-- col -->\n<\/div>\n<!-- row -->\n\n\n\n<div class=\"row\">\n<div class=\"alt_notebox-white col-sm-12 text-justify wow fadeIn\" id=\"container_padding_needed\" style=\"margin-top: 15px; visibility: hidden;\">\n\n\n\n<p class=\"black_default_headline\" style=\"text-align: center;\">QUY\u00caN G\u00d3P XE \u0110\u1ea0P , THI\u1ebeT B\u1eca &amp; C\u00c1C M\u1eb6T H\u00c0NG C\u1ea6N THI\u1ebeT CHO C\u00c1 NH\u00c2N N\u1ed4I B\u1eacT<\/p>\n\n\n\n<center>\n<p class=\"black_default_text_frontpage\">\nGi\u00e1m \u0111\u1ed1c \u0111i\u1ec1u h\u00e0nh c\u1ee7a ch\u00fang t\u00f4i \u0111\u00e3 quy\u1ebft \u0111\u1ecbnh mu\u1ed1n t\u1ea1o ra s\u1ef1 kh\u00e1c h\u01a1n trong cu\u1ed9c s\u1ed1ng c\u1ee7a c\u00e1 nh\u00e2n n\u1ed5i b\u1eadt n\u00e0y, do \u0111\u00f3 \u0111\u00e3 v\u1eadn \u0111\u1ed9ng c\u00e1c \u0111\u1ea1i di\u1ec7n c\u1ee7a Lucky Ruby cung c\u1ea5p c\u00e1c v\u1eadt d\u1ee5ng, thi\u1ebft b\u1ecb v\u00e0 m\u1ed9t chi\u1ebfc xe \u0111\u1ea1p thi\u1ebft y\u1ebfu \u0111\u1ec3 gi\u1ea3m b\u1edbt nh\u1eefng th\u00e1ch th\u1ee9c m\u00e0 c\u00e1 nh\u00e2n n\u00e0y ph\u1ea3i \u0111\u1ed1i m\u1eb7t.\n<\/p>\n<\/center>\n\n\n\nngg_shortcode_7_placeholder\n\n\n\n<div class=\"wp-block-image\"><figure class=\"aligncenter\"><img decoding=\"async\" src=\"\/wp-content\/uploads\/2020\/07\/underline_ruby_red_curve.png\" alt=\"\" class=\"wp-image-3355\" style=\"padding: 20px 0 20px 0;\"><\/figure><\/div>\n\n\n\n<\/div>\n<!-- col -->\n<\/div>\n<!-- row -->\n\n\n\n<div class=\"row\">\n<div class=\"alt_notebox-white col-sm-12 text-justify wow fadeIn\" id=\"container_padding_needed\" style=\"margin-top: 15px; visibility: hidden;\">\n\n\n\n<p class=\"black_default_headline\" style=\"text-align: center;\">H\u1ed6 TR\u1ee2 TR\u1ee2  M\u00c1Y T\u00cdNH M\u1edaI V\u00c0 CUNG C\u1ea4P CHO TR\u01af\u1edcNG H\u1eccC<\/p>\n\n\n\n<center>\n<p class=\"black_default_text_frontpage\">\nC\u00e1c \u0111\u1ea1i di\u1ec7n c\u1ee7a Lucky Ruby Border Casino \u0111\u00e3 \u0111\u1ebfn th\u0103m ng\u00f4i tr\u01b0\u1eddng \u0111\u01b0\u1ee3c ph\u00e2n b\u1ed5 \u1edf Prey Vor v\u00e0o th\u00e1ng 2 n\u0103m 2020 v\u00e0 h\u1ed7 tr\u1ee3 h\u1ecdc sinh c\u1ee7a h\u1ecd nh\u1eefng m\u00e1y t\u00ednh \u0111\u1ec3 b\u00e0n v\u00e0 ph\u1ee5 ki\u1ec7n m\u1edbi. \n<\/p>\n<\/center>\n\n\n\nngg_shortcode_8_placeholder\n\n\n\n<div class=\"wp-block-image\"><figure class=\"aligncenter\"><img decoding=\"async\" src=\"\/wp-content\/uploads\/2020\/07\/underline_ruby_red_curve.png\" alt=\"\" class=\"wp-image-3355\" style=\"padding: 20px 0 20px 0;\"><\/figure><\/div>\n\n\n\n<\/div>\n<!-- col -->\n<\/div>\n<!-- row -->\n\n\n\n<div class=\"row\">\n<div class=\"alt_notebox-white col-sm-12 text-justify wow fadeIn\" id=\"container_padding_needed\" style=\"margin-top: 15px; visibility: hidden;\">\n\n\n\n<p class=\"black_default_headline\" style=\"text-align: center;\">Quy\u00ean g\u00f3p th\u01b0\u1eddng ni\u00ean n\u0103m 2019<\/p>\n\n\n\n<center>\n<p class=\"black_default_text_frontpage\">\nCh\u00fang t\u00f4i \u0111\u00e3 ho\u00e0n th\u00e0nh vi\u1ec7c quy\u00ean g\u00f3p h\u00e0ng n\u0103m c\u00e1c m\u1eb7t h\u00e0ng thi\u1ebft y\u1ebfu h\u00e0ng ng\u00e0y cho nh\u1eefng ng\u01b0\u1eddi c\u00f3 nhu c\u1ea7u trong c\u1ed9ng \u0111\u1ed3ng \u0111\u1ecba ph\u01b0\u01a1ng.\n<\/p>\n<\/center>\n\n\n\nngg_shortcode_9_placeholder\n\n\n\n<div class=\"wp-block-image\"><figure class=\"aligncenter\"><img decoding=\"async\" src=\"\/wp-content\/uploads\/2020\/07\/underline_ruby_red_curve.png\" alt=\"\" class=\"wp-image-3355\" style=\"padding: 20px 0 20px 0;\"><\/figure><\/div>\n\n\n\n<\/div>\n<!-- col -->\n<\/div>\n<!-- row -->\n\n\n\n<div class=\"row\">\n<div class=\"alt_notebox-white col-sm-12 text-justify wow fadeIn\" id=\"container_padding_needed\" style=\"margin-top: 15px; visibility: hidden;\">\n\n\n\n<p class=\"black_default_headline\" style=\"text-align: center;\">H\u1ed6 TR\u1ee2 X\u00c2Y D\u1ef0NG C\u1ea6U M\u1edaI<\/p>\n\n\n\n<center>\n<p class=\"black_default_text_frontpage\">\nCh\u00fang t\u00f4i \u0111\u00e3 quy\u00ean g\u00f3p \u0111\u1ec3 x\u00e2y d\u1ef1ng m\u1ed9t c\u00e2y c\u1ea7u m\u1edbi \u1edf t\u1ec9nh g\u1ea7n \u0111\u00f3 v\u00ec ng\u01b0\u1eddi d\u00e2n ph\u1ea3i \u0111i m\u1ed9t qu\u00e3ng \u0111\u01b0\u1eddng d\u00e0i ch\u1ec9 \u0111\u1ec3 qua s\u00f4ng.<br>\n\nNg\u00e0y nay h\u1ecd c\u00f3 th\u1ec3 qua s\u00f4ng m\u1ed9t c\u00e1ch nhanh ch\u00f3ng v\u00e0 an to\u00e0n n\u00ean gi\u1ea3m \u0111\u01b0\u1ee3c nhi\u1ec1u th\u1eddi gian \u0111i l\u1ea1i.\n\n<\/p>\n<\/center>\n\n\n\nngg_shortcode_10_placeholder\n\n\n\n<div class=\"wp-block-image\"><figure class=\"aligncenter\"><img decoding=\"async\" src=\"\/wp-content\/uploads\/2020\/07\/underline_ruby_red_curve.png\" alt=\"\" class=\"wp-image-3355\" style=\"padding: 20px 0 20px 0;\"><\/figure><\/div>\n\n\n\n<\/div>\n<!-- col -->\n<\/div>\n<!-- row -->\n\n\n\n<div class=\"row\">\n<div class=\"alt_notebox-white col-sm-12 text-justify wow fadeIn\" id=\"container_padding_needed\" style=\"margin-top: 15px; visibility: hidden;\">\n\n\n\n<p class=\"black_default_headline\" style=\"text-align: center;\">Quy\u00ean g\u00f3p th\u01b0\u1eddng ni\u00ean n\u0103m 2018<\/p>\n\n\n\n<center>\n<p class=\"black_default_text_frontpage\">\nB\u1eaft tay v\u00e0o ho\u1ea1t \u0111\u1ed9ng quy\u00ean g\u00f3p h\u00e0ng n\u0103m c\u1ee7a ch\u00fang t\u00f4i cho nh\u1eefng ng\u01b0\u1eddi c\u00f3 ho\u00e0n c\u1ea3nh kh\u00f3 kh\u0103n trong c\u1ed9ng \u0111\u1ed3ng, sau \u0111\u00f3 ph\u00e2n ph\u1ed1i c\u00e1c m\u1eb7t h\u00e0ng gia d\u1ee5ng thi\u1ebft y\u1ebfu cho t\u1ea5t c\u1ea3 m\u1ecdi ng\u01b0\u1eddi.\n<\/p>\n<\/center>\n\n\n\nngg_shortcode_11_placeholder\n\n\n\n<div class=\"wp-block-image\"><figure class=\"aligncenter\"><img decoding=\"async\" src=\"\/wp-content\/uploads\/2020\/07\/underline_ruby_red_curve.png\" alt=\"\" class=\"wp-image-3355\" style=\"padding: 20px 0 20px 0;\"><\/figure><\/div>\n\n\n\n<\/div>\n<!-- col -->\n<\/div>\n<!-- row -->\n\n\n\n<div class=\"row\">\n<div class=\"alt_notebox-white col-sm-12 text-justify wow fadeIn\" id=\"container_padding_needed\" style=\"margin-top: 15px; visibility: hidden;\">\n\n\n\n<p class=\"black_default_headline\" style=\"text-align: center;\">T\u1eb6NG QU\u00c0 CHO NH\u00c0 TR\u01af\u1edcNG CUNG C\u1ea4P CHO H\u1eccC SINH GIAO L\u01afU NH\u00c2N NG\u00c0Y QU\u1ed0C T\u1ebe TR\u1eba EM<\/p>\n\n\n\n<center>\n<p class=\"black_default_text_frontpage\">\nC\u00e1c \u0111\u1ea1i di\u1ec7n c\u1ee7a Lucky Ruby Border Casino \u0111\u00e3 \u0111\u1ebfn th\u0103m tr\u01b0\u1eddng Ti\u1ec3u h\u1ecdc Thmei v\u00e0o ng\u00e0y 1 th\u00e1ng 6 n\u0103m 2018. K\u1ebft h\u1ee3p v\u1edbi l\u1ec5 k\u1ef7 ni\u1ec7m Ng\u00e0y Qu\u1ed1c t\u1ebf Thi\u1ebfu nhi, ch\u00fang t\u00f4i \u0111\u00e3 t\u1eb7ng qu\u00e0 l\u00e0 \u0111\u1ed3 d\u00f9ng h\u1ecdc t\u1eadp cho t\u1ea5t c\u1ea3 h\u1ecdc sinh t\u1ea1i tr\u01b0\u1eddng ph\u00f9 h\u1ee3p v\u1edbi t\u01b0 t\u01b0\u1edfng c\u1ee7a ch\u00fang t\u00f4i. ng\u00e0y h\u00f4m nay \u0111\u01b0\u1ee3c trang b\u1ecb t\u1ed1t h\u01a1n v\u1edbi m\u1ed9t n\u1ec1n gi\u00e1o d\u1ee5c t\u1ed1t s\u1ebd l\u00e0 ch\u1ea5t x\u00fac t\u00e1c t\u1ea1o ra m\u1ed9t ng\u00e0y mai t\u1ed1t \u0111\u1eb9p h\u01a1n.\n<\/p>\n<\/center>\n\n\n\nngg_shortcode_12_placeholder\n\n\n\n<div class=\"wp-block-image\"><figure class=\"aligncenter\"><img decoding=\"async\" src=\"\/wp-content\/uploads\/2020\/07\/underline_ruby_red_curve.png\" alt=\"\" class=\"wp-image-3355\" style=\"padding: 20px 0 20px 0;\"><\/figure><\/div>\n\n\n\n<\/div>\n<!-- col -->\n<\/div>\n<!-- row -->\n\n\n\n<div class=\"row\">\n<div class=\"alt_notebox-white col-sm-12 text-justify wow fadeIn\" id=\"container_padding_needed\" style=\"margin-top: 15px; visibility: hidden;\">\n\n\n\n<p class=\"black_default_headline\" style=\"text-align: center;\">H\u1ed6 TR\u1ee2 CHO H\u1eccC SINH &amp; X\u00c2Y D\u1ef0NG L\u1ea0I TR\u01af\u1edcNG H\u1eccC C\u0168 \u0110\u00c3 XU\u1ed0NG C\u1ea4P<\/p>\n\n\n\n<center>\n<p class=\"black_default_text_frontpage\">\nGi\u00e1m \u0111\u1ed1c Lucky Ruby Border Casino \u0111\u00e3 tham gia l\u1ec5 kh\u00e1nh th\u00e0nh Tr\u01b0\u1eddng Ti\u1ec3u h\u1ecdc Chob Pring m\u1edbi \u0111\u01b0\u1ee3c x\u00e2y d\u1ef1ng l\u1ea1i. S\u00f2ng b\u1ea1c Lucky Ruby Border l\u00e0 m\u1ed9t trong nh\u1eefng nh\u00e0 t\u00e0i tr\u1ee3 ch\u00ednh trong vi\u1ec7c x\u00e2y d\u1ef1ng l\u1ea1i tr\u01b0\u1eddng h\u1ecdc khi ch\u00fang t\u00f4i ch\u00fa \u00fd r\u1eb1ng c\u1ea5u tr\u00fac c\u1ee7a ch\u00fang \u0111\u00e3 b\u1ecb ph\u00e1 v\u1ee1 v\u00e0 nguy hi\u1ec3m cho tr\u1ebb nh\u1ecf \u0111ang h\u1ecdc \u1edf \u0111\u00f3. Ch\u00fang t\u00f4i tin t\u01b0\u1edfng m\u1ea1nh m\u1ebd r\u1eb1ng gi\u00e1o d\u1ee5c c\u00f3 \u00fd ngh\u0129a s\u1ed1ng c\u00f2n \u0111\u1ed1i v\u1edbi t\u1ea5t c\u1ea3 m\u1ecdi ng\u01b0\u1eddi, \u0111\u1eb7c bi\u1ec7t l\u00e0 th\u1ebf h\u1ec7 tr\u1ebb ng\u00e0y nay \u0111\u1ec3 kh\u00f4ng ch\u1ec9 t\u01b0\u01a1ng lai c\u1ee7a c\u00e1c em t\u01b0\u01a1i s\u00e1ng h\u01a1n m\u00e0 c\u00f2n l\u00e0 t\u01b0\u01a1ng lai c\u1ee7a th\u1ebf gi\u1edbi cho t\u1ea5t c\u1ea3 m\u1ecdi ng\u01b0\u1eddi.\n<\/p>\n<\/center>\n\n\n\nngg_shortcode_13_placeholder\n\n\n\n<div class=\"wp-block-image\"><figure class=\"aligncenter\"><img decoding=\"async\" src=\"\/wp-content\/uploads\/2020\/07\/underline_ruby_red_curve.png\" alt=\"\" class=\"wp-image-3355\" style=\"padding: 20px 0 20px 0;\"><\/figure><\/div>\n\n\n\n<\/div>\n<!-- col -->\n<\/div>\n<!-- row -->\n\n\n\n<div class=\"row\">\n<div class=\"alt_notebox-white col-sm-12 text-justify wow fadeIn\" id=\"container_padding_needed\" style=\"margin-top: 15px; visibility: hidden;\">\n\n\n\n<p class=\"black_default_headline\" style=\"text-align: center;\">Quy\u00ean g\u00f3p th\u01b0\u1eddng ni\u00ean n\u0103m 2017<\/p>\n\n\n\n<center>\n<p class=\"black_default_text_frontpage\">\nCh\u00fang t\u00f4i \u0111\u00e3 ho\u00e0n th\u00e0nh xu\u1ea5t s\u1eafc c\u00e1c \u0111\u1ee3t quy\u00ean g\u00f3p h\u00e0ng n\u0103m cho nh\u1eefng ng\u01b0\u1eddi kh\u00f3 kh\u0103n trong c\u1ed9ng \u0111\u1ed3ng, nh\u1edd \u0111\u00f3 m\u1ed7i \u0111\u1ea1i di\u1ec7n gia \u0111\u00ecnh \u0111\u00e3 nh\u1eadn \u0111\u01b0\u1ee3c nh\u1eefng m\u1eb7t h\u00e0ng v\u00e0 v\u1eadt d\u1ee5ng thi\u1ebft y\u1ebfu \u0111\u1ec3 gi\u00fap \u0111\u1ee1 cu\u1ed9c s\u1ed1ng c\u1ee7a h\u1ecd\n<\/p>\n<\/center>\n\n\n\nngg_shortcode_14_placeholder\n\n\n\n<div class=\"wp-block-image\"><figure class=\"aligncenter\"><img decoding=\"async\" src=\"\/wp-content\/uploads\/2020\/07\/underline_ruby_red_curve.png\" alt=\"\" class=\"wp-image-3355\" style=\"padding: 20px 0 20px 0;\"><\/figure><\/div>\n\n\n\n<\/div>\n<!-- col -->\n<\/div>\n<!-- row -->\n\n\n\n<div class=\"row\">\n<div class=\"alt_notebox-white col-sm-12 text-justify wow fadeIn\" id=\"container_padding_needed\" style=\"margin-top: 15px; visibility: hidden;\">\n\n\n\n<p class=\"black_default_headline\" style=\"text-align: center;\">H\u1ed6 TR\u1ee2 CHO VI\u1ec6C X\u00c2Y D\u1ef0NG CH\u00d9A M\u1edaI<\/p>\n\n\n\n<center>\n<p class=\"black_default_text_frontpage\">\nLucky Ruby v\u1edbi n\u1ed7 l\u1ef1c kh\u00f4ng ng\u1eebng \u0111\u00f3ng g\u00f3p cho c\u1ed9ng \u0111\u1ed3ng \u0111\u1ecba ph\u01b0\u01a1ng, \u0111\u00e3 t\u1eb7ng cho ch\u00f9a Prey Vor. \u0110i\u1ec1u n\u00e0y s\u1ebd gi\u00fap \u0111\u1ea3m b\u1ea3o r\u1eb1ng c\u00e1c th\u1ebf h\u1ec7 sau s\u1ebd lu\u00f4n nh\u1edb \u0111\u1ebfn v\u0103n h\u00f3a v\u00e0 t\u00f4n gi\u00e1o v\u1ed1n l\u00e0 tr\u1ee5 c\u1ed9t c\u1ee7a c\u1ed9ng \u0111\u1ed3ng.\n<\/p>\n<\/center>\n\n\n\nngg_shortcode_15_placeholder\n\n\n\n<div class=\"wp-block-image\"><figure class=\"aligncenter\"><img decoding=\"async\" src=\"\/wp-content\/uploads\/2020\/07\/underline_ruby_red_curve.png\" alt=\"\" class=\"wp-image-3355\" style=\"padding: 20px 0 20px 0;\"><\/figure><\/div>\n\n\n\n<\/div>\n<!-- col -->\n<\/div>\n<!-- row -->\n\n\n\n<div class=\"row\">\n<div class=\"alt_notebox-white col-sm-12 text-justify wow fadeIn\" id=\"container_padding_needed\" style=\"margin-top: 15px; visibility: hidden;\">\n\n\n\n<p class=\"black_default_headline\" style=\"text-align: center\">H\u1ed6 TR\u1ee2 T\u00c0I CH\u00cdNH X\u00c2Y D\u1ef0NG TR\u01af\u1edcNG PH\u1eacT GI\u00c1O M\u1edaI<\/p>\n\n\n\n<center>\n<p class=\"black_default_text_frontpage\">\nC\u00f4ng ty th\u01b0\u1eddng xuy\u00ean th\u1ef1c hi\u1ec7n h\u1ed7 tr\u1ee3 t\u00e0i ch\u00ednh  cho nh\u1eefng ng\u01b0\u1eddi ngh\u00e8o s\u1ed1ng g\u1ea7n Prey Vor b\u1eb1ng c\u00e1ch t\u00e0i tr\u1ee3 cho vi\u1ec7c x\u00e2y d\u1ef1ng m\u1ed9t tr\u01b0\u1eddng h\u1ecdc Ph\u1eadt gi\u00e1o m\u1edbi \u1edf ch\u00f9a Koh Andeth, Prey Vor, t\u1ec9nh Svay Rieng v\u00e0 x\u00e2y m\u1ed9t khu h\u1ecfa t\u00e1ng \u1edf ch\u00f9a Prey Vor.\n<\/p>\n<\/center>\n\n\n\nngg_shortcode_16_placeholder\n\n\n\n<div class=\"wp-block-image\"><figure class=\"aligncenter\"><img decoding=\"async\" src=\"\/wp-content\/uploads\/2020\/07\/underline_ruby_red_curve.png\" alt=\"\" class=\"wp-image-3355\" style=\"padding: 20px 0 20px 0;\"><\/figure><\/div>\n\n\n\n<\/div>\n<!-- col -->\n<\/div>\n<!-- row -->\n\n\n\n<div class=\"row\">\n<div class=\"alt_notebox-white col-sm-12 text-justify wow fadeIn\" id=\"container_padding_needed\" style=\"margin-top: 15px; visibility: hidden;\">\n\n\n\n<p class=\"black_default_headline\" style=\"text-align: center\">Quy\u00ean g\u00f3p th\u01b0\u1eddng ni\u00ean n\u0103m 2016<\/p>\n\n\n\n<center>\n<p class=\"black_default_text_frontpage\">\nS\u00f2ng b\u1ea1c Lucky Ruby Border \u0111\u00e3 t\u1ed5 ch\u1ee9c m\u1ed9t n\u0103m th\u00e0nh c\u00f4ng v\u00e0 th\u1ecbnh v\u01b0\u1ee3ng n\u1eefa, ch\u00e0o \u0111\u00f3n l\u1ec5 c\u1ea7u nguy\u1ec7n h\u00e0ng n\u0103m v\u00e0o ng\u00e0y 18 v\u00e0 19 th\u00e1ng 12 n\u0103m 2016, t\u00f4n vinh B\u1ed3 t\u00e1t v\u00e0 khi\u00eam t\u1ed1n c\u1ea7u xin s\u1ef1 b\u1ea3o v\u1ec7 c\u1ee7a Ng\u00e0i trong n\u0103m t\u1edbi.\n<\/p>\n<\/center>\n\n\n\nngg_shortcode_17_placeholder\n\n\n\n<div class=\"wp-block-image\"><figure class=\"aligncenter\"><img decoding=\"async\" src=\"\/wp-content\/uploads\/2020\/07\/underline_ruby_red_curve.png\" alt=\"\" class=\"wp-image-3355\" style=\"padding: 20px 0 20px 0;\"><\/figure><\/div>\n\n\n\n<\/div>\n<!-- col -->\n<\/div>\n<!-- row -->\n\n\n\n<\/div>\n<!-- container -->","protected":false},"excerpt":{"rendered":"<p>SOCIAL RESPONSIBILITY &amp; CONTRIBUTIONS Lucky Ruby Border Casino takes social responsibility as a very important pillar in our corporate values. The company regularly renders feasible financial help to the underprivileged members within the community. We hope that we will be able to play a role in the improvement of lives within the community as we [&hellip;]<\/p>","protected":false},"author":6,"featured_media":0,"parent":9,"menu_order":0,"comment_status":"closed","ping_status":"closed","template":"page_ruby_default_red.php","meta":{"ngg_post_thumbnail":0,"footnotes":"","_links_to":"","_links_to_target":""},"class_list":["post-1067","page","type-page","status-publish","hentry"],"_links":{"self":[{"href":"https:\/\/ruby89.com\/vi\/wp-json\/wp\/v2\/pages\/1067","targetHints":{"allow":["GET"]}}],"collection":[{"href":"https:\/\/ruby89.com\/vi\/wp-json\/wp\/v2\/pages"}],"about":[{"href":"https:\/\/ruby89.com\/vi\/wp-json\/wp\/v2\/types\/page"}],"author":[{"embeddable":true,"href":"https:\/\/ruby89.com\/vi\/wp-json\/wp\/v2\/users\/6"}],"replies":[{"embeddable":true,"href":"https:\/\/ruby89.com\/vi\/wp-json\/wp\/v2\/comments?post=1067"}],"version-history":[{"count":131,"href":"https:\/\/ruby89.com\/vi\/wp-json\/wp\/v2\/pages\/1067\/revisions"}],"predecessor-version":[{"id":8273,"href":"https:\/\/ruby89.com\/vi\/wp-json\/wp\/v2\/pages\/1067\/revisions\/8273"}],"up":[{"embeddable":true,"href":"https:\/\/ruby89.com\/vi\/wp-json\/wp\/v2\/pages\/9"}],"wp:attachment":[{"href":"https:\/\/ruby89.com\/vi\/wp-json\/wp\/v2\/media?parent=1067"}],"curies":[{"name":"wp","href":"https:\/\/api.w.org\/{rel}","templated":true}]}}